{"id":699,"date":"2026-03-06T14:01:48","date_gmt":"2026-03-06T13:01:48","guid":{"rendered":"https:\/\/departamento.us.es\/microccs\/?page_id=699"},"modified":"2026-03-06T14:10:28","modified_gmt":"2026-03-06T13:10:28","slug":"evirtual","status":"publish","type":"page","link":"https:\/\/departamento.us.es\/microccs\/evirtual\/","title":{"rendered":"Ense\u00f1anza Virtual (ev.us.es)"},"content":{"rendered":"<p><strong>Ense\u00f1anza Virtual<\/strong> es el proyecto de la Universidad de Sevilla dise\u00f1ado para <strong>apoyar la docencia presencial por medio de recursos tecnol\u00f3gicos propios de la formaci\u00f3n online<\/strong>. La plataforma se complementa con un conjunto de herramientas que facilitan:<\/p>\n<ul>\n<li>La <strong>integraci\u00f3n<\/strong> con un banco de recursos educativos, estructurados, organizados y f\u00e1cilmente accesible<\/li>\n<li>La <strong>comunicaci\u00f3n y colaboraci\u00f3n<\/strong> entre docentes y estudiantes, fomentando la participaci\u00f3n, tutor\u00edas, intercambio de conocimiento, etc.<\/li>\n<\/ul>\n<p>A continuaci\u00f3n se exponen <strong>recursos de apoyo<\/strong> para el uso de este servicio, dirigidos a Estudiantes, Profesores\/as y PTGAS:<\/p>\n<ul>\n<li><a href=\"https:\/\/sic.us.es\/servicios\/apoyo-la-docencia-e-investigacion\/ensenanza-virtual\" target=\"_blank\" rel=\"noopener\">Servicio de Ense\u00f1anza Virtual de la Universidad de Sevilla<\/a><\/li>\n<li><a href=\"https:\/\/view.genially.com\/670512dd8f3affc782421020\/interactive-content-ecosistema-de-ensenanza-virtual\" target=\"_blank\" rel=\"noopener\">Herramientas de apoyo a la Ense\u00f1anza Virtual de la US<\/a><\/li>\n<li><a href=\"https:\/\/ev.us.es\/\" target=\"_blank\" rel=\"noopener\">Acceso a la Plataforma de Ense\u00f1anza Virtual (Blackboard)\u00a0<\/a><\/li>\n<\/ul>\n<h3>Informaci\u00f3n sobre Inscripciones de Profesores\/as y Alumnos\/as<\/h3>\n<p>Las inscripciones de los profesores\/as y estudiantes se realiza de forma <strong>automatizada <\/strong>a partir de la informaci\u00f3n registrada en los Sistemas de Gesti\u00f3n Acad\u00e9mica.<\/p>\n<ul>\n<li><strong>Estudiantes:<\/strong> para dudas sobre su matr\u00edcula, contacte con la Secretar\u00eda de su Centro o acceda a <a href=\"https:\/\/sevius.us.es\" target=\"_blank\" rel=\"noopener\">Secretaria Virtual<\/a><\/li>\n<li><strong>Profesorado:<\/strong> Para consultas sobre su POD\/PAP, debe contactar con Unidad Administrativa de su Departamento.<\/li>\n<\/ul>\n<p>Para garantizar el acceso seguro a la plataforma es imprescindible la activaci\u00f3n del\u00a0<a href=\"https:\/\/sic.us.es\/servicios\/cuentas-y-accesos-los-servicios\/gestion-de-usuarios-y-contrasenas-uvus\/doble-factor-de-autenticacion\" target=\"_blank\" rel=\"noopener\">doble factor de autenticaci\u00f3n<\/a><\/p>\n<h3>Soporte T\u00e9cnico Especializado (SOS)<\/h3>\n<ul>\n<li>Debe registrar una <strong>Incidencia<\/strong> en la <a href=\"https:\/\/sos.us.es\" target=\"_blank\" rel=\"noopener\">plataforma de Gesti\u00f3n del Servicio TI<\/a><\/li>\n<li>En dicha plataforma, las <strong>peticiones \/ incidencias relacionadas con la Ense\u00f1anza Virtual<\/strong> se encuentran f\u00e1cilmente introduciendo el t\u00e9rmino de b\u00fasqueda: <strong>evirtual<\/strong><\/li>\n<li>Acceso directo (previo login con UVUS) para PDI\/PTGAS:\n<ul>\n<li><a href=\"https:\/\/sospersonal.us.es\/dwp\/app\/#\/srm\/profile\/SRGAA5V0FGMTCAQJUY60QIWZ56YGHT\/srm\" target=\"_blank\" rel=\"noopener\"> PETICI\u00d3N DE SERVICIO\/CONSULTA DE PLATAFORMA DE ENSE\u00d1ANZA VIRTUAL<\/a><\/li>\n<li><a href=\"https:\/\/sospersonal.us.es\/dwp\/app\/#\/srm\/profile\/SRGAA5V0FG7TFAQETQAMQDVUS2F3DZ\/srm\" target=\"_blank\" rel=\"noopener\">FALLO EN EL USO DE PLATAFORMA DE ENSE\u00d1ANZA<\/a><\/li>\n<\/ul>\n<\/li>\n<li>M\u00e1s informaci\u00f3n en la <a href=\"https:\/\/sic.us.es\/sites\/default\/files\/servicios\/servicios-web\/portal-de-la-us\/guia_resolucion_problemas_acceso.pdf\" target=\"_blank\" rel=\"noopener\">Gu\u00eda de Resoluci\u00f3n de Problemas de Acceso de la US\u00a0<\/a><\/li>\n<\/ul>\n","protected":false},"excerpt":{"rendered":"<p>Ense\u00f1anza Virtual es el proyecto de la Universidad de Sevilla dise\u00f1ado para apoyar la docencia presencial por medio de recursos tecnol\u00f3gicos propios de la formaci\u00f3n online. La plataforma se complementa con un conjunto de herramientas que facilitan: La integraci\u00f3n con un banco de recursos educativos, estructurados, organizados y f\u00e1cilmente accesible La comunicaci\u00f3n y colaboraci\u00f3n entre&#8230;<\/p>\n","protected":false},"author":1,"featured_media":0,"parent":0,"menu_order":0,"comment_status":"closed","ping_status":"closed","template":"","meta":{"_kad_post_transparent":"","_kad_post_title":"","_kad_post_layout":"","_kad_post_sidebar_id":"","_kad_post_content_style":"","_kad_post_vertical_padding":"","_kad_post_feature":"","_kad_post_feature_position":"","_kad_post_header":false,"_kad_post_footer":false,"_kad_post_classname":"","footnotes":""},"class_list":["post-699","page","type-page","status-publish","hentry"],"_links":{"self":[{"href":"https:\/\/departamento.us.es\/microccs\/wp-json\/wp\/v2\/pages\/699","targetHints":{"allow":["GET"]}}],"collection":[{"href":"https:\/\/departamento.us.es\/microccs\/wp-json\/wp\/v2\/pages"}],"about":[{"href":"https:\/\/departamento.us.es\/microccs\/wp-json\/wp\/v2\/types\/page"}],"author":[{"embeddable":true,"href":"https:\/\/departamento.us.es\/microccs\/wp-json\/wp\/v2\/users\/1"}],"replies":[{"embeddable":true,"href":"https:\/\/departamento.us.es\/microccs\/wp-json\/wp\/v2\/comments?post=699"}],"version-history":[{"count":2,"href":"https:\/\/departamento.us.es\/microccs\/wp-json\/wp\/v2\/pages\/699\/revisions"}],"predecessor-version":[{"id":702,"href":"https:\/\/departamento.us.es\/microccs\/wp-json\/wp\/v2\/pages\/699\/revisions\/702"}],"wp:attachment":[{"href":"https:\/\/departamento.us.es\/microccs\/wp-json\/wp\/v2\/media?parent=699"}],"curies":[{"name":"wp","href":"https:\/\/api.w.org\/{rel}","templated":true}]}}