{"id":106,"date":"2025-02-24T13:55:31","date_gmt":"2025-02-24T12:55:31","guid":{"rendered":"https:\/\/departamento.us.es\/petra\/?page_id=106"},"modified":"2025-07-04T11:58:36","modified_gmt":"2025-07-04T09:58:36","slug":"grupo-cts-152","status":"publish","type":"page","link":"https:\/\/departamento.us.es\/petra\/conocenos\/grupos-de-investigacion\/grupo-cts-152\/","title":{"rendered":"Grupo CTS-152"},"content":{"rendered":"\n<h2 class=\"wp-block-heading\">Pediatr\u00eda integral y psicolog\u00eda pedi\u00e1trica<\/h2>\n\n\n\n<p>El Grupo de Investigaci\u00f3n CTS-152 \u201cPediatr\u00eda Integral y Psicolog\u00eda Pedi\u00e1trica\u201d, desde su constituci\u00f3n en 1995, tiene como l\u00ednea prioritaria la atenci\u00f3n integral al ni\u00f1o de riesgo y a su familia; con particular \u00e9nfasis en el estudio, evaluaci\u00f3n y seguimiento del ni\u00f1o y adolescente con patolog\u00edas cr\u00f3nicas. En este tiempo se han desarrollado numerosos proyectos de forma colaborativa entre facultativos del Hospital Infantil Universitario Virgen del Roc\u00edo y profesorado del Departamento de Personalidad, Evaluaci\u00f3n y Tratamiento Psicol\u00f3gicos. Hasta el a\u00f1o 2022 el Grupo estuvo liderado por pediatras especialistas del Hospital Infantil Universitario Virgen del Roc\u00edo (D. Ignacio G\u00f3mez de Terreros y D\u00aa. Macarena Anchoriz Esquitino, respectivamente), y desde octubre de 2022 por la profesora Eva M\u00aa Padilla Mu\u00f1oz, adscrita a dicho departamento.<\/p>\n\n\n\n<p>Seg\u00fan SICA, los datos que aporta el grupo a d\u00eda de hoy son: 522 Aportaciones a Congresos; 74 Proyectos i+D+i y Ayudas; 29 Convenios y Contratos; 202 Publicaciones en Revistas Cient\u00edficas; 148 Cap\u00edtulos de Libros; 49 Tesis Doctoral y Tesinas; 2 Propiedades Industriales e Intelectuales; 13 Organizaciones de Congresos; 5 Premios y Reconocimientos; 12 Comit\u00e9s Cient\u00edficos de Revistas; 25 libros y 35 Comit\u00e9s, Foros y Sociedades.<\/p>\n\n\n\n<p>En este tiempo, de manera espec\u00edfica, los principales temas abordados han sido:<\/p>\n\n\n\n<ul class=\"wp-block-list\">\n<li>Psicolog\u00eda Pedi\u00e1trica: Asma bronquial. Obesidad Infantil. VIH.<\/li>\n\n\n\n<li>Evaluaci\u00f3n Psicol\u00f3gica y Seguimiento de Ni\u00f1os con Enfermedades Cr\u00f3nicas y Poco Frecuentes: Metabolopat\u00edas (PKU, Galactosemia, etc.), Espina B\u00edfida, Cardiopat\u00edas Cong\u00e9nitas, Extrofia Vesical, Hipospadias,..<\/li>\n\n\n\n<li>Cuidados Paliativos Pedi\u00e1tricos.<\/li>\n\n\n\n<li>Intervenci\u00f3n en Salud Mental Perinatal: Gestantes de Riesgo, Reci\u00e9n Nacidos Prematuros, Evoluci\u00f3n del Ni\u00f1o de Riesgo Neurosensorial, Programas de Intervenci\u00f3n con Familias.<\/li>\n<\/ul>\n\n\n\n<p>Recientemente el Grupo ha firmado dos Convenios Marcos de Colaboraci\u00f3n, uno con el Hospital Victoria Eugenia y otro con el Hospital Infantil Virgen del Roc\u00edo, ambos en Sevilla.<\/p>\n\n\n\n<p>El objetivo es continuar desarrollando estas l\u00edneas de investigaci\u00f3n bajo el respaldo de sendas instituciones. En concreto, actualmente, diferentes miembros del grupo se encuentran desarrollando propuestas de investigaci\u00f3n en las Unidades de Nefrolog\u00eda y de Cirug\u00eda Pedi\u00e1tricas del Hospital Infantil Virgen del Roc\u00edo.<\/p>\n\n\n\n<h2 class=\"wp-block-heading\">Participantes<\/h2>\n\n\n\t\t\n\t\t<div id=\"gs_team_area_4\" data-shortcode-id=\"4\" class=\"wrap gs_team_area gs_team_loading gs_tm_theme2 gs_tm_theme_v_1 gs-team--img-efect_none gs-team--img-hover-efect_none\" data-options='{\"search_through_all_fields\":\"off\",\"enable_clear_filters\":\"off\",\"reset_filters_text\":\"Reset Filters\",\"enable_multi_select\":\"off\",\"multi_select_ellipsis\":\"off\",\"next_txt\":\"Siguiente\",\"prev_txt\":\"Anterior\",\"load_per_click\":3,\"initial_items\":6}' style=\"visibility: hidden; opacity: 0;\">\n\t\n\t\t\t\r\n<!-- Container for Team members -->\r\n<div class=\"gs-containeer cbp-so-scroller\">\r\n\t\r\n\t<div class=\"gs-roow clearfix gs_team\">\r\n\r\n\t\r\n\t\t\r\n\t\t\t<!-- Start single member -->\r\n\t\t\t<div class=\"single-member-div gs-col-lg-3 gs-col-md-4 gs-col-sm-6 gs-col-xs-6 cbp-so-section\">\r\n\r\n\t\t\t\t<!-- Sehema & Single member wrapper -->\r\n\t\t\t\t<div class=\"single-member--wrapper\" itemscope itemtype=\"http:\/\/schema.org\/Person\">\r\n\r\n\t\t\t\t\t<!-- Single member thumbnail and more -->\r\n\t\t\t\t\t<div class=\"single-member cbp-so-side cbp-so-side-left\">\r\n\r\n\t\t\t\t\t\t<span class=\"gs-team-member--zip-codes\" style=\"display:none!important\"><\/span>\r\n\t\t\t\t\t\t<!-- Ribbon -->\r\n\t\t\t\t\t\t\n\t\t\t\t\t\t\r\n\t\t\t\t\t\t<!-- Team Image -->\r\n\t\t\t\t\t\t<div class=\"gs_team_image__wrapper\">\r\n\t\t\t\t\t\t\t<img loading=\"lazy\" decoding=\"async\" width=\"1024\" height=\"1024\" src=\"https:\/\/departamento.us.es\/petra\/wp-content\/uploads\/2025\/02\/Gracia-Delgado-e1741266115308-1024x1024.jpg\" class=\"gs_team_member--image wp-post-image\" alt=\"Delgado Pardo, Gracia\" itemprop=\"image\" srcset=\"https:\/\/departamento.us.es\/petra\/wp-content\/uploads\/2025\/02\/Gracia-Delgado-e1741266115308-1024x1024.jpg 1024w, https:\/\/departamento.us.es\/petra\/wp-content\/uploads\/2025\/02\/Gracia-Delgado-e1741266115308-300x300.jpg 300w, https:\/\/departamento.us.es\/petra\/wp-content\/uploads\/2025\/02\/Gracia-Delgado-e1741266115308-150x150.jpg 150w, https:\/\/departamento.us.es\/petra\/wp-content\/uploads\/2025\/02\/Gracia-Delgado-e1741266115308-768x768.jpg 768w, https:\/\/departamento.us.es\/petra\/wp-content\/uploads\/2025\/02\/Gracia-Delgado-e1741266115308.jpg 1033w\" sizes=\"auto, (max-width: 1024px) 100vw, 1024px\" \/>\t\t\t\t\t\t<\/div>\r\n\t\t\t\t\t\t\t\t\t\t\t\t\r\n\t\t\t\t\t\t<!-- Description & Social Links -->\r\n\t\t\t\t\t\t<div class=\"single-mem-desc-social flex-align-justify-center\">\r\n\r\n\t\t\t\t\t\t\t<div class=\"single-mem-desc-social--inner gs_member_info\">\r\n\t\t\t\t\t\t\t\t\r\n\t\t\t\t\t\t\t\t<!-- Description -->\r\n\t\t\t\t\t\t\t\t\t\t\t\t\t\t\t\t\t\t\t\t\t\t\t\t\t\t\t<p class=\"gs-member-desc\" itemprop=\"description\"><\/p>\r\n\t\t\t\t\t\t\t\t\t\t\t\t\t\t\t\t\t\t\t\t\t\t\t\t\t\t\t\t\t\t\t\t\t\t\t\r\n\t\t\t\t\t\t\t\t<!-- Social Links -->\r\n\t\t\t\t\t\t\t\t\n    <ul class=\"gs-team-social\">\n\n    \n        <li>\n            <a class=\"500px\" href=\"https:\/\/prisma.us.es\/investigador\/6891\" target=\"_blank\" itemprop=\"sameAs\"><i class=\"fab fa-500px\"><\/i><\/a>        <\/li>\n\n    \n        <li>\n            <a class=\"researchgate\" href=\"https:\/\/www.researchgate.net\/profile\/Gracia-Delgado-2\" target=\"_blank\" itemprop=\"sameAs\"><i class=\"fab fa-researchgate\"><\/i><\/a>        <\/li>\n\n    \n        <li>\n            <a class=\"orcid\" href=\"https:\/\/orcid.org\/0000-0002-0214-3596\" target=\"_blank\" itemprop=\"sameAs\"><i class=\"fab fa-orcid\"><\/i><\/a>        <\/li>\n\n            \n    <\/ul>\n\n    \n\r\n\t\t\t\t\t\t\t<\/div>\r\n\r\n\t\t\t\t\t\t<\/div>\r\n\r\n\t\t\t\t\t\t\t\t\t\t\t\t\r\n\t\t\t\t\t<\/div>\r\n\r\n\t\t\t\t\t<!-- Single member name -->\r\n\t\t\t\t\t\t\t\t\t\t\t<div class=\"gs-member-name \"><a itemprop=\"name\" href=\"https:\/\/departamento.us.es\/petra\/team-members\/delgado-pardo-gracia\/\">Delgado Pardo, Gracia<\/a><\/div>\t\t\t\t\t\t\t\t\t\t\t\t\t\t\t\t\r\n\t\t\t\t\t<!-- Single member designation -->\r\n\t\t\t\t\t\t\t\t\t\t\t<div class=\"gs-member-desig\" itemprop=\"jobTitle\">Profesora Sustituta<\/div>\r\n\t\t\t\t\t\t\t\t\t\t\t\r\n\t\t\t\t<\/div>\r\n\t\t\t\t\r\n\t\t\t\t<!-- Popup -->\r\n\t\t\t\t\r\n\t\t\t<\/div>\r\n\r\n\t\t\r\n\t\t\t<!-- Start single member -->\r\n\t\t\t<div class=\"single-member-div gs-col-lg-3 gs-col-md-4 gs-col-sm-6 gs-col-xs-6 cbp-so-section\">\r\n\r\n\t\t\t\t<!-- Sehema & Single member wrapper -->\r\n\t\t\t\t<div class=\"single-member--wrapper\" itemscope itemtype=\"http:\/\/schema.org\/Person\">\r\n\r\n\t\t\t\t\t<!-- Single member thumbnail and more -->\r\n\t\t\t\t\t<div class=\"single-member cbp-so-side cbp-so-side-left\">\r\n\r\n\t\t\t\t\t\t<span class=\"gs-team-member--zip-codes\" style=\"display:none!important\"><\/span>\r\n\t\t\t\t\t\t<!-- Ribbon -->\r\n\t\t\t\t\t\t\n\t\t\t\t\t\t\r\n\t\t\t\t\t\t<!-- Team Image -->\r\n\t\t\t\t\t\t<div class=\"gs_team_image__wrapper\">\r\n\t\t\t\t\t\t\t<img loading=\"lazy\" decoding=\"async\" width=\"706\" height=\"1024\" src=\"https:\/\/departamento.us.es\/petra\/wp-content\/uploads\/2025\/02\/Gomez-de-Terreros-2024-706x1024.jpeg\" class=\"gs_team_member--image wp-post-image\" alt=\"G\u00f3mez de Terreros Guardiola, Montserrat\" itemprop=\"image\" srcset=\"https:\/\/departamento.us.es\/petra\/wp-content\/uploads\/2025\/02\/Gomez-de-Terreros-2024-706x1024.jpeg 706w, https:\/\/departamento.us.es\/petra\/wp-content\/uploads\/2025\/02\/Gomez-de-Terreros-2024-207x300.jpeg 207w, https:\/\/departamento.us.es\/petra\/wp-content\/uploads\/2025\/02\/Gomez-de-Terreros-2024-768x1114.jpeg 768w, https:\/\/departamento.us.es\/petra\/wp-content\/uploads\/2025\/02\/Gomez-de-Terreros-2024-1059x1536.jpeg 1059w, https:\/\/departamento.us.es\/petra\/wp-content\/uploads\/2025\/02\/Gomez-de-Terreros-2024.jpeg 1093w\" sizes=\"auto, (max-width: 706px) 100vw, 706px\" \/>\t\t\t\t\t\t<\/div>\r\n\t\t\t\t\t\t\t\t\t\t\t\t\r\n\t\t\t\t\t\t<!-- Description & Social Links -->\r\n\t\t\t\t\t\t<div class=\"single-mem-desc-social flex-align-justify-center\">\r\n\r\n\t\t\t\t\t\t\t<div class=\"single-mem-desc-social--inner gs_member_info\">\r\n\t\t\t\t\t\t\t\t\r\n\t\t\t\t\t\t\t\t<!-- Description -->\r\n\t\t\t\t\t\t\t\t\t\t\t\t\t\t\t\t\t\t\t\t\t\t\t\t\t\t\t<p class=\"gs-member-desc\" itemprop=\"description\"><\/p>\r\n\t\t\t\t\t\t\t\t\t\t\t\t\t\t\t\t\t\t\t\t\t\t\t\t\t\t\t\t\t\t\t\t\t\t\t\r\n\t\t\t\t\t\t\t\t<!-- Social Links -->\r\n\t\t\t\t\t\t\t\t\n    <ul class=\"gs-team-social\">\n\n    \n        <li>\n            <a class=\"500px\" href=\"https:\/\/prisma.us.es\/investigador\/1678\" target=\"_blank\" itemprop=\"sameAs\"><i class=\"fab fa-500px\"><\/i><\/a>        <\/li>\n\n    \n        <li>\n            <a class=\"researchgate\" href=\"https:\/\/www.researchgate.net\/profile\/Montserrat-Gomez-De-Terreros-2\" target=\"_blank\" itemprop=\"sameAs\"><i class=\"fab fa-researchgate\"><\/i><\/a>        <\/li>\n\n    \n        <li>\n            <a class=\"orcid\" href=\"https:\/\/orcid.org\/0000-0003-0623-7431\" target=\"_blank\" itemprop=\"sameAs\"><i class=\"fab fa-orcid\"><\/i><\/a>        <\/li>\n\n            \n    <\/ul>\n\n    \n\r\n\t\t\t\t\t\t\t<\/div>\r\n\r\n\t\t\t\t\t\t<\/div>\r\n\r\n\t\t\t\t\t\t\t\t\t\t\t\t\r\n\t\t\t\t\t<\/div>\r\n\r\n\t\t\t\t\t<!-- Single member name -->\r\n\t\t\t\t\t\t\t\t\t\t\t<div class=\"gs-member-name \"><a itemprop=\"name\" href=\"https:\/\/departamento.us.es\/petra\/team-members\/gomez-de-terreros-guardiola-montserrat\/\">G\u00f3mez de Terreros Guardiola, Montserrat<\/a><\/div>\t\t\t\t\t\t\t\t\t\t\t\t\t\t\t\t\r\n\t\t\t\t\t<!-- Single member designation -->\r\n\t\t\t\t\t\t\t\t\t\t\t<div class=\"gs-member-desig\" itemprop=\"jobTitle\">Titular de Universidad<\/div>\r\n\t\t\t\t\t\t\t\t\t\t\t\r\n\t\t\t\t<\/div>\r\n\t\t\t\t\r\n\t\t\t\t<!-- Popup -->\r\n\t\t\t\t\r\n\t\t\t<\/div>\r\n\r\n\t\t\r\n\t\t\t<!-- Start single member -->\r\n\t\t\t<div class=\"single-member-div gs-col-lg-3 gs-col-md-4 gs-col-sm-6 gs-col-xs-6 cbp-so-section\">\r\n\r\n\t\t\t\t<!-- Sehema & Single member wrapper -->\r\n\t\t\t\t<div class=\"single-member--wrapper\" itemscope itemtype=\"http:\/\/schema.org\/Person\">\r\n\r\n\t\t\t\t\t<!-- Single member thumbnail and more -->\r\n\t\t\t\t\t<div class=\"single-member cbp-so-side cbp-so-side-left\">\r\n\r\n\t\t\t\t\t\t<span class=\"gs-team-member--zip-codes\" style=\"display:none!important\"><\/span>\r\n\t\t\t\t\t\t<!-- Ribbon -->\r\n\t\t\t\t\t\t\n\t\t\t\t\t\t\r\n\t\t\t\t\t\t<!-- Team Image -->\r\n\t\t\t\t\t\t<div class=\"gs_team_image__wrapper\">\r\n\t\t\t\t\t\t\t<img loading=\"lazy\" decoding=\"async\" width=\"128\" height=\"128\" src=\"https:\/\/departamento.us.es\/petra\/wp-content\/uploads\/2025\/02\/Maria-Dolores-Lanzarote-Fernandez.jpg\" class=\"gs_team_member--image wp-post-image\" alt=\"Lanzarote Fern\u00e1ndez, M\u00aa Dolores\" itemprop=\"image\" \/>\t\t\t\t\t\t<\/div>\r\n\t\t\t\t\t\t\t\t\t\t\t\t\r\n\t\t\t\t\t\t<!-- Description & Social Links -->\r\n\t\t\t\t\t\t<div class=\"single-mem-desc-social flex-align-justify-center\">\r\n\r\n\t\t\t\t\t\t\t<div class=\"single-mem-desc-social--inner gs_member_info\">\r\n\t\t\t\t\t\t\t\t\r\n\t\t\t\t\t\t\t\t<!-- Description -->\r\n\t\t\t\t\t\t\t\t\t\t\t\t\t\t\t\t\t\t\t\t\t\t\t\t\t\t\t<p class=\"gs-member-desc\" itemprop=\"description\"><\/p>\r\n\t\t\t\t\t\t\t\t\t\t\t\t\t\t\t\t\t\t\t\t\t\t\t\t\t\t\t\t\t\t\t\t\t\t\t\r\n\t\t\t\t\t\t\t\t<!-- Social Links -->\r\n\t\t\t\t\t\t\t\t\n    <ul class=\"gs-team-social\">\n\n    \n        <li>\n            <a class=\"500px\" href=\"https:\/\/prisma.us.es\/investigador\/2132\" target=\"_blank\" itemprop=\"sameAs\"><i class=\"fab fa-500px\"><\/i><\/a>        <\/li>\n\n    \n        <li>\n            <a class=\"researchgate\" href=\"https:\/\/www.researchgate.net\/profile\/Maria-Dolores-Lanzarote-Fernandez\" target=\"_blank\" itemprop=\"sameAs\"><i class=\"fab fa-researchgate\"><\/i><\/a>        <\/li>\n\n    \n        <li>\n            <a class=\"orcid\" href=\"https:\/\/orcid.org\/0000-0003-4812-1971\" target=\"_blank\" itemprop=\"sameAs\"><i class=\"fab fa-orcid\"><\/i><\/a>        <\/li>\n\n            \n    <\/ul>\n\n    \n\r\n\t\t\t\t\t\t\t<\/div>\r\n\r\n\t\t\t\t\t\t<\/div>\r\n\r\n\t\t\t\t\t\t\t\t\t\t\t\t\r\n\t\t\t\t\t<\/div>\r\n\r\n\t\t\t\t\t<!-- Single member name -->\r\n\t\t\t\t\t\t\t\t\t\t\t<div class=\"gs-member-name \"><a itemprop=\"name\" href=\"https:\/\/departamento.us.es\/petra\/team-members\/lanzarote-fernandez-ma-dolores\/\">Lanzarote Fern\u00e1ndez, M\u00aa Dolores<\/a><\/div>\t\t\t\t\t\t\t\t\t\t\t\t\t\t\t\t\r\n\t\t\t\t\t<!-- Single member designation -->\r\n\t\t\t\t\t\t\t\t\t\t\t<div class=\"gs-member-desig\" itemprop=\"jobTitle\">Titular de Universidad<\/div>\r\n\t\t\t\t\t\t\t\t\t\t\t\r\n\t\t\t\t<\/div>\r\n\t\t\t\t\r\n\t\t\t\t<!-- Popup -->\r\n\t\t\t\t\r\n\t\t\t<\/div>\r\n\r\n\t\t\r\n\t\t\t<!-- Start single member -->\r\n\t\t\t<div class=\"single-member-div gs-col-lg-3 gs-col-md-4 gs-col-sm-6 gs-col-xs-6 cbp-so-section\">\r\n\r\n\t\t\t\t<!-- Sehema & Single member wrapper -->\r\n\t\t\t\t<div class=\"single-member--wrapper\" itemscope itemtype=\"http:\/\/schema.org\/Person\">\r\n\r\n\t\t\t\t\t<!-- Single member thumbnail and more -->\r\n\t\t\t\t\t<div class=\"single-member cbp-so-side cbp-so-side-left\">\r\n\r\n\t\t\t\t\t\t<span class=\"gs-team-member--zip-codes\" style=\"display:none!important\"><\/span>\r\n\t\t\t\t\t\t<!-- Ribbon -->\r\n\t\t\t\t\t\t\n\t\t\t\t\t\t\r\n\t\t\t\t\t\t<!-- Team Image -->\r\n\t\t\t\t\t\t<div class=\"gs_team_image__wrapper\">\r\n\t\t\t\t\t\t\t<img loading=\"lazy\" decoding=\"async\" width=\"1024\" height=\"1024\" src=\"https:\/\/departamento.us.es\/petra\/wp-content\/uploads\/2025\/02\/J.F.Lozano-scaled-e1741895615353-1024x1024.jpg\" class=\"gs_team_member--image wp-post-image\" alt=\"Lozano Oyola, Jos\u00e9 Francisco\" itemprop=\"image\" srcset=\"https:\/\/departamento.us.es\/petra\/wp-content\/uploads\/2025\/02\/J.F.Lozano-scaled-e1741895615353-1024x1024.jpg 1024w, https:\/\/departamento.us.es\/petra\/wp-content\/uploads\/2025\/02\/J.F.Lozano-scaled-e1741895615353-300x300.jpg 300w, https:\/\/departamento.us.es\/petra\/wp-content\/uploads\/2025\/02\/J.F.Lozano-scaled-e1741895615353-150x150.jpg 150w, https:\/\/departamento.us.es\/petra\/wp-content\/uploads\/2025\/02\/J.F.Lozano-scaled-e1741895615353-768x768.jpg 768w, https:\/\/departamento.us.es\/petra\/wp-content\/uploads\/2025\/02\/J.F.Lozano-scaled-e1741895615353-1536x1536.jpg 1536w, https:\/\/departamento.us.es\/petra\/wp-content\/uploads\/2025\/02\/J.F.Lozano-scaled-e1741895615353.jpg 1680w\" sizes=\"auto, (max-width: 1024px) 100vw, 1024px\" \/>\t\t\t\t\t\t<\/div>\r\n\t\t\t\t\t\t\t\t\t\t\t\t\r\n\t\t\t\t\t\t<!-- Description & Social Links -->\r\n\t\t\t\t\t\t<div class=\"single-mem-desc-social flex-align-justify-center\">\r\n\r\n\t\t\t\t\t\t\t<div class=\"single-mem-desc-social--inner gs_member_info\">\r\n\t\t\t\t\t\t\t\t\r\n\t\t\t\t\t\t\t\t<!-- Description -->\r\n\t\t\t\t\t\t\t\t\t\t\t\t\t\t\t\t\t\t\t\t\t\t\t\t\t\t\t<p class=\"gs-member-desc\" itemprop=\"description\">Doctor en Psicolog\u00eda desde 1994, Profesor Titular de Universidad desde 2004 y Especialista en Psicol...<a href=\"https:\/\/departamento.us.es\/petra\/team-members\/lozano-oyola-jose-francisco\/\">M\u00e1s<\/a><\/p>\r\n\t\t\t\t\t\t\t\t\t\t\t\t\t\t\t\t\t\t\t\t\t\t\t\t\t\t\t\t\t\t\t\t\t\t\t\r\n\t\t\t\t\t\t\t\t<!-- Social Links -->\r\n\t\t\t\t\t\t\t\t\n    <ul class=\"gs-team-social\">\n\n    \n        <li>\n            <a class=\"500px\" href=\"https:\/\/prisma.us.es\/investigador\/2354\" target=\"_blank\" itemprop=\"sameAs\"><i class=\"fab fa-500px\"><\/i><\/a>        <\/li>\n\n    \n        <li>\n            <a class=\"researchgate\" href=\"https:\/\/www.researchgate.net\/profile\/Jose-F-Oyola\" target=\"_blank\" itemprop=\"sameAs\"><i class=\"fab fa-researchgate\"><\/i><\/a>        <\/li>\n\n    \n        <li>\n            <a class=\"orcid\" href=\"https:\/\/orcid.org\/0000-0003-0594-5890\" target=\"_blank\" itemprop=\"sameAs\"><i class=\"fab fa-orcid\"><\/i><\/a>        <\/li>\n\n            \n    <\/ul>\n\n    \n\r\n\t\t\t\t\t\t\t<\/div>\r\n\r\n\t\t\t\t\t\t<\/div>\r\n\r\n\t\t\t\t\t\t\t\t\t\t\t\t\r\n\t\t\t\t\t<\/div>\r\n\r\n\t\t\t\t\t<!-- Single member name -->\r\n\t\t\t\t\t\t\t\t\t\t\t<div class=\"gs-member-name \"><a itemprop=\"name\" href=\"https:\/\/departamento.us.es\/petra\/team-members\/lozano-oyola-jose-francisco\/\">Lozano Oyola, Jos\u00e9 Francisco<\/a><\/div>\t\t\t\t\t\t\t\t\t\t\t\t\t\t\t\t\r\n\t\t\t\t\t<!-- Single member designation -->\r\n\t\t\t\t\t\t\t\t\t\t\t<div class=\"gs-member-desig\" itemprop=\"jobTitle\">Titular de Universidad<\/div>\r\n\t\t\t\t\t\t\t\t\t\t\t\r\n\t\t\t\t<\/div>\r\n\t\t\t\t\r\n\t\t\t\t<!-- Popup -->\r\n\t\t\t\t\r\n\t\t\t<\/div>\r\n\r\n\t\t\r\n\t\t\t<!-- Start single member -->\r\n\t\t\t<div class=\"single-member-div gs-col-lg-3 gs-col-md-4 gs-col-sm-6 gs-col-xs-6 cbp-so-section\">\r\n\r\n\t\t\t\t<!-- Sehema & Single member wrapper -->\r\n\t\t\t\t<div class=\"single-member--wrapper\" itemscope itemtype=\"http:\/\/schema.org\/Person\">\r\n\r\n\t\t\t\t\t<!-- Single member thumbnail and more -->\r\n\t\t\t\t\t<div class=\"single-member cbp-so-side cbp-so-side-left\">\r\n\r\n\t\t\t\t\t\t<span class=\"gs-team-member--zip-codes\" style=\"display:none!important\"><\/span>\r\n\t\t\t\t\t\t<!-- Ribbon -->\r\n\t\t\t\t\t\t\n\t\t\t\t\t\t\r\n\t\t\t\t\t\t<!-- Team Image -->\r\n\t\t\t\t\t\t<div class=\"gs_team_image__wrapper\">\r\n\t\t\t\t\t\t\t<img loading=\"lazy\" decoding=\"async\" width=\"679\" height=\"679\" src=\"https:\/\/departamento.us.es\/petra\/wp-content\/uploads\/2025\/02\/Foto-Eva-Padilla-e1741256501382.jpeg\" class=\"gs_team_member--image wp-post-image\" alt=\"Padilla Mu\u00f1oz, Eva M\u00aa\" itemprop=\"image\" srcset=\"https:\/\/departamento.us.es\/petra\/wp-content\/uploads\/2025\/02\/Foto-Eva-Padilla-e1741256501382.jpeg 679w, https:\/\/departamento.us.es\/petra\/wp-content\/uploads\/2025\/02\/Foto-Eva-Padilla-e1741256501382-300x300.jpeg 300w, https:\/\/departamento.us.es\/petra\/wp-content\/uploads\/2025\/02\/Foto-Eva-Padilla-e1741256501382-150x150.jpeg 150w\" sizes=\"auto, (max-width: 679px) 100vw, 679px\" \/>\t\t\t\t\t\t<\/div>\r\n\t\t\t\t\t\t\t\t\t\t\t\t\r\n\t\t\t\t\t\t<!-- Description & Social Links -->\r\n\t\t\t\t\t\t<div class=\"single-mem-desc-social flex-align-justify-center\">\r\n\r\n\t\t\t\t\t\t\t<div class=\"single-mem-desc-social--inner gs_member_info\">\r\n\t\t\t\t\t\t\t\t\r\n\t\t\t\t\t\t\t\t<!-- Description -->\r\n\t\t\t\t\t\t\t\t\t\t\t\t\t\t\t\t\t\t\t\t\t\t\t\t\t\t\t<p class=\"gs-member-desc\" itemprop=\"description\">Personal Docente e Investigador de la Universidad de Sevilla; desde 2004 como Profesora Titular adsc...<a href=\"https:\/\/departamento.us.es\/petra\/team-members\/padilla-munoz-eva-ma\/\">M\u00e1s<\/a><\/p>\r\n\t\t\t\t\t\t\t\t\t\t\t\t\t\t\t\t\t\t\t\t\t\t\t\t\t\t\t\t\t\t\t\t\t\t\t\r\n\t\t\t\t\t\t\t\t<!-- Social Links -->\r\n\t\t\t\t\t\t\t\t\n    <ul class=\"gs-team-social\">\n\n    \n        <li>\n            <a class=\"500px\" href=\"https:\/\/prisma.us.es\/investigador\/3130\" target=\"_blank\" itemprop=\"sameAs\"><i class=\"fab fa-500px\"><\/i><\/a>        <\/li>\n\n    \n        <li>\n            <a class=\"researchgate\" href=\"https:\/\/www.researchgate.net\/profile\/Padilla-Munoz\" target=\"_blank\" itemprop=\"sameAs\"><i class=\"fab fa-researchgate\"><\/i><\/a>        <\/li>\n\n    \n        <li>\n            <a class=\"orcid\" href=\"https:\/\/orcid.org\/0000-0001-6322-2952\" target=\"_blank\" itemprop=\"sameAs\"><i class=\"fab fa-orcid\"><\/i><\/a>        <\/li>\n\n            \n    <\/ul>\n\n    \n\r\n\t\t\t\t\t\t\t<\/div>\r\n\r\n\t\t\t\t\t\t<\/div>\r\n\r\n\t\t\t\t\t\t\t\t\t\t\t\t\r\n\t\t\t\t\t<\/div>\r\n\r\n\t\t\t\t\t<!-- Single member name -->\r\n\t\t\t\t\t\t\t\t\t\t\t<div class=\"gs-member-name \"><a itemprop=\"name\" href=\"https:\/\/departamento.us.es\/petra\/team-members\/padilla-munoz-eva-ma\/\">Padilla Mu\u00f1oz, Eva M\u00aa<\/a><\/div>\t\t\t\t\t\t\t\t\t\t\t\t\t\t\t\t\r\n\t\t\t\t\t<!-- Single member designation -->\r\n\t\t\t\t\t\t\t\t\t\t\t<div class=\"gs-member-desig\" itemprop=\"jobTitle\">Titular de Universidad<\/div>\r\n\t\t\t\t\t\t\t\t\t\t\t\r\n\t\t\t\t<\/div>\r\n\t\t\t\t\r\n\t\t\t\t<!-- Popup -->\r\n\t\t\t\t\r\n\t\t\t<\/div>\r\n\r\n\t\t\r\n\t\t\r\n\t\t\r\n\t<\/div>\r\n\r\n\t<!-- Pagination -->\r\n\t\r\n<\/div>\t\n\t\t<\/div>\n\t\t\n\t\t<style>#gs_team_area_4 .gs-member-name,#gs_team_area_4 .gs-member-name a{font-size:18px}#gs_team_area_4 .gs-member-name,#gs_team_area_4 .gs-member-name a{font-weight:700}#gs_team_area_4 .gs-member-name,#gs_team_area_4 .gs-member-name a{color:rgb(196, 39, 60)}#gs_team_area_4 .gs-team-filter-cats{text-align:center}<\/style>\n\n\n\n<p><\/p>\n","protected":false},"excerpt":{"rendered":"<p>Pediatr\u00eda integral y psicolog\u00eda pedi\u00e1trica El Grupo de Investigaci\u00f3n CTS-152 \u201cPediatr\u00eda Integral y Psicolog\u00eda Pedi\u00e1trica\u201d, desde su constituci\u00f3n en 1995, tiene como l\u00ednea prioritaria la atenci\u00f3n integral al ni\u00f1o de riesgo y a su familia; con particular \u00e9nfasis en el estudio, evaluaci\u00f3n y seguimiento del ni\u00f1o y adolescente con patolog\u00edas cr\u00f3nicas. En este tiempo se han desarrollado numerosos proyectos de forma colaborativa entre facultativos del Hospital Infantil Universitario Virgen del Roc\u00edo y profesorado del Departamento de Personalidad, Evaluaci\u00f3n y Tratamiento Psicol\u00f3gicos. Hasta el a\u00f1o 2022 el Grupo estuvo liderado por pediatras especialistas del Hospital Infantil Universitario Virgen del Roc\u00edo (D. Ignacio G\u00f3mez de Terreros y D\u00aa. Macarena Anchoriz Esquitino, respectivamente), y desde octubre de 2022 por la profesora Eva M\u00aa Padilla Mu\u00f1oz, adscrita a dicho departamento. Seg\u00fan SICA, los datos que aporta el grupo a d\u00eda de hoy son: 522 Aportaciones a Congresos; 74 Proyectos i+D+i y Ayudas; 29 Convenios&hellip;&nbsp;<a href=\"https:\/\/departamento.us.es\/petra\/team-members\/padilla-munoz-eva-ma\/\" rel=\"bookmark\">Leer m\u00e1s &raquo;<span class=\"screen-reader-text\">Padilla Mu\u00f1oz, Eva M\u00aa<\/span><\/a><\/p>\n","protected":false},"author":1,"featured_media":0,"parent":64,"menu_order":0,"comment_status":"closed","ping_status":"closed","template":"","meta":{"neve_meta_sidebar":"","neve_meta_container":"","neve_meta_enable_content_width":"","neve_meta_content_width":0,"neve_meta_title_alignment":"","neve_meta_author_avatar":"","neve_post_elements_order":"","neve_meta_disable_header":"","neve_meta_disable_footer":"","neve_meta_disable_title":"","iawp_total_views":152,"footnotes":""},"class_list":["post-106","page","type-page","status-publish","hentry"],"_links":{"self":[{"href":"https:\/\/departamento.us.es\/petra\/wp-json\/wp\/v2\/pages\/106","targetHints":{"allow":["GET"]}}],"collection":[{"href":"https:\/\/departamento.us.es\/petra\/wp-json\/wp\/v2\/pages"}],"about":[{"href":"https:\/\/departamento.us.es\/petra\/wp-json\/wp\/v2\/types\/page"}],"author":[{"embeddable":true,"href":"https:\/\/departamento.us.es\/petra\/wp-json\/wp\/v2\/users\/1"}],"replies":[{"embeddable":true,"href":"https:\/\/departamento.us.es\/petra\/wp-json\/wp\/v2\/comments?post=106"}],"version-history":[{"count":3,"href":"https:\/\/departamento.us.es\/petra\/wp-json\/wp\/v2\/pages\/106\/revisions"}],"predecessor-version":[{"id":659,"href":"https:\/\/departamento.us.es\/petra\/wp-json\/wp\/v2\/pages\/106\/revisions\/659"}],"up":[{"embeddable":true,"href":"https:\/\/departamento.us.es\/petra\/wp-json\/wp\/v2\/pages\/64"}],"wp:attachment":[{"href":"https:\/\/departamento.us.es\/petra\/wp-json\/wp\/v2\/media?parent=106"}],"curies":[{"name":"wp","href":"https:\/\/api.w.org\/{rel}","templated":true}]}}