{"id":13,"date":"2024-11-06T09:14:27","date_gmt":"2024-11-06T08:14:27","guid":{"rendered":"https:\/\/departamento.us.es\/petra\/?page_id=13"},"modified":"2026-02-23T11:59:14","modified_gmt":"2026-02-23T10:59:14","slug":"contacto","status":"publish","type":"page","link":"https:\/\/departamento.us.es\/petra\/pagina-ejemplo\/contacto\/","title":{"rendered":"Contacto"},"content":{"rendered":"\n<h4 class=\"wp-block-heading\">Puedes contactar con el departamento a trav\u00e9s de los siguientes medios:<br><br> <\/h4>\n\n\n\n<h2 class=\"wp-block-heading has-text-align-left\">Secretar\u00eda del departamento<\/h2>\n\n\n\t\t\n\t\t<div id=\"gs_team_area_10\" data-shortcode-id=\"10\" class=\"wrap gs_team_area gs_team_loading gs_tm_theme2 gs_tm_theme_v_1 gs-team--img-efect_none gs-team--img-hover-efect_none\" data-options='{\"search_through_all_fields\":\"off\",\"enable_clear_filters\":\"off\",\"reset_filters_text\":\"Reset Filters\",\"enable_multi_select\":\"off\",\"multi_select_ellipsis\":\"off\",\"next_txt\":\"Siguiente\",\"prev_txt\":\"Anterior\",\"load_per_click\":3,\"initial_items\":6}' style=\"visibility: hidden; opacity: 0;\">\n\t\n\t\t\t\r\n<!-- Container for Team members -->\r\n<div class=\"gs-containeer cbp-so-scroller\">\r\n\t\r\n\t<div class=\"gs-roow clearfix gs_team\">\r\n\r\n\t\r\n\t\t\r\n\t\t\t<!-- Start single member -->\r\n\t\t\t<div class=\"single-member-div gs-col-lg-3 gs-col-md-4 gs-col-sm-6 gs-col-xs-12 cbp-so-section\">\r\n\r\n\t\t\t\t<!-- Sehema & Single member wrapper -->\r\n\t\t\t\t<div class=\"single-member--wrapper\" itemscope itemtype=\"http:\/\/schema.org\/Person\">\r\n\r\n\t\t\t\t\t<!-- Single member thumbnail and more -->\r\n\t\t\t\t\t<div class=\"single-member cbp-so-side cbp-so-side-left\">\r\n\r\n\t\t\t\t\t\t<span class=\"gs-team-member--zip-codes\" style=\"display:none!important\"><\/span>\r\n\t\t\t\t\t\t<!-- Ribbon -->\r\n\t\t\t\t\t\t\t\t\t\t\t\t\r\n\t\t\t\t\t\t<!-- Team Image -->\r\n\t\t\t\t\t\t<div class=\"gs_team_image__wrapper\">\r\n\t\t\t\t\t\t\t<img loading=\"lazy\" decoding=\"async\" width=\"371\" height=\"373\" src=\"https:\/\/departamento.us.es\/petra\/wp-content\/uploads\/2025\/03\/MValle-Murillo-e1741853303785.png\" class=\"gs_team_member--image wp-post-image\" alt=\"Murillo L\u00f3pez, M\u00aa Valle\" itemprop=\"image\" srcset=\"https:\/\/departamento.us.es\/petra\/wp-content\/uploads\/2025\/03\/MValle-Murillo-e1741853303785.png 371w, https:\/\/departamento.us.es\/petra\/wp-content\/uploads\/2025\/03\/MValle-Murillo-e1741853303785-298x300.png 298w, https:\/\/departamento.us.es\/petra\/wp-content\/uploads\/2025\/03\/MValle-Murillo-e1741853303785-150x150.png 150w\" sizes=\"auto, (max-width: 371px) 100vw, 371px\" \/>\t\t\t\t\t\t<\/div>\r\n\t\t\t\t\t\t\t\t\t\t\t\t\r\n\t\t\t\t\t\t<!-- Description & Social Links -->\r\n\t\t\t\t\t\t<div class=\"single-mem-desc-social flex-align-justify-center\">\r\n\r\n\t\t\t\t\t\t\t<div class=\"single-mem-desc-social--inner gs_member_info\">\r\n\t\t\t\t\t\t\t\t\r\n\t\t\t\t\t\t\t\t<!-- Description -->\r\n\t\t\t\t\t\t\t\t\t\t\t\t\t\t\t\t\t\t\t\t\t\t\t\t\t\t\t<p class=\"gs-member-desc\" itemprop=\"description\"><\/p>\r\n\t\t\t\t\t\t\t\t\t\t\t\t\t\t\t\t\t\t\t\t\t\t\t\t\t\t\t\t\t\t\t\t\t\t\t\r\n\t\t\t\t\t\t\t\t<!-- Social Links -->\r\n\t\t\t\t\t\t\t\t\n    <ul class=\"gs-team-social\">\n\n    \n        <li>\n            <a class=\"500px\" href=\"https:\/\/departamento.us.es\/petra\/contacto\/\" target=\"_blank\" itemprop=\"sameAs\"><i class=\"fab fa-500px\"><\/i><\/a>        <\/li>\n\n            \n    <\/ul>\n\n    \n\r\n\t\t\t\t\t\t\t<\/div>\r\n\r\n\t\t\t\t\t\t<\/div>\r\n\r\n\t\t\t\t\t\t\t\t\t\t\t\t\r\n\t\t\t\t\t<\/div>\r\n\r\n\t\t\t\t\t<!-- Single member name -->\r\n\t\t\t\t\t\t\t\t\t\t\t<div class=\"gs-member-name \"><a itemprop=\"name\" href=\"https:\/\/departamento.us.es\/petra\/team-members\/murillo-lopez-ma-valle\/\">Murillo L\u00f3pez, M\u00aa Valle<\/a><\/div>\t\t\t\t\t\t\t\t\t\t\t\t\t\t\t\t\r\n\t\t\t\t\t<!-- Single member designation -->\r\n\t\t\t\t\t\t\t\t\t\t\t<div class=\"gs-member-desig\" itemprop=\"jobTitle\">Gestora de Departamento (PTGAS)<\/div>\r\n\t\t\t\t\t\t\t\t\t\t\t\r\n\t\t\t\t<\/div>\r\n\t\t\t\t\r\n\t\t\t\t<!-- Popup -->\r\n\t\t\t\t\r\n\t\t\t<\/div>\r\n\r\n\t\t\r\n\t\t\t<!-- Start single member -->\r\n\t\t\t<div class=\"single-member-div gs-col-lg-3 gs-col-md-4 gs-col-sm-6 gs-col-xs-12 cbp-so-section\">\r\n\r\n\t\t\t\t<!-- Sehema & Single member wrapper -->\r\n\t\t\t\t<div class=\"single-member--wrapper\" itemscope itemtype=\"http:\/\/schema.org\/Person\">\r\n\r\n\t\t\t\t\t<!-- Single member thumbnail and more -->\r\n\t\t\t\t\t<div class=\"single-member cbp-so-side cbp-so-side-left\">\r\n\r\n\t\t\t\t\t\t<span class=\"gs-team-member--zip-codes\" style=\"display:none!important\"><\/span>\r\n\t\t\t\t\t\t<!-- Ribbon -->\r\n\t\t\t\t\t\t\t\t\t\t\t\t\r\n\t\t\t\t\t\t<!-- Team Image -->\r\n\t\t\t\t\t\t<div class=\"gs_team_image__wrapper\">\r\n\t\t\t\t\t\t\t<img loading=\"lazy\" decoding=\"async\" width=\"225\" height=\"225\" src=\"https:\/\/departamento.us.es\/petra\/wp-content\/uploads\/2025\/02\/female-profile-icon.png\" class=\"gs_team_member--image wp-post-image\" alt=\"Jim\u00e9nez Arrabal, M\u00aa Victoria\" itemprop=\"image\" srcset=\"https:\/\/departamento.us.es\/petra\/wp-content\/uploads\/2025\/02\/female-profile-icon.png 225w, https:\/\/departamento.us.es\/petra\/wp-content\/uploads\/2025\/02\/female-profile-icon-150x150.png 150w\" sizes=\"auto, (max-width: 225px) 100vw, 225px\" \/>\t\t\t\t\t\t<\/div>\r\n\t\t\t\t\t\t\t\t\t\t\t\t\r\n\t\t\t\t\t\t<!-- Description & Social Links -->\r\n\t\t\t\t\t\t<div class=\"single-mem-desc-social flex-align-justify-center\">\r\n\r\n\t\t\t\t\t\t\t<div class=\"single-mem-desc-social--inner gs_member_info\">\r\n\t\t\t\t\t\t\t\t\r\n\t\t\t\t\t\t\t\t<!-- Description -->\r\n\t\t\t\t\t\t\t\t\t\t\t\t\t\t\t\t\t\t\t\t\t\t\t\t\t\t\t<p class=\"gs-member-desc\" itemprop=\"description\"><\/p>\r\n\t\t\t\t\t\t\t\t\t\t\t\t\t\t\t\t\t\t\t\t\t\t\t\t\t\t\t\t\t\t\t\t\t\t\t\r\n\t\t\t\t\t\t\t\t<!-- Social Links -->\r\n\t\t\t\t\t\t\t\t\n    <ul class=\"gs-team-social\">\n\n    \n        <li>\n            <a class=\"500px\" href=\"https:\/\/departamento.us.es\/petra\/contacto\/\" target=\"_blank\" itemprop=\"sameAs\"><i class=\"fab fa-500px\"><\/i><\/a>        <\/li>\n\n            \n    <\/ul>\n\n    \n\r\n\t\t\t\t\t\t\t<\/div>\r\n\r\n\t\t\t\t\t\t<\/div>\r\n\r\n\t\t\t\t\t\t\t\t\t\t\t\t\r\n\t\t\t\t\t<\/div>\r\n\r\n\t\t\t\t\t<!-- Single member name -->\r\n\t\t\t\t\t\t\t\t\t\t\t<div class=\"gs-member-name \"><a itemprop=\"name\" href=\"https:\/\/departamento.us.es\/petra\/team-members\/jimenez-arrabal-ma-victoria\/\">Jim\u00e9nez Arrabal, M\u00aa Victoria<\/a><\/div>\t\t\t\t\t\t\t\t\t\t\t\t\t\t\t\t\r\n\t\t\t\t\t<!-- Single member designation -->\r\n\t\t\t\t\t\t\t\t\t\t\t<div class=\"gs-member-desig\" itemprop=\"jobTitle\">Auxiliar Administrativa (PTGAS)<\/div>\r\n\t\t\t\t\t\t\t\t\t\t\t\r\n\t\t\t\t<\/div>\r\n\t\t\t\t\r\n\t\t\t\t<!-- Popup -->\r\n\t\t\t\t\r\n\t\t\t<\/div>\r\n\r\n\t\t\r\n\t\t\r\n\t\t\r\n\t<\/div>\r\n\r\n\t<!-- Pagination -->\r\n\t\r\n<\/div>\t\n\t\t<\/div>\n\t\t\n\t\t<style>#gs_team_area_10 .gs-member-name,#gs_team_area_10 .gs-member-name a{font-size:18px}#gs_team_area_10 .gs-member-name,#gs_team_area_10 .gs-member-name a{font-weight:700}#gs_team_area_10 .gs-member-name,#gs_team_area_10 .gs-member-name a{color:rgb(196, 39, 60)}#gs_team_area_10 .gs-team-filter-cats{text-align:center}<\/style>\n\n\n<ul class=\"wp-block-list\">\n<li><strong>Atienden<\/strong>: M\u00aa Valle Murillo (gestora) y M\u00aa Victoria Jim\u00e9nez (auxiliar)<\/li>\n<\/ul>\n\n\n\n<ul class=\"wp-block-list\">\n<li><strong>Correo de Secretar\u00eda:<\/strong> departamentopersonalidad@us.es<\/li>\n<\/ul>\n\n\n\n<ul class=\"wp-block-list\">\n<li><strong>Tel\u00e9fono de Secretar\u00eda<\/strong>: (+34) 954557813<\/li>\n<\/ul>\n\n\n\n<p><br><\/p>\n\n\n\n<h2 class=\"wp-block-heading has-text-align-left\">Direcci\u00f3n del departamento<\/h2>\n\n\n\t\t\n\t\t<div id=\"gs_team_area_11\" data-shortcode-id=\"11\" class=\"wrap gs_team_area gs_team_loading gs_tm_theme2 gs_tm_theme_v_1 gs-team--img-efect_none gs-team--img-hover-efect_none\" data-options='{\"search_through_all_fields\":\"off\",\"enable_clear_filters\":\"off\",\"reset_filters_text\":\"Reset Filters\",\"enable_multi_select\":\"off\",\"multi_select_ellipsis\":\"off\",\"next_txt\":\"Siguiente\",\"prev_txt\":\"Anterior\",\"load_per_click\":3,\"initial_items\":6}' style=\"visibility: hidden; opacity: 0;\">\n\t\n\t\t\t\r\n<!-- Container for Team members -->\r\n<div class=\"gs-containeer cbp-so-scroller\">\r\n\t\r\n\t<div class=\"gs-roow clearfix gs_team\">\r\n\r\n\t\r\n\t\t\r\n\t\t\t<!-- Start single member -->\r\n\t\t\t<div class=\"single-member-div gs-col-lg-3 gs-col-md-4 gs-col-sm-6 gs-col-xs-12\">\r\n\r\n\t\t\t\t<!-- Sehema & Single member wrapper -->\r\n\t\t\t\t<div class=\"single-member--wrapper\" itemscope itemtype=\"http:\/\/schema.org\/Person\">\r\n\r\n\t\t\t\t\t<!-- Single member thumbnail and more -->\r\n\t\t\t\t\t<div class=\"single-member cbp-so-side cbp-so-side-left\">\r\n\r\n\t\t\t\t\t\t<span class=\"gs-team-member--zip-codes\" style=\"display:none!important\"><\/span>\r\n\t\t\t\t\t\t<!-- Ribbon -->\r\n\t\t\t\t\t\t\n\t\t\t\t\t\t\r\n\t\t\t\t\t\t<!-- Team Image -->\r\n\t\t\t\t\t\t<div class=\"gs_team_image__wrapper\">\r\n\t\t\t\t\t\t\t<img loading=\"lazy\" decoding=\"async\" width=\"1024\" height=\"1024\" src=\"https:\/\/departamento.us.es\/petra\/wp-content\/uploads\/2025\/02\/S.Herrero-scaled-e1741991297739-1024x1024.jpg\" class=\"gs_team_member--image wp-post-image\" alt=\"Herrero Remuzgo, Salvador\" itemprop=\"image\" srcset=\"https:\/\/departamento.us.es\/petra\/wp-content\/uploads\/2025\/02\/S.Herrero-scaled-e1741991297739-1024x1024.jpg 1024w, https:\/\/departamento.us.es\/petra\/wp-content\/uploads\/2025\/02\/S.Herrero-scaled-e1741991297739-300x300.jpg 300w, https:\/\/departamento.us.es\/petra\/wp-content\/uploads\/2025\/02\/S.Herrero-scaled-e1741991297739-150x150.jpg 150w, https:\/\/departamento.us.es\/petra\/wp-content\/uploads\/2025\/02\/S.Herrero-scaled-e1741991297739-768x768.jpg 768w, https:\/\/departamento.us.es\/petra\/wp-content\/uploads\/2025\/02\/S.Herrero-scaled-e1741991297739-1536x1536.jpg 1536w, https:\/\/departamento.us.es\/petra\/wp-content\/uploads\/2025\/02\/S.Herrero-scaled-e1741991297739.jpg 1655w\" sizes=\"auto, (max-width: 1024px) 100vw, 1024px\" \/>\t\t\t\t\t\t<\/div>\r\n\t\t\t\t\t\t\t\t\t\t\t\t\r\n\t\t\t\t\t\t<!-- Description & Social Links -->\r\n\t\t\t\t\t\t<div class=\"single-mem-desc-social flex-align-justify-center\">\r\n\r\n\t\t\t\t\t\t\t<div class=\"single-mem-desc-social--inner gs_member_info\">\r\n\t\t\t\t\t\t\t\t\r\n\t\t\t\t\t\t\t\t<!-- Description -->\r\n\t\t\t\t\t\t\t\t\t\t\t\t\t\t\t\t\t\r\n\t\t\t\t\t\t\t\t<!-- Social Links -->\r\n\t\t\t\t\t\t\t\t\n    <ul class=\"gs-team-social\">\n\n    \n        <li>\n            <a class=\"500px\" href=\"https:\/\/prisma.us.es\/investigador\/1968\" target=\"_blank\" itemprop=\"sameAs\"><i class=\"fab fa-500px\"><\/i><\/a>        <\/li>\n\n    \n        <li>\n            <a class=\"researchgate\" href=\"https:\/\/www.researchgate.net\/scientific-contributions\/Salvador-Herrero-Remuzgo-22075838\" target=\"_blank\" itemprop=\"sameAs\"><i class=\"fab fa-researchgate\"><\/i><\/a>        <\/li>\n\n    \n        <li>\n            <a class=\"orcid\" href=\"https:\/\/orcid.org\/0000-0002-5167-2048\" target=\"_blank\" itemprop=\"sameAs\"><i class=\"fab fa-orcid\"><\/i><\/a>        <\/li>\n\n            \n    <\/ul>\n\n    \n\r\n\t\t\t\t\t\t\t<\/div>\r\n\r\n\t\t\t\t\t\t<\/div>\r\n\r\n\t\t\t\t\t\t\t\t\t\t\t\t\r\n\t\t\t\t\t<\/div>\r\n\r\n\t\t\t\t\t<!-- Single member name -->\r\n\t\t\t\t\t\t\t\t\t\t\t<div class=\"gs-member-name \"><a itemprop=\"name\" href=\"https:\/\/departamento.us.es\/petra\/team-members\/herrero-remuzgo-salvador\/\">Herrero Remuzgo, Salvador<\/a><\/div>\t\t\t\t\t\t\t\t\t\t\t\t\t\t\t\t\r\n\t\t\t\t\t<!-- Single member designation -->\r\n\t\t\t\t\t\t\t\t\t\t\t<div class=\"gs-member-desig\" itemprop=\"jobTitle\">Profesor Colaborador<\/div>\r\n\t\t\t\t\t\t\t\t\t\t\t\r\n\t\t\t\t<\/div>\r\n\t\t\t\t\r\n\t\t\t\t<!-- Popup -->\r\n\t\t\t\t\r\n\t\t\t<\/div>\r\n\r\n\t\t\r\n\t\t\t<!-- Start single member -->\r\n\t\t\t<div class=\"single-member-div gs-col-lg-3 gs-col-md-4 gs-col-sm-6 gs-col-xs-12\">\r\n\r\n\t\t\t\t<!-- Sehema & Single member wrapper -->\r\n\t\t\t\t<div class=\"single-member--wrapper\" itemscope itemtype=\"http:\/\/schema.org\/Person\">\r\n\r\n\t\t\t\t\t<!-- Single member thumbnail and more -->\r\n\t\t\t\t\t<div class=\"single-member cbp-so-side cbp-so-side-left\">\r\n\r\n\t\t\t\t\t\t<span class=\"gs-team-member--zip-codes\" style=\"display:none!important\"><\/span>\r\n\t\t\t\t\t\t<!-- Ribbon -->\r\n\t\t\t\t\t\t\n\t\t\t\t\t\t\r\n\t\t\t\t\t\t<!-- Team Image -->\r\n\t\t\t\t\t\t<div class=\"gs_team_image__wrapper\">\r\n\t\t\t\t\t\t\t<img loading=\"lazy\" decoding=\"async\" width=\"225\" height=\"225\" src=\"https:\/\/departamento.us.es\/petra\/wp-content\/uploads\/2025\/02\/female-profile-icon.png\" class=\"gs_team_member--image wp-post-image\" alt=\"N\u00fa\u00f1ez Gait\u00e1n, M\u00aa Carmen\" itemprop=\"image\" srcset=\"https:\/\/departamento.us.es\/petra\/wp-content\/uploads\/2025\/02\/female-profile-icon.png 225w, https:\/\/departamento.us.es\/petra\/wp-content\/uploads\/2025\/02\/female-profile-icon-150x150.png 150w\" sizes=\"auto, (max-width: 225px) 100vw, 225px\" \/>\t\t\t\t\t\t<\/div>\r\n\t\t\t\t\t\t\t\t\t\t\t\t\r\n\t\t\t\t\t\t<!-- Description & Social Links -->\r\n\t\t\t\t\t\t<div class=\"single-mem-desc-social flex-align-justify-center\">\r\n\r\n\t\t\t\t\t\t\t<div class=\"single-mem-desc-social--inner gs_member_info\">\r\n\t\t\t\t\t\t\t\t\r\n\t\t\t\t\t\t\t\t<!-- Description -->\r\n\t\t\t\t\t\t\t\t\t\t\t\t\t\t\t\t\t\r\n\t\t\t\t\t\t\t\t<!-- Social Links -->\r\n\t\t\t\t\t\t\t\t\n    <ul class=\"gs-team-social\">\n\n    \n        <li>\n            <a class=\"500px\" href=\"https:\/\/prisma.us.es\/investigador\/3002\" target=\"_blank\" itemprop=\"sameAs\"><i class=\"fab fa-500px\"><\/i><\/a>        <\/li>\n\n    \n        <li>\n            <a class=\"researchgate\" href=\"https:\/\/www.researchgate.net\/profile\/Maria_Nunez-Gaitan\" target=\"_blank\" itemprop=\"sameAs\"><i class=\"fab fa-researchgate\"><\/i><\/a>        <\/li>\n\n    \n        <li>\n            <a class=\"orcid\" href=\"https:\/\/orcid.org\/0000-0002-2314-2672\" target=\"_blank\" itemprop=\"sameAs\"><i class=\"fab fa-orcid\"><\/i><\/a>        <\/li>\n\n            \n    <\/ul>\n\n    \n\r\n\t\t\t\t\t\t\t<\/div>\r\n\r\n\t\t\t\t\t\t<\/div>\r\n\r\n\t\t\t\t\t\t\t\t\t\t\t\t\r\n\t\t\t\t\t<\/div>\r\n\r\n\t\t\t\t\t<!-- Single member name -->\r\n\t\t\t\t\t\t\t\t\t\t\t<div class=\"gs-member-name \"><a itemprop=\"name\" href=\"https:\/\/departamento.us.es\/petra\/team-members\/nunez-gaitan-ma-carmen\/\">N\u00fa\u00f1ez Gait\u00e1n, M\u00aa Carmen<\/a><\/div>\t\t\t\t\t\t\t\t\t\t\t\t\t\t\t\t\r\n\t\t\t\t\t<!-- Single member designation -->\r\n\t\t\t\t\t\t\t\t\t\t\t<div class=\"gs-member-desig\" itemprop=\"jobTitle\">Profesora Colaboradora<\/div>\r\n\t\t\t\t\t\t\t\t\t\t\t\r\n\t\t\t\t<\/div>\r\n\t\t\t\t\r\n\t\t\t\t<!-- Popup -->\r\n\t\t\t\t\r\n\t\t\t<\/div>\r\n\r\n\t\t\r\n\t\t\r\n\t\t\r\n\t<\/div>\r\n\r\n\t<!-- Pagination -->\r\n\t\r\n<\/div>\t\n\t\t<\/div>\n\t\t\n\t\t<style>#gs_team_area_11 .gs-member-name,#gs_team_area_11 .gs-member-name a{font-size:18px}#gs_team_area_11 .gs-member-name,#gs_team_area_11 .gs-member-name a{font-weight:700}#gs_team_area_11 .gs-member-name,#gs_team_area_11 .gs-member-name a{color:rgb(196, 39, 60)}#gs_team_area_11 .gs-team-filter-cats{text-align:center}<\/style>\n\n\n<p><strong>Atienden:<\/strong> <a href=\"https:\/\/departamento.us.es\/petra\/?gs_team=herrero-remuzgo-salvador\" target=\"_blank\" rel=\"noreferrer noopener nofollow\">Salvador Herrero<\/a> (Director) y <a href=\"https:\/\/departamento.us.es\/petra\/team-members\/nunez-gaitan-ma-carmen\/\" target=\"_blank\" rel=\"noreferrer noopener\">M\u00aa Carmen N\u00fa\u00f1ez<\/a> (Secretaria).<\/p>\n\n\n\n<p><strong>Correo de la Direcci\u00f3n<\/strong>: direccionpetra@us.es<\/p>\n\n\n\n<p><\/p>\n\n\n\n<h2 class=\"wp-block-heading has-text-align-left\">Nuestra facultad<\/h2>\n\n\n\n<p>Nos encontramos en la segunda planta de la Facultad de Psicolog\u00eda de la US. La direcci\u00f3n completa es: C\/ Camilo Jos\u00e9 Cela, S\/N; 41018-Sevilla (Espa\u00f1a). Puedes preguntar por el pasillo de despachos S700, donde se encuentra nuestra Secretar\u00eda.<\/p>\n\n\n<div class=\"wp-block-image\">\n<figure class=\"aligncenter size-full is-resized\"><a href=\"https:\/\/maps.app.goo.gl\/ZxKkzeXXMiCFqE9E8\" target=\"_blank\" rel=\" noreferrer noopener\"><img loading=\"lazy\" decoding=\"async\" width=\"1025\" height=\"945\" src=\"https:\/\/departamento.us.es\/petra\/wp-content\/uploads\/2025\/02\/Screenshot_20250225_002730_Maps.jpg\" alt=\"\" class=\"wp-image-167\" style=\"width:509px;height:auto\" srcset=\"https:\/\/departamento.us.es\/petra\/wp-content\/uploads\/2025\/02\/Screenshot_20250225_002730_Maps.jpg 1025w, https:\/\/departamento.us.es\/petra\/wp-content\/uploads\/2025\/02\/Screenshot_20250225_002730_Maps-300x277.jpg 300w, https:\/\/departamento.us.es\/petra\/wp-content\/uploads\/2025\/02\/Screenshot_20250225_002730_Maps-768x708.jpg 768w\" sizes=\"auto, (max-width: 1025px) 100vw, 1025px\" \/><\/a><figcaption class=\"wp-element-caption\">Pulsa para ver mapa interactivo<\/figcaption><\/figure>\n<\/div>\n\n\n<p><\/p>\n","protected":false},"excerpt":{"rendered":"<p>Puedes contactar con el departamento a trav\u00e9s de los siguientes medios: Secretar\u00eda del departamento Direcci\u00f3n del departamento Atienden: Salvador Herrero (Director) y M\u00aa Carmen N\u00fa\u00f1ez (Secretaria). Correo de la Direcci\u00f3n: direccionpetra@us.es Nuestra facultad Nos encontramos en la segunda planta de la Facultad de Psicolog\u00eda de la US. La direcci\u00f3n completa es: C\/ Camilo Jos\u00e9 Cela,&hellip;&nbsp;<a href=\"https:\/\/departamento.us.es\/petra\/pagina-ejemplo\/contacto\/\" rel=\"bookmark\">Leer m\u00e1s &raquo;<span class=\"screen-reader-text\">Contacto<\/span><\/a><\/p>\n","protected":false},"author":1,"featured_media":0,"parent":2,"menu_order":6,"comment_status":"closed","ping_status":"closed","template":"","meta":{"neve_meta_sidebar":"","neve_meta_container":"","neve_meta_enable_content_width":"","neve_meta_content_width":0,"neve_meta_title_alignment":"","neve_meta_author_avatar":"","neve_post_elements_order":"","neve_meta_disable_header":"","neve_meta_disable_footer":"","neve_meta_disable_title":"","iawp_total_views":114,"footnotes":""},"class_list":["post-13","page","type-page","status-publish","hentry"],"_links":{"self":[{"href":"https:\/\/departamento.us.es\/petra\/wp-json\/wp\/v2\/pages\/13","targetHints":{"allow":["GET"]}}],"collection":[{"href":"https:\/\/departamento.us.es\/petra\/wp-json\/wp\/v2\/pages"}],"about":[{"href":"https:\/\/departamento.us.es\/petra\/wp-json\/wp\/v2\/types\/page"}],"author":[{"embeddable":true,"href":"https:\/\/departamento.us.es\/petra\/wp-json\/wp\/v2\/users\/1"}],"replies":[{"embeddable":true,"href":"https:\/\/departamento.us.es\/petra\/wp-json\/wp\/v2\/comments?post=13"}],"version-history":[{"count":18,"href":"https:\/\/departamento.us.es\/petra\/wp-json\/wp\/v2\/pages\/13\/revisions"}],"predecessor-version":[{"id":741,"href":"https:\/\/departamento.us.es\/petra\/wp-json\/wp\/v2\/pages\/13\/revisions\/741"}],"up":[{"embeddable":true,"href":"https:\/\/departamento.us.es\/petra\/wp-json\/wp\/v2\/pages\/2"}],"wp:attachment":[{"href":"https:\/\/departamento.us.es\/petra\/wp-json\/wp\/v2\/media?parent=13"}],"curies":[{"name":"wp","href":"https:\/\/api.w.org\/{rel}","templated":true}]}}