{"id":132,"date":"2025-02-24T21:16:16","date_gmt":"2025-02-24T20:16:16","guid":{"rendered":"https:\/\/departamento.us.es\/petra\/?page_id=132"},"modified":"2025-02-24T21:16:17","modified_gmt":"2025-02-24T20:16:17","slug":"grupo-cts-301","status":"publish","type":"page","link":"https:\/\/departamento.us.es\/petra\/conocenos\/grupos-de-investigacion\/grupo-cts-301\/","title":{"rendered":"Grupo CTS-301"},"content":{"rendered":"\n<h2 class=\"wp-block-heading\">Alteraci\u00f3n mental y disfunci\u00f3n social<\/h2>\n\n\n\n<p>Nuestro grupo trabaja en las siguientes l\u00edneas principales:<\/p>\n\n\n\n<ul class=\"wp-block-list\">\n<li>Atenci\u00f3n a la diversidad<\/li>\n\n\n\n<li>Propensi\u00f3n a la psicosis (pensamiento referencial)<\/li>\n\n\n\n<li>Somatizaci\u00f3n (fatiga)<\/li>\n\n\n\n<li>Imagen corporal (dismorfia)<\/li>\n\n\n\n<li>S\u00edndromes depresivos (s\u00edndrome disf\u00f3rico premenstrual) <\/li>\n\n\n\n<li>Evaluaci\u00f3n psicol\u00f3gica<\/li>\n\n\n\n<li>Psicopatolog\u00eda cl\u00ednica<\/li>\n\n\n\n<li>Psicopatolog\u00eda criminal y forense<\/li>\n\n\n\n<li>Psicoterapia<\/li>\n<\/ul>\n\n\n\n<h2 class=\"wp-block-heading\">Nuestro equipo<\/h2>\n\n\n\t\t\n\t\t<div id=\"gs_team_area_6\" data-shortcode-id=\"6\" class=\"wrap gs_team_area gs_team_loading gs_tm_theme2 gs_tm_theme_v_1 gs-team--img-efect_none gs-team--img-hover-efect_none\" data-options='{\"search_through_all_fields\":\"off\",\"enable_clear_filters\":\"off\",\"reset_filters_text\":\"Reset Filters\",\"enable_multi_select\":\"off\",\"multi_select_ellipsis\":\"off\",\"next_txt\":\"Siguiente\",\"prev_txt\":\"Anterior\",\"load_per_click\":3,\"initial_items\":6}' style=\"visibility: hidden; opacity: 0;\">\n\t\n\t\t\t\r\n<!-- Container for Team members -->\r\n<div class=\"gs-containeer cbp-so-scroller\">\r\n\t\r\n\t<div class=\"gs-roow clearfix gs_team\">\r\n\r\n\t\r\n\t\t\r\n\t\t\t<!-- Start single member -->\r\n\t\t\t<div class=\"single-member-div gs-col-lg-6 gs-col-md-6 gs-col-sm-6 gs-col-xs-12 cbp-so-section\">\r\n\r\n\t\t\t\t<!-- Sehema & Single member wrapper -->\r\n\t\t\t\t<div class=\"single-member--wrapper\" itemscope itemtype=\"http:\/\/schema.org\/Person\">\r\n\r\n\t\t\t\t\t<!-- Single member thumbnail and more -->\r\n\t\t\t\t\t<div class=\"single-member cbp-so-side cbp-so-side-left\">\r\n\r\n\t\t\t\t\t\t<span class=\"gs-team-member--zip-codes\" style=\"display:none!important\"><\/span>\r\n\t\t\t\t\t\t<!-- Ribbon -->\r\n\t\t\t\t\t\t\n\t\t\t\t\t\t\r\n\t\t\t\t\t\t<!-- Team Image -->\r\n\t\t\t\t\t\t<div class=\"gs_team_image__wrapper\">\r\n\t\t\t\t\t\t\t<img loading=\"lazy\" decoding=\"async\" width=\"520\" height=\"520\" src=\"https:\/\/departamento.us.es\/petra\/wp-content\/uploads\/2025\/02\/Mar-Benitez-e1742944601247.jpg\" class=\"gs_team_member--image wp-post-image\" alt=\"Ben\u00edtez Hern\u00e1ndez, M\u00aa del Mar\" itemprop=\"image\" srcset=\"https:\/\/departamento.us.es\/petra\/wp-content\/uploads\/2025\/02\/Mar-Benitez-e1742944601247.jpg 520w, https:\/\/departamento.us.es\/petra\/wp-content\/uploads\/2025\/02\/Mar-Benitez-e1742944601247-300x300.jpg 300w, https:\/\/departamento.us.es\/petra\/wp-content\/uploads\/2025\/02\/Mar-Benitez-e1742944601247-150x150.jpg 150w\" sizes=\"auto, (max-width: 520px) 100vw, 520px\" \/>\t\t\t\t\t\t<\/div>\r\n\t\t\t\t\t\t\t\t\t\t\t\t\r\n\t\t\t\t\t\t<!-- Description & Social Links -->\r\n\t\t\t\t\t\t<div class=\"single-mem-desc-social flex-align-justify-center\">\r\n\r\n\t\t\t\t\t\t\t<div class=\"single-mem-desc-social--inner gs_member_info\">\r\n\t\t\t\t\t\t\t\t\r\n\t\t\t\t\t\t\t\t<!-- Description -->\r\n\t\t\t\t\t\t\t\t\t\t\t\t\t\t\t\t\t\t\t\t\t\t\t\t\t\t\t<p class=\"gs-member-desc\" itemprop=\"description\"><\/p>\r\n\t\t\t\t\t\t\t\t\t\t\t\t\t\t\t\t\t\t\t\t\t\t\t\t\t\t\t\t\t\t\t\t\t\t\t\r\n\t\t\t\t\t\t\t\t<!-- Social Links -->\r\n\t\t\t\t\t\t\t\t\n    <ul class=\"gs-team-social\">\n\n    \n        <li>\n            <a class=\"500px\" href=\"https:\/\/prisma.us.es\/investigador\/400\" target=\"_blank\" itemprop=\"sameAs\"><i class=\"fab fa-500px\"><\/i><\/a>        <\/li>\n\n    \n        <li>\n            <a class=\"orcid\" href=\"https:\/\/orcid.org\/0000-0001-8958-0344\" target=\"_blank\" itemprop=\"sameAs\"><i class=\"fab fa-orcid\"><\/i><\/a>        <\/li>\n\n            \n    <\/ul>\n\n    \n\r\n\t\t\t\t\t\t\t<\/div>\r\n\r\n\t\t\t\t\t\t<\/div>\r\n\r\n\t\t\t\t\t\t\t\t\t\t\t\t\r\n\t\t\t\t\t<\/div>\r\n\r\n\t\t\t\t\t<!-- Single member name -->\r\n\t\t\t\t\t\t\t\t\t\t\t<div class=\"gs-member-name \"><a itemprop=\"name\" href=\"https:\/\/departamento.us.es\/petra\/team-members\/benitez-hernandez-ma-del-mar\/\">Ben\u00edtez Hern\u00e1ndez, M\u00aa del Mar<\/a><\/div>\t\t\t\t\t\t\t\t\t\t\t\t\t\t\t\t\r\n\t\t\t\t\t<!-- Single member designation -->\r\n\t\t\t\t\t\t\t\t\t\t\t<div class=\"gs-member-desig\" itemprop=\"jobTitle\">Profesora Contratada Doctora<\/div>\r\n\t\t\t\t\t\t\t\t\t\t\t\r\n\t\t\t\t<\/div>\r\n\t\t\t\t\r\n\t\t\t\t<!-- Popup -->\r\n\t\t\t\t\r\n\t\t\t<\/div>\r\n\r\n\t\t\r\n\t\t\t<!-- Start single member -->\r\n\t\t\t<div class=\"single-member-div gs-col-lg-6 gs-col-md-6 gs-col-sm-6 gs-col-xs-12 cbp-so-section\">\r\n\r\n\t\t\t\t<!-- Sehema & Single member wrapper -->\r\n\t\t\t\t<div class=\"single-member--wrapper\" itemscope itemtype=\"http:\/\/schema.org\/Person\">\r\n\r\n\t\t\t\t\t<!-- Single member thumbnail and more -->\r\n\t\t\t\t\t<div class=\"single-member cbp-so-side cbp-so-side-left\">\r\n\r\n\t\t\t\t\t\t<span class=\"gs-team-member--zip-codes\" style=\"display:none!important\"><\/span>\r\n\t\t\t\t\t\t<!-- Ribbon -->\r\n\t\t\t\t\t\t\n\t\t\t\t\t\t\r\n\t\t\t\t\t\t<!-- Team Image -->\r\n\t\t\t\t\t\t<div class=\"gs_team_image__wrapper\">\r\n\t\t\t\t\t\t\t<img loading=\"lazy\" decoding=\"async\" width=\"494\" height=\"487\" src=\"https:\/\/departamento.us.es\/petra\/wp-content\/uploads\/2025\/02\/Celia-Ceballos-e1741267016434.jpeg\" class=\"gs_team_member--image wp-post-image\" alt=\"Ceballos Munuera, Celia\" itemprop=\"image\" srcset=\"https:\/\/departamento.us.es\/petra\/wp-content\/uploads\/2025\/02\/Celia-Ceballos-e1741267016434.jpeg 494w, https:\/\/departamento.us.es\/petra\/wp-content\/uploads\/2025\/02\/Celia-Ceballos-e1741267016434-300x296.jpeg 300w\" sizes=\"auto, (max-width: 494px) 100vw, 494px\" \/>\t\t\t\t\t\t<\/div>\r\n\t\t\t\t\t\t\t\t\t\t\t\t\r\n\t\t\t\t\t\t<!-- Description & Social Links -->\r\n\t\t\t\t\t\t<div class=\"single-mem-desc-social flex-align-justify-center\">\r\n\r\n\t\t\t\t\t\t\t<div class=\"single-mem-desc-social--inner gs_member_info\">\r\n\t\t\t\t\t\t\t\t\r\n\t\t\t\t\t\t\t\t<!-- Description -->\r\n\t\t\t\t\t\t\t\t\t\t\t\t\t\t\t\t\t\t\t\t\t\t\t\t\t\t\t<p class=\"gs-member-desc\" itemprop=\"description\"><\/p>\r\n\t\t\t\t\t\t\t\t\t\t\t\t\t\t\t\t\t\t\t\t\t\t\t\t\t\t\t\t\t\t\t\t\t\t\t\r\n\t\t\t\t\t\t\t\t<!-- Social Links -->\r\n\t\t\t\t\t\t\t\t\n    <ul class=\"gs-team-social\">\n\n    \n        <li>\n            <a class=\"500px\" href=\"https:\/\/prisma.us.es\/investigador\/9010\" target=\"_blank\" itemprop=\"sameAs\"><i class=\"fab fa-500px\"><\/i><\/a>        <\/li>\n\n    \n        <li>\n            <a class=\"researchgate\" href=\"https:\/\/www.researchgate.net\/profile\/Celia-Ceballos-Munuera\" target=\"_blank\" itemprop=\"sameAs\"><i class=\"fab fa-researchgate\"><\/i><\/a>        <\/li>\n\n    \n        <li>\n            <a class=\"orcid\" href=\"https:\/\/orcid.org\/0000-0002-3197-1710\" target=\"_blank\" itemprop=\"sameAs\"><i class=\"fab fa-orcid\"><\/i><\/a>        <\/li>\n\n            \n    <\/ul>\n\n    \n\r\n\t\t\t\t\t\t\t<\/div>\r\n\r\n\t\t\t\t\t\t<\/div>\r\n\r\n\t\t\t\t\t\t\t\t\t\t\t\t\r\n\t\t\t\t\t<\/div>\r\n\r\n\t\t\t\t\t<!-- Single member name -->\r\n\t\t\t\t\t\t\t\t\t\t\t<div class=\"gs-member-name \"><a itemprop=\"name\" href=\"https:\/\/departamento.us.es\/petra\/team-members\/ceballos-munuera-celia\/\">Ceballos Munuera, Celia<\/a><\/div>\t\t\t\t\t\t\t\t\t\t\t\t\t\t\t\t\r\n\t\t\t\t\t<!-- Single member designation -->\r\n\t\t\t\t\t\t\t\t\t\t\t<div class=\"gs-member-desig\" itemprop=\"jobTitle\">Contratada Predoctoral<\/div>\r\n\t\t\t\t\t\t\t\t\t\t\t\r\n\t\t\t\t<\/div>\r\n\t\t\t\t\r\n\t\t\t\t<!-- Popup -->\r\n\t\t\t\t\r\n\t\t\t<\/div>\r\n\r\n\t\t\r\n\t\t\t<!-- Start single member -->\r\n\t\t\t<div class=\"single-member-div gs-col-lg-6 gs-col-md-6 gs-col-sm-6 gs-col-xs-12 cbp-so-section\">\r\n\r\n\t\t\t\t<!-- Sehema & Single member wrapper -->\r\n\t\t\t\t<div class=\"single-member--wrapper\" itemscope itemtype=\"http:\/\/schema.org\/Person\">\r\n\r\n\t\t\t\t\t<!-- Single member thumbnail and more -->\r\n\t\t\t\t\t<div class=\"single-member cbp-so-side cbp-so-side-left\">\r\n\r\n\t\t\t\t\t\t<span class=\"gs-team-member--zip-codes\" style=\"display:none!important\"><\/span>\r\n\t\t\t\t\t\t<!-- Ribbon -->\r\n\t\t\t\t\t\t\n\t\t\t\t\t\t\r\n\t\t\t\t\t\t<!-- Team Image -->\r\n\t\t\t\t\t\t<div class=\"gs_team_image__wrapper\">\r\n\t\t\t\t\t\t\t<img loading=\"lazy\" decoding=\"async\" width=\"259\" height=\"259\" src=\"https:\/\/departamento.us.es\/petra\/wp-content\/uploads\/2025\/02\/Nikolett-Eisenbeck-e1741266497340.jpg\" class=\"gs_team_member--image wp-post-image\" alt=\"Eisenbeck, Nikolett\" itemprop=\"image\" srcset=\"https:\/\/departamento.us.es\/petra\/wp-content\/uploads\/2025\/02\/Nikolett-Eisenbeck-e1741266497340.jpg 259w, https:\/\/departamento.us.es\/petra\/wp-content\/uploads\/2025\/02\/Nikolett-Eisenbeck-e1741266497340-150x150.jpg 150w\" sizes=\"auto, (max-width: 259px) 100vw, 259px\" \/>\t\t\t\t\t\t<\/div>\r\n\t\t\t\t\t\t\t\t\t\t\t\t\r\n\t\t\t\t\t\t<!-- Description & Social Links -->\r\n\t\t\t\t\t\t<div class=\"single-mem-desc-social flex-align-justify-center\">\r\n\r\n\t\t\t\t\t\t\t<div class=\"single-mem-desc-social--inner gs_member_info\">\r\n\t\t\t\t\t\t\t\t\r\n\t\t\t\t\t\t\t\t<!-- Description -->\r\n\t\t\t\t\t\t\t\t\t\t\t\t\t\t\t\t\t\t\t\t\t\t\t\t\t\t\t<p class=\"gs-member-desc\" itemprop=\"description\"><\/p>\r\n\t\t\t\t\t\t\t\t\t\t\t\t\t\t\t\t\t\t\t\t\t\t\t\t\t\t\t\t\t\t\t\t\t\t\t\r\n\t\t\t\t\t\t\t\t<!-- Social Links -->\r\n\t\t\t\t\t\t\t\t\n    <ul class=\"gs-team-social\">\n\n    \n        <li>\n            <a class=\"500px\" href=\"https:\/\/prisma.us.es\/investigador\/7535\" target=\"_blank\" itemprop=\"sameAs\"><i class=\"fab fa-500px\"><\/i><\/a>        <\/li>\n\n    \n        <li>\n            <a class=\"researchgate\" href=\"https:\/\/www.researchgate.net\/profile\/Nikolett-Eisenbeck-2\" target=\"_blank\" itemprop=\"sameAs\"><i class=\"fab fa-researchgate\"><\/i><\/a>        <\/li>\n\n    \n        <li>\n            <a class=\"orcid\" href=\"https:\/\/orcid.org\/0000-0003-4958-9277\" target=\"_blank\" itemprop=\"sameAs\"><i class=\"fab fa-orcid\"><\/i><\/a>        <\/li>\n\n            \n    <\/ul>\n\n    \n\r\n\t\t\t\t\t\t\t<\/div>\r\n\r\n\t\t\t\t\t\t<\/div>\r\n\r\n\t\t\t\t\t\t\t\t\t\t\t\t\r\n\t\t\t\t\t<\/div>\r\n\r\n\t\t\t\t\t<!-- Single member name -->\r\n\t\t\t\t\t\t\t\t\t\t\t<div class=\"gs-member-name \"><a itemprop=\"name\" href=\"https:\/\/departamento.us.es\/petra\/team-members\/eisenbeck-nikolett\/\">Eisenbeck, Nikolett<\/a><\/div>\t\t\t\t\t\t\t\t\t\t\t\t\t\t\t\t\r\n\t\t\t\t\t<!-- Single member designation -->\r\n\t\t\t\t\t\t\t\t\t\t\t<div class=\"gs-member-desig\" itemprop=\"jobTitle\">Titular de Universidad<\/div>\r\n\t\t\t\t\t\t\t\t\t\t\t\r\n\t\t\t\t<\/div>\r\n\t\t\t\t\r\n\t\t\t\t<!-- Popup -->\r\n\t\t\t\t\r\n\t\t\t<\/div>\r\n\r\n\t\t\r\n\t\t\t<!-- Start single member -->\r\n\t\t\t<div class=\"single-member-div gs-col-lg-6 gs-col-md-6 gs-col-sm-6 gs-col-xs-12 cbp-so-section\">\r\n\r\n\t\t\t\t<!-- Sehema & Single member wrapper -->\r\n\t\t\t\t<div class=\"single-member--wrapper\" itemscope itemtype=\"http:\/\/schema.org\/Person\">\r\n\r\n\t\t\t\t\t<!-- Single member thumbnail and more -->\r\n\t\t\t\t\t<div class=\"single-member cbp-so-side cbp-so-side-left\">\r\n\r\n\t\t\t\t\t\t<span class=\"gs-team-member--zip-codes\" style=\"display:none!important\"><\/span>\r\n\t\t\t\t\t\t<!-- Ribbon -->\r\n\t\t\t\t\t\t\n\t\t\t\t\t\t\r\n\t\t\t\t\t\t<!-- Team Image -->\r\n\t\t\t\t\t\t<div class=\"gs_team_image__wrapper\">\r\n\t\t\t\t\t\t\t<img loading=\"lazy\" decoding=\"async\" width=\"225\" height=\"225\" src=\"https:\/\/departamento.us.es\/petra\/wp-content\/uploads\/2025\/02\/female-profile-icon.png\" class=\"gs_team_member--image wp-post-image\" alt=\"N\u00fa\u00f1ez Gait\u00e1n, M\u00aa Carmen\" itemprop=\"image\" srcset=\"https:\/\/departamento.us.es\/petra\/wp-content\/uploads\/2025\/02\/female-profile-icon.png 225w, https:\/\/departamento.us.es\/petra\/wp-content\/uploads\/2025\/02\/female-profile-icon-150x150.png 150w\" sizes=\"auto, (max-width: 225px) 100vw, 225px\" \/>\t\t\t\t\t\t<\/div>\r\n\t\t\t\t\t\t\t\t\t\t\t\t\r\n\t\t\t\t\t\t<!-- Description & Social Links -->\r\n\t\t\t\t\t\t<div class=\"single-mem-desc-social flex-align-justify-center\">\r\n\r\n\t\t\t\t\t\t\t<div class=\"single-mem-desc-social--inner gs_member_info\">\r\n\t\t\t\t\t\t\t\t\r\n\t\t\t\t\t\t\t\t<!-- Description -->\r\n\t\t\t\t\t\t\t\t\t\t\t\t\t\t\t\t\t\t\t\t\t\t\t\t\t\t\t<p class=\"gs-member-desc\" itemprop=\"description\"><\/p>\r\n\t\t\t\t\t\t\t\t\t\t\t\t\t\t\t\t\t\t\t\t\t\t\t\t\t\t\t\t\t\t\t\t\t\t\t\r\n\t\t\t\t\t\t\t\t<!-- Social Links -->\r\n\t\t\t\t\t\t\t\t\n    <ul class=\"gs-team-social\">\n\n    \n        <li>\n            <a class=\"500px\" href=\"https:\/\/prisma.us.es\/investigador\/3002\" target=\"_blank\" itemprop=\"sameAs\"><i class=\"fab fa-500px\"><\/i><\/a>        <\/li>\n\n    \n        <li>\n            <a class=\"researchgate\" href=\"https:\/\/www.researchgate.net\/profile\/Maria_Nunez-Gaitan\" target=\"_blank\" itemprop=\"sameAs\"><i class=\"fab fa-researchgate\"><\/i><\/a>        <\/li>\n\n    \n        <li>\n            <a class=\"orcid\" href=\"https:\/\/orcid.org\/0000-0002-2314-2672\" target=\"_blank\" itemprop=\"sameAs\"><i class=\"fab fa-orcid\"><\/i><\/a>        <\/li>\n\n            \n    <\/ul>\n\n    \n\r\n\t\t\t\t\t\t\t<\/div>\r\n\r\n\t\t\t\t\t\t<\/div>\r\n\r\n\t\t\t\t\t\t\t\t\t\t\t\t\r\n\t\t\t\t\t<\/div>\r\n\r\n\t\t\t\t\t<!-- Single member name -->\r\n\t\t\t\t\t\t\t\t\t\t\t<div class=\"gs-member-name \"><a itemprop=\"name\" href=\"https:\/\/departamento.us.es\/petra\/team-members\/nunez-gaitan-ma-carmen\/\">N\u00fa\u00f1ez Gait\u00e1n, M\u00aa Carmen<\/a><\/div>\t\t\t\t\t\t\t\t\t\t\t\t\t\t\t\t\r\n\t\t\t\t\t<!-- Single member designation -->\r\n\t\t\t\t\t\t\t\t\t\t\t<div class=\"gs-member-desig\" itemprop=\"jobTitle\">Profesora Colaboradora<\/div>\r\n\t\t\t\t\t\t\t\t\t\t\t\r\n\t\t\t\t<\/div>\r\n\t\t\t\t\r\n\t\t\t\t<!-- Popup -->\r\n\t\t\t\t\r\n\t\t\t<\/div>\r\n\r\n\t\t\r\n\t\t\t<!-- Start single member -->\r\n\t\t\t<div class=\"single-member-div gs-col-lg-6 gs-col-md-6 gs-col-sm-6 gs-col-xs-12 cbp-so-section\">\r\n\r\n\t\t\t\t<!-- Sehema & Single member wrapper -->\r\n\t\t\t\t<div class=\"single-member--wrapper\" itemscope itemtype=\"http:\/\/schema.org\/Person\">\r\n\r\n\t\t\t\t\t<!-- Single member thumbnail and more -->\r\n\t\t\t\t\t<div class=\"single-member cbp-so-side cbp-so-side-left\">\r\n\r\n\t\t\t\t\t\t<span class=\"gs-team-member--zip-codes\" style=\"display:none!important\"><\/span>\r\n\t\t\t\t\t\t<!-- Ribbon -->\r\n\t\t\t\t\t\t\n\t\t\t\t\t\t\r\n\t\t\t\t\t\t<!-- Team Image -->\r\n\t\t\t\t\t\t<div class=\"gs_team_image__wrapper\">\r\n\t\t\t\t\t\t\t<img loading=\"lazy\" decoding=\"async\" width=\"693\" height=\"667\" src=\"https:\/\/departamento.us.es\/petra\/wp-content\/uploads\/2025\/02\/RodriguezTestal.jpg\" class=\"gs_team_member--image wp-post-image\" alt=\"Rodr\u00edguez Testal, Juan Francisco\" itemprop=\"image\" srcset=\"https:\/\/departamento.us.es\/petra\/wp-content\/uploads\/2025\/02\/RodriguezTestal.jpg 693w, https:\/\/departamento.us.es\/petra\/wp-content\/uploads\/2025\/02\/RodriguezTestal-300x289.jpg 300w\" sizes=\"auto, (max-width: 693px) 100vw, 693px\" \/>\t\t\t\t\t\t<\/div>\r\n\t\t\t\t\t\t\t\t\t\t\t\t\r\n\t\t\t\t\t\t<!-- Description & Social Links -->\r\n\t\t\t\t\t\t<div class=\"single-mem-desc-social flex-align-justify-center\">\r\n\r\n\t\t\t\t\t\t\t<div class=\"single-mem-desc-social--inner gs_member_info\">\r\n\t\t\t\t\t\t\t\t\r\n\t\t\t\t\t\t\t\t<!-- Description -->\r\n\t\t\t\t\t\t\t\t\t\t\t\t\t\t\t\t\t\t\t\t\t\t\t\t\t\t\t<p class=\"gs-member-desc\" itemprop=\"description\">Mi l\u00ednea de investigaci\u00f3n se centra en el estudio de los procesos implicados en la aparici\u00f3n y el ma...<a href=\"https:\/\/departamento.us.es\/petra\/team-members\/rodriguez-testal-juan-francisco\/\">M\u00e1s<\/a><\/p>\r\n\t\t\t\t\t\t\t\t\t\t\t\t\t\t\t\t\t\t\t\t\t\t\t\t\t\t\t\t\t\t\t\t\t\t\t\r\n\t\t\t\t\t\t\t\t<!-- Social Links -->\r\n\t\t\t\t\t\t\t\t\n    <ul class=\"gs-team-social\">\n\n    \n        <li>\n            <a class=\"500px\" href=\"https:\/\/prisma.us.es\/investigador\/3666\" target=\"_blank\" itemprop=\"sameAs\"><i class=\"fab fa-500px\"><\/i><\/a>        <\/li>\n\n    \n        <li>\n            <a class=\"researchgate\" href=\"https:\/\/www.researchgate.net\/profile\/Juan-Rodriguez-Testal\" target=\"_blank\" itemprop=\"sameAs\"><i class=\"fab fa-researchgate\"><\/i><\/a>        <\/li>\n\n    \n        <li>\n            <a class=\"orcid\" href=\"https:\/\/orcid.org\/0000-0002-7346-5656\" target=\"_blank\" itemprop=\"sameAs\"><i class=\"fab fa-orcid\"><\/i><\/a>        <\/li>\n\n            \n    <\/ul>\n\n    \n\r\n\t\t\t\t\t\t\t<\/div>\r\n\r\n\t\t\t\t\t\t<\/div>\r\n\r\n\t\t\t\t\t\t\t\t\t\t\t\t\r\n\t\t\t\t\t<\/div>\r\n\r\n\t\t\t\t\t<!-- Single member name -->\r\n\t\t\t\t\t\t\t\t\t\t\t<div class=\"gs-member-name \"><a itemprop=\"name\" href=\"https:\/\/departamento.us.es\/petra\/team-members\/rodriguez-testal-juan-francisco\/\">Rodr\u00edguez Testal, Juan Francisco<\/a><\/div>\t\t\t\t\t\t\t\t\t\t\t\t\t\t\t\t\r\n\t\t\t\t\t<!-- Single member designation -->\r\n\t\t\t\t\t\t\t\t\t\t\t<div class=\"gs-member-desig\" itemprop=\"jobTitle\">Catedr\u00e1tico de Universidad<\/div>\r\n\t\t\t\t\t\t\t\t\t\t\t\r\n\t\t\t\t<\/div>\r\n\t\t\t\t\r\n\t\t\t\t<!-- Popup -->\r\n\t\t\t\t\r\n\t\t\t<\/div>\r\n\r\n\t\t\r\n\t\t\t<!-- Start single member -->\r\n\t\t\t<div class=\"single-member-div gs-col-lg-6 gs-col-md-6 gs-col-sm-6 gs-col-xs-12 cbp-so-section\">\r\n\r\n\t\t\t\t<!-- Sehema & Single member wrapper -->\r\n\t\t\t\t<div class=\"single-member--wrapper\" itemscope itemtype=\"http:\/\/schema.org\/Person\">\r\n\r\n\t\t\t\t\t<!-- Single member thumbnail and more -->\r\n\t\t\t\t\t<div class=\"single-member cbp-so-side cbp-so-side-left\">\r\n\r\n\t\t\t\t\t\t<span class=\"gs-team-member--zip-codes\" style=\"display:none!important\"><\/span>\r\n\t\t\t\t\t\t<!-- Ribbon -->\r\n\t\t\t\t\t\t\n\t\t\t\t\t\t\r\n\t\t\t\t\t\t<!-- Team Image -->\r\n\t\t\t\t\t\t<div class=\"gs_team_image__wrapper\">\r\n\t\t\t\t\t\t\t<img loading=\"lazy\" decoding=\"async\" width=\"225\" height=\"225\" src=\"https:\/\/departamento.us.es\/petra\/wp-content\/uploads\/2025\/02\/female-profile-icon.png\" class=\"gs_team_member--image wp-post-image\" alt=\"Vald\u00e9s D\u00edaz, Mar\u00eda\" itemprop=\"image\" srcset=\"https:\/\/departamento.us.es\/petra\/wp-content\/uploads\/2025\/02\/female-profile-icon.png 225w, https:\/\/departamento.us.es\/petra\/wp-content\/uploads\/2025\/02\/female-profile-icon-150x150.png 150w\" sizes=\"auto, (max-width: 225px) 100vw, 225px\" \/>\t\t\t\t\t\t<\/div>\r\n\t\t\t\t\t\t\t\t\t\t\t\t\r\n\t\t\t\t\t\t<!-- Description & Social Links -->\r\n\t\t\t\t\t\t<div class=\"single-mem-desc-social flex-align-justify-center\">\r\n\r\n\t\t\t\t\t\t\t<div class=\"single-mem-desc-social--inner gs_member_info\">\r\n\t\t\t\t\t\t\t\t\r\n\t\t\t\t\t\t\t\t<!-- Description -->\r\n\t\t\t\t\t\t\t\t\t\t\t\t\t\t\t\t\t\t\t\t\t\t\t\t\t\t\t<p class=\"gs-member-desc\" itemprop=\"description\"><\/p>\r\n\t\t\t\t\t\t\t\t\t\t\t\t\t\t\t\t\t\t\t\t\t\t\t\t\t\t\t\t\t\t\t\t\t\t\t\r\n\t\t\t\t\t\t\t\t<!-- Social Links -->\r\n\t\t\t\t\t\t\t\t\n    <ul class=\"gs-team-social\">\n\n    \n        <li>\n            <a class=\"500px\" href=\"https:\/\/prisma.us.es\/investigador\/4227\" target=\"_blank\" itemprop=\"sameAs\"><i class=\"fab fa-500px\"><\/i><\/a>        <\/li>\n\n    \n        <li>\n            <a class=\"researchgate\" href=\"https:\/\/www.researchgate.net\/profile\/Maria-Diaz-67\" target=\"_blank\" itemprop=\"sameAs\"><i class=\"fab fa-researchgate\"><\/i><\/a>        <\/li>\n\n    \n        <li>\n            <a class=\"orcid\" href=\"https:\/\/orcid.org\/0000-0002-7372-5606\" target=\"_blank\" itemprop=\"sameAs\"><i class=\"fab fa-orcid\"><\/i><\/a>        <\/li>\n\n            \n    <\/ul>\n\n    \n\r\n\t\t\t\t\t\t\t<\/div>\r\n\r\n\t\t\t\t\t\t<\/div>\r\n\r\n\t\t\t\t\t\t\t\t\t\t\t\t\r\n\t\t\t\t\t<\/div>\r\n\r\n\t\t\t\t\t<!-- Single member name -->\r\n\t\t\t\t\t\t\t\t\t\t\t<div class=\"gs-member-name \"><a itemprop=\"name\" href=\"https:\/\/departamento.us.es\/petra\/team-members\/valdes-diaz-maria\/\">Vald\u00e9s D\u00edaz, Mar\u00eda<\/a><\/div>\t\t\t\t\t\t\t\t\t\t\t\t\t\t\t\t\r\n\t\t\t\t\t<!-- Single member designation -->\r\n\t\t\t\t\t\t\t\t\t\t\t<div class=\"gs-member-desig\" itemprop=\"jobTitle\">Titular de Universidad<\/div>\r\n\t\t\t\t\t\t\t\t\t\t\t\r\n\t\t\t\t<\/div>\r\n\t\t\t\t\r\n\t\t\t\t<!-- Popup -->\r\n\t\t\t\t\r\n\t\t\t<\/div>\r\n\r\n\t\t\r\n\t\t\r\n\t\t\r\n\t<\/div>\r\n\r\n\t<!-- Pagination -->\r\n\t\r\n<\/div>\t\n\t\t<\/div>\n\t\t\n\t\t<style>#gs_team_area_6 .gs-member-name,#gs_team_area_6 .gs-member-name a{font-size:18px}#gs_team_area_6 .gs-member-name,#gs_team_area_6 .gs-member-name a{font-weight:700}#gs_team_area_6 .gs-member-name,#gs_team_area_6 .gs-member-name a{color:rgb(196, 39, 60)}#gs_team_area_6 .gs-team-filter-cats{text-align:center}<\/style>\n","protected":false},"excerpt":{"rendered":"<p>Alteraci\u00f3n mental y disfunci\u00f3n social Nuestro grupo trabaja en las siguientes l\u00edneas principales: Nuestro equipo<\/p>\n","protected":false},"author":1,"featured_media":0,"parent":64,"menu_order":0,"comment_status":"closed","ping_status":"closed","template":"","meta":{"neve_meta_sidebar":"","neve_meta_container":"","neve_meta_enable_content_width":"","neve_meta_content_width":0,"neve_meta_title_alignment":"","neve_meta_author_avatar":"","neve_post_elements_order":"","neve_meta_disable_header":"","neve_meta_disable_footer":"","neve_meta_disable_title":"","iawp_total_views":131,"footnotes":""},"class_list":["post-132","page","type-page","status-publish","hentry"],"_links":{"self":[{"href":"https:\/\/departamento.us.es\/petra\/wp-json\/wp\/v2\/pages\/132","targetHints":{"allow":["GET"]}}],"collection":[{"href":"https:\/\/departamento.us.es\/petra\/wp-json\/wp\/v2\/pages"}],"about":[{"href":"https:\/\/departamento.us.es\/petra\/wp-json\/wp\/v2\/types\/page"}],"author":[{"embeddable":true,"href":"https:\/\/departamento.us.es\/petra\/wp-json\/wp\/v2\/users\/1"}],"replies":[{"embeddable":true,"href":"https:\/\/departamento.us.es\/petra\/wp-json\/wp\/v2\/comments?post=132"}],"version-history":[{"count":1,"href":"https:\/\/departamento.us.es\/petra\/wp-json\/wp\/v2\/pages\/132\/revisions"}],"predecessor-version":[{"id":133,"href":"https:\/\/departamento.us.es\/petra\/wp-json\/wp\/v2\/pages\/132\/revisions\/133"}],"up":[{"embeddable":true,"href":"https:\/\/departamento.us.es\/petra\/wp-json\/wp\/v2\/pages\/64"}],"wp:attachment":[{"href":"https:\/\/departamento.us.es\/petra\/wp-json\/wp\/v2\/media?parent=132"}],"curies":[{"name":"wp","href":"https:\/\/api.w.org\/{rel}","templated":true}]}}