{"id":137,"date":"2025-02-24T21:24:07","date_gmt":"2025-02-24T20:24:07","guid":{"rendered":"https:\/\/departamento.us.es\/petra\/?page_id=137"},"modified":"2025-02-24T22:20:38","modified_gmt":"2025-02-24T21:20:38","slug":"cts-461","status":"publish","type":"page","link":"https:\/\/departamento.us.es\/petra\/conocenos\/grupos-de-investigacion\/cts-461\/","title":{"rendered":"Grupo CTS-461"},"content":{"rendered":"\n<h2 class=\"wp-block-heading\">Psicolog\u00eda cl\u00ednica y calidad de vida de pacientes y familiares<\/h2>\n\n\n\n<p>En estos momentos, nuestros intereses incluyen los siguientes descriptores:<\/p>\n\n\n\n<ul class=\"wp-block-list\">\n<li>Eficacia de las terapias psicol\u00f3gicas. trastornos del comportamiento. hiperactividad. intervenciones psicol\u00f3gicas en quemaduras pedi\u00e1tricas. atenci\u00f3n psicol\u00f3gica a enfermos afectados por enfermedades raras. cuidadores de ancianos y enfermos oncol\u00f3gicos. salud mental del cuidador del enfermo oncol\u00f3gico. psicooncolog\u00eda. intervenci\u00f3n psicol\u00f3gica en pacientes oncol\u00f3gicos. manejo psicol\u00f3gico del dolor oncol\u00f3gico<\/li>\n<\/ul>\n\n\n\n<ul class=\"wp-block-list\">\n<li>Psicolog\u00eda clinica infantil; hiperactividad y conducta perturbadora; potencial de aprendizaje; valoraci\u00f3n de intervenciones; modificabilidad cognitiva.<\/li>\n<\/ul>\n\n\n\n<ul class=\"wp-block-list\">\n<li>Tratamientos psicol\u00f3gicos aplicados a ni\u00f1os y adolescentes eficacia y efectividad de las terapias psicol\u00f3gicas trastornos de comportamiento hiperactividad trastornos de ansiedad infantil enfermedades cr\u00f3nicas infantiles accidentes infantiles asesoramiento psicol\u00f3gico a padres y profesores cuidadores de ancianos y enfermos oncol\u00f3gicos salud mental de cuidadores psicooncolog\u00eda intervencion psicol\u00f3gica en pacientes oncol\u00f3gicos manejo psicol\u00f3gico del dolor oncol\u00f3gico<\/li>\n<\/ul>\n\n\n\n<h2 class=\"wp-block-heading\">Nuestro equipo<\/h2>\n\n\n\t\t\n\t\t<div id=\"gs_team_area_8\" data-shortcode-id=\"8\" class=\"wrap gs_team_area gs_team_loading gs_tm_theme2 gs_tm_theme_v_1 gs-team--img-efect_none gs-team--img-hover-efect_none\" data-options='{\"search_through_all_fields\":\"off\",\"enable_clear_filters\":\"off\",\"reset_filters_text\":\"Reset Filters\",\"enable_multi_select\":\"off\",\"multi_select_ellipsis\":\"off\",\"next_txt\":\"Siguiente\",\"prev_txt\":\"Anterior\",\"load_per_click\":3,\"initial_items\":6}' style=\"visibility: hidden; opacity: 0;\">\n\t\n\t\t\t\r\n<!-- Container for Team members -->\r\n<div class=\"gs-containeer cbp-so-scroller\">\r\n\t\r\n\t<div class=\"gs-roow clearfix gs_team\">\r\n\r\n\t\r\n\t\t\r\n\t\t\t<!-- Start single member -->\r\n\t\t\t<div class=\"single-member-div gs-col-lg-6 gs-col-md-6 gs-col-sm-6 gs-col-xs-12 cbp-so-section\">\r\n\r\n\t\t\t\t<!-- Sehema & Single member wrapper -->\r\n\t\t\t\t<div class=\"single-member--wrapper\" itemscope itemtype=\"http:\/\/schema.org\/Person\">\r\n\r\n\t\t\t\t\t<!-- Single member thumbnail and more -->\r\n\t\t\t\t\t<div class=\"single-member cbp-so-side cbp-so-side-left\">\r\n\r\n\t\t\t\t\t\t<span class=\"gs-team-member--zip-codes\" style=\"display:none!important\"><\/span>\r\n\t\t\t\t\t\t<!-- Ribbon -->\r\n\t\t\t\t\t\t\n\t\t\t\t\t\t\r\n\t\t\t\t\t\t<!-- Team Image -->\r\n\t\t\t\t\t\t<div class=\"gs_team_image__wrapper\">\r\n\t\t\t\t\t\t\t<img loading=\"lazy\" decoding=\"async\" width=\"128\" height=\"128\" src=\"https:\/\/departamento.us.es\/petra\/wp-content\/uploads\/2025\/02\/Inmaculada-Moreno-3.jpg\" class=\"gs_team_member--image wp-post-image\" alt=\"Moreno Garc\u00eda, Inmaculada\" itemprop=\"image\" \/>\t\t\t\t\t\t<\/div>\r\n\t\t\t\t\t\t\t\t\t\t\t\t\r\n\t\t\t\t\t\t<!-- Description & Social Links -->\r\n\t\t\t\t\t\t<div class=\"single-mem-desc-social flex-align-justify-center\">\r\n\r\n\t\t\t\t\t\t\t<div class=\"single-mem-desc-social--inner gs_member_info\">\r\n\t\t\t\t\t\t\t\t\r\n\t\t\t\t\t\t\t\t<!-- Description -->\r\n\t\t\t\t\t\t\t\t\t\t\t\t\t\t\t\t\t\t\t\t\t\t\t\t\t\t\t<p class=\"gs-member-desc\" itemprop=\"description\"><\/p>\r\n\t\t\t\t\t\t\t\t\t\t\t\t\t\t\t\t\t\t\t\t\t\t\t\t\t\t\t\t\t\t\t\t\t\t\t\r\n\t\t\t\t\t\t\t\t<!-- Social Links -->\r\n\t\t\t\t\t\t\t\t\n    <ul class=\"gs-team-social\">\n\n    \n        <li>\n            <a class=\"500px\" href=\"https:\/\/prisma.us.es\/investigador\/2821\" target=\"_blank\" itemprop=\"sameAs\"><i class=\"fab fa-500px\"><\/i><\/a>        <\/li>\n\n    \n        <li>\n            <a class=\"researchgate\" href=\"https:\/\/www.researchgate.net\/profile\/Inmaculada-Moreno-3\" target=\"_blank\" itemprop=\"sameAs\"><i class=\"fab fa-researchgate\"><\/i><\/a>        <\/li>\n\n    \n        <li>\n            <a class=\"orcid\" href=\"https:\/\/orcid.org\/0000-0002-6335-9200\" target=\"_blank\" itemprop=\"sameAs\"><i class=\"fab fa-orcid\"><\/i><\/a>        <\/li>\n\n            \n    <\/ul>\n\n    \n\r\n\t\t\t\t\t\t\t<\/div>\r\n\r\n\t\t\t\t\t\t<\/div>\r\n\r\n\t\t\t\t\t\t\t\t\t\t\t\t\r\n\t\t\t\t\t<\/div>\r\n\r\n\t\t\t\t\t<!-- Single member name -->\r\n\t\t\t\t\t\t\t\t\t\t\t<div class=\"gs-member-name \"><a itemprop=\"name\" href=\"https:\/\/departamento.us.es\/petra\/team-members\/moreno-garcia-inmaculada\/\">Moreno Garc\u00eda, Inmaculada<\/a><\/div>\t\t\t\t\t\t\t\t\t\t\t\t\t\t\t\t\r\n\t\t\t\t\t<!-- Single member designation -->\r\n\t\t\t\t\t\t\t\t\t\t\t<div class=\"gs-member-desig\" itemprop=\"jobTitle\">Catedr\u00e1tica de Universidad<\/div>\r\n\t\t\t\t\t\t\t\t\t\t\t\r\n\t\t\t\t<\/div>\r\n\t\t\t\t\r\n\t\t\t\t<!-- Popup -->\r\n\t\t\t\t\r\n\t\t\t<\/div>\r\n\r\n\t\t\r\n\t\t\r\n\t\t\r\n\t<\/div>\r\n\r\n\t<!-- Pagination -->\r\n\t\r\n<\/div>\t\n\t\t<\/div>\n\t\t\n\t\t<style>#gs_team_area_8 .gs-member-name,#gs_team_area_8 .gs-member-name a{font-size:18px}#gs_team_area_8 .gs-member-name,#gs_team_area_8 .gs-member-name a{font-weight:700}#gs_team_area_8 .gs-member-name,#gs_team_area_8 .gs-member-name a{color:rgb(196, 39, 60)}#gs_team_area_8 .gs-team-filter-cats{text-align:center}<\/style>\n","protected":false},"excerpt":{"rendered":"<p>Psicolog\u00eda cl\u00ednica y calidad de vida de pacientes y familiares En estos momentos, nuestros intereses incluyen los siguientes descriptores: Nuestro equipo<\/p>\n","protected":false},"author":1,"featured_media":0,"parent":64,"menu_order":0,"comment_status":"closed","ping_status":"closed","template":"","meta":{"neve_meta_sidebar":"","neve_meta_container":"","neve_meta_enable_content_width":"","neve_meta_content_width":0,"neve_meta_title_alignment":"","neve_meta_author_avatar":"","neve_post_elements_order":"","neve_meta_disable_header":"","neve_meta_disable_footer":"","neve_meta_disable_title":"","iawp_total_views":103,"footnotes":""},"class_list":["post-137","page","type-page","status-publish","hentry"],"_links":{"self":[{"href":"https:\/\/departamento.us.es\/petra\/wp-json\/wp\/v2\/pages\/137","targetHints":{"allow":["GET"]}}],"collection":[{"href":"https:\/\/departamento.us.es\/petra\/wp-json\/wp\/v2\/pages"}],"about":[{"href":"https:\/\/departamento.us.es\/petra\/wp-json\/wp\/v2\/types\/page"}],"author":[{"embeddable":true,"href":"https:\/\/departamento.us.es\/petra\/wp-json\/wp\/v2\/users\/1"}],"replies":[{"embeddable":true,"href":"https:\/\/departamento.us.es\/petra\/wp-json\/wp\/v2\/comments?post=137"}],"version-history":[{"count":2,"href":"https:\/\/departamento.us.es\/petra\/wp-json\/wp\/v2\/pages\/137\/revisions"}],"predecessor-version":[{"id":159,"href":"https:\/\/departamento.us.es\/petra\/wp-json\/wp\/v2\/pages\/137\/revisions\/159"}],"up":[{"embeddable":true,"href":"https:\/\/departamento.us.es\/petra\/wp-json\/wp\/v2\/pages\/64"}],"wp:attachment":[{"href":"https:\/\/departamento.us.es\/petra\/wp-json\/wp\/v2\/media?parent=137"}],"curies":[{"name":"wp","href":"https:\/\/api.w.org\/{rel}","templated":true}]}}