{"id":146,"date":"2025-02-24T21:51:49","date_gmt":"2025-02-24T20:51:49","guid":{"rendered":"https:\/\/departamento.us.es\/petra\/?page_id=146"},"modified":"2025-03-27T12:17:14","modified_gmt":"2025-03-27T11:17:14","slug":"secretaria","status":"publish","type":"page","link":"https:\/\/departamento.us.es\/petra\/secretaria\/","title":{"rendered":"Secretar\u00eda"},"content":{"rendered":"\n<h4 class=\"wp-block-heading\">En este apartado se recoge informaci\u00f3n relevante para el funcionamiento del departamento de PETRA. <\/h4>\n\n\n\n<p>Parte de esta informaci\u00f3n s\u00f3lo est\u00e1 disponible para miembros registrados. Si dispones de clave, puedes acceder usando la consola de registro; si no tienes acceso, puedes solicitarlo en direccionpetra@us.es.<\/p>\n\n\n\n<p>En la actualidad, disponemos de los siguientes apartados:<\/p>\n\n\n<div class=\"wp-block-oik-sb-children\"><ul class=\"wp-block-oik-sb-children\"><\/ul><\/div>\n\n\n<p><\/p>\n","protected":false},"excerpt":{"rendered":"<p>En este apartado se recoge informaci\u00f3n relevante para el funcionamiento del departamento de PETRA. Parte de esta informaci\u00f3n s\u00f3lo est\u00e1 disponible para miembros registrados. Si dispones de clave, puedes acceder usando la consola de registro; si no tienes acceso, puedes solicitarlo en direccionpetra@us.es. En la actualidad, disponemos de los siguientes apartados:<\/p>\n","protected":false},"author":1,"featured_media":0,"parent":0,"menu_order":0,"comment_status":"closed","ping_status":"closed","template":"","meta":{"neve_meta_sidebar":"","neve_meta_container":"","neve_meta_enable_content_width":"","neve_meta_content_width":0,"neve_meta_title_alignment":"","neve_meta_author_avatar":"","neve_post_elements_order":"","neve_meta_disable_header":"","neve_meta_disable_footer":"","neve_meta_disable_title":"","iawp_total_views":91,"footnotes":""},"class_list":["post-146","page","type-page","status-publish","hentry"],"_links":{"self":[{"href":"https:\/\/departamento.us.es\/petra\/wp-json\/wp\/v2\/pages\/146","targetHints":{"allow":["GET"]}}],"collection":[{"href":"https:\/\/departamento.us.es\/petra\/wp-json\/wp\/v2\/pages"}],"about":[{"href":"https:\/\/departamento.us.es\/petra\/wp-json\/wp\/v2\/types\/page"}],"author":[{"embeddable":true,"href":"https:\/\/departamento.us.es\/petra\/wp-json\/wp\/v2\/users\/1"}],"replies":[{"embeddable":true,"href":"https:\/\/departamento.us.es\/petra\/wp-json\/wp\/v2\/comments?post=146"}],"version-history":[{"count":5,"href":"https:\/\/departamento.us.es\/petra\/wp-json\/wp\/v2\/pages\/146\/revisions"}],"predecessor-version":[{"id":490,"href":"https:\/\/departamento.us.es\/petra\/wp-json\/wp\/v2\/pages\/146\/revisions\/490"}],"wp:attachment":[{"href":"https:\/\/departamento.us.es\/petra\/wp-json\/wp\/v2\/media?parent=146"}],"curies":[{"name":"wp","href":"https:\/\/api.w.org\/{rel}","templated":true}]}}