{"id":19,"date":"2024-11-06T09:33:40","date_gmt":"2024-11-06T08:33:40","guid":{"rendered":"https:\/\/departamento.us.es\/petra\/?page_id=19"},"modified":"2025-03-27T12:13:03","modified_gmt":"2025-03-27T11:13:03","slug":"conocenos","status":"publish","type":"page","link":"https:\/\/departamento.us.es\/petra\/conocenos\/","title":{"rendered":"Investigaci\u00f3n"},"content":{"rendered":"\n<h4 class=\"wp-block-heading\">En esta secci\u00f3n puedes encontrar informaci\u00f3n sobre nuestra labor de investigaci\u00f3n. <\/h4>\n\n\n\n<p>Si quieres tener una visi\u00f3n panor\u00e1mica -y actualizada- de nuestra productividad e impacto, puedes hacerlo f\u00e1cilmente a trav\u00e9s del portal de bibliometr\u00eda de la Universidad de Sevilla (PRISMA), pulsando en el siguiente logotipo.<\/p>\n\n\n<div class=\"wp-block-image\">\n<figure class=\"aligncenter size-large is-resized\"><a href=\"https:\/\/prisma.us.es\/investigador\/buscar\/departamento\/I0C3\" target=\"_blank\" rel=\" noreferrer noopener\"><img loading=\"lazy\" decoding=\"async\" width=\"1024\" height=\"190\" src=\"https:\/\/departamento.us.es\/petra\/wp-content\/uploads\/2025\/02\/logoPrismaColor3-1024x190.png\" alt=\"Logotipo de PRISMA, portal de bibliometr\u00eda de la US\" class=\"wp-image-161\" style=\"width:434px;height:auto\" srcset=\"https:\/\/departamento.us.es\/petra\/wp-content\/uploads\/2025\/02\/logoPrismaColor3-1024x190.png 1024w, https:\/\/departamento.us.es\/petra\/wp-content\/uploads\/2025\/02\/logoPrismaColor3-300x56.png 300w, https:\/\/departamento.us.es\/petra\/wp-content\/uploads\/2025\/02\/logoPrismaColor3-768x143.png 768w, https:\/\/departamento.us.es\/petra\/wp-content\/uploads\/2025\/02\/logoPrismaColor3-1536x285.png 1536w, https:\/\/departamento.us.es\/petra\/wp-content\/uploads\/2025\/02\/logoPrismaColor3.png 2046w\" sizes=\"auto, (max-width: 1024px) 100vw, 1024px\" \/><\/a><\/figure>\n<\/div>\n\n\n<p><\/p>\n\n\n\n<p>Tenemos otra informaci\u00f3n relevante, que hemos organizado en los siguientes ep\u00edgrafes:<\/p>\n\n\n<div class=\"wp-block-oik-sb-children\"><ul class=\"wp-block-oik-sb-children\"><li class=\"page_item page-item-742\"><a href=\"https:\/\/departamento.us.es\/petra\/conocenos\/estudios-petra\/\">Estudios PETRA<\/a><\/li>\n<li class=\"page_item page-item-387\"><a href=\"https:\/\/departamento.us.es\/petra\/conocenos\/iniciacion-a-la-investigacion\/\">Iniciaci\u00f3n a la investigaci\u00f3n<\/a><\/li>\n<li class=\"page_item page-item-316\"><a href=\"https:\/\/departamento.us.es\/petra\/conocenos\/programa-de-doctorado\/\">Programa de Doctorado<\/a><\/li>\n<li class=\"page_item page-item-64 page_item_has_children\"><a href=\"https:\/\/departamento.us.es\/petra\/conocenos\/grupos-de-investigacion\/\">Grupos de investigaci\u00f3n<\/a>\n<ul class='children'>\n\t<li class=\"page_item page-item-553\"><a href=\"https:\/\/departamento.us.es\/petra\/conocenos\/grupos-de-investigacion\/grupo-argus\/\">Grupo ARGUS<\/a><\/li>\n\t<li class=\"page_item page-item-101\"><a href=\"https:\/\/departamento.us.es\/petra\/conocenos\/grupos-de-investigacion\/grupo-cts-111\/\">Grupo CTS-111<\/a><\/li>\n\t<li class=\"page_item page-item-106\"><a href=\"https:\/\/departamento.us.es\/petra\/conocenos\/grupos-de-investigacion\/grupo-cts-152\/\">Grupo CTS-152<\/a><\/li>\n\t<li class=\"page_item page-item-132\"><a href=\"https:\/\/departamento.us.es\/petra\/conocenos\/grupos-de-investigacion\/grupo-cts-301\/\">Grupo CTS-301<\/a><\/li>\n\t<li class=\"page_item page-item-114\"><a href=\"https:\/\/departamento.us.es\/petra\/conocenos\/grupos-de-investigacion\/grupo-cts-432\/\">Grupo CTS-432<\/a><\/li>\n\t<li class=\"page_item page-item-135\"><a href=\"https:\/\/departamento.us.es\/petra\/conocenos\/grupos-de-investigacion\/cts-441\/\">Grupo CTS-441<\/a><\/li>\n\t<li class=\"page_item page-item-137\"><a href=\"https:\/\/departamento.us.es\/petra\/conocenos\/grupos-de-investigacion\/cts-461\/\">Grupo CTS-461<\/a><\/li>\n\t<li class=\"page_item page-item-143\"><a href=\"https:\/\/departamento.us.es\/petra\/conocenos\/grupos-de-investigacion\/otros-grupos\/\">Otros grupos<\/a><\/li>\n<\/ul>\n<\/li>\n<\/ul><\/div>\n\n\n<p><\/p>\n\n\n\n<p>\u00bfDudas? Puedes <a href=\"https:\/\/departamento.us.es\/petra\/?page_id=13\" data-type=\"page\" data-id=\"13\" target=\"_blank\" rel=\"noreferrer noopener nofollow\">contactar con nosotros<\/a> para obtener cualquier informaci\u00f3n que no encuentres en esta web.<\/p>\n\n\n\n<p><\/p>\n","protected":false},"excerpt":{"rendered":"<p>En esta secci\u00f3n puedes encontrar informaci\u00f3n sobre nuestra labor de investigaci\u00f3n. Si quieres tener una visi\u00f3n panor\u00e1mica -y actualizada- de nuestra productividad e impacto, puedes hacerlo f\u00e1cilmente a trav\u00e9s del portal de bibliometr\u00eda de la Universidad de Sevilla (PRISMA), pulsando en el siguiente logotipo. Tenemos otra informaci\u00f3n relevante, que hemos organizado en los siguientes ep\u00edgrafes:&hellip;&nbsp;<a href=\"https:\/\/departamento.us.es\/petra\/conocenos\/\" rel=\"bookmark\">Leer m\u00e1s &raquo;<span class=\"screen-reader-text\">Investigaci\u00f3n<\/span><\/a><\/p>\n","protected":false},"author":1,"featured_media":0,"parent":0,"menu_order":0,"comment_status":"closed","ping_status":"closed","template":"","meta":{"neve_meta_sidebar":"","neve_meta_container":"","neve_meta_enable_content_width":"","neve_meta_content_width":0,"neve_meta_title_alignment":"","neve_meta_author_avatar":"","neve_post_elements_order":"","neve_meta_disable_header":"","neve_meta_disable_footer":"","neve_meta_disable_title":"","iawp_total_views":79,"footnotes":""},"class_list":["post-19","page","type-page","status-publish","hentry"],"_links":{"self":[{"href":"https:\/\/departamento.us.es\/petra\/wp-json\/wp\/v2\/pages\/19","targetHints":{"allow":["GET"]}}],"collection":[{"href":"https:\/\/departamento.us.es\/petra\/wp-json\/wp\/v2\/pages"}],"about":[{"href":"https:\/\/departamento.us.es\/petra\/wp-json\/wp\/v2\/types\/page"}],"author":[{"embeddable":true,"href":"https:\/\/departamento.us.es\/petra\/wp-json\/wp\/v2\/users\/1"}],"replies":[{"embeddable":true,"href":"https:\/\/departamento.us.es\/petra\/wp-json\/wp\/v2\/comments?post=19"}],"version-history":[{"count":6,"href":"https:\/\/departamento.us.es\/petra\/wp-json\/wp\/v2\/pages\/19\/revisions"}],"predecessor-version":[{"id":483,"href":"https:\/\/departamento.us.es\/petra\/wp-json\/wp\/v2\/pages\/19\/revisions\/483"}],"wp:attachment":[{"href":"https:\/\/departamento.us.es\/petra\/wp-json\/wp\/v2\/media?parent=19"}],"curies":[{"name":"wp","href":"https:\/\/api.w.org\/{rel}","templated":true}]}}