{"id":2,"date":"2024-11-06T08:45:10","date_gmt":"2024-11-06T07:45:10","guid":{"rendered":"https:\/\/departamento.us.es\/petra\/?page_id=2"},"modified":"2025-03-27T10:40:45","modified_gmt":"2025-03-27T09:40:45","slug":"pagina-ejemplo","status":"publish","type":"page","link":"https:\/\/departamento.us.es\/petra\/","title":{"rendered":"Conoce PETRA"},"content":{"rendered":"\n<h4 class=\"wp-block-heading\">Bienvenidos, bienvenidas, a la web del Departamento de Personalidad, Evaluaci\u00f3n y Tratamiento Psicol\u00f3gicos (PETRA) de la Universidad de Sevilla (Espa\u00f1a).<\/h4>\n\n\n\n<p>Esta p\u00e1gina nace con la vocaci\u00f3n de dar a conocer a toda la comunidad nuestra labor en los \u00e1mbitos de <a href=\"https:\/\/departamento.us.es\/petra\/docencia\/\" data-type=\"page\" data-id=\"284\">docencia<\/a>, <a href=\"https:\/\/departamento.us.es\/petra\/conocenos\/\" data-type=\"page\" data-id=\"19\">investigaci\u00f3n y transferencia de conocimiento<\/a>. En el men\u00fa superior encontrar\u00e1s apartados espec\u00edficos para conocer c\u00f3mo se organizan nuestros cursos y cu\u00e1les son nuestras l\u00edneas de trabajo e investigaci\u00f3n.<\/p>\n\n\n\n<p>Tambi\u00e9n hemos reservado un espacio para reunir <a href=\"https:\/\/departamento.us.es\/petra\/alumnado\/\" data-type=\"page\" data-id=\"361\">informaci\u00f3n relevante para el alumnado<\/a>: normativa de aplicaci\u00f3n, procedimientos de uso frecuente, c\u00f3mo colaborar con nosotros&#8230; elementos que pueden ayudar a estrechar la colaboraci\u00f3n entre el departamento de PETRA y las personas que vienen a formarse con nosotros.<\/p>\n\n\n\n<p>Por otra parte, cabe destacar que los departamentos universitarios bullen de actividad continuamente, aunque muchas de las acciones que realizamos no transcienden. Hemos reservado un espacio para mostrar las distintas <a href=\"https:\/\/departamento.us.es\/petra\/novedades\/\" data-type=\"page\" data-id=\"17\">novedades y acciones<\/a> que realicemos, en un intento por poner en valor las actividades que realizamos y que benefician a la comunidad. <\/p>\n\n\n\n<p>Podemos considerar que esta p\u00e1gina est\u00e1 en construcci\u00f3n de manera indefinida: en tiempos cambiantes, el proyecto no puede darse nunca por acabado. Por ello, hemos puesto a vuestra disposici\u00f3n distintos medios de contacto dirigidos a permitir una comunicaci\u00f3n fluida, convencidos de que la web debe mutar conforme lo hagan las necesidades de nuestra comunidad. Esperamos que nos hag\u00e1is llegar cualquier comentario, queja o propuesta a trav\u00e9s de nuestro <a href=\"https:\/\/departamento.us.es\/petra\/pagina-ejemplo\/contacto\/\" data-type=\"page\" data-id=\"13\">contacto <\/a>o haciendo uso del <a href=\"https:\/\/departamento.us.es\/petra\/buzon-petra\/\" data-type=\"page\" data-id=\"351\">buz\u00f3n virtual <\/a>que hemos creado a tal efecto.<\/p>\n\n\n\n<p>Deseamos que esta p\u00e1gina nos ayude a prestar un mejor servicio y a posicionarnos como una referencia en el \u00e1mbito de la psicolog\u00eda aplicada, sanitaria y cl\u00ednica.<\/p>\n\n\n\n<p>Recibid un cordial saludo.<\/p>\n\n\n\n<p>En Sevilla, marzo de 2025<\/p>\n\n\n\n<p class=\"has-text-align-right\">Javier L\u00f3pez-Cepero Borrego<\/p>\n\n\n\n<p class=\"has-text-align-right\">Director del departamento de PETRA<\/p>\n\n\n\n<p><\/p>\n","protected":false},"excerpt":{"rendered":"<p>Bienvenidos, bienvenidas, a la web del Departamento de Personalidad, Evaluaci\u00f3n y Tratamiento Psicol\u00f3gicos (PETRA) de la Universidad de Sevilla (Espa\u00f1a). Esta p\u00e1gina nace con la vocaci\u00f3n de dar a conocer a toda la comunidad nuestra labor en los \u00e1mbitos de docencia, investigaci\u00f3n y transferencia de conocimiento. En el men\u00fa superior encontrar\u00e1s apartados espec\u00edficos para conocer&hellip;&nbsp;<a href=\"https:\/\/departamento.us.es\/petra\/\" rel=\"bookmark\">Leer m\u00e1s &raquo;<span class=\"screen-reader-text\">Conoce PETRA<\/span><\/a><\/p>\n","protected":false},"author":1,"featured_media":0,"parent":0,"menu_order":0,"comment_status":"closed","ping_status":"open","template":"","meta":{"neve_meta_sidebar":"","neve_meta_container":"","neve_meta_enable_content_width":"","neve_meta_content_width":0,"neve_meta_title_alignment":"","neve_meta_author_avatar":"","neve_post_elements_order":"","neve_meta_disable_header":"","neve_meta_disable_footer":"","neve_meta_disable_title":"","iawp_total_views":1779,"footnotes":""},"class_list":["post-2","page","type-page","status-publish","hentry"],"_links":{"self":[{"href":"https:\/\/departamento.us.es\/petra\/wp-json\/wp\/v2\/pages\/2","targetHints":{"allow":["GET"]}}],"collection":[{"href":"https:\/\/departamento.us.es\/petra\/wp-json\/wp\/v2\/pages"}],"about":[{"href":"https:\/\/departamento.us.es\/petra\/wp-json\/wp\/v2\/types\/page"}],"author":[{"embeddable":true,"href":"https:\/\/departamento.us.es\/petra\/wp-json\/wp\/v2\/users\/1"}],"replies":[{"embeddable":true,"href":"https:\/\/departamento.us.es\/petra\/wp-json\/wp\/v2\/comments?post=2"}],"version-history":[{"count":12,"href":"https:\/\/departamento.us.es\/petra\/wp-json\/wp\/v2\/pages\/2\/revisions"}],"predecessor-version":[{"id":471,"href":"https:\/\/departamento.us.es\/petra\/wp-json\/wp\/v2\/pages\/2\/revisions\/471"}],"wp:attachment":[{"href":"https:\/\/departamento.us.es\/petra\/wp-json\/wp\/v2\/media?parent=2"}],"curies":[{"name":"wp","href":"https:\/\/api.w.org\/{rel}","templated":true}]}}