{"id":284,"date":"2025-03-20T11:42:48","date_gmt":"2025-03-20T10:42:48","guid":{"rendered":"https:\/\/departamento.us.es\/petra\/?page_id=284"},"modified":"2025-03-27T12:10:23","modified_gmt":"2025-03-27T11:10:23","slug":"docencia","status":"publish","type":"page","link":"https:\/\/departamento.us.es\/petra\/docencia\/","title":{"rendered":"Docencia"},"content":{"rendered":"\n<h4 class=\"wp-block-heading\">Aqu\u00ed encontrar\u00e1s toda la docencia que impartimos desde el departamento de PETRA. <\/h4>\n\n\n\n<p>Por comodidad, hemos separado la docencia de grado y de posgrado, con especial atenci\u00f3n al M\u00e1ster en Psicolog\u00eda General Sanitaria.<\/p>\n\n\n\n<p>\u00bfDudas? <a href=\"https:\/\/departamento.us.es\/petra\/contacto\/\" data-type=\"page\" data-id=\"13\">Contacta con nosotros<\/a> para ampliar cualquier informaci\u00f3n.<\/p>\n\n\n<div class=\"wp-block-oik-sb-children\"><ul class=\"wp-block-oik-sb-children\"><li class=\"page_item page-item-285\"><a href=\"https:\/\/departamento.us.es\/petra\/docencia\/ensenanza-de-grado\/\">Ense\u00f1anza de Grado<\/a><\/li>\n<li class=\"page_item page-item-294 page_item_has_children\"><a href=\"https:\/\/departamento.us.es\/petra\/docencia\/master-universitario\/\">M\u00e1ster Universitario<\/a>\n<ul class='children'>\n\t<li class=\"page_item page-item-297\"><a href=\"https:\/\/departamento.us.es\/petra\/docencia\/master-universitario\/masters-en-psicologia\/\">M\u00e1sters en Psicolog\u00eda<\/a><\/li>\n\t<li class=\"page_item page-item-298\"><a href=\"https:\/\/departamento.us.es\/petra\/docencia\/master-universitario\/masters-en-educacion\/\">M\u00e1sters en Educaci\u00f3n<\/a><\/li>\n\t<li class=\"page_item page-item-299\"><a href=\"https:\/\/departamento.us.es\/petra\/docencia\/master-universitario\/otros-masters\/\">Otros M\u00e1sters<\/a><\/li>\n<\/ul>\n<\/li>\n<li class=\"page_item page-item-43\"><a href=\"https:\/\/departamento.us.es\/petra\/docencia\/mpgs\/\">MU Psicolog\u00eda General Sanitaria (MPGS)<\/a><\/li>\n<\/ul><\/div>\n\n\n<p><\/p>\n","protected":false},"excerpt":{"rendered":"<p>Aqu\u00ed encontrar\u00e1s toda la docencia que impartimos desde el departamento de PETRA. Por comodidad, hemos separado la docencia de grado y de posgrado, con especial atenci\u00f3n al M\u00e1ster en Psicolog\u00eda General Sanitaria. \u00bfDudas? Contacta con nosotros para ampliar cualquier informaci\u00f3n.<\/p>\n","protected":false},"author":1,"featured_media":0,"parent":0,"menu_order":0,"comment_status":"closed","ping_status":"closed","template":"","meta":{"neve_meta_sidebar":"","neve_meta_container":"","neve_meta_enable_content_width":"","neve_meta_content_width":0,"neve_meta_title_alignment":"","neve_meta_author_avatar":"","neve_post_elements_order":"","neve_meta_disable_header":"","neve_meta_disable_footer":"","neve_meta_disable_title":"","iawp_total_views":53,"footnotes":""},"class_list":["post-284","page","type-page","status-publish","hentry"],"_links":{"self":[{"href":"https:\/\/departamento.us.es\/petra\/wp-json\/wp\/v2\/pages\/284","targetHints":{"allow":["GET"]}}],"collection":[{"href":"https:\/\/departamento.us.es\/petra\/wp-json\/wp\/v2\/pages"}],"about":[{"href":"https:\/\/departamento.us.es\/petra\/wp-json\/wp\/v2\/types\/page"}],"author":[{"embeddable":true,"href":"https:\/\/departamento.us.es\/petra\/wp-json\/wp\/v2\/users\/1"}],"replies":[{"embeddable":true,"href":"https:\/\/departamento.us.es\/petra\/wp-json\/wp\/v2\/comments?post=284"}],"version-history":[{"count":3,"href":"https:\/\/departamento.us.es\/petra\/wp-json\/wp\/v2\/pages\/284\/revisions"}],"predecessor-version":[{"id":479,"href":"https:\/\/departamento.us.es\/petra\/wp-json\/wp\/v2\/pages\/284\/revisions\/479"}],"wp:attachment":[{"href":"https:\/\/departamento.us.es\/petra\/wp-json\/wp\/v2\/media?parent=284"}],"curies":[{"name":"wp","href":"https:\/\/api.w.org\/{rel}","templated":true}]}}