{"id":285,"date":"2025-03-20T11:51:45","date_gmt":"2025-03-20T10:51:45","guid":{"rendered":"https:\/\/departamento.us.es\/petra\/?page_id=285"},"modified":"2025-03-20T12:13:16","modified_gmt":"2025-03-20T11:13:16","slug":"ensenanza-de-grado","status":"publish","type":"page","link":"https:\/\/departamento.us.es\/petra\/docencia\/ensenanza-de-grado\/","title":{"rendered":"Ense\u00f1anza de Grado"},"content":{"rendered":"\n<h3 class=\"wp-block-heading\">Grado en Psicolog\u00eda (F. Psicolog\u00eda)<\/h3>\n\n\n\n<figure class=\"wp-block-table is-style-stripes\"><table><tbody><tr><td><strong>Asignatura<\/strong><\/td><td><strong>ECTS<\/strong><\/td><td><strong>Curso<\/strong><\/td><td><\/td><\/tr><tr><td>Fundamentos de Psicopatolog\u00eda<\/td><td>6<\/td><td>2<\/td><td><a href=\"https:\/\/www.us.es\/estudiar\/que-estudiar\/oferta-de-grados\/grado-en-psicologia\/1760013\">\u00a0<strong>+ info<\/strong><\/a><\/td><\/tr><tr><td>Psicolog\u00eda de la Personalidad y la Diversidad Humana<\/td><td>6<\/td><td>2<\/td><td><a href=\"https:\/\/www.us.es\/estudiar\/que-estudiar\/oferta-de-grados\/grado-en-psicologia\/1760017\">\u00a0<strong>+ info<\/strong><\/a><\/td><\/tr><tr><td>Evaluaci\u00f3n Psicol\u00f3gica<\/td><td>6<\/td><td>3<\/td><td><a href=\"https:\/\/www.us.es\/estudiar\/que-estudiar\/oferta-de-grados\/grado-en-psicologia\/1760022\">\u00a0<strong>+ info<\/strong><\/a><\/td><\/tr><tr><td>Modificaci\u00f3n de Conducta Infanto-Juvenil y de Adultos<\/td><td>6<\/td><td>3<\/td><td><a href=\"https:\/\/www.us.es\/estudiar\/que-estudiar\/oferta-de-grados\/grado-en-psicologia\/1760023\">\u00a0<strong>+ info<\/strong><\/a><\/td><\/tr><tr><td>Psicopatolog\u00eda Cl\u00ednica<\/td><td>6<\/td><td>3<\/td><td><a href=\"https:\/\/www.us.es\/estudiar\/que-estudiar\/oferta-de-grados\/grado-en-psicologia\/1760028\">\u00a0<strong>+ info<\/strong><\/a><\/td><\/tr><tr><td>Psicoterapias<\/td><td>6<\/td><td>3<\/td><td><a href=\"https:\/\/www.us.es\/estudiar\/que-estudiar\/oferta-de-grados\/grado-en-psicologia\/1760029\">\u00a0<strong>+ info<\/strong><\/a><\/td><\/tr><tr><td>\u00c9tica y Deontolog\u00eda Profesional<\/td><td>6<\/td><td>4<\/td><td><a href=\"https:\/\/www.us.es\/estudiar\/que-estudiar\/oferta-de-grados\/grado-en-psicologia\/1760033\">\u00a0<strong>+ info<\/strong><\/a><\/td><\/tr><tr><td>Pr\u00e1cticas Externas<\/td><td>18<\/td><td>4<\/td><td><a href=\"https:\/\/www.us.es\/estudiar\/que-estudiar\/oferta-de-grados\/grado-en-psicologia\/1760039\">\u00a0<strong>+ info<\/strong><\/a><\/td><\/tr><tr><td>Psicopatolog\u00eda y Evaluaci\u00f3n Infanto-Juvenil<\/td><td>6<\/td><td>4<\/td><td><a href=\"https:\/\/www.us.es\/estudiar\/que-estudiar\/oferta-de-grados\/grado-en-psicologia\/1760046\">\u00a0<strong>+ info<\/strong><\/a><\/td><\/tr><tr><td>Terapia Familiar, de Parejas y de Grupo<\/td><td>6<\/td><td>4<\/td><td><a href=\"https:\/\/www.us.es\/estudiar\/que-estudiar\/oferta-de-grados\/grado-en-psicologia\/1760047\">\u00a0<strong>+ info<\/strong><\/a><\/td><\/tr><tr><td>Trabajo Fin de Grado<\/td><td>6<\/td><td>4<\/td><td><a href=\"https:\/\/www.us.es\/estudiar\/que-estudiar\/oferta-de-grados\/grado-en-psicologia\/1760048\">\u00a0<strong>+ info<\/strong><\/a><\/td><\/tr><\/tbody><\/table><\/figure>\n\n\n\n<p><\/p>\n\n\n\n<h3 class=\"wp-block-heading\">Grado en Criminolog\u00eda (F. Derecho)<\/h3>\n\n\n\n<figure class=\"wp-block-table is-style-stripes\"><table><tbody><tr><td><strong>Asignatura<\/strong><\/td><td><strong>ECTS<\/strong><\/td><td><strong>Curso<\/strong><\/td><td><\/td><\/tr><tr><td>Psicolog\u00eda Criminal<\/td><td>6<\/td><td>1<\/td><td><strong><a href=\"https:\/\/www.us.es\/estudiar\/que-estudiar\/oferta-de-grados\/grado-en-criminologia\/2180010\">+ info<\/a><\/strong><\/td><\/tr><tr><td>Delincuencia Juvenil<\/td><td>6<\/td><td>2<\/td><td><a href=\"https:\/\/www.us.es\/estudiar\/que-estudiar\/oferta-de-grados\/grado-en-criminologia\/2180011\"><strong>+ info<\/strong><\/a><\/td><\/tr><tr><td>Tratamiento Psicol\u00f3gico de la Delincuencia<\/td><td>6<\/td><td>3<\/td><td><a href=\"https:\/\/www.us.es\/estudiar\/que-estudiar\/oferta-de-grados\/grado-en-criminologia\/2180020\"><strong>+ info<\/strong><\/a><\/td><\/tr><tr><td>Psicolog\u00eda Jur\u00eddica y Forense (CF)<\/td><td>6<\/td><td>4<\/td><td><a href=\"https:\/\/www.us.es\/estudiar\/que-estudiar\/oferta-de-grados\/grado-en-criminologia\/2180041\"><strong>+ info<\/strong><\/a><\/td><\/tr><tr><td>Pr\u00e1cticas Externas<\/td><td>6<\/td><td>4<\/td><td><a href=\"https:\/\/www.us.es\/estudiar\/que-estudiar\/oferta-de-grados\/grado-en-criminologia\/2180043\"><strong>+ info<\/strong><\/a><\/td><\/tr><tr><td>Trabajo de Fin de Grado<\/td><td>6<\/td><td>4<\/td><td><a href=\"https:\/\/www.us.es\/estudiar\/que-estudiar\/oferta-de-grados\/grado-en-criminologia\/2180049\"><strong>+ info<\/strong><\/a><\/td><\/tr><\/tbody><\/table><\/figure>\n\n\n\n<p><\/p>\n\n\n\n<h2 class=\"wp-block-heading\">Grados y dobles grados de Educaci\u00f3n <br>(F. Ciencias de la Educaci\u00f3n)<\/h2>\n\n\n\n<h3 class=\"wp-block-heading\">Grado en Educaci\u00f3n Infantil<\/h3>\n\n\n\n<figure class=\"wp-block-table is-style-stripes\"><table><tbody><tr><td><strong>Asignatura<\/strong><\/td><td><strong>ECTS<\/strong><\/td><td><strong>Curso<\/strong><\/td><td class=\"has-text-align-center\" data-align=\"center\"><strong>&nbsp;<\/strong><\/td><\/tr><tr><td>Psicopatolog\u00eda y Salud Infantil<\/td><td>6<\/td><td>2<\/td><td class=\"has-text-align-center\" data-align=\"center\"><a href=\"https:\/\/www.us.es\/estudiar\/que-estudiar\/oferta-de-grados\/grado-en-educacion-infantil\/1940018\"><strong>+ info<\/strong><\/a><\/td><\/tr><tr><td>Trabajo Fin de Grado<\/td><td>6<\/td><td>4<\/td><td class=\"has-text-align-center\" data-align=\"center\"><strong><a href=\"https:\/\/www.us.es\/estudiar\/que-estudiar\/oferta-de-grados\/grado-en-educacion-infantil\/1940043\">+ info<\/a><\/strong><\/td><\/tr><\/tbody><\/table><\/figure>\n\n\n\n<p><\/p>\n\n\n\n<h3 class=\"wp-block-heading\">Grado en Educaci\u00f3n Primaria<\/h3>\n\n\n\n<figure class=\"wp-block-table is-style-stripes\"><table><tbody><tr><td><strong>Asignatura<\/strong><\/td><td><strong>ECTS<\/strong><\/td><td><strong>Curso<\/strong><\/td><td><strong>&nbsp;<\/strong><\/td><\/tr><tr><td>Dificultades del Desarrollo y del Aprendizaje<\/td><td>6<\/td><td>2<\/td><td><strong><a href=\"https:\/\/www.us.es\/estudiar\/que-estudiar\/oferta-de-grados\/grado-en-educacion-primaria\/1950013\">+ info<\/a><\/strong><\/td><\/tr><tr><td>Pr\u00e1cticas Docentes I<\/td><td>30<\/td><td>3<\/td><td><strong><a href=\"https:\/\/www.us.es\/estudiar\/que-estudiar\/oferta-de-grados\/grado-en-educacion-primaria\/1950024\">+ info<\/a><\/strong><\/td><\/tr><tr><td>Psicopatolog\u00eda en el Contexto Escolar (EE)<\/td><td>6<\/td><td>4<\/td><td><strong><a href=\"https:\/\/www.us.es\/estudiar\/que-estudiar\/oferta-de-grados\/grado-en-educacion-primaria\/1950040\">+ info<\/a><\/strong><\/td><\/tr><tr><td>Trabajo Fin de Grado<\/td><td>6<\/td><td>4<\/td><td><strong><a href=\"https:\/\/www.us.es\/estudiar\/que-estudiar\/oferta-de-grados\/grado-en-educacion-primaria\/1950047\">+ info<\/a><\/strong><\/td><\/tr><tr><td>Pr\u00e1cticas Docentes II (Ed. Especial)<\/td><td>14<\/td><td>4<\/td><td><strong><a href=\"https:\/\/www.us.es\/estudiar\/que-estudiar\/oferta-de-grados\/grado-en-educacion-primaria\/1950054\">+ info<\/a><\/strong><\/td><\/tr><\/tbody><\/table><\/figure>\n\n\n\n<p><\/p>\n\n\n\n<h3 class=\"wp-block-heading\">Doble grado en Educaci\u00f3n Infantil y Primaria<\/h3>\n\n\n\n<figure class=\"wp-block-table is-style-stripes\"><table><tbody><tr><td><strong>Asignatura<\/strong><\/td><td><strong>ECTS<\/strong><\/td><td><strong>Curso<\/strong><\/td><td><strong>&nbsp;<\/strong><\/td><\/tr><tr><td>Psicopatolog\u00eda y Salud Infantil<\/td><td>6<\/td><td>2<\/td><td><a href=\"https:\/\/www.us.es\/estudiar\/que-estudiar\/oferta-de-grados\/doble-grado-en-educacion-infantil-y-educacion-primaria\/2510023\"><strong>+ info<\/strong><\/a><\/td><\/tr><tr><td>Pr\u00e1cticas Docentes I<\/td><td>30<\/td><td>3<\/td><td><a href=\"https:\/\/www.us.es\/estudiar\/que-estudiar\/oferta-de-grados\/doble-grado-en-educacion-infantil-y-educacion-primaria\/2510033\"><strong>+ info<\/strong><\/a><\/td><\/tr><tr><td>Trabajo Fin de Grado (GEI)<\/td><td>6<\/td><td>4<\/td><td><a href=\"https:\/\/www.us.es\/estudiar\/que-estudiar\/oferta-de-grados\/doble-grado-en-educacion-infantil-y-educacion-primaria\/2510043\"><strong>+ info<\/strong><\/a><\/td><\/tr><tr><td>Psicopatolog\u00eda en el Contexto Escolar (EE)<\/td><td>6<\/td><td>5<\/td><td><a href=\"https:\/\/www.us.es\/estudiar\/que-estudiar\/oferta-de-grados\/doble-grado-en-educacion-infantil-y-educacion-primaria\/2510063\"><strong>+ info<\/strong><\/a><\/td><\/tr><tr><td>Trabajo Fin de Grado (GEP)<\/td><td>6<\/td><td>5<\/td><td><a href=\"https:\/\/www.us.es\/estudiar\/que-estudiar\/oferta-de-grados\/doble-grado-en-educacion-infantil-y-educacion-primaria\/2510064\"><strong>+ info<\/strong><\/a><\/td><\/tr><tr><td>Pr\u00e1cticas Docentes II (GEP) (Ed. Especial)<\/td><td>14<\/td><td>5<\/td><td><a href=\"https:\/\/www.us.es\/estudiar\/que-estudiar\/oferta-de-grados\/doble-grado-en-educacion-infantil-y-educacion-primaria\/2510070\"><strong>+ info<\/strong><\/a><\/td><\/tr><\/tbody><\/table><\/figure>\n\n\n\n<p><\/p>\n\n\n\n<h3 class=\"wp-block-heading\">Doble grado en Lengua y Literatura Alemanas y Educaci\u00f3n Primaria<\/h3>\n\n\n\n<figure class=\"wp-block-table is-style-stripes\"><table><tbody><tr><td><strong>Asignatura<\/strong><\/td><td><strong>ECTS<\/strong><\/td><td><strong>Curso<\/strong><\/td><td><strong>&nbsp;<\/strong><\/td><\/tr><tr><td>Dificultades del Desarrollo y del Aprendizaje<\/td><td>6<\/td><td>3<\/td><td><strong><a href=\"https:\/\/www.us.es\/estudiar\/que-estudiar\/oferta-de-grados\/doble-grado-en-lengua-y-literatura-alemanas-y-en-educacion\/2350029\">+ info<\/a><\/strong><\/td><\/tr><tr><td>Pr\u00e1cticas Docentes I<\/td><td>30<\/td><td>4<\/td><td><strong><a href=\"https:\/\/www.us.es\/estudiar\/que-estudiar\/oferta-de-grados\/doble-grado-en-lengua-y-literatura-alemanas-y-en-educacion\/2350066\">+ info<\/a><\/strong><\/td><\/tr><\/tbody><\/table><\/figure>\n\n\n\n<p><\/p>\n\n\n\n<h3 class=\"wp-block-heading\">Doble grado en Educaci\u00f3n Primaria y Estudios Franceses<\/h3>\n\n\n\n<figure class=\"wp-block-table is-style-stripes\"><table><tbody><tr><td><strong>Asignatura<\/strong><\/td><td><strong>ECTS<\/strong><\/td><td><strong>Curso<\/strong><\/td><td><strong>&nbsp;<\/strong><\/td><\/tr><tr><td>Dificultades del Desarrollo y del Aprendizaje<\/td><td>6<\/td><td>3<\/td><td><strong><a href=\"https:\/\/www.us.es\/estudiar\/que-estudiar\/oferta-de-grados\/doble-grado-en-educacion-primaria-y-estudios-franceses\/2380028\">+ info<\/a><\/strong><\/td><\/tr><tr><td>Pr\u00e1cticas Docentes I<\/td><td>30<\/td><td>4<\/td><td><strong><a href=\"https:\/\/www.us.es\/estudiar\/que-estudiar\/oferta-de-grados\/doble-grado-en-educacion-primaria-y-estudios-franceses\/2380046\">+ info<\/a><\/strong><\/td><\/tr><\/tbody><\/table><\/figure>\n","protected":false},"excerpt":{"rendered":"<p>Grado en Psicolog\u00eda (F. Psicolog\u00eda) Asignatura ECTS Curso Fundamentos de Psicopatolog\u00eda 6 2 \u00a0+ info Psicolog\u00eda de la Personalidad y la Diversidad Humana 6 2 \u00a0+ info Evaluaci\u00f3n Psicol\u00f3gica 6 3 \u00a0+ info Modificaci\u00f3n de Conducta Infanto-Juvenil y de Adultos 6 3 \u00a0+ info Psicopatolog\u00eda Cl\u00ednica 6 3 \u00a0+ info Psicoterapias 6 3 \u00a0+ info&hellip;&nbsp;<a href=\"https:\/\/departamento.us.es\/petra\/docencia\/ensenanza-de-grado\/\" rel=\"bookmark\">Leer m\u00e1s &raquo;<span class=\"screen-reader-text\">Ense\u00f1anza de Grado<\/span><\/a><\/p>\n","protected":false},"author":1,"featured_media":0,"parent":284,"menu_order":0,"comment_status":"closed","ping_status":"closed","template":"","meta":{"neve_meta_sidebar":"","neve_meta_container":"","neve_meta_enable_content_width":"","neve_meta_content_width":0,"neve_meta_title_alignment":"","neve_meta_author_avatar":"","neve_post_elements_order":"","neve_meta_disable_header":"","neve_meta_disable_footer":"","neve_meta_disable_title":"","iawp_total_views":111,"footnotes":""},"class_list":["post-285","page","type-page","status-publish","hentry"],"_links":{"self":[{"href":"https:\/\/departamento.us.es\/petra\/wp-json\/wp\/v2\/pages\/285","targetHints":{"allow":["GET"]}}],"collection":[{"href":"https:\/\/departamento.us.es\/petra\/wp-json\/wp\/v2\/pages"}],"about":[{"href":"https:\/\/departamento.us.es\/petra\/wp-json\/wp\/v2\/types\/page"}],"author":[{"embeddable":true,"href":"https:\/\/departamento.us.es\/petra\/wp-json\/wp\/v2\/users\/1"}],"replies":[{"embeddable":true,"href":"https:\/\/departamento.us.es\/petra\/wp-json\/wp\/v2\/comments?post=285"}],"version-history":[{"count":3,"href":"https:\/\/departamento.us.es\/petra\/wp-json\/wp\/v2\/pages\/285\/revisions"}],"predecessor-version":[{"id":296,"href":"https:\/\/departamento.us.es\/petra\/wp-json\/wp\/v2\/pages\/285\/revisions\/296"}],"up":[{"embeddable":true,"href":"https:\/\/departamento.us.es\/petra\/wp-json\/wp\/v2\/pages\/284"}],"wp:attachment":[{"href":"https:\/\/departamento.us.es\/petra\/wp-json\/wp\/v2\/media?parent=285"}],"curies":[{"name":"wp","href":"https:\/\/api.w.org\/{rel}","templated":true}]}}