{"id":297,"date":"2025-03-20T12:23:50","date_gmt":"2025-03-20T11:23:50","guid":{"rendered":"https:\/\/departamento.us.es\/petra\/?page_id=297"},"modified":"2025-03-20T15:51:41","modified_gmt":"2025-03-20T14:51:41","slug":"masters-en-psicologia","status":"publish","type":"page","link":"https:\/\/departamento.us.es\/petra\/docencia\/master-universitario\/masters-en-psicologia\/","title":{"rendered":"M\u00e1sters en Psicolog\u00eda"},"content":{"rendered":"\n<p>Aqu\u00ed puedes encontrar informaci\u00f3n sobre las asignaturas que impartimos en distintos t\u00edtulos oficiales de la Facultad de Psicolog\u00eda de la Universidad de Sevilla. <\/p>\n\n\n\n<h3 class=\"wp-block-heading\">MU Psicolog\u00eda General Sanitaria (MPGS)<\/h3>\n\n\n\n<p>Si quieres saber m\u00e1s del <a href=\"https:\/\/departamento.us.es\/petra\/docencia\/mpgs\/\" data-type=\"page\" data-id=\"43\" target=\"_blank\" rel=\"noreferrer noopener\">M\u00e1ster en Psicolog\u00eda General Sanitaria, no dudes en consultar la secci\u00f3n<\/a> que hemos preparado.<\/p>\n\n\n\n<figure class=\"wp-block-table is-style-stripes\"><table><tbody><tr><td><strong>Asignatura<\/strong><\/td><td><strong>ECTS<\/strong><\/td><td><strong>Curso<\/strong><\/td><td><strong>&nbsp;<\/strong><\/td><\/tr><tr><td>Evaluaci\u00f3n y Diagn\u00f3stico en Psicolog\u00eda de la Salud (adultos)<\/td><td>3<\/td><td>1<\/td><td><a href=\"https:\/\/www.us.es\/estudiar\/que-estudiar\/oferta-de-masteres\/master-universitario-en-psicologia-general-sanitaria\/51410001\"><strong>+info<\/strong><\/a><\/td><\/tr><tr><td>Evaluaci\u00f3n y Diagn\u00f3stico en Psicolog\u00eda de la Salud (infanto-juvenil)<\/td><td>3<\/td><td>1<\/td><td><a href=\"https:\/\/www.us.es\/estudiar\/que-estudiar\/oferta-de-masteres\/master-universitario-en-psicologia-general-sanitaria\/51410002\"><strong>+info<\/strong><\/a><\/td><\/tr><tr><td>Habilidades y Recursos Personales del Profesional de la Psicolog\u00eda General Sanitaria<\/td><td>4<\/td><td>1<\/td><td><a href=\"https:\/\/www.us.es\/estudiar\/que-estudiar\/oferta-de-masteres\/master-universitario-en-psicologia-general-sanitaria\/51410003\"><strong>+info<\/strong><\/a><\/td><\/tr><tr><td>Intervenci\u00f3n Cognitivo-conductual en Cuadros Psicopatol\u00f3gicos<\/td><td>4.50<\/td><td>1<\/td><td><a href=\"https:\/\/www.us.es\/estudiar\/que-estudiar\/oferta-de-masteres\/master-universitario-en-psicologia-general-sanitaria\/51410004\"><strong>+info<\/strong><\/a><\/td><\/tr><tr><td>Intervenci\u00f3n en Psicolog\u00eda Pedi\u00e1trica<\/td><td>3<\/td><td>1<\/td><td><a href=\"https:\/\/www.us.es\/estudiar\/que-estudiar\/oferta-de-masteres\/master-universitario-en-psicologia-general-sanitaria\/51410005\"><strong>+info<\/strong><\/a><\/td><\/tr><tr><td>Intervenci\u00f3n Psicol\u00f3gica en Ni\u00f1os y Adolescentes<\/td><td>3<\/td><td>1<\/td><td><a href=\"https:\/\/www.us.es\/estudiar\/que-estudiar\/oferta-de-masteres\/master-universitario-en-psicologia-general-sanitaria\/51410006\"><strong>+info<\/strong><\/a><\/td><\/tr><tr><td>Intervenci\u00f3n Psicol\u00f3gica: Actualizaci\u00f3n en Modelos Din\u00e1micos, Constructivistas y Estudio de Procesos<\/td><td>3.50<\/td><td>1<\/td><td><a href=\"https:\/\/www.us.es\/estudiar\/que-estudiar\/oferta-de-masteres\/master-universitario-en-psicologia-general-sanitaria\/51410007\"><strong>+info<\/strong><\/a><\/td><\/tr><tr><td>Los Fundamentos Cient\u00edficos y Profesionales de la Psicolog\u00eda Sanitaria<\/td><td>6<\/td><td>1<\/td><td><a href=\"https:\/\/www.us.es\/estudiar\/que-estudiar\/oferta-de-masteres\/master-universitario-en-psicologia-general-sanitaria\/51410008\"><strong>+info<\/strong><\/a><\/td><\/tr><tr><td>Estrategias de Intervenci\u00f3n Cognitivo-conductual en Alteraciones Emocionales y el Estr\u00e9s<\/td><td>3<\/td><td>1<\/td><td><a href=\"https:\/\/www.us.es\/estudiar\/que-estudiar\/oferta-de-masteres\/master-universitario-en-psicologia-general-sanitaria\/51410009\"><strong>+info<\/strong><\/a><\/td><\/tr><tr><td>Intervenci\u00f3n en Psicolog\u00eda Jur\u00eddica y Forense<\/td><td>3<\/td><td>1<\/td><td><a href=\"https:\/\/www.us.es\/estudiar\/que-estudiar\/oferta-de-masteres\/master-universitario-en-psicologia-general-sanitaria\/51410011\"><strong>+info<\/strong><\/a><\/td><\/tr><tr><td>Intervenci\u00f3n Psicol\u00f3gica en Adicciones<\/td><td>3<\/td><td>1<\/td><td><a href=\"https:\/\/www.us.es\/estudiar\/que-estudiar\/oferta-de-masteres\/master-universitario-en-psicologia-general-sanitaria\/51410012\"><strong>+info<\/strong><\/a><\/td><\/tr><tr><td>Intervenci\u00f3n Psicol\u00f3gica en Discapacidad<\/td><td>3<\/td><td>1<\/td><td><a href=\"https:\/\/www.us.es\/estudiar\/que-estudiar\/oferta-de-masteres\/master-universitario-en-psicologia-general-sanitaria\/51410014\"><strong>+info<\/strong><\/a><\/td><\/tr><tr><td>Intervenci\u00f3n Psicol\u00f3gica en Dolor Cr\u00f3nico<\/td><td>3<\/td><td>1<\/td><td><a href=\"https:\/\/www.us.es\/estudiar\/que-estudiar\/oferta-de-masteres\/master-universitario-en-psicologia-general-sanitaria\/51410023\"><strong>+info<\/strong><\/a><\/td><\/tr><tr><td>Intervenci\u00f3n Psicol\u00f3gica en Medicina<\/td><td>6<\/td><td>1<\/td><td><a href=\"https:\/\/www.us.es\/estudiar\/que-estudiar\/oferta-de-masteres\/master-universitario-en-psicologia-general-sanitaria\/51410015\"><strong>+info<\/strong><\/a><\/td><\/tr><tr><td>Pr\u00e1cticas I<\/td><td>12<\/td><td>1<\/td><td><a href=\"https:\/\/www.us.es\/estudiar\/que-estudiar\/oferta-de-masteres\/master-universitario-en-psicologia-general-sanitaria\/51410017\"><strong>+info<\/strong><\/a><\/td><\/tr><tr><td>Salud en Alteraciones Mentales: Propuestas para la Intervenci\u00f3n Psicol\u00f3gica<\/td><td>3<\/td><td>1<\/td><td><a href=\"https:\/\/www.us.es\/estudiar\/que-estudiar\/oferta-de-masteres\/master-universitario-en-psicologia-general-sanitaria\/51410018\"><strong>+info<\/strong><\/a><\/td><\/tr><tr><td>Tratamiento Familiar en Situaciones de Riesgo y Desprotecci\u00f3n<\/td><td>3<\/td><td>1<\/td><td><a href=\"https:\/\/www.us.es\/estudiar\/que-estudiar\/oferta-de-masteres\/master-universitario-en-psicologia-general-sanitaria\/51410019\"><strong>+info<\/strong><\/a><\/td><\/tr><tr><td>Pr\u00e1cticas II<\/td><td>18<\/td><td>2<\/td><td><a href=\"https:\/\/www.us.es\/estudiar\/que-estudiar\/oferta-de-masteres\/master-universitario-en-psicologia-general-sanitaria\/51410021\"><strong>+info<\/strong><\/a><\/td><\/tr><tr><td>Trabajo Fin de M\u00e1ster<\/td><td>12<\/td><td>2<\/td><td><a href=\"https:\/\/www.us.es\/estudiar\/que-estudiar\/oferta-de-masteres\/master-universitario-en-psicologia-general-sanitaria\/51410022\"><strong>+info<\/strong><\/a><\/td><\/tr><\/tbody><\/table><\/figure>\n\n\n\n<p><\/p>\n\n\n\n<h3 class=\"wp-block-heading\">MU Psicolog\u00eda de la Intervenci\u00f3n Social y Comunitaria<\/h3>\n\n\n\n<figure class=\"wp-block-table is-style-stripes\"><table><tbody><tr><td><strong>Asignatura<\/strong><\/td><td><strong>ECTS<\/strong><\/td><td><strong>Curso<\/strong><\/td><td><strong>&nbsp;<\/strong><\/td><\/tr><tr><td>Intervenci\u00f3n en Violencia, Maltrato y Abuso Sexual<\/td><td>4<\/td><td>\u00a01<\/td><td><a href=\"https:\/\/www.us.es\/estudiar\/que-estudiar\/oferta-de-masteres\/master-universitario-en-psicologia-de-la-intervencion\/51050006\"><strong>+info<\/strong><\/a><\/td><\/tr><tr><td>Metodolog\u00eda de la Intervenci\u00f3n<\/td><td>4<\/td><td>\u00a01<\/td><td><a href=\"https:\/\/www.us.es\/estudiar\/que-estudiar\/oferta-de-masteres\/master-universitario-en-psicologia-de-la-intervencion\/51050018\"><strong>+info<\/strong><\/a><\/td><\/tr><tr><td>Trabajo Fin de M\u00e1ster<\/td><td>10<\/td><td>\u00a01<\/td><td><a href=\"https:\/\/www.us.es\/estudiar\/que-estudiar\/oferta-de-masteres\/master-universitario-en-psicologia-de-la-intervencion\/51050021\"><strong>+info<\/strong><\/a><\/td><\/tr><tr><td>Intervenci\u00f3n en los Contextos Forense y Judicial<\/td><td>4<\/td><td>\u00a01<\/td><td><a href=\"https:\/\/www.us.es\/estudiar\/que-estudiar\/oferta-de-masteres\/master-universitario-en-psicologia-de-la-intervencion\/51050023\"><strong>+info<\/strong><\/a><\/td><\/tr><\/tbody><\/table><\/figure>\n\n\n\n<p><\/p>\n\n\n\n<h3 class=\"wp-block-heading\">MU Intervenci\u00f3n y Mediaci\u00f3n Familiar<\/h3>\n\n\n\n<figure class=\"wp-block-table is-style-stripes\"><table><tbody><tr><td><strong>Asignatura<\/strong><\/td><td><strong>ECTS<\/strong><\/td><td><strong>Curso<\/strong><\/td><td><strong>&nbsp;<\/strong><\/td><\/tr><tr><td>Conflictos Familiares: Mediaci\u00f3n y Terapia<\/td><td>5<\/td><td>1<\/td><td><a href=\"https:\/\/www.us.es\/estudiar\/que-estudiar\/oferta-de-masteres\/master-universitario-en-intervencion-y-mediacion-familiar\/51890006\"><strong>+info<\/strong><\/a><\/td><\/tr><tr><td>Instrumentos y T\u00e9cnicas de Trabajo en IMF<\/td><td>5<\/td><td>1<\/td><td><a href=\"https:\/\/www.us.es\/estudiar\/que-estudiar\/oferta-de-masteres\/master-universitario-en-intervencion-y-mediacion-familiar\/51890012\"><strong>+info<\/strong><\/a><\/td><\/tr><\/tbody><\/table><\/figure>\n\n\n\n<p><\/p>\n\n\n\n<h3 class=\"wp-block-heading\">MU Psicolog\u00eda de las Organizaciones y el Trabajo<\/h3>\n\n\n\n<figure class=\"wp-block-table is-style-stripes\"><table><tbody><tr><td><strong>Asignatura<\/strong><\/td><td><strong>ECTS<\/strong><\/td><td><strong>Curso<\/strong><\/td><td><strong>&nbsp;<\/strong><\/td><\/tr><tr><td>Intervenci\u00f3n en Psicolog\u00eda del Trabajo<\/td><td>6<\/td><td>1<\/td><td><strong><a href=\"https:\/\/www.us.es\/estudiar\/que-estudiar\/oferta-de-masteres\/master-universitario-en-psicologia-de-las-organizaciones-y\/50410007\">+info<\/a><\/strong><\/td><\/tr><\/tbody><\/table><\/figure>\n\n\n\n<p><\/p>\n\n\n\n<h3 class=\"wp-block-heading\">MU Migraciones Internacionales, Salud y Bienestar<\/h3>\n\n\n\n<figure class=\"wp-block-table is-style-stripes\"><table><tbody><tr><td><strong>Asignatura<\/strong><\/td><td><strong>ECTS<\/strong><\/td><td><strong>Curso<\/strong><\/td><td><strong>&nbsp;<\/strong><\/td><\/tr><tr><td>Migraciones, Diversidad y Salud Mental<\/td><td>4<\/td><td>\u00a01<\/td><td><a href=\"https:\/\/www.us.es\/estudiar\/que-estudiar\/oferta-de-masteres\/master-universitario-en-migraciones-internacionales-salud\/51330015\"><strong>+info<\/strong><\/a><\/td><\/tr><\/tbody><\/table><\/figure>\n\n\n\n<p><\/p>\n","protected":false},"excerpt":{"rendered":"<p>Aqu\u00ed puedes encontrar informaci\u00f3n sobre las asignaturas que impartimos en distintos t\u00edtulos oficiales de la Facultad de Psicolog\u00eda de la Universidad de Sevilla. MU Psicolog\u00eda General Sanitaria (MPGS) Si quieres saber m\u00e1s del M\u00e1ster en Psicolog\u00eda General Sanitaria, no dudes en consultar la secci\u00f3n que hemos preparado. Asignatura ECTS Curso &nbsp; Evaluaci\u00f3n y Diagn\u00f3stico en&hellip;&nbsp;<a href=\"https:\/\/departamento.us.es\/petra\/docencia\/master-universitario\/masters-en-psicologia\/\" rel=\"bookmark\">Leer m\u00e1s &raquo;<span class=\"screen-reader-text\">M\u00e1sters en Psicolog\u00eda<\/span><\/a><\/p>\n","protected":false},"author":1,"featured_media":0,"parent":294,"menu_order":0,"comment_status":"closed","ping_status":"closed","template":"","meta":{"neve_meta_sidebar":"","neve_meta_container":"","neve_meta_enable_content_width":"","neve_meta_content_width":0,"neve_meta_title_alignment":"","neve_meta_author_avatar":"","neve_post_elements_order":"","neve_meta_disable_header":"","neve_meta_disable_footer":"","neve_meta_disable_title":"","iawp_total_views":68,"footnotes":""},"class_list":["post-297","page","type-page","status-publish","hentry"],"_links":{"self":[{"href":"https:\/\/departamento.us.es\/petra\/wp-json\/wp\/v2\/pages\/297","targetHints":{"allow":["GET"]}}],"collection":[{"href":"https:\/\/departamento.us.es\/petra\/wp-json\/wp\/v2\/pages"}],"about":[{"href":"https:\/\/departamento.us.es\/petra\/wp-json\/wp\/v2\/types\/page"}],"author":[{"embeddable":true,"href":"https:\/\/departamento.us.es\/petra\/wp-json\/wp\/v2\/users\/1"}],"replies":[{"embeddable":true,"href":"https:\/\/departamento.us.es\/petra\/wp-json\/wp\/v2\/comments?post=297"}],"version-history":[{"count":5,"href":"https:\/\/departamento.us.es\/petra\/wp-json\/wp\/v2\/pages\/297\/revisions"}],"predecessor-version":[{"id":339,"href":"https:\/\/departamento.us.es\/petra\/wp-json\/wp\/v2\/pages\/297\/revisions\/339"}],"up":[{"embeddable":true,"href":"https:\/\/departamento.us.es\/petra\/wp-json\/wp\/v2\/pages\/294"}],"wp:attachment":[{"href":"https:\/\/departamento.us.es\/petra\/wp-json\/wp\/v2\/media?parent=297"}],"curies":[{"name":"wp","href":"https:\/\/api.w.org\/{rel}","templated":true}]}}