{"id":299,"date":"2025-03-20T12:23:44","date_gmt":"2025-03-20T11:23:44","guid":{"rendered":"https:\/\/departamento.us.es\/petra\/?page_id=299"},"modified":"2025-03-20T12:57:12","modified_gmt":"2025-03-20T11:57:12","slug":"otros-masters","status":"publish","type":"page","link":"https:\/\/departamento.us.es\/petra\/docencia\/master-universitario\/otros-masters\/","title":{"rendered":"Otros M\u00e1sters"},"content":{"rendered":"\n<p>Aqu\u00ed encontrar\u00e1s una lista de nuestras asignaturas en M\u00e1sters desarrollados en otros centros.<\/p>\n\n\n\n<p>Puedes obtener toda la informaci\u00f3n sobre los contenidos pulsando <strong><em>+info<\/em><\/strong>. <\/p>\n\n\n\n<p><\/p>\n\n\n\n<h3 class=\"wp-block-heading\">MU Estudios de G\u00e9nero y Desarrollo Profesional (Centro Internacional)<\/h3>\n\n\n\n<figure class=\"wp-block-table is-style-stripes\"><table><tbody><tr><td><strong>Asignatura<\/strong><\/td><td><strong>ECTS<\/strong><\/td><td><strong>Curso<\/strong><\/td><td><strong>&nbsp;<\/strong><\/td><\/tr><tr><td>Pr\u00e1cticas en Empresas<\/td><td>4<\/td><td>1<\/td><td><a href=\"https:\/\/www.us.es\/estudiar\/que-estudiar\/oferta-de-masteres\/master-universitario-en-estudios-de-genero-y-desarrollo\/50390015\"><strong>+info<\/strong><\/a><\/td><\/tr><tr><td>Prevenci\u00f3n e Intervenci\u00f3n en Violencia y otros Problemas de G\u00e9nero<\/td><td>4<\/td><td>1<\/td><td><a href=\"https:\/\/www.us.es\/estudiar\/que-estudiar\/oferta-de-masteres\/master-universitario-en-estudios-de-genero-y-desarrollo\/50390016\"><strong>+info<\/strong><\/a><\/td><\/tr><tr><td>Trabajo Fin de M\u00e1ster<\/td><td>6<\/td><td>1<\/td><td><a href=\"https:\/\/www.us.es\/estudiar\/que-estudiar\/oferta-de-masteres\/master-universitario-en-estudios-de-genero-y-desarrollo\/50390018\"><strong>+info<\/strong><\/a><\/td><\/tr><tr><td>Pr\u00e1cticas en Empresas<\/td><td>4<\/td><td>1<\/td><td><a href=\"https:\/\/www.us.es\/estudiar\/que-estudiar\/oferta-de-masteres\/master-universitario-en-estudios-de-genero-y-desarrollo\/50390015\"><strong>+info<\/strong><\/a><\/td><\/tr><\/tbody><\/table><\/figure>\n\n\n\n<p><\/p>\n\n\n\n<h3 class=\"wp-block-heading\">MU Escritura Creativa (F. Ciencias de la Comunicaci\u00f3n)<\/h3>\n\n\n\n<figure class=\"wp-block-table is-style-stripes\"><table><tbody><tr><td><strong>Asignatura<\/strong><\/td><td><strong>ECTS<\/strong><\/td><td><strong>Curso<\/strong><\/td><td><strong>&nbsp;<\/strong><\/td><\/tr><tr><td>Modelos de Conducta Humana<\/td><td>4<\/td><td>1<\/td><td><strong><a href=\"https:\/\/www.us.es\/estudiar\/que-estudiar\/oferta-de-masteres\/master-universitario-en-escritura-creativa\/50710004\">+info<\/a><\/strong><\/td><\/tr><\/tbody><\/table><\/figure>\n\n\n\n<p><\/p>\n","protected":false},"excerpt":{"rendered":"<p>Aqu\u00ed encontrar\u00e1s una lista de nuestras asignaturas en M\u00e1sters desarrollados en otros centros. Puedes obtener toda la informaci\u00f3n sobre los contenidos pulsando +info. MU Estudios de G\u00e9nero y Desarrollo Profesional (Centro Internacional) Asignatura ECTS Curso &nbsp; Pr\u00e1cticas en Empresas 4 1 +info Prevenci\u00f3n e Intervenci\u00f3n en Violencia y otros Problemas de G\u00e9nero 4 1 +info&hellip;&nbsp;<a href=\"https:\/\/departamento.us.es\/petra\/docencia\/master-universitario\/otros-masters\/\" rel=\"bookmark\">Leer m\u00e1s &raquo;<span class=\"screen-reader-text\">Otros M\u00e1sters<\/span><\/a><\/p>\n","protected":false},"author":1,"featured_media":0,"parent":294,"menu_order":3,"comment_status":"closed","ping_status":"closed","template":"","meta":{"neve_meta_sidebar":"","neve_meta_container":"","neve_meta_enable_content_width":"","neve_meta_content_width":0,"neve_meta_title_alignment":"","neve_meta_author_avatar":"","neve_post_elements_order":"","neve_meta_disable_header":"","neve_meta_disable_footer":"","neve_meta_disable_title":"","iawp_total_views":7,"footnotes":""},"class_list":["post-299","page","type-page","status-publish","hentry"],"_links":{"self":[{"href":"https:\/\/departamento.us.es\/petra\/wp-json\/wp\/v2\/pages\/299","targetHints":{"allow":["GET"]}}],"collection":[{"href":"https:\/\/departamento.us.es\/petra\/wp-json\/wp\/v2\/pages"}],"about":[{"href":"https:\/\/departamento.us.es\/petra\/wp-json\/wp\/v2\/types\/page"}],"author":[{"embeddable":true,"href":"https:\/\/departamento.us.es\/petra\/wp-json\/wp\/v2\/users\/1"}],"replies":[{"embeddable":true,"href":"https:\/\/departamento.us.es\/petra\/wp-json\/wp\/v2\/comments?post=299"}],"version-history":[{"count":3,"href":"https:\/\/departamento.us.es\/petra\/wp-json\/wp\/v2\/pages\/299\/revisions"}],"predecessor-version":[{"id":313,"href":"https:\/\/departamento.us.es\/petra\/wp-json\/wp\/v2\/pages\/299\/revisions\/313"}],"up":[{"embeddable":true,"href":"https:\/\/departamento.us.es\/petra\/wp-json\/wp\/v2\/pages\/294"}],"wp:attachment":[{"href":"https:\/\/departamento.us.es\/petra\/wp-json\/wp\/v2\/media?parent=299"}],"curies":[{"name":"wp","href":"https:\/\/api.w.org\/{rel}","templated":true}]}}