{"id":316,"date":"2025-03-20T13:07:55","date_gmt":"2025-03-20T12:07:55","guid":{"rendered":"https:\/\/departamento.us.es\/petra\/?page_id=316"},"modified":"2025-06-17T14:33:43","modified_gmt":"2025-06-17T12:33:43","slug":"programa-de-doctorado","status":"publish","type":"page","link":"https:\/\/departamento.us.es\/petra\/conocenos\/programa-de-doctorado\/","title":{"rendered":"Programa de Doctorado"},"content":{"rendered":"\n<h4 class=\"wp-block-heading\">\u00bfTe interesa realizar estudios de doctorado con nosotros? <\/h4>\n\n\n\n<p>Dentro del programa de doctorado en Psicolog\u00eda, nuestro profesor genera investigaci\u00f3n y conocimiento en la l\u00ednea denominada <strong><em>Intervenci\u00f3n Psicol\u00f3gica en Cl\u00ednica y Salud<\/em><\/strong>.<\/p>\n\n\n\n<p>Puedes consultar la informaci\u00f3n disponible a trav\u00e9s de la Escuela Internacional de Doctorado de la US (EIDUS)<\/p>\n\n\n<div class=\"wp-block-image\">\n<figure class=\"aligncenter size-full\"><a href=\"https:\/\/doctorado.us.es\/estudios\/programas-de-doctorado\/psicologia\" target=\"_blank\" rel=\" noreferrer noopener\"><img loading=\"lazy\" decoding=\"async\" width=\"222\" height=\"80\" src=\"https:\/\/departamento.us.es\/petra\/wp-content\/uploads\/2025\/03\/image.png\" alt=\"Lodo de EIDUS, pulsa para visitar la p\u00e1gina del doctorado en psicolog\u00eda\" class=\"wp-image-317\"\/><\/a><\/figure>\n<\/div>\n\n\n<p>Si tienes alguna duda, puedes contactar directamente con el coordinador del programa, Dr. Francisco Javier Cano Garc\u00eda (doctorado_psicologia@us.es).<\/p>\n\n\n\n<h2 class=\"wp-block-heading\">\u00daltimas novedades<\/h2>\n\n\n<ul class=\"wp-block-latest-posts__list is-grid columns-3 has-author wp-block-latest-posts\"><\/ul>\n\n\n<p><\/p>\n","protected":false},"excerpt":{"rendered":"<p>\u00bfTe interesa realizar estudios de doctorado con nosotros? Dentro del programa de doctorado en Psicolog\u00eda, nuestro profesor genera investigaci\u00f3n y conocimiento en la l\u00ednea denominada Intervenci\u00f3n Psicol\u00f3gica en Cl\u00ednica y Salud. Puedes consultar la informaci\u00f3n disponible a trav\u00e9s de la Escuela Internacional de Doctorado de la US (EIDUS) Si tienes alguna duda, puedes contactar directamente&hellip;&nbsp;<a href=\"https:\/\/departamento.us.es\/petra\/conocenos\/programa-de-doctorado\/\" rel=\"bookmark\">Leer m\u00e1s &raquo;<span class=\"screen-reader-text\">Programa de Doctorado<\/span><\/a><\/p>\n","protected":false},"author":1,"featured_media":0,"parent":19,"menu_order":0,"comment_status":"closed","ping_status":"closed","template":"","meta":{"neve_meta_sidebar":"","neve_meta_container":"","neve_meta_enable_content_width":"","neve_meta_content_width":0,"neve_meta_title_alignment":"","neve_meta_author_avatar":"","neve_post_elements_order":"","neve_meta_disable_header":"","neve_meta_disable_footer":"","neve_meta_disable_title":"","iawp_total_views":47,"footnotes":""},"class_list":["post-316","page","type-page","status-publish","hentry"],"_links":{"self":[{"href":"https:\/\/departamento.us.es\/petra\/wp-json\/wp\/v2\/pages\/316","targetHints":{"allow":["GET"]}}],"collection":[{"href":"https:\/\/departamento.us.es\/petra\/wp-json\/wp\/v2\/pages"}],"about":[{"href":"https:\/\/departamento.us.es\/petra\/wp-json\/wp\/v2\/types\/page"}],"author":[{"embeddable":true,"href":"https:\/\/departamento.us.es\/petra\/wp-json\/wp\/v2\/users\/1"}],"replies":[{"embeddable":true,"href":"https:\/\/departamento.us.es\/petra\/wp-json\/wp\/v2\/comments?post=316"}],"version-history":[{"count":3,"href":"https:\/\/departamento.us.es\/petra\/wp-json\/wp\/v2\/pages\/316\/revisions"}],"predecessor-version":[{"id":648,"href":"https:\/\/departamento.us.es\/petra\/wp-json\/wp\/v2\/pages\/316\/revisions\/648"}],"up":[{"embeddable":true,"href":"https:\/\/departamento.us.es\/petra\/wp-json\/wp\/v2\/pages\/19"}],"wp:attachment":[{"href":"https:\/\/departamento.us.es\/petra\/wp-json\/wp\/v2\/media?parent=316"}],"curies":[{"name":"wp","href":"https:\/\/api.w.org\/{rel}","templated":true}]}}