{"id":351,"date":"2025-03-25T10:40:34","date_gmt":"2025-03-25T09:40:34","guid":{"rendered":"https:\/\/departamento.us.es\/petra\/?page_id=351"},"modified":"2025-03-25T10:54:10","modified_gmt":"2025-03-25T09:54:10","slug":"buzon-petra","status":"publish","type":"page","link":"https:\/\/departamento.us.es\/petra\/buzon-petra\/","title":{"rendered":"Buz\u00f3n PETRA"},"content":{"rendered":"\n<h2 class=\"wp-block-heading\">Comentarios, quejas, sugerencias y felicitaciones<\/h2>\n\n\n\n<p>En este apartado encontrar\u00e1s un formulario a trav\u00e9s del cual puedes hacernos llegar comentarios de cualquier tipo. Estos comentarios ser\u00e1n recibidos por la direcci\u00f3n del departamento para su estudio y respuesta.<\/p>\n\n\n\n<p>Es posible enviar comentarios an\u00f3nimos, si lo prefieres.<\/p>\n\n\n\n<iframe loading=\"lazy\" width=\"640px\" height=\"1000px\" src=\"https:\/\/forms.office.com\/Pages\/ResponsePage.aspx?id=TmhK77WBHEmpjsezG-bEaegzl-xoTBlGjL0nF4QyNTZUOUtKOFozSVhQRE84SllJSU5VV0FFTU1MUy4u&#038;embed=true\" frameborder=\"0\" marginwidth=\"0\" marginheight=\"0\" style=\"border: none; max-width:100%; max-height:100vh\" allowfullscreen webkitallowfullscreen mozallowfullscreen msallowfullscreen> <\/iframe>\n\n\n\n<p><\/p>\n","protected":false},"excerpt":{"rendered":"<p>Comentarios, quejas, sugerencias y felicitaciones En este apartado encontrar\u00e1s un formulario a trav\u00e9s del cual puedes hacernos llegar comentarios de cualquier tipo. Estos comentarios ser\u00e1n recibidos por la direcci\u00f3n del departamento para su estudio y respuesta. Es posible enviar comentarios an\u00f3nimos, si lo prefieres.<\/p>\n","protected":false},"author":1,"featured_media":0,"parent":0,"menu_order":11,"comment_status":"closed","ping_status":"closed","template":"","meta":{"neve_meta_sidebar":"","neve_meta_container":"","neve_meta_enable_content_width":"","neve_meta_content_width":0,"neve_meta_title_alignment":"","neve_meta_author_avatar":"","neve_post_elements_order":"","neve_meta_disable_header":"","neve_meta_disable_footer":"","neve_meta_disable_title":"","iawp_total_views":10,"footnotes":""},"class_list":["post-351","page","type-page","status-publish","hentry"],"_links":{"self":[{"href":"https:\/\/departamento.us.es\/petra\/wp-json\/wp\/v2\/pages\/351","targetHints":{"allow":["GET"]}}],"collection":[{"href":"https:\/\/departamento.us.es\/petra\/wp-json\/wp\/v2\/pages"}],"about":[{"href":"https:\/\/departamento.us.es\/petra\/wp-json\/wp\/v2\/types\/page"}],"author":[{"embeddable":true,"href":"https:\/\/departamento.us.es\/petra\/wp-json\/wp\/v2\/users\/1"}],"replies":[{"embeddable":true,"href":"https:\/\/departamento.us.es\/petra\/wp-json\/wp\/v2\/comments?post=351"}],"version-history":[{"count":5,"href":"https:\/\/departamento.us.es\/petra\/wp-json\/wp\/v2\/pages\/351\/revisions"}],"predecessor-version":[{"id":356,"href":"https:\/\/departamento.us.es\/petra\/wp-json\/wp\/v2\/pages\/351\/revisions\/356"}],"wp:attachment":[{"href":"https:\/\/departamento.us.es\/petra\/wp-json\/wp\/v2\/media?parent=351"}],"curies":[{"name":"wp","href":"https:\/\/api.w.org\/{rel}","templated":true}]}}