{"id":363,"date":"2025-03-25T20:49:32","date_gmt":"2025-03-25T19:49:32","guid":{"rendered":"https:\/\/departamento.us.es\/petra\/?page_id=363"},"modified":"2025-10-08T12:01:57","modified_gmt":"2025-10-08T10:01:57","slug":"alumnado-interno","status":"publish","type":"page","link":"https:\/\/departamento.us.es\/petra\/alumnado\/alumnado-interno\/","title":{"rendered":"Alumnado interno"},"content":{"rendered":"\n<h4 class=\"wp-block-heading\">Adem\u00e1s de completar los cursos propuestos desde nuestro departamento, el alumnado que est\u00e9 interesado en nuestra \u00e1rea de conocimiento puede implicarse m\u00e1s en el d\u00eda a d\u00eda de PETRA mediante la figura del alumno\/a interno\/a.<\/h4>\n\n\n\n<p>El alumnado que participa como interno en el departamento se integra dentro de las actividades docentes de nuestro profesorado, asoci\u00e1ndose a una asignatura de la titulaci\u00f3n que cursa. Dado que nuestras l\u00edneas de investigaci\u00f3n discurren cerca de las materias que impartimos, la figura del alumnado interno ofrece una oportunidad \u00fanica de participar, tambi\u00e9n, en labores de investigaci\u00f3n. \u00a1Puede ser toda una experiencia!<\/p>\n\n\n\n<p>Si te interesa explorar esta opci\u00f3n, hay varias cosas que saber<\/p>\n\n\n\n<h3 class=\"wp-block-heading\">1. Localiza al profesorado que m\u00e1s te interesa<\/h3>\n\n\n\n<p>Aunque la cifra exacta var\u00eda de a\u00f1o en a\u00f1o -en funci\u00f3n de las incorporaciones, bajas, estancias de investigaci\u00f3n, etc.-, el n\u00facleo del departamento de PETRA comprende a unas 35 personas. S\u00f3lo puedes ser alumno interno de un profesor o profesora cada curso, por lo que debes elegir qu\u00e9 \u00e1mbitos te interesan m\u00e1s. <a href=\"https:\/\/departamento.us.es\/petra\/pagina-ejemplo\/personal\/\" data-type=\"page\" data-id=\"52\">Visitar nuestro directorio <\/a>o <a href=\"https:\/\/departamento.us.es\/petra\/conocenos\/grupos-de-investigacion\/\" data-type=\"page\" data-id=\"64\">nuestros grupos de investigaci\u00f3n<\/a> puede ser un buen comienzo.<\/p>\n\n\n\n<h3 class=\"wp-block-heading\">2. Conoce el procedimiento<\/h3>\n\n\n\n<p>Una vez sepas qu\u00e9 l\u00edneas y asignaturas te interesan, es el momento de contactar con el profesorado. Es importante ser selectivos y no escribir a todo el departamento, aunque s\u00ed puede ser interesante contactar con un grupo, si trabajan en la misma l\u00ednea. <\/p>\n\n\n\n<p>Una vez cuentes con el visto bueno de alg\u00fan docente (puede ser necesaria una entrevista), tendr\u00e1s que completar documentos y consignar la firma de ambas partes. Las instrucciones y formularios pueden encontrarse en la siguiente secci\u00f3n.<\/p>\n\n\n\n<p>El periodo de selecci\u00f3n y solicitud se activa a principios de curso, entre finales de septiembre y principios de octubre. Anunciaremos este periodo en nuestra secci\u00f3n de <a href=\"https:\/\/departamento.us.es\/petra\/novedades\/\" data-type=\"page\" data-id=\"17\" target=\"_blank\" rel=\"noreferrer noopener\">novedades<\/a>, pero tambi\u00e9n puedes <a href=\"https:\/\/departamento.us.es\/petra\/pagina-ejemplo\/contacto\/\" data-type=\"page\" data-id=\"13\">consultar a nuestro personal de Secretar\u00eda<\/a> para asegurarte. Recuerda que s\u00f3lo tenemos un periodo de selecci\u00f3n cada curso, \u00a1no lo dejes pasar!<\/p>\n\n\n\n<h3 class=\"wp-block-heading\">3. Normas y documentos<\/h3>\n\n\n<div class=\"wp-block-image\">\n<figure class=\"alignright size-full is-resized\"><a href=\"https:\/\/departamento.us.es\/petra\/wp-content\/uploads\/2025\/10\/Convocatoria-Estudiantes-Internos_curso-2025_2026_Departamento.pdf\"><img loading=\"lazy\" decoding=\"async\" width=\"512\" height=\"512\" src=\"https:\/\/departamento.us.es\/petra\/wp-content\/uploads\/2025\/03\/pdf-icono.png\" alt=\"Documentaci\u00f3n de la solicitud de alumnado interno\" class=\"wp-image-258\" style=\"width:auto;height:70px\" srcset=\"https:\/\/departamento.us.es\/petra\/wp-content\/uploads\/2025\/03\/pdf-icono.png 512w, https:\/\/departamento.us.es\/petra\/wp-content\/uploads\/2025\/03\/pdf-icono-300x300.png 300w, https:\/\/departamento.us.es\/petra\/wp-content\/uploads\/2025\/03\/pdf-icono-150x150.png 150w\" sizes=\"auto, (max-width: 512px) 100vw, 512px\" \/><\/a><\/figure>\n<\/div>\n\n\n<p>Los impresos con las instrucciones y formularios a completar pueden obtenerse pulsando en el icono de la derecha. <br>Recuerda que debes incorporar un curr\u00edculum vitae a tu solicitud. <br><br> <\/p>\n\n\n<div class=\"wp-block-image\">\n<figure class=\"alignright size-full is-resized\"><a href=\"https:\/\/departamento.us.es\/fintegradas\/wp-content\/uploads\/2015\/03\/Normativa_Estudiantes_Internos2.pdf\" target=\"_blank\" rel=\" noreferrer noopener\"><img loading=\"lazy\" decoding=\"async\" width=\"512\" height=\"512\" src=\"https:\/\/departamento.us.es\/petra\/wp-content\/uploads\/2025\/03\/pdf-icono.png\" alt=\"Enlace a la normativa de alumnado interno en la web de la US\" class=\"wp-image-258\" style=\"width:auto;height:70px\" srcset=\"https:\/\/departamento.us.es\/petra\/wp-content\/uploads\/2025\/03\/pdf-icono.png 512w, https:\/\/departamento.us.es\/petra\/wp-content\/uploads\/2025\/03\/pdf-icono-300x300.png 300w, https:\/\/departamento.us.es\/petra\/wp-content\/uploads\/2025\/03\/pdf-icono-150x150.png 150w\" sizes=\"auto, (max-width: 512px) 100vw, 512px\" \/><\/a><\/figure>\n<\/div>\n\n\n<p>Tienes toda la informaci\u00f3n sobre la figura del alumnado interno en la normativa correspondiente, que puedes conocer pulsando en el icono de la derecha. Algunas particularidades vienen dictadas por los acuerdos de departamento: por ejemplo, en PETRA se estipula un<strong> m\u00e1ximo de cuatro alumnos\/as <\/strong>por cada docente. <\/p>\n\n\n\n<h3 class=\"wp-block-heading\">4. Obt\u00e9n tu reconocimiento<\/h3>\n\n\n\n<p>Una vez terminado el curso acad\u00e9mico, el\/la profesor\/a emitir\u00e1 un informe sobre tu rendimiento. Si \u00e9ste es positivo, obtendr\u00e1s un documento de reconocimiento de tu labor que puede ser de inter\u00e9s para a\u00f1adir a tu curr\u00edculum. <\/p>\n\n\n\n<p>Puedes <a href=\"https:\/\/departamento.us.es\/petra\/pagina-ejemplo\/contacto\/\" data-type=\"page\" data-id=\"13\" target=\"_blank\" rel=\"noreferrer noopener\">dirigirte a nuestro personal de Secretar\u00eda<\/a> para conocer el procedimiento de solicitud de este documento.<\/p>\n","protected":false},"excerpt":{"rendered":"<p>Adem\u00e1s de completar los cursos propuestos desde nuestro departamento, el alumnado que est\u00e9 interesado en nuestra \u00e1rea de conocimiento puede implicarse m\u00e1s en el d\u00eda a d\u00eda de PETRA mediante la figura del alumno\/a interno\/a. El alumnado que participa como interno en el departamento se integra dentro de las actividades docentes de nuestro profesorado, asoci\u00e1ndose&hellip;&nbsp;<a href=\"https:\/\/departamento.us.es\/petra\/alumnado\/alumnado-interno\/\" rel=\"bookmark\">Leer m\u00e1s &raquo;<span class=\"screen-reader-text\">Alumnado interno<\/span><\/a><\/p>\n","protected":false},"author":1,"featured_media":0,"parent":361,"menu_order":0,"comment_status":"closed","ping_status":"closed","template":"","meta":{"neve_meta_sidebar":"","neve_meta_container":"","neve_meta_enable_content_width":"","neve_meta_content_width":0,"neve_meta_title_alignment":"","neve_meta_author_avatar":"","neve_post_elements_order":"","neve_meta_disable_header":"","neve_meta_disable_footer":"","neve_meta_disable_title":"","iawp_total_views":265,"footnotes":""},"class_list":["post-363","page","type-page","status-publish","hentry"],"_links":{"self":[{"href":"https:\/\/departamento.us.es\/petra\/wp-json\/wp\/v2\/pages\/363","targetHints":{"allow":["GET"]}}],"collection":[{"href":"https:\/\/departamento.us.es\/petra\/wp-json\/wp\/v2\/pages"}],"about":[{"href":"https:\/\/departamento.us.es\/petra\/wp-json\/wp\/v2\/types\/page"}],"author":[{"embeddable":true,"href":"https:\/\/departamento.us.es\/petra\/wp-json\/wp\/v2\/users\/1"}],"replies":[{"embeddable":true,"href":"https:\/\/departamento.us.es\/petra\/wp-json\/wp\/v2\/comments?post=363"}],"version-history":[{"count":7,"href":"https:\/\/departamento.us.es\/petra\/wp-json\/wp\/v2\/pages\/363\/revisions"}],"predecessor-version":[{"id":711,"href":"https:\/\/departamento.us.es\/petra\/wp-json\/wp\/v2\/pages\/363\/revisions\/711"}],"up":[{"embeddable":true,"href":"https:\/\/departamento.us.es\/petra\/wp-json\/wp\/v2\/pages\/361"}],"wp:attachment":[{"href":"https:\/\/departamento.us.es\/petra\/wp-json\/wp\/v2\/media?parent=363"}],"curies":[{"name":"wp","href":"https:\/\/api.w.org\/{rel}","templated":true}]}}