{"id":364,"date":"2025-03-25T20:49:23","date_gmt":"2025-03-25T19:49:23","guid":{"rendered":"https:\/\/departamento.us.es\/petra\/?page_id=364"},"modified":"2025-03-27T12:15:09","modified_gmt":"2025-03-27T11:15:09","slug":"asistentes-honorarios","status":"publish","type":"page","link":"https:\/\/departamento.us.es\/petra\/alumnado\/asistentes-honorarios\/","title":{"rendered":"Asistentes honorarios"},"content":{"rendered":"\n<h4 class=\"wp-block-heading\">La figura del asistente honorario busca dar un espacio reconocible al alumnado egresado que quiere mantenerse cerca del departamento, colaborando en acciones de investigaci\u00f3n. <\/h4>\n\n\n\n<p>Si has sido <a href=\"https:\/\/departamento.us.es\/petra\/alumnado\/alumnado-interno\/\" data-type=\"page\" data-id=\"363\">alumno\/a interno\/a<\/a>, o si no lo has sido pero tienes inter\u00e9s en conocer la investigaci\u00f3n de nuestro departamento por dentro, \u00e9sta puede ser tu figura.<\/p>\n\n\n\n<h3 class=\"wp-block-heading\">1. Requisitos<\/h3>\n\n\n\n<p>Puedes ser asistente honorario si dispones de titulaci\u00f3n oficial (licenciatura o grado) en Psicolog\u00eda. Las solicitudes son valoradas por el departamento para decidir sobre su admisi\u00f3n, ya que existe un n\u00famero limitado de plazas establecido por la normativa. Si dispones de experiencia en investigaci\u00f3n y\/o formaci\u00f3n complementaria -por ejemplo, la habilitaci\u00f3n en psicolog\u00eda general sanitaria o psicolog\u00eda cl\u00ednica-, tu candidatura se fortalece. \u00a1No olvides incluirlo en tu CV!<\/p>\n\n\n\n<p>Dado que las labores de un asistente honorario est\u00e1n referidas a la investigaci\u00f3n, es importante contactar con miembros del departamento con los que quieras colaborar. En nuestro directorio puedes encontrar informaci\u00f3n tanto de los <a href=\"https:\/\/departamento.us.es\/petra\/conocenos\/grupos-de-investigacion\/\" data-type=\"page\" data-id=\"64\">grupos de investigaci\u00f3n<\/a> como de <a href=\"https:\/\/departamento.us.es\/petra\/pagina-ejemplo\/personal\/\" data-type=\"page\" data-id=\"52\">cada profesor\/a<\/a> para orientarte en tu b\u00fasqueda. <\/p>\n\n\n\n<h3 class=\"wp-block-heading\">2. Procedimiento y normas <\/h3>\n\n\n<div class=\"wp-block-image\">\n<figure class=\"alignright size-full is-resized\"><a href=\"https:\/\/servicio.us.es\/academica\/sites\/default\/files\/normativa\/Normativa_Asistentes_Honorarios.pdf\" target=\"_blank\" rel=\" noreferrer noopener\"><img loading=\"lazy\" decoding=\"async\" width=\"512\" height=\"512\" src=\"https:\/\/departamento.us.es\/petra\/wp-content\/uploads\/2025\/03\/pdf-icono.png\" alt=\"Enlace a la normativa sobre asistentes honorarios de la US\" class=\"wp-image-258\" style=\"width:auto;height:70px\" srcset=\"https:\/\/departamento.us.es\/petra\/wp-content\/uploads\/2025\/03\/pdf-icono.png 512w, https:\/\/departamento.us.es\/petra\/wp-content\/uploads\/2025\/03\/pdf-icono-300x300.png 300w, https:\/\/departamento.us.es\/petra\/wp-content\/uploads\/2025\/03\/pdf-icono-150x150.png 150w\" sizes=\"auto, (max-width: 512px) 100vw, 512px\" \/><\/a><\/figure>\n<\/div>\n\n\n<p>La normativa espec\u00edfica sobre esta figura puede encontrarse pulsando sobre el icono de la derecha, que te redirigir\u00e1 a un documento alojado en la web de la US. Tambi\u00e9n debes consultar la normativa interna del departamento, que aparece en el Anexo I (ver m\u00e1s abajo).<\/p>\n\n\n\n<p>La convocatoria de asistentes honorarios se realiza una vez cada curso, en torno a febrero. Es importante consultar las fechas exactas, preguntando en nuestra Secretar\u00eda (secretariapersonalidad@us.es).<\/p>\n\n\n\n<p>La documentaci\u00f3n a entregar consiste en:<\/p>\n\n\n<div class=\"wp-block-image\">\n<figure class=\"alignright size-full is-resized\"><img loading=\"lazy\" decoding=\"async\" width=\"512\" height=\"512\" src=\"https:\/\/departamento.us.es\/petra\/wp-content\/uploads\/2025\/02\/8242986.png\" alt=\"Pulsa para descargar el Anexo I [en preparaci\u00f3n]\" class=\"wp-image-152\" style=\"width:auto;height:70px\" srcset=\"https:\/\/departamento.us.es\/petra\/wp-content\/uploads\/2025\/02\/8242986.png 512w, https:\/\/departamento.us.es\/petra\/wp-content\/uploads\/2025\/02\/8242986-300x300.png 300w, https:\/\/departamento.us.es\/petra\/wp-content\/uploads\/2025\/02\/8242986-150x150.png 150w\" sizes=\"auto, (max-width: 512px) 100vw, 512px\" \/><\/figure>\n<\/div>\n\n\n<ul class=\"wp-block-list\">\n<li>Instancia-solicitud, dirigida a la direcci\u00f3n del departamento (Anexo I, disponible pulsando el icono de la derecha).<\/li>\n\n\n\n<li>Curr\u00edculum vitae<\/li>\n\n\n\n<li>Copia del t\u00edtulo de licenciatura o grado<\/li>\n\n\n\n<li>Declaraci\u00f3n responsable<\/li>\n<\/ul>\n\n\n\n<p><\/p>\n","protected":false},"excerpt":{"rendered":"<p>La figura del asistente honorario busca dar un espacio reconocible al alumnado egresado que quiere mantenerse cerca del departamento, colaborando en acciones de investigaci\u00f3n. Si has sido alumno\/a interno\/a, o si no lo has sido pero tienes inter\u00e9s en conocer la investigaci\u00f3n de nuestro departamento por dentro, \u00e9sta puede ser tu figura. 1. Requisitos Puedes&hellip;&nbsp;<a href=\"https:\/\/departamento.us.es\/petra\/alumnado\/asistentes-honorarios\/\" rel=\"bookmark\">Leer m\u00e1s &raquo;<span class=\"screen-reader-text\">Asistentes honorarios<\/span><\/a><\/p>\n","protected":false},"author":1,"featured_media":0,"parent":361,"menu_order":0,"comment_status":"closed","ping_status":"closed","template":"","meta":{"neve_meta_sidebar":"","neve_meta_container":"","neve_meta_enable_content_width":"","neve_meta_content_width":0,"neve_meta_title_alignment":"","neve_meta_author_avatar":"","neve_post_elements_order":"","neve_meta_disable_header":"","neve_meta_disable_footer":"","neve_meta_disable_title":"","iawp_total_views":392,"footnotes":""},"class_list":["post-364","page","type-page","status-publish","hentry"],"_links":{"self":[{"href":"https:\/\/departamento.us.es\/petra\/wp-json\/wp\/v2\/pages\/364","targetHints":{"allow":["GET"]}}],"collection":[{"href":"https:\/\/departamento.us.es\/petra\/wp-json\/wp\/v2\/pages"}],"about":[{"href":"https:\/\/departamento.us.es\/petra\/wp-json\/wp\/v2\/types\/page"}],"author":[{"embeddable":true,"href":"https:\/\/departamento.us.es\/petra\/wp-json\/wp\/v2\/users\/1"}],"replies":[{"embeddable":true,"href":"https:\/\/departamento.us.es\/petra\/wp-json\/wp\/v2\/comments?post=364"}],"version-history":[{"count":3,"href":"https:\/\/departamento.us.es\/petra\/wp-json\/wp\/v2\/pages\/364\/revisions"}],"predecessor-version":[{"id":486,"href":"https:\/\/departamento.us.es\/petra\/wp-json\/wp\/v2\/pages\/364\/revisions\/486"}],"up":[{"embeddable":true,"href":"https:\/\/departamento.us.es\/petra\/wp-json\/wp\/v2\/pages\/361"}],"wp:attachment":[{"href":"https:\/\/departamento.us.es\/petra\/wp-json\/wp\/v2\/media?parent=364"}],"curies":[{"name":"wp","href":"https:\/\/api.w.org\/{rel}","templated":true}]}}