{"id":387,"date":"2025-03-26T01:07:59","date_gmt":"2025-03-26T00:07:59","guid":{"rendered":"https:\/\/departamento.us.es\/petra\/?page_id=387"},"modified":"2025-06-17T13:22:38","modified_gmt":"2025-06-17T11:22:38","slug":"iniciacion-a-la-investigacion","status":"publish","type":"page","link":"https:\/\/departamento.us.es\/petra\/conocenos\/iniciacion-a-la-investigacion\/","title":{"rendered":"Iniciaci\u00f3n a la investigaci\u00f3n"},"content":{"rendered":"\n<h4 class=\"wp-block-heading\">Nuestro departamento ofrece oportunidades para iniciarse en la investigaci\u00f3n, aprovechando distintas convocatorias de la Universidad de Sevilla, de la Junta de Andaluc\u00eda y del Estado Espa\u00f1ol. <\/h4>\n\n\n\n<p>Las convocatorias pueden variar de un curso al siguiente y debes consultar los posibles cambios acudiendo a las fuentes donde se publican (BOE, BOJA, BOUS), pero las modalidades son m\u00e1s o menos estables y permiten hacerse una idea de qu\u00e9 esperar.<\/p>\n\n\n\n<h3 class=\"wp-block-heading\">1. Beca de iniciaci\u00f3n a la investigaci\u00f3n (U. Sevilla)<\/h3>\n\n\n<div class=\"wp-block-image\">\n<figure class=\"alignright size-full is-resized\"><a href=\"https:\/\/investigacion.us.es\/convocatorias\/ver\/1732\/\"><img loading=\"lazy\" decoding=\"async\" width=\"800\" height=\"800\" src=\"https:\/\/departamento.us.es\/petra\/wp-content\/uploads\/2025\/03\/abrir-enlace.jpg\" alt=\"Enlace a las becas de iniciaci\u00f3n a la investigaci\u00f3n del Plan Propio de la US\" class=\"wp-image-286\" style=\"width:auto;height:70px\" srcset=\"https:\/\/departamento.us.es\/petra\/wp-content\/uploads\/2025\/03\/abrir-enlace.jpg 800w, https:\/\/departamento.us.es\/petra\/wp-content\/uploads\/2025\/03\/abrir-enlace-300x300.jpg 300w, https:\/\/departamento.us.es\/petra\/wp-content\/uploads\/2025\/03\/abrir-enlace-150x150.jpg 150w, https:\/\/departamento.us.es\/petra\/wp-content\/uploads\/2025\/03\/abrir-enlace-768x768.jpg 768w\" sizes=\"auto, (max-width: 800px) 100vw, 800px\" \/><\/a><\/figure>\n<\/div>\n\n\n<p>Esta ayuda pertenece al Plan Propio de Investigaci\u00f3n de la US y ofrece hasta 1.750\u20ac a personas interesadas en participar de la investigaci\u00f3n. Puede ser solicitada por estudiantes de grado -\u00faltimo curso- y m\u00e1ster, y exige preparar un proyecto corto bajo la supervisi\u00f3n de un investigador y tener el visto bueno del departamento, por lo que es conveniente preparar la documentaci\u00f3n con antelaci\u00f3n. <\/p>\n\n\n\n<p>Las \u00faltimas convocatorias han aparecido en noviembre. En el enlace de la derecha puedes consultar la convocatoria de 2024 -recuerda comprobar las nuevas bases para las siguientes convocatorias-. <\/p>\n\n\n\n<h3 class=\"wp-block-heading\">2. Beca de colaboraci\u00f3n (estatal)<\/h3>\n\n\n<div class=\"wp-block-image\">\n<figure class=\"alignright size-full is-resized\"><a href=\"https:\/\/www.educacionfpydeportes.gob.es\/servicios-al-ciudadano\/catalogo\/estudiantes\/becas-ayudas\/para-estudiar\/universidad\/grado\/becas-colaboracion.html\"><img loading=\"lazy\" decoding=\"async\" width=\"800\" height=\"800\" src=\"https:\/\/departamento.us.es\/petra\/wp-content\/uploads\/2025\/03\/abrir-enlace.jpg\" alt=\"Enlace a becas de colaboraci\u00f3n en el Ministerio de Educaci\u00f3n\" class=\"wp-image-286\" style=\"width:auto;height:70px\" srcset=\"https:\/\/departamento.us.es\/petra\/wp-content\/uploads\/2025\/03\/abrir-enlace.jpg 800w, https:\/\/departamento.us.es\/petra\/wp-content\/uploads\/2025\/03\/abrir-enlace-300x300.jpg 300w, https:\/\/departamento.us.es\/petra\/wp-content\/uploads\/2025\/03\/abrir-enlace-150x150.jpg 150w, https:\/\/departamento.us.es\/petra\/wp-content\/uploads\/2025\/03\/abrir-enlace-768x768.jpg 768w\" sizes=\"auto, (max-width: 800px) 100vw, 800px\" \/><\/a><\/figure>\n<\/div>\n\n\n<p>La beca de colaboraci\u00f3n es convocada anualmente por el Ministerio de Educaci\u00f3n. Consiste en una ayuda puntual (que ronda los 2.000\u20ac) a cambio de dedicar 15h\/semana en un proyecto de investigaci\u00f3n durante un curso -algo m\u00e1s de siete meses-. Puede concurrir alumnado del \u00faltimo a\u00f1o de grado y m\u00e1ster.<\/p>\n\n\n\n<p>Suelen ser convocadas alrededor del verano (en 2024, la convocatoria sali\u00f3 en junio y termin\u00f3 en septiembre). La evaluaci\u00f3n depende de la nota del expediente y de la valoraci\u00f3n que el departamento haga de un proyecto. \u00a1No lo dejes para \u00faltima hora!<\/p>\n\n\n\n<p class=\"has-text-align-center has-nv-light-bg-color has-neve-link-hover-color-background-color has-text-color has-background\"><a href=\"https:\/\/departamento.us.es\/petra\/convocatoria-beca-colaboracion-2025\/\" target=\"_blank\" rel=\"noreferrer noopener\"><mark style=\"background-color:rgba(0, 0, 0, 0)\" class=\"has-inline-color has-nv-site-bg-color\">ABIERTA LA CONVOCATORIA 2025 &#8211; PULSA PARA M\u00c1S INFORMACI\u00d3N<\/mark><\/a><\/p>\n\n\n\n<h3 class=\"wp-block-heading\">3. Contratos predoctorales<\/h3>\n\n\n\n<p>Las personas que est\u00e9n en condiciones de realizar un doctorado -por ejemplo, aquellas que ostentan un t\u00edtulo de m\u00e1ster oficial o que est\u00e1n pr\u00f3ximas a completarlo- pueden optar a becas de formaci\u00f3n de personal investigador, gen\u00e9ricamente conocidas como becas (o contratos) predoctorales. Estas ayudas se prolongan por cuatro a\u00f1os y culminan con la obtenci\u00f3n del t\u00edtulo de doctor\/a, incluyendo un sueldo como trabajador a tiempo completo y opci\u00f3n de conseguir ayudas para realizar estancias de investigaci\u00f3n en centros de reconocido prestigio. <\/p>\n\n\n<div class=\"wp-block-image\">\n<figure class=\"alignright size-full is-resized\"><a href=\"https:\/\/www.ciencia.gob.es\/Convocatorias\/2024\/FPU2024.html\"><img loading=\"lazy\" decoding=\"async\" width=\"800\" height=\"800\" src=\"https:\/\/departamento.us.es\/petra\/wp-content\/uploads\/2025\/03\/abrir-enlace.jpg\" alt=\"Enlace a la convocatoria FPU de 2024 (importante: buscar la informaci\u00f3n actualizada para el a\u00f1o en curso)\" class=\"wp-image-286\" style=\"width:auto;height:70px\" srcset=\"https:\/\/departamento.us.es\/petra\/wp-content\/uploads\/2025\/03\/abrir-enlace.jpg 800w, https:\/\/departamento.us.es\/petra\/wp-content\/uploads\/2025\/03\/abrir-enlace-300x300.jpg 300w, https:\/\/departamento.us.es\/petra\/wp-content\/uploads\/2025\/03\/abrir-enlace-150x150.jpg 150w, https:\/\/departamento.us.es\/petra\/wp-content\/uploads\/2025\/03\/abrir-enlace-768x768.jpg 768w\" sizes=\"auto, (max-width: 800px) 100vw, 800px\" \/><\/a><\/figure>\n<\/div>\n\n\n<p><strong>A<\/strong>. La convocatoria de mayor calado es la realizada por el <strong>Ministerio de Educaci\u00f3n<\/strong>, denominada FPU. Son cientos de plazas a repartir por toda la geograf\u00eda espa\u00f1ola.<\/p>\n\n\n\n<p>En los \u00faltimos a\u00f1os, las ayudas FPU se han convocado muy al final del a\u00f1o (finales de diciembre) o en enero. Puedes comprobar las bases de la convocatoria de 2024 pulsando en el icono de la derecha -no olvides comprobar los cambios en las siguientes convocatorias-.<\/p>\n\n\n<div class=\"wp-block-image\">\n<figure class=\"alignright size-full is-resized\"><a href=\"https:\/\/www.juntadeandalucia.es\/organismos\/universidadinvestigacioneinnovacion\/servicios\/procedimientos\/detalle\/25458.html#toc-cu-ndo-realizar-el-tramite\"><img loading=\"lazy\" decoding=\"async\" width=\"800\" height=\"800\" src=\"https:\/\/departamento.us.es\/petra\/wp-content\/uploads\/2025\/03\/abrir-enlace.jpg\" alt=\"Abrir enlace\" class=\"wp-image-286\" style=\"width:auto;height:70px\" srcset=\"https:\/\/departamento.us.es\/petra\/wp-content\/uploads\/2025\/03\/abrir-enlace.jpg 800w, https:\/\/departamento.us.es\/petra\/wp-content\/uploads\/2025\/03\/abrir-enlace-300x300.jpg 300w, https:\/\/departamento.us.es\/petra\/wp-content\/uploads\/2025\/03\/abrir-enlace-150x150.jpg 150w, https:\/\/departamento.us.es\/petra\/wp-content\/uploads\/2025\/03\/abrir-enlace-768x768.jpg 768w\" sizes=\"auto, (max-width: 800px) 100vw, 800px\" \/><\/a><\/figure>\n<\/div>\n\n\n<p><strong>B<\/strong>. La <strong>Junta de Andaluc\u00eda<\/strong> tambi\u00e9n realiza convocatorias similares, si bien la temporalidad es m\u00e1s irregular. En la convocatoria de 2024 el plazo de concurrencia se abri\u00f3 de febrero a abril. <\/p>\n\n\n\n<p>Puedes ver esta \u00faltima convocatoria pulsando en el icono de la derecha.<\/p>\n\n\n<div class=\"wp-block-image\">\n<figure class=\"alignright size-full is-resized\"><a href=\"https:\/\/investigacion.us.es\/convocatorias\/ver\/1641\"><img loading=\"lazy\" decoding=\"async\" width=\"800\" height=\"800\" src=\"https:\/\/departamento.us.es\/petra\/wp-content\/uploads\/2025\/03\/abrir-enlace.jpg\" alt=\"Abrir enlace\" class=\"wp-image-286\" style=\"width:auto;height:70px\" srcset=\"https:\/\/departamento.us.es\/petra\/wp-content\/uploads\/2025\/03\/abrir-enlace.jpg 800w, https:\/\/departamento.us.es\/petra\/wp-content\/uploads\/2025\/03\/abrir-enlace-300x300.jpg 300w, https:\/\/departamento.us.es\/petra\/wp-content\/uploads\/2025\/03\/abrir-enlace-150x150.jpg 150w, https:\/\/departamento.us.es\/petra\/wp-content\/uploads\/2025\/03\/abrir-enlace-768x768.jpg 768w\" sizes=\"auto, (max-width: 800px) 100vw, 800px\" \/><\/a><\/figure>\n<\/div>\n\n\n<p><strong>C<\/strong>. Finalmente, la <strong>Universidad de Sevilla<\/strong> tambi\u00e9n dispone de un sistema de ayudas de formaci\u00f3n de personal docente e investigador, sufragado a trav\u00e9s del Plan Propio de Investigaci\u00f3n. Los contratos duran cuatro a\u00f1os, siendo necesario haber concurrido a la convocatoria FPU del Ministerio para poder optar a lograr una de las ayudas. En las \u00faltimas ediciones, estas convocatorias han aparecido entre octubre y noviembre.<\/p>\n\n\n\n<p>Puedes conseguir m\u00e1s informaci\u00f3n sobre la convocatoria de 2024 pulsando en el icono de la derecha. Recuerda comprobar las novedades en las siguientes convocatorias.<\/p>\n\n\n\n<h3 class=\"wp-block-heading\">4. Otras ayudas disponibles<\/h3>\n\n\n<div class=\"wp-block-image\">\n<figure class=\"alignright size-full is-resized\"><a href=\"https:\/\/www.investigacion.us.es\/recursos-humanos\/predoctorales\"><img loading=\"lazy\" decoding=\"async\" width=\"800\" height=\"800\" src=\"https:\/\/departamento.us.es\/petra\/wp-content\/uploads\/2025\/03\/abrir-enlace.jpg\" alt=\"Enlace a la web de la US donde se recogen otras convocatorias de iniciaci\u00f3n a la investigaci\u00f3n\" class=\"wp-image-286\" style=\"width:auto;height:70px\" srcset=\"https:\/\/departamento.us.es\/petra\/wp-content\/uploads\/2025\/03\/abrir-enlace.jpg 800w, https:\/\/departamento.us.es\/petra\/wp-content\/uploads\/2025\/03\/abrir-enlace-300x300.jpg 300w, https:\/\/departamento.us.es\/petra\/wp-content\/uploads\/2025\/03\/abrir-enlace-150x150.jpg 150w, https:\/\/departamento.us.es\/petra\/wp-content\/uploads\/2025\/03\/abrir-enlace-768x768.jpg 768w\" sizes=\"auto, (max-width: 800px) 100vw, 800px\" \/><\/a><\/figure>\n<\/div>\n\n\n<p>Existen otras ayudas. Dado que las convocatorias var\u00edan a\u00f1o a a\u00f1o, puede ser interesante consultar la web que la Universidad de Sevilla mantiene al d\u00eda con oportunidades para introducirse en el mundo de la investigaci\u00f3n. Puedes consultar esta informaci\u00f3n pulsando en el icono de la derecha. <\/p>\n\n\n\n<p>Esperamos que esta informaci\u00f3n resulte de utilidad. Si tienes alguna sugerencia para mejorar este apartado, no dudes en escribirnos a trav\u00e9s de nuestros <a href=\"https:\/\/departamento.us.es\/petra\/pagina-ejemplo\/contacto\/\" data-type=\"page\" data-id=\"13\">medios de contacto<\/a>.<\/p>\n","protected":false},"excerpt":{"rendered":"<p>Nuestro departamento ofrece oportunidades para iniciarse en la investigaci\u00f3n, aprovechando distintas convocatorias de la Universidad de Sevilla, de la Junta de Andaluc\u00eda y del Estado Espa\u00f1ol. Las convocatorias pueden variar de un curso al siguiente y debes consultar los posibles cambios acudiendo a las fuentes donde se publican (BOE, BOJA, BOUS), pero las modalidades son&hellip;&nbsp;<a href=\"https:\/\/departamento.us.es\/petra\/conocenos\/iniciacion-a-la-investigacion\/\" rel=\"bookmark\">Leer m\u00e1s &raquo;<span class=\"screen-reader-text\">Iniciaci\u00f3n a la investigaci\u00f3n<\/span><\/a><\/p>\n","protected":false},"author":1,"featured_media":0,"parent":19,"menu_order":0,"comment_status":"closed","ping_status":"closed","template":"","meta":{"neve_meta_sidebar":"","neve_meta_container":"","neve_meta_enable_content_width":"","neve_meta_content_width":0,"neve_meta_title_alignment":"","neve_meta_author_avatar":"","neve_post_elements_order":"","neve_meta_disable_header":"","neve_meta_disable_footer":"","neve_meta_disable_title":"","iawp_total_views":107,"footnotes":""},"class_list":["post-387","page","type-page","status-publish","hentry"],"_links":{"self":[{"href":"https:\/\/departamento.us.es\/petra\/wp-json\/wp\/v2\/pages\/387","targetHints":{"allow":["GET"]}}],"collection":[{"href":"https:\/\/departamento.us.es\/petra\/wp-json\/wp\/v2\/pages"}],"about":[{"href":"https:\/\/departamento.us.es\/petra\/wp-json\/wp\/v2\/types\/page"}],"author":[{"embeddable":true,"href":"https:\/\/departamento.us.es\/petra\/wp-json\/wp\/v2\/users\/1"}],"replies":[{"embeddable":true,"href":"https:\/\/departamento.us.es\/petra\/wp-json\/wp\/v2\/comments?post=387"}],"version-history":[{"count":6,"href":"https:\/\/departamento.us.es\/petra\/wp-json\/wp\/v2\/pages\/387\/revisions"}],"predecessor-version":[{"id":645,"href":"https:\/\/departamento.us.es\/petra\/wp-json\/wp\/v2\/pages\/387\/revisions\/645"}],"up":[{"embeddable":true,"href":"https:\/\/departamento.us.es\/petra\/wp-json\/wp\/v2\/pages\/19"}],"wp:attachment":[{"href":"https:\/\/departamento.us.es\/petra\/wp-json\/wp\/v2\/media?parent=387"}],"curies":[{"name":"wp","href":"https:\/\/api.w.org\/{rel}","templated":true}]}}