{"id":43,"date":"2024-11-06T09:35:43","date_gmt":"2024-11-06T08:35:43","guid":{"rendered":"https:\/\/departamento.us.es\/petra\/?page_id=43"},"modified":"2025-03-27T12:12:18","modified_gmt":"2025-03-27T11:12:18","slug":"mpgs","status":"publish","type":"page","link":"https:\/\/departamento.us.es\/petra\/docencia\/mpgs\/","title":{"rendered":"MU Psicolog\u00eda General Sanitaria (MPGS)"},"content":{"rendered":"\n<h4 class=\"wp-block-heading\">En este apartado podr\u00e1s encontrar toda la informaci\u00f3n sobre el M\u00e1ster en Psicolog\u00eda General Sanitaria de la Universidad de Sevilla (Espa\u00f1a). <\/h4>\n\n\n\n<p>De momento estamos en construcci\u00f3n, por lo que puedes acudir a la informaci\u00f3n ofrecida por la <a href=\"https:\/\/www.us.es\/estudiar\/que-estudiar\/oferta-de-masteres\/master-universitario-en-psicologia-general-sanitaria\" target=\"_blank\" rel=\"noreferrer noopener nofollow\">Universidad de Sevilla<\/a> y la <a href=\"https:\/\/psicologia.us.es\/estudios\/estudiar-un-master\/master-en-psicologia-general-sanitaria\" target=\"_blank\" rel=\"noreferrer noopener nofollow\">Facultad de Psicolog\u00eda<\/a>.<\/p>\n\n\n\n<p>Si necesitas alguna informaci\u00f3n que no aparezca en los enlaces anteriores, puedes comunicarte con la coordinaci\u00f3n del m\u00e1ster en la direcci\u00f3n de correo electr\u00f3nico <strong>mpgs@us.es<\/strong>. Ten en cuenta que esta direcci\u00f3n puede recibir muchas consultas en el momento de la inscripci\u00f3n, por lo que es recomendable escribir con antelaci\u00f3n.<\/p>\n\n\n\n<p>Esperamos ofrecerte la informaci\u00f3n m\u00e1s completa pronto. <\/p>\n","protected":false},"excerpt":{"rendered":"<p>En este apartado podr\u00e1s encontrar toda la informaci\u00f3n sobre el M\u00e1ster en Psicolog\u00eda General Sanitaria de la Universidad de Sevilla (Espa\u00f1a). De momento estamos en construcci\u00f3n, por lo que puedes acudir a la informaci\u00f3n ofrecida por la Universidad de Sevilla y la Facultad de Psicolog\u00eda. Si necesitas alguna informaci\u00f3n que no aparezca en los enlaces&hellip;&nbsp;<a href=\"https:\/\/departamento.us.es\/petra\/docencia\/mpgs\/\" rel=\"bookmark\">Leer m\u00e1s &raquo;<span class=\"screen-reader-text\">MU Psicolog\u00eda General Sanitaria (MPGS)<\/span><\/a><\/p>\n","protected":false},"author":1,"featured_media":0,"parent":284,"menu_order":0,"comment_status":"closed","ping_status":"closed","template":"","meta":{"neve_meta_sidebar":"","neve_meta_container":"","neve_meta_enable_content_width":"","neve_meta_content_width":0,"neve_meta_title_alignment":"","neve_meta_author_avatar":"","neve_post_elements_order":"","neve_meta_disable_header":"","neve_meta_disable_footer":"","neve_meta_disable_title":"","iawp_total_views":120,"footnotes":""},"class_list":["post-43","page","type-page","status-publish","hentry"],"_links":{"self":[{"href":"https:\/\/departamento.us.es\/petra\/wp-json\/wp\/v2\/pages\/43","targetHints":{"allow":["GET"]}}],"collection":[{"href":"https:\/\/departamento.us.es\/petra\/wp-json\/wp\/v2\/pages"}],"about":[{"href":"https:\/\/departamento.us.es\/petra\/wp-json\/wp\/v2\/types\/page"}],"author":[{"embeddable":true,"href":"https:\/\/departamento.us.es\/petra\/wp-json\/wp\/v2\/users\/1"}],"replies":[{"embeddable":true,"href":"https:\/\/departamento.us.es\/petra\/wp-json\/wp\/v2\/comments?post=43"}],"version-history":[{"count":4,"href":"https:\/\/departamento.us.es\/petra\/wp-json\/wp\/v2\/pages\/43\/revisions"}],"predecessor-version":[{"id":482,"href":"https:\/\/departamento.us.es\/petra\/wp-json\/wp\/v2\/pages\/43\/revisions\/482"}],"up":[{"embeddable":true,"href":"https:\/\/departamento.us.es\/petra\/wp-json\/wp\/v2\/pages\/284"}],"wp:attachment":[{"href":"https:\/\/departamento.us.es\/petra\/wp-json\/wp\/v2\/media?parent=43"}],"curies":[{"name":"wp","href":"https:\/\/api.w.org\/{rel}","templated":true}]}}