{"id":498,"date":"2025-03-28T12:57:44","date_gmt":"2025-03-28T11:57:44","guid":{"rendered":"https:\/\/departamento.us.es\/petra\/?page_id=498"},"modified":"2025-03-28T12:57:45","modified_gmt":"2025-03-28T11:57:45","slug":"representantes-del-alumnado","status":"publish","type":"page","link":"https:\/\/departamento.us.es\/petra\/alumnado\/representantes-del-alumnado\/","title":{"rendered":"Representantes del alumnado"},"content":{"rendered":"\n<h4 class=\"wp-block-heading\">El alumnado tiene derecho a contar con representantes en el Consejo de Departamento y en distintas comisiones. Esta participaci\u00f3n permite mantener una comunicaci\u00f3n fluida entre profesorado y alumnado y ayuda a mejorar nuestra labor, al ser m\u00e1s sensible a las necesidades y preferencias del alumnado.<\/h4>\n\n\n\n<p>En estos momentos no contamos con representantes del alumnado, ya que las \u00faltimas elecciones no contaron con candidatos. Si est\u00e1s interesado\/a en participar como representante para pr\u00f3ximos cursos, contacta con la delegaci\u00f3n de estudiantes (psicodelegacion@us.es) para informarte de c\u00f3mo puedes aportar a la vida de la Facultad. <\/p>\n\n\n<div class=\"wp-block-image\">\n<figure class=\"alignright size-full is-resized\"><a href=\"https:\/\/psicologia.us.es\/secretaria\/info-faqs\/lista-de-correo-estudiantes\"><img loading=\"lazy\" decoding=\"async\" width=\"800\" height=\"800\" src=\"https:\/\/departamento.us.es\/petra\/wp-content\/uploads\/2025\/03\/abrir-enlace.jpg\" alt=\"Visitar la p\u00e1gina de la Facultad de Psicolog\u00eda\" class=\"wp-image-286\" style=\"width:auto;height:70px\" srcset=\"https:\/\/departamento.us.es\/petra\/wp-content\/uploads\/2025\/03\/abrir-enlace.jpg 800w, https:\/\/departamento.us.es\/petra\/wp-content\/uploads\/2025\/03\/abrir-enlace-300x300.jpg 300w, https:\/\/departamento.us.es\/petra\/wp-content\/uploads\/2025\/03\/abrir-enlace-150x150.jpg 150w, https:\/\/departamento.us.es\/petra\/wp-content\/uploads\/2025\/03\/abrir-enlace-768x768.jpg 768w\" sizes=\"auto, (max-width: 800px) 100vw, 800px\" \/><\/a><\/figure>\n<\/div>\n\n\n<p>Tambi\u00e9n puedes apuntarte a la lista de distribuci\u00f3n del alumnado de la Facultad de Psicolog\u00eda. Las instrucciones aparecen en la p\u00e1gina asociada al logotipo de la derecha.<\/p>\n\n\n\n<p><\/p>\n","protected":false},"excerpt":{"rendered":"<p>El alumnado tiene derecho a contar con representantes en el Consejo de Departamento y en distintas comisiones. Esta participaci\u00f3n permite mantener una comunicaci\u00f3n fluida entre profesorado y alumnado y ayuda a mejorar nuestra labor, al ser m\u00e1s sensible a las necesidades y preferencias del alumnado. En estos momentos no contamos con representantes del alumnado, ya&hellip;&nbsp;<a href=\"https:\/\/departamento.us.es\/petra\/alumnado\/representantes-del-alumnado\/\" rel=\"bookmark\">Leer m\u00e1s &raquo;<span class=\"screen-reader-text\">Representantes del alumnado<\/span><\/a><\/p>\n","protected":false},"author":1,"featured_media":0,"parent":361,"menu_order":0,"comment_status":"closed","ping_status":"closed","template":"","meta":{"neve_meta_sidebar":"","neve_meta_container":"","neve_meta_enable_content_width":"","neve_meta_content_width":0,"neve_meta_title_alignment":"","neve_meta_author_avatar":"","neve_post_elements_order":"","neve_meta_disable_header":"","neve_meta_disable_footer":"","neve_meta_disable_title":"","iawp_total_views":24,"footnotes":""},"class_list":["post-498","page","type-page","status-publish","hentry"],"_links":{"self":[{"href":"https:\/\/departamento.us.es\/petra\/wp-json\/wp\/v2\/pages\/498","targetHints":{"allow":["GET"]}}],"collection":[{"href":"https:\/\/departamento.us.es\/petra\/wp-json\/wp\/v2\/pages"}],"about":[{"href":"https:\/\/departamento.us.es\/petra\/wp-json\/wp\/v2\/types\/page"}],"author":[{"embeddable":true,"href":"https:\/\/departamento.us.es\/petra\/wp-json\/wp\/v2\/users\/1"}],"replies":[{"embeddable":true,"href":"https:\/\/departamento.us.es\/petra\/wp-json\/wp\/v2\/comments?post=498"}],"version-history":[{"count":1,"href":"https:\/\/departamento.us.es\/petra\/wp-json\/wp\/v2\/pages\/498\/revisions"}],"predecessor-version":[{"id":499,"href":"https:\/\/departamento.us.es\/petra\/wp-json\/wp\/v2\/pages\/498\/revisions\/499"}],"up":[{"embeddable":true,"href":"https:\/\/departamento.us.es\/petra\/wp-json\/wp\/v2\/pages\/361"}],"wp:attachment":[{"href":"https:\/\/departamento.us.es\/petra\/wp-json\/wp\/v2\/media?parent=498"}],"curies":[{"name":"wp","href":"https:\/\/api.w.org\/{rel}","templated":true}]}}