{"id":553,"date":"2025-04-07T23:54:06","date_gmt":"2025-04-07T21:54:06","guid":{"rendered":"https:\/\/departamento.us.es\/petra\/?page_id=553"},"modified":"2025-09-03T10:53:08","modified_gmt":"2025-09-03T08:53:08","slug":"grupo-argus","status":"publish","type":"page","link":"https:\/\/departamento.us.es\/petra\/conocenos\/grupos-de-investigacion\/grupo-argus\/","title":{"rendered":"Grupo ARGUS"},"content":{"rendered":"\n<h2 class=\"wp-block-heading\">Addictions Research Group at the University of Seville (ARGUS)<\/h2>\n\n\n\t\t\n\t\t<div id=\"gs_team_area_12\" data-shortcode-id=\"12\" class=\"wrap gs_team_area gs_team_loading gs_tm_theme2 gs_tm_theme_v_1 gs-team--img-efect_none gs-team--img-hover-efect_none\" data-options='{\"search_through_all_fields\":\"off\",\"enable_clear_filters\":\"off\",\"reset_filters_text\":\"Reset Filters\",\"enable_multi_select\":\"off\",\"multi_select_ellipsis\":\"off\",\"next_txt\":\"Siguiente\",\"prev_txt\":\"Anterior\",\"load_per_click\":3,\"initial_items\":6}' style=\"visibility: hidden; opacity: 0;\">\n\t\n\t\t\t\r\n<!-- Container for Team members -->\r\n<div class=\"gs-containeer cbp-so-scroller\">\r\n\t\r\n\t<div class=\"gs-roow clearfix gs_team\">\r\n\r\n\t\r\n\t\t\r\n\t\t\t<!-- Start single member -->\r\n\t\t\t<div class=\"single-member-div gs-col-lg-3 gs-col-md-3 gs-col-sm-6 gs-col-xs-6 cbp-so-section\">\r\n\r\n\t\t\t\t<!-- Sehema & Single member wrapper -->\r\n\t\t\t\t<div class=\"single-member--wrapper\" itemscope itemtype=\"http:\/\/schema.org\/Person\">\r\n\r\n\t\t\t\t\t<!-- Single member thumbnail and more -->\r\n\t\t\t\t\t<div class=\"single-member cbp-so-side cbp-so-side-left\">\r\n\r\n\t\t\t\t\t\t<span class=\"gs-team-member--zip-codes\" style=\"display:none!important\"><\/span>\r\n\t\t\t\t\t\t<!-- Ribbon -->\r\n\t\t\t\t\t\t\n\t\t\t\t\t\t\r\n\t\t\t\t\t\t<!-- Team Image -->\r\n\t\t\t\t\t\t<div class=\"gs_team_image__wrapper\">\r\n\t\t\t\t\t\t\t<img loading=\"lazy\" decoding=\"async\" width=\"128\" height=\"128\" src=\"https:\/\/departamento.us.es\/petra\/wp-content\/uploads\/2025\/02\/Sergio-Fernandez-Artamendi.jpg\" class=\"gs_team_member--image wp-post-image\" alt=\"Fern\u00e1ndez Artamendi, Sergio\" itemprop=\"image\" \/>\t\t\t\t\t\t<\/div>\r\n\t\t\t\t\t\t\t\t\t\t\t\t\r\n\t\t\t\t\t\t<!-- Description & Social Links -->\r\n\t\t\t\t\t\t<div class=\"single-mem-desc-social flex-align-justify-center\">\r\n\r\n\t\t\t\t\t\t\t<div class=\"single-mem-desc-social--inner gs_member_info\">\r\n\t\t\t\t\t\t\t\t\r\n\t\t\t\t\t\t\t\t<!-- Description -->\r\n\t\t\t\t\t\t\t\t\t\t\t\t\t\t\t\t\t\r\n\t\t\t\t\t\t\t\t<!-- Social Links -->\r\n\t\t\t\t\t\t\t\t\n    <ul class=\"gs-team-social\">\n\n    \n        <li>\n            <a class=\"500px\" href=\"https:\/\/prisma.us.es\/investigador\/9127\" target=\"_blank\" itemprop=\"sameAs\"><i class=\"fab fa-500px\"><\/i><\/a>        <\/li>\n\n    \n        <li>\n            <a class=\"researchgate\" href=\"https:\/\/www.researchgate.net\/profile\/Sergio-Fernandez-Artamendi\" target=\"_blank\" itemprop=\"sameAs\"><i class=\"fab fa-researchgate\"><\/i><\/a>        <\/li>\n\n    \n        <li>\n            <a class=\"orcid\" href=\"https:\/\/orcid.org\/https:\/\/orcid.org\/0000-0002-5171-0833\" target=\"_blank\" itemprop=\"sameAs\"><i class=\"fab fa-orcid\"><\/i><\/a>        <\/li>\n\n            \n    <\/ul>\n\n    \n\r\n\t\t\t\t\t\t\t<\/div>\r\n\r\n\t\t\t\t\t\t<\/div>\r\n\r\n\t\t\t\t\t\t\t\t\t\t\t\t\r\n\t\t\t\t\t<\/div>\r\n\r\n\t\t\t\t\t<!-- Single member name -->\r\n\t\t\t\t\t\t\t\t\t\t\t<div class=\"gs-member-name \"><a itemprop=\"name\" href=\"https:\/\/departamento.us.es\/petra\/team-members\/fernandez-artamendi-sergio\/\">Fern\u00e1ndez Artamendi, Sergio<\/a><\/div>\t\t\t\t\t\t\t\t\t\t\t\t\t\t\t\t\r\n\t\t\t\t\t<!-- Single member designation -->\r\n\t\t\t\t\t\t\t\t\t\t\t<div class=\"gs-member-desig\" itemprop=\"jobTitle\">Titular de Universidad<\/div>\r\n\t\t\t\t\t\t\t\t\t\t\t\r\n\t\t\t\t<\/div>\r\n\t\t\t\t\r\n\t\t\t\t<!-- Popup -->\r\n\t\t\t\t\r\n\t\t\t<\/div>\r\n\r\n\t\t\r\n\t\t\t<!-- Start single member -->\r\n\t\t\t<div class=\"single-member-div gs-col-lg-3 gs-col-md-3 gs-col-sm-6 gs-col-xs-6 cbp-so-section\">\r\n\r\n\t\t\t\t<!-- Sehema & Single member wrapper -->\r\n\t\t\t\t<div class=\"single-member--wrapper\" itemscope itemtype=\"http:\/\/schema.org\/Person\">\r\n\r\n\t\t\t\t\t<!-- Single member thumbnail and more -->\r\n\t\t\t\t\t<div class=\"single-member cbp-so-side cbp-so-side-left\">\r\n\r\n\t\t\t\t\t\t<span class=\"gs-team-member--zip-codes\" style=\"display:none!important\"><\/span>\r\n\t\t\t\t\t\t<!-- Ribbon -->\r\n\t\t\t\t\t\t\n\t\t\t\t\t\t\r\n\t\t\t\t\t\t<!-- Team Image -->\r\n\t\t\t\t\t\t<div class=\"gs_team_image__wrapper\">\r\n\t\t\t\t\t\t\t<img loading=\"lazy\" decoding=\"async\" width=\"128\" height=\"128\" src=\"https:\/\/departamento.us.es\/petra\/wp-content\/uploads\/2025\/02\/Victor-Martinez-Loredo.jpg\" class=\"gs_team_member--image wp-post-image\" alt=\"Mart\u00ednez Loredo, V\u00edctor\" itemprop=\"image\" \/>\t\t\t\t\t\t<\/div>\r\n\t\t\t\t\t\t\t\t\t\t\t\t\r\n\t\t\t\t\t\t<!-- Description & Social Links -->\r\n\t\t\t\t\t\t<div class=\"single-mem-desc-social flex-align-justify-center\">\r\n\r\n\t\t\t\t\t\t\t<div class=\"single-mem-desc-social--inner gs_member_info\">\r\n\t\t\t\t\t\t\t\t\r\n\t\t\t\t\t\t\t\t<!-- Description -->\r\n\t\t\t\t\t\t\t\t\t\t\t\t\t\t\t\t\t\r\n\t\t\t\t\t\t\t\t<!-- Social Links -->\r\n\t\t\t\t\t\t\t\t\n    <ul class=\"gs-team-social\">\n\n    \n        <li>\n            <a class=\"500px\" href=\"https:\/\/prisma.us.es\/investigador\/9158\" target=\"_blank\" itemprop=\"sameAs\"><i class=\"fab fa-500px\"><\/i><\/a>        <\/li>\n\n    \n        <li>\n            <a class=\"researchgate\" href=\"https:\/\/www.researchgate.net\/profile\/Victor-Martinez-Loredo\" target=\"_blank\" itemprop=\"sameAs\"><i class=\"fab fa-researchgate\"><\/i><\/a>        <\/li>\n\n    \n        <li>\n            <a class=\"orcid\" href=\"https:\/\/orcid.org\/0000-0002-0403-5273\" target=\"_blank\" itemprop=\"sameAs\"><i class=\"fab fa-orcid\"><\/i><\/a>        <\/li>\n\n            \n    <\/ul>\n\n    \n\r\n\t\t\t\t\t\t\t<\/div>\r\n\r\n\t\t\t\t\t\t<\/div>\r\n\r\n\t\t\t\t\t\t\t\t\t\t\t\t\r\n\t\t\t\t\t<\/div>\r\n\r\n\t\t\t\t\t<!-- Single member name -->\r\n\t\t\t\t\t\t\t\t\t\t\t<div class=\"gs-member-name \"><a itemprop=\"name\" href=\"https:\/\/departamento.us.es\/petra\/team-members\/martinez-loredo-victor\/\">Mart\u00ednez Loredo, V\u00edctor<\/a><\/div>\t\t\t\t\t\t\t\t\t\t\t\t\t\t\t\t\r\n\t\t\t\t\t<!-- Single member designation -->\r\n\t\t\t\t\t\t\t\t\t\t\t<div class=\"gs-member-desig\" itemprop=\"jobTitle\">Titular de Universidad<\/div>\r\n\t\t\t\t\t\t\t\t\t\t\t\r\n\t\t\t\t<\/div>\r\n\t\t\t\t\r\n\t\t\t\t<!-- Popup -->\r\n\t\t\t\t\r\n\t\t\t<\/div>\r\n\r\n\t\t\r\n\t\t\t<!-- Start single member -->\r\n\t\t\t<div class=\"single-member-div gs-col-lg-3 gs-col-md-3 gs-col-sm-6 gs-col-xs-6 cbp-so-section\">\r\n\r\n\t\t\t\t<!-- Sehema & Single member wrapper -->\r\n\t\t\t\t<div class=\"single-member--wrapper\" itemscope itemtype=\"http:\/\/schema.org\/Person\">\r\n\r\n\t\t\t\t\t<!-- Single member thumbnail and more -->\r\n\t\t\t\t\t<div class=\"single-member cbp-so-side cbp-so-side-left\">\r\n\r\n\t\t\t\t\t\t<span class=\"gs-team-member--zip-codes\" style=\"display:none!important\"><\/span>\r\n\t\t\t\t\t\t<!-- Ribbon -->\r\n\t\t\t\t\t\t\n\t\t\t\t\t\t\r\n\t\t\t\t\t\t<!-- Team Image -->\r\n\t\t\t\t\t\t<div class=\"gs_team_image__wrapper\">\r\n\t\t\t\t\t\t\t<img loading=\"lazy\" decoding=\"async\" width=\"1024\" height=\"1024\" src=\"https:\/\/departamento.us.es\/petra\/wp-content\/uploads\/2025\/02\/1753_Manuel_Jesus_Ruiz_Munoz_pdi-e1741781587961-1024x1024.jpg\" class=\"gs_team_member--image wp-post-image\" alt=\"Ruiz Mu\u00f1oz, Manuel Jes\u00fas\" itemprop=\"image\" srcset=\"https:\/\/departamento.us.es\/petra\/wp-content\/uploads\/2025\/02\/1753_Manuel_Jesus_Ruiz_Munoz_pdi-e1741781587961-1024x1024.jpg 1024w, https:\/\/departamento.us.es\/petra\/wp-content\/uploads\/2025\/02\/1753_Manuel_Jesus_Ruiz_Munoz_pdi-e1741781587961-300x300.jpg 300w, https:\/\/departamento.us.es\/petra\/wp-content\/uploads\/2025\/02\/1753_Manuel_Jesus_Ruiz_Munoz_pdi-e1741781587961-150x150.jpg 150w, https:\/\/departamento.us.es\/petra\/wp-content\/uploads\/2025\/02\/1753_Manuel_Jesus_Ruiz_Munoz_pdi-e1741781587961-768x769.jpg 768w, https:\/\/departamento.us.es\/petra\/wp-content\/uploads\/2025\/02\/1753_Manuel_Jesus_Ruiz_Munoz_pdi-e1741781587961.jpg 1516w\" sizes=\"auto, (max-width: 1024px) 100vw, 1024px\" \/>\t\t\t\t\t\t<\/div>\r\n\t\t\t\t\t\t\t\t\t\t\t\t\r\n\t\t\t\t\t\t<!-- Description & Social Links -->\r\n\t\t\t\t\t\t<div class=\"single-mem-desc-social flex-align-justify-center\">\r\n\r\n\t\t\t\t\t\t\t<div class=\"single-mem-desc-social--inner gs_member_info\">\r\n\t\t\t\t\t\t\t\t\r\n\t\t\t\t\t\t\t\t<!-- Description -->\r\n\t\t\t\t\t\t\t\t\t\t\t\t\t\t\t\t\t\r\n\t\t\t\t\t\t\t\t<!-- Social Links -->\r\n\t\t\t\t\t\t\t\t\n    <ul class=\"gs-team-social\">\n\n    \n        <li>\n            <a class=\"500px\" href=\"https:\/\/prisma.us.es\/investigador\/9128\" target=\"_blank\" itemprop=\"sameAs\"><i class=\"fab fa-500px\"><\/i><\/a>        <\/li>\n\n    \n        <li>\n            <a class=\"researchgate\" href=\"https:\/\/www.researchgate.net\/profile\/Manuel-J-Ruiz\" target=\"_blank\" itemprop=\"sameAs\"><i class=\"fab fa-researchgate\"><\/i><\/a>        <\/li>\n\n    \n        <li>\n            <a class=\"orcid\" href=\"https:\/\/orcid.org\/0000-0002-1286-6624\" target=\"_blank\" itemprop=\"sameAs\"><i class=\"fab fa-orcid\"><\/i><\/a>        <\/li>\n\n            \n    <\/ul>\n\n    \n\r\n\t\t\t\t\t\t\t<\/div>\r\n\r\n\t\t\t\t\t\t<\/div>\r\n\r\n\t\t\t\t\t\t\t\t\t\t\t\t\r\n\t\t\t\t\t<\/div>\r\n\r\n\t\t\t\t\t<!-- Single member name -->\r\n\t\t\t\t\t\t\t\t\t\t\t<div class=\"gs-member-name \"><a itemprop=\"name\" href=\"https:\/\/departamento.us.es\/petra\/team-members\/ruiz-munoz-manuel-jesus\/\">Ruiz Mu\u00f1oz, Manuel Jes\u00fas<\/a><\/div>\t\t\t\t\t\t\t\t\t\t\t\t\t\t\t\t\r\n\t\t\t\t\t<!-- Single member designation -->\r\n\t\t\t\t\t\t\t\t\t\t\t<div class=\"gs-member-desig\" itemprop=\"jobTitle\">Titular de Universidad<\/div>\r\n\t\t\t\t\t\t\t\t\t\t\t\r\n\t\t\t\t<\/div>\r\n\t\t\t\t\r\n\t\t\t\t<!-- Popup -->\r\n\t\t\t\t\r\n\t\t\t<\/div>\r\n\r\n\t\t\r\n\t\t\t<!-- Start single member -->\r\n\t\t\t<div class=\"single-member-div gs-col-lg-3 gs-col-md-3 gs-col-sm-6 gs-col-xs-6 cbp-so-section\">\r\n\r\n\t\t\t\t<!-- Sehema & Single member wrapper -->\r\n\t\t\t\t<div class=\"single-member--wrapper\" itemscope itemtype=\"http:\/\/schema.org\/Person\">\r\n\r\n\t\t\t\t\t<!-- Single member thumbnail and more -->\r\n\t\t\t\t\t<div class=\"single-member cbp-so-side cbp-so-side-left\">\r\n\r\n\t\t\t\t\t\t<span class=\"gs-team-member--zip-codes\" style=\"display:none!important\"><\/span>\r\n\t\t\t\t\t\t<!-- Ribbon -->\r\n\t\t\t\t\t\t\n\t\t\t\t\t\t\r\n\t\t\t\t\t\t<!-- Team Image -->\r\n\t\t\t\t\t\t<div class=\"gs_team_image__wrapper\">\r\n\t\t\t\t\t\t\t<img loading=\"lazy\" decoding=\"async\" width=\"628\" height=\"1024\" src=\"https:\/\/departamento.us.es\/petra\/wp-content\/uploads\/2025\/02\/Eva-Lobato-628x1024.jpg\" class=\"gs_team_member--image wp-post-image\" alt=\"Lobato Parra, Eva\" itemprop=\"image\" srcset=\"https:\/\/departamento.us.es\/petra\/wp-content\/uploads\/2025\/02\/Eva-Lobato-628x1024.jpg 628w, https:\/\/departamento.us.es\/petra\/wp-content\/uploads\/2025\/02\/Eva-Lobato-941x1536.jpg 941w\" sizes=\"auto, (max-width: 628px) 100vw, 628px\" \/>\t\t\t\t\t\t<\/div>\r\n\t\t\t\t\t\t\t\t\t\t\t\t\r\n\t\t\t\t\t\t<!-- Description & Social Links -->\r\n\t\t\t\t\t\t<div class=\"single-mem-desc-social flex-align-justify-center\">\r\n\r\n\t\t\t\t\t\t\t<div class=\"single-mem-desc-social--inner gs_member_info\">\r\n\t\t\t\t\t\t\t\t\r\n\t\t\t\t\t\t\t\t<!-- Description -->\r\n\t\t\t\t\t\t\t\t\t\t\t\t\t\t\t\t\t\r\n\t\t\t\t\t\t\t\t<!-- Social Links -->\r\n\t\t\t\t\t\t\t\t\n    <ul class=\"gs-team-social\">\n\n    \n        <li>\n            <a class=\"500px\" href=\"https:\/\/prisma.us.es\/investigador\/9219\" target=\"_blank\" itemprop=\"sameAs\"><i class=\"fab fa-500px\"><\/i><\/a>        <\/li>\n\n    \n        <li>\n            <a class=\"orcid\" href=\"https:\/\/orcid.org\/0009-0003-0983-9961\" target=\"_blank\" itemprop=\"sameAs\"><i class=\"fab fa-orcid\"><\/i><\/a>        <\/li>\n\n            \n    <\/ul>\n\n    \n\r\n\t\t\t\t\t\t\t<\/div>\r\n\r\n\t\t\t\t\t\t<\/div>\r\n\r\n\t\t\t\t\t\t\t\t\t\t\t\t\r\n\t\t\t\t\t<\/div>\r\n\r\n\t\t\t\t\t<!-- Single member name -->\r\n\t\t\t\t\t\t\t\t\t\t\t<div class=\"gs-member-name \"><a itemprop=\"name\" href=\"https:\/\/departamento.us.es\/petra\/team-members\/lobato-parra-eva\/\">Lobato Parra, Eva<\/a><\/div>\t\t\t\t\t\t\t\t\t\t\t\t\t\t\t\t\r\n\t\t\t\t\t<!-- Single member designation -->\r\n\t\t\t\t\t\t\t\t\t\t\t<div class=\"gs-member-desig\" itemprop=\"jobTitle\">Contratada Predoctoral<\/div>\r\n\t\t\t\t\t\t\t\t\t\t\t\r\n\t\t\t\t<\/div>\r\n\t\t\t\t\r\n\t\t\t\t<!-- Popup -->\r\n\t\t\t\t\r\n\t\t\t<\/div>\r\n\r\n\t\t\r\n\t\t\r\n\t\t\r\n\t<\/div>\r\n\r\n\t<!-- Pagination -->\r\n\t\r\n<\/div>\t\n\t\t<\/div>\n\t\t\n\t\t<style>#gs_team_area_12 .gs-member-name,#gs_team_area_12 .gs-member-name a{font-size:18px}#gs_team_area_12 .gs-member-name,#gs_team_area_12 .gs-member-name a{font-weight:700}#gs_team_area_12 .gs-member-name,#gs_team_area_12 .gs-member-name a{color:rgb(196, 39, 60)}#gs_team_area_12 .gs-team-filter-cats{text-align:center}<\/style>\n\n\n<h2 class=\"wp-block-heading\">\u00daltimas novedades<\/h2>\n\n\n<ul class=\"wp-block-latest-posts__list is-grid columns-2 has-dates has-author wp-block-latest-posts has-background has-nv-light-bg-background-color\"><li><div class=\"wp-block-latest-posts__featured-image\"><a href=\"https:\/\/departamento.us.es\/petra\/tres-nuevos-profesores-titulares-de-universidad-en-el-departamento-petra\/\" aria-label=\"Tres nuevos Profesores Titulares de Universidad en el Departamento PETRA\"><img loading=\"lazy\" decoding=\"async\" width=\"150\" height=\"150\" src=\"https:\/\/departamento.us.es\/petra\/wp-content\/uploads\/2025\/03\/logo-cuadrado-150x150.png\" class=\"attachment-thumbnail size-thumbnail wp-post-image\" alt=\"\" style=\"\" srcset=\"https:\/\/departamento.us.es\/petra\/wp-content\/uploads\/2025\/03\/logo-cuadrado-150x150.png 150w, https:\/\/departamento.us.es\/petra\/wp-content\/uploads\/2025\/03\/logo-cuadrado.png 250w\" sizes=\"auto, (max-width: 150px) 100vw, 150px\" \/><\/a><\/div><a class=\"wp-block-latest-posts__post-title\" href=\"https:\/\/departamento.us.es\/petra\/tres-nuevos-profesores-titulares-de-universidad-en-el-departamento-petra\/\">Tres nuevos Profesores Titulares de Universidad en el Departamento PETRA<\/a><div class=\"wp-block-latest-posts__post-author\">por Manuel Jes\u00fas Ruiz Mu\u00f1oz<\/div><time datetime=\"2025-07-21T11:09:34+02:00\" class=\"wp-block-latest-posts__post-date\">21 de julio de 2025<\/time><div class=\"wp-block-latest-posts__post-excerpt\">El Departamento de Personalidad, Evaluaci\u00f3n y Tratamiento Psicol\u00f3gico (PETRA) de la Universidad de Sevilla tiene el placer de anunciar y felicitar la exitosa defensa de plaza de Profesor Titular de Universidad&hellip;&nbsp;<a href=\"https:\/\/departamento.us.es\/petra\/tres-nuevos-profesores-titulares-de-universidad-en-el-departamento-petra\/\" rel=\"bookmark\">Leer m\u00e1s &raquo;<span class=\"screen-reader-text\">Tres nuevos Profesores Titulares de Universidad en el Departamento PETRA<\/span><\/a><\/div><\/li>\n<li><div class=\"wp-block-latest-posts__featured-image\"><a href=\"https:\/\/departamento.us.es\/petra\/v-congreso-cientifico-internacional-sobre-prevencion-tratamiento-y-control-del-consumo-de-cannabis-en-la-facultad-de-psicologia-de-la-universidad-de-sevilla\/\" aria-label=\"V Congreso Cient\u00edfico Internacional sobre prevenci\u00f3n, tratamiento y control del consumo de cannabis en la Facultad de Psicolog\u00eda de la Universidad de Sevilla\"><img loading=\"lazy\" decoding=\"async\" width=\"150\" height=\"150\" src=\"https:\/\/departamento.us.es\/petra\/wp-content\/uploads\/2025\/07\/img-0-150x150.png\" class=\"attachment-thumbnail size-thumbnail wp-post-image\" alt=\"congreso cannabis 2025\" style=\"\" srcset=\"https:\/\/departamento.us.es\/petra\/wp-content\/uploads\/2025\/07\/img-0-150x150.png 150w, https:\/\/departamento.us.es\/petra\/wp-content\/uploads\/2025\/07\/img-0-300x300.png 300w, https:\/\/departamento.us.es\/petra\/wp-content\/uploads\/2025\/07\/img-0.png 601w\" sizes=\"auto, (max-width: 150px) 100vw, 150px\" \/><\/a><\/div><a class=\"wp-block-latest-posts__post-title\" href=\"https:\/\/departamento.us.es\/petra\/v-congreso-cientifico-internacional-sobre-prevencion-tratamiento-y-control-del-consumo-de-cannabis-en-la-facultad-de-psicologia-de-la-universidad-de-sevilla\/\">V Congreso Cient\u00edfico Internacional sobre prevenci\u00f3n, tratamiento y control del consumo de cannabis en la Facultad de Psicolog\u00eda de la Universidad de Sevilla<\/a><div class=\"wp-block-latest-posts__post-author\">por Manuel Jes\u00fas Ruiz Mu\u00f1oz<\/div><time datetime=\"2025-07-18T12:42:28+02:00\" class=\"wp-block-latest-posts__post-date\">18 de julio de 2025<\/time><div class=\"wp-block-latest-posts__post-excerpt\">Los d\u00edas 27, 28 y 29 de noviembre se celebrar\u00e1 en la Facultad de Psicolog\u00eda de la Universidad de Sevilla el V Congreso Cient\u00edfico Internacional sobre prevenci\u00f3n, tratamiento y control del&hellip;&nbsp;<a href=\"https:\/\/departamento.us.es\/petra\/v-congreso-cientifico-internacional-sobre-prevencion-tratamiento-y-control-del-consumo-de-cannabis-en-la-facultad-de-psicologia-de-la-universidad-de-sevilla\/\" rel=\"bookmark\">Leer m\u00e1s &raquo;<span class=\"screen-reader-text\">V Congreso Cient\u00edfico Internacional sobre prevenci\u00f3n, tratamiento y control del consumo de cannabis en la Facultad de Psicolog\u00eda de la Universidad de Sevilla<\/span><\/a><\/div><\/li>\n<li><div class=\"wp-block-latest-posts__featured-image\"><a href=\"https:\/\/departamento.us.es\/petra\/528-2\/\" aria-label=\"\u00a0Seminario de Investigaci\u00f3n en Adicciones\u00a0(11\/04\/2025)\"><img loading=\"lazy\" decoding=\"async\" width=\"150\" height=\"150\" src=\"https:\/\/departamento.us.es\/petra\/wp-content\/uploads\/2025\/04\/Drugs_and_money_illustration_20190212-150x150.jpg\" class=\"attachment-thumbnail size-thumbnail wp-post-image\" alt=\"\" style=\"\" \/><\/a><\/div><a class=\"wp-block-latest-posts__post-title\" href=\"https:\/\/departamento.us.es\/petra\/528-2\/\">\u00a0Seminario de Investigaci\u00f3n en Adicciones\u00a0(11\/04\/2025)<\/a><div class=\"wp-block-latest-posts__post-author\">por Manuel Jes\u00fas Ruiz Mu\u00f1oz<\/div><time datetime=\"2025-04-07T10:22:42+02:00\" class=\"wp-block-latest-posts__post-date\">7 de abril de 2025<\/time><div class=\"wp-block-latest-posts__post-excerpt\">Los\/as compa\u00f1eros\/as y docentes Sergio Fern\u00e1ndez Artamendi, Manuel J. Ruiz Mu\u00f1oz y Carla L\u00f3pez N\u00fa\u00f1ez, del Departamento de Personalidad, Evaluaci\u00f3n y Tratamiento psicol\u00f3gicos, han organizado un\u00a0Seminario de Investigaci\u00f3n en Adicciones\u00a0el pr\u00f3ximo\u00a0viernes&hellip;&nbsp;<a href=\"https:\/\/departamento.us.es\/petra\/528-2\/\" rel=\"bookmark\">Leer m\u00e1s &raquo;<span class=\"screen-reader-text\">\u00a0Seminario de Investigaci\u00f3n en Adicciones\u00a0(11\/04\/2025)<\/span><\/a><\/div><\/li>\n<\/ul>","protected":false},"excerpt":{"rendered":"<p>Addictions Research Group at the University of Seville (ARGUS) \u00daltimas novedades<\/p>\n","protected":false},"author":1,"featured_media":0,"parent":64,"menu_order":0,"comment_status":"closed","ping_status":"closed","template":"","meta":{"neve_meta_sidebar":"","neve_meta_container":"","neve_meta_enable_content_width":"","neve_meta_content_width":0,"neve_meta_title_alignment":"","neve_meta_author_avatar":"","neve_post_elements_order":"","neve_meta_disable_header":"","neve_meta_disable_footer":"","neve_meta_disable_title":"","iawp_total_views":193,"footnotes":""},"class_list":["post-553","page","type-page","status-publish","hentry"],"_links":{"self":[{"href":"https:\/\/departamento.us.es\/petra\/wp-json\/wp\/v2\/pages\/553","targetHints":{"allow":["GET"]}}],"collection":[{"href":"https:\/\/departamento.us.es\/petra\/wp-json\/wp\/v2\/pages"}],"about":[{"href":"https:\/\/departamento.us.es\/petra\/wp-json\/wp\/v2\/types\/page"}],"author":[{"embeddable":true,"href":"https:\/\/departamento.us.es\/petra\/wp-json\/wp\/v2\/users\/1"}],"replies":[{"embeddable":true,"href":"https:\/\/departamento.us.es\/petra\/wp-json\/wp\/v2\/comments?post=553"}],"version-history":[{"count":3,"href":"https:\/\/departamento.us.es\/petra\/wp-json\/wp\/v2\/pages\/553\/revisions"}],"predecessor-version":[{"id":698,"href":"https:\/\/departamento.us.es\/petra\/wp-json\/wp\/v2\/pages\/553\/revisions\/698"}],"up":[{"embeddable":true,"href":"https:\/\/departamento.us.es\/petra\/wp-json\/wp\/v2\/pages\/64"}],"wp:attachment":[{"href":"https:\/\/departamento.us.es\/petra\/wp-json\/wp\/v2\/media?parent=553"}],"curies":[{"name":"wp","href":"https:\/\/api.w.org\/{rel}","templated":true}]}}