{"id":64,"date":"2024-12-10T14:59:40","date_gmt":"2024-12-10T13:59:40","guid":{"rendered":"https:\/\/departamento.us.es\/petra\/?page_id=64"},"modified":"2025-04-08T17:25:20","modified_gmt":"2025-04-08T15:25:20","slug":"grupos-de-investigacion","status":"publish","type":"page","link":"https:\/\/departamento.us.es\/petra\/conocenos\/grupos-de-investigacion\/","title":{"rendered":"Grupos de investigaci\u00f3n"},"content":{"rendered":"\n<h4 class=\"wp-block-heading\">En la actualidad, participamos de los siguientes grupos de investigaci\u00f3n:<br><\/h4>\n\n\n\n<p><\/p>\n\n\n\n<p><a href=\"https:\/\/departamento.us.es\/petra\/conocenos\/grupos-de-investigacion\/grupo-argus\/\" data-type=\"page\" data-id=\"553\" target=\"_blank\" rel=\"noreferrer noopener\"><strong>ARGUS<\/strong> | Psicolog\u00eda de las adicciones<\/a><\/p>\n\n\n\n<p class=\"has-text-align-left\"><a href=\"https:\/\/departamento.us.es\/petra\/?page_id=101\" target=\"_blank\" rel=\"noreferrer noopener nofollow\"><strong>CTS-111<\/strong> | Psicolog\u00eda cl\u00ednica y de la salud<\/a><\/p>\n\n\n\n<p class=\"has-text-align-left\"><a href=\"https:\/\/departamento.us.es\/petra\/?page_id=106\" target=\"_blank\" rel=\"noreferrer noopener nofollow\"><strong>CTS-152<\/strong> | Pediatr\u00eda integral y psicolog\u00eda pedi\u00e1trica<\/a><\/p>\n\n\n\n<p class=\"has-text-align-left\"><a href=\"https:\/\/departamento.us.es\/petra\/?page_id=132\" target=\"_blank\" rel=\"noreferrer noopener nofollow\"><strong>CTS-301<\/strong> | Alteraci\u00f3n mental y disfunci\u00f3n social<\/a><\/p>\n\n\n\n<p class=\"has-text-align-left\"><a href=\"https:\/\/departamento.us.es\/petra\/?page_id=114\" data-type=\"page\" data-id=\"114\"><strong>CTS-432<\/strong><\/a> |<a href=\"https:\/\/departamento.us.es\/petra\/?page_id=114\" target=\"_blank\" rel=\"noreferrer noopener nofollow\"> Intervenci\u00f3n cl\u00ednica en medicina comportamental y psicolog\u00eda de la salud<\/a><\/p>\n\n\n\n<p class=\"has-text-align-left\"><a href=\"https:\/\/departamento.us.es\/petra\/?page_id=135\" target=\"_blank\" rel=\"noreferrer noopener nofollow\"><strong>CTS-441<\/strong> | Intervenci\u00f3n psicol\u00f3gica, promoci\u00f3n de la salud y la seguridad<\/a><\/p>\n\n\n\n<p class=\"has-text-align-left\"><a href=\"https:\/\/departamento.us.es\/petra\/?page_id=137\" target=\"_blank\" rel=\"noreferrer noopener nofollow\"><strong>SEJ-461<\/strong> | Psicolog\u00eda cl\u00ednica y calidad de vida de pacientes y familiares<\/a><\/p>\n\n\n\n<p class=\"has-text-align-left\"><a href=\"https:\/\/departamento.us.es\/petra\/?page_id=143\" target=\"_blank\" rel=\"noreferrer noopener nofollow\"><strong>OTROS <\/strong>| Sin asignaci\u00f3n a grupos PAIDI<\/a><\/p>\n\n\n\n<p><\/p>\n","protected":false},"excerpt":{"rendered":"<p>En la actualidad, participamos de los siguientes grupos de investigaci\u00f3n: ARGUS | Psicolog\u00eda de las adicciones CTS-111 | Psicolog\u00eda cl\u00ednica y de la salud CTS-152 | Pediatr\u00eda integral y psicolog\u00eda pedi\u00e1trica CTS-301 | Alteraci\u00f3n mental y disfunci\u00f3n social CTS-432 | Intervenci\u00f3n cl\u00ednica en medicina comportamental y psicolog\u00eda de la salud CTS-441 | Intervenci\u00f3n psicol\u00f3gica, promoci\u00f3n&hellip;&nbsp;<a href=\"https:\/\/departamento.us.es\/petra\/conocenos\/grupos-de-investigacion\/\" rel=\"bookmark\">Leer m\u00e1s &raquo;<span class=\"screen-reader-text\">Grupos de investigaci\u00f3n<\/span><\/a><\/p>\n","protected":false},"author":1,"featured_media":0,"parent":19,"menu_order":2,"comment_status":"closed","ping_status":"closed","template":"","meta":{"neve_meta_sidebar":"","neve_meta_container":"","neve_meta_enable_content_width":"","neve_meta_content_width":0,"neve_meta_title_alignment":"","neve_meta_author_avatar":"","neve_post_elements_order":"","neve_meta_disable_header":"","neve_meta_disable_footer":"","neve_meta_disable_title":"","iawp_total_views":242,"footnotes":""},"class_list":["post-64","page","type-page","status-publish","hentry"],"_links":{"self":[{"href":"https:\/\/departamento.us.es\/petra\/wp-json\/wp\/v2\/pages\/64","targetHints":{"allow":["GET"]}}],"collection":[{"href":"https:\/\/departamento.us.es\/petra\/wp-json\/wp\/v2\/pages"}],"about":[{"href":"https:\/\/departamento.us.es\/petra\/wp-json\/wp\/v2\/types\/page"}],"author":[{"embeddable":true,"href":"https:\/\/departamento.us.es\/petra\/wp-json\/wp\/v2\/users\/1"}],"replies":[{"embeddable":true,"href":"https:\/\/departamento.us.es\/petra\/wp-json\/wp\/v2\/comments?post=64"}],"version-history":[{"count":14,"href":"https:\/\/departamento.us.es\/petra\/wp-json\/wp\/v2\/pages\/64\/revisions"}],"predecessor-version":[{"id":584,"href":"https:\/\/departamento.us.es\/petra\/wp-json\/wp\/v2\/pages\/64\/revisions\/584"}],"up":[{"embeddable":true,"href":"https:\/\/departamento.us.es\/petra\/wp-json\/wp\/v2\/pages\/19"}],"wp:attachment":[{"href":"https:\/\/departamento.us.es\/petra\/wp-json\/wp\/v2\/media?parent=64"}],"curies":[{"name":"wp","href":"https:\/\/api.w.org\/{rel}","templated":true}]}}