{"id":2185,"date":"2023-03-08T11:03:44","date_gmt":"2023-03-08T11:03:44","guid":{"rendered":"https:\/\/departamento.us.es\/psieved\/?page_id=2185"},"modified":"2023-03-31T11:08:31","modified_gmt":"2023-03-31T11:08:31","slug":"docencia","status":"publish","type":"page","link":"https:\/\/departamento.us.es\/psieved\/docencia\/","title":{"rendered":"Docencia"},"content":{"rendered":"\t\t<div data-elementor-type=\"wp-page\" data-elementor-id=\"2185\" class=\"elementor elementor-2185\" data-elementor-post-type=\"page\">\n\t\t\t\t\t\t<section class=\"elementor-section elementor-top-section elementor-element elementor-element-f3b8705 elementor-section-boxed elementor-section-height-default elementor-section-height-default\" data-id=\"f3b8705\" data-element_type=\"section\">\n\t\t\t\t\t\t<div class=\"elementor-container elementor-column-gap-default\">\n\t\t\t\t\t<div class=\"elementor-column elementor-col-100 elementor-top-column elementor-element elementor-element-12a12bc\" data-id=\"12a12bc\" data-element_type=\"column\">\n\t\t\t<div class=\"elementor-widget-wrap elementor-element-populated\">\n\t\t\t\t\t\t<div class=\"elementor-element elementor-element-6fec652 elementor-invisible elementor-widget elementor-widget-heading\" data-id=\"6fec652\" data-element_type=\"widget\" data-settings=\"{&quot;_animation&quot;:&quot;fadeIn&quot;}\" data-widget_type=\"heading.default\">\n\t\t\t\t<div class=\"elementor-widget-container\">\n\t\t\t<style>\/*! elementor - v3.19.0 - 29-01-2024 *\/\n.elementor-heading-title{padding:0;margin:0;line-height:1}.elementor-widget-heading .elementor-heading-title[class*=elementor-size-]>a{color:inherit;font-size:inherit;line-height:inherit}.elementor-widget-heading .elementor-heading-title.elementor-size-small{font-size:15px}.elementor-widget-heading .elementor-heading-title.elementor-size-medium{font-size:19px}.elementor-widget-heading .elementor-heading-title.elementor-size-large{font-size:29px}.elementor-widget-heading .elementor-heading-title.elementor-size-xl{font-size:39px}.elementor-widget-heading .elementor-heading-title.elementor-size-xxl{font-size:59px}<\/style><h6 class=\"elementor-heading-title elementor-size-default\">El Departamento de Psicolog\u00eda Evolutiva y de la Educaci\u00f3n tiene docencia en los siguientes t\u00edtulos y centros:<\/h6>\t\t<\/div>\n\t\t\t\t<\/div>\n\t\t\t\t<div class=\"elementor-element elementor-element-6367108 elementor-invisible elementor-widget elementor-widget-toggle\" data-id=\"6367108\" data-element_type=\"widget\" data-settings=\"{&quot;_animation&quot;:&quot;zoomIn&quot;}\" data-widget_type=\"toggle.default\">\n\t\t\t\t<div class=\"elementor-widget-container\">\n\t\t\t<style>\/*! elementor - v3.19.0 - 29-01-2024 *\/\n.elementor-toggle{text-align:left}.elementor-toggle .elementor-tab-title{font-weight:700;line-height:1;margin:0;padding:15px;border-bottom:1px solid #d5d8dc;cursor:pointer;outline:none}.elementor-toggle .elementor-tab-title .elementor-toggle-icon{display:inline-block;width:1em}.elementor-toggle .elementor-tab-title .elementor-toggle-icon svg{margin-inline-start:-5px;width:1em;height:1em}.elementor-toggle .elementor-tab-title .elementor-toggle-icon.elementor-toggle-icon-right{float:right;text-align:right}.elementor-toggle .elementor-tab-title .elementor-toggle-icon.elementor-toggle-icon-left{float:left;text-align:left}.elementor-toggle .elementor-tab-title .elementor-toggle-icon .elementor-toggle-icon-closed{display:block}.elementor-toggle .elementor-tab-title .elementor-toggle-icon .elementor-toggle-icon-opened{display:none}.elementor-toggle .elementor-tab-title.elementor-active{border-bottom:none}.elementor-toggle .elementor-tab-title.elementor-active .elementor-toggle-icon-closed{display:none}.elementor-toggle .elementor-tab-title.elementor-active .elementor-toggle-icon-opened{display:block}.elementor-toggle .elementor-tab-content{padding:15px;border-bottom:1px solid #d5d8dc;display:none}@media (max-width:767px){.elementor-toggle .elementor-tab-title{padding:12px}.elementor-toggle .elementor-tab-content{padding:12px 10px}}.e-con-inner>.elementor-widget-toggle,.e-con>.elementor-widget-toggle{width:var(--container-widget-width);--flex-grow:var(--container-widget-flex-grow)}<\/style>\t\t<div class=\"elementor-toggle\">\n\t\t\t\t\t\t\t<div class=\"elementor-toggle-item\">\n\t\t\t\t\t<div id=\"elementor-tab-title-1041\" class=\"elementor-tab-title\" data-tab=\"1\" role=\"button\" aria-controls=\"elementor-tab-content-1041\" aria-expanded=\"false\">\n\t\t\t\t\t\t\t\t\t\t\t\t<span class=\"elementor-toggle-icon elementor-toggle-icon-left\" aria-hidden=\"true\">\n\t\t\t\t\t\t\t\t\t\t\t\t\t\t\t<span class=\"elementor-toggle-icon-closed\"><i class=\"fas fa-plus\"><\/i><\/span>\n\t\t\t\t\t\t\t\t<span class=\"elementor-toggle-icon-opened\"><i class=\"elementor-toggle-icon-opened fas fa-minus\"><\/i><\/span>\n\t\t\t\t\t\t\t\t\t\t\t\t\t<\/span>\n\t\t\t\t\t\t\t\t\t\t\t\t<a class=\"elementor-toggle-title\" tabindex=\"0\">FACULTAD DE PSICOLOG\u00cdA<\/a>\n\t\t\t\t\t<\/div>\n\n\t\t\t\t\t<div id=\"elementor-tab-content-1041\" class=\"elementor-tab-content elementor-clearfix\" data-tab=\"1\" role=\"region\" aria-labelledby=\"elementor-tab-title-1041\"><p><strong><span style=\"color: #000000;\"><a style=\"color: #000000;\" href=\"https:\/\/psicologia.us.es\/\" target=\"_blank\" rel=\"noopener\">Grados<\/a><\/span>:<\/strong><\/p><ul><li>Grado en Psicolog\u00eda.<\/li><\/ul><p><strong><span style=\"color: #000000;\"><a style=\"color: #000000;\" href=\"https:\/\/psicologia.us.es\/\" target=\"_blank\" rel=\"noopener\">M\u00e1ster<\/a><\/span>:<\/strong><\/p><ul><li>M\u00e1ster Universitario en Intervenci\u00f3n y Mediaci\u00f3n Familiar.<\/li><li>M\u00e1ster Universitario en Migraciones Internacionales, Salud y Bienestar: Modelos y Estrategias de Intervenci\u00f3n.<\/li><li>M\u00e1ster Universitario en Psicolog\u00eda de la Educaci\u00f3n. Avances en Intervenci\u00f3n Psicoeducativa y Necesidades Educativas Especiales.<\/li><li>M\u00e1ster Universitario en Psicolog\u00eda de la Intervenci\u00f3n Social y Comunitaria.<\/li><\/ul><p><strong><span style=\"color: #000000;\"><a style=\"color: #000000;\" href=\"https:\/\/psicologia.us.es\/\" target=\"_blank\" rel=\"noopener\">Doctorado<\/a><\/span>:<\/strong><\/p><ul><li>Programa de Doctorado en Psicolog\u00eda.<\/li><\/ul><\/div>\n\t\t\t\t<\/div>\n\t\t\t\t\t\t\t<div class=\"elementor-toggle-item\">\n\t\t\t\t\t<div id=\"elementor-tab-title-1042\" class=\"elementor-tab-title\" data-tab=\"2\" role=\"button\" aria-controls=\"elementor-tab-content-1042\" aria-expanded=\"false\">\n\t\t\t\t\t\t\t\t\t\t\t\t<span class=\"elementor-toggle-icon elementor-toggle-icon-left\" aria-hidden=\"true\">\n\t\t\t\t\t\t\t\t\t\t\t\t\t\t\t<span class=\"elementor-toggle-icon-closed\"><i class=\"fas fa-plus\"><\/i><\/span>\n\t\t\t\t\t\t\t\t<span class=\"elementor-toggle-icon-opened\"><i class=\"elementor-toggle-icon-opened fas fa-minus\"><\/i><\/span>\n\t\t\t\t\t\t\t\t\t\t\t\t\t<\/span>\n\t\t\t\t\t\t\t\t\t\t\t\t<a class=\"elementor-toggle-title\" tabindex=\"0\">FACULTAD DE CIENCIAS DE LA EDUCACI\u00d3N<\/a>\n\t\t\t\t\t<\/div>\n\n\t\t\t\t\t<div id=\"elementor-tab-content-1042\" class=\"elementor-tab-content elementor-clearfix\" data-tab=\"2\" role=\"region\" aria-labelledby=\"elementor-tab-title-1042\"><p><strong><span style=\"color: #000000;\"><a style=\"color: #000000;\" href=\"https:\/\/educacion.us.es\/\" target=\"_blank\" rel=\"noopener\">Grados<\/a><\/span>:<\/strong><\/p><ul><li>Grado en Educaci\u00f3n Infantil.<\/li><li>Grado en Educaci\u00f3n Primaria.<\/li><li>Grado en Pedagog\u00eda.<\/li><\/ul><p><strong><span style=\"color: #000000;\"><a style=\"color: #000000;\" href=\"https:\/\/educacion.us.es\/\" target=\"_blank\" rel=\"noopener\">M\u00e1ster<\/a><\/span>:<\/strong><\/p><ul><li>M\u00e1ster Universitario en Actividad F\u00edsica y Calidad de Vida de Personas Adultas y Mayores.<\/li><li>M\u00e1ster Universitario en Direcci\u00f3n, Evaluaci\u00f3n y Calidad de las Instituciones de Formaci\u00f3n.<\/li><li>M\u00e1ster Universitario en Necesidades Educativas Especiales y Atenci\u00f3n a la Diversidad en la Escuela.<\/li><li>M\u00e1ster Universitario en Psicopedagog\u00eda.<\/li><\/ul><\/div>\n\t\t\t\t<\/div>\n\t\t\t\t\t\t\t<div class=\"elementor-toggle-item\">\n\t\t\t\t\t<div id=\"elementor-tab-title-1043\" class=\"elementor-tab-title\" data-tab=\"3\" role=\"button\" aria-controls=\"elementor-tab-content-1043\" aria-expanded=\"false\">\n\t\t\t\t\t\t\t\t\t\t\t\t<span class=\"elementor-toggle-icon elementor-toggle-icon-left\" aria-hidden=\"true\">\n\t\t\t\t\t\t\t\t\t\t\t\t\t\t\t<span class=\"elementor-toggle-icon-closed\"><i class=\"fas fa-plus\"><\/i><\/span>\n\t\t\t\t\t\t\t\t<span class=\"elementor-toggle-icon-opened\"><i class=\"elementor-toggle-icon-opened fas fa-minus\"><\/i><\/span>\n\t\t\t\t\t\t\t\t\t\t\t\t\t<\/span>\n\t\t\t\t\t\t\t\t\t\t\t\t<a class=\"elementor-toggle-title\" tabindex=\"0\">CENTRO INTERNACIONAL<\/a>\n\t\t\t\t\t<\/div>\n\n\t\t\t\t\t<div id=\"elementor-tab-content-1043\" class=\"elementor-tab-content elementor-clearfix\" data-tab=\"3\" role=\"region\" aria-labelledby=\"elementor-tab-title-1043\"><p><strong><span style=\"color: #000000;\"><a style=\"color: #000000;\" href=\"https:\/\/masteroficial.us.es\/maes\/\" target=\"_blank\" rel=\"noopener\">M\u00e1ster<\/a><\/span>:<\/strong><\/p><ul><li>M\u00e1ster Universitario en Estudios de G\u00e9nero y Desarrollo Profesional.<\/li><li>M\u00e1ster Universitario en Profesorado de Ense\u00f1anza Secundaria Obligatoria y Bachillerato, Formaci\u00f3n Profesional y Ense\u00f1anza de Idiomas.<\/li><\/ul><\/div>\n\t\t\t\t<\/div>\n\t\t\t\t\t\t\t\t\t\t<script type=\"application\/ld+json\">{\"@context\":\"https:\\\/\\\/schema.org\",\"@type\":\"FAQPage\",\"mainEntity\":[{\"@type\":\"Question\",\"name\":\"FACULTAD DE PSICOLOG\\u00cdA\",\"acceptedAnswer\":{\"@type\":\"Answer\",\"text\":\"<p><strong><span style=\\\"color: #000000;\\\"><a style=\\\"color: #000000;\\\" href=\\\"https:\\\/\\\/psicologia.us.es\\\/\\\" target=\\\"_blank\\\" rel=\\\"noopener\\\">Grados<\\\/a><\\\/span>:<\\\/strong><\\\/p><ul><li>Grado en Psicolog\\u00eda.<\\\/li><\\\/ul><p><strong><span style=\\\"color: #000000;\\\"><a style=\\\"color: #000000;\\\" href=\\\"https:\\\/\\\/psicologia.us.es\\\/\\\" target=\\\"_blank\\\" rel=\\\"noopener\\\">M\\u00e1ster<\\\/a><\\\/span>:<\\\/strong><\\\/p><ul><li>M\\u00e1ster Universitario en Intervenci\\u00f3n y Mediaci\\u00f3n Familiar.<\\\/li><li>M\\u00e1ster Universitario en Migraciones Internacionales, Salud y Bienestar: Modelos y Estrategias de Intervenci\\u00f3n.<\\\/li><li>M\\u00e1ster Universitario en Psicolog\\u00eda de la Educaci\\u00f3n. Avances en Intervenci\\u00f3n Psicoeducativa y Necesidades Educativas Especiales.<\\\/li><li>M\\u00e1ster Universitario en Psicolog\\u00eda de la Intervenci\\u00f3n Social y Comunitaria.<\\\/li><\\\/ul><p><strong><span style=\\\"color: #000000;\\\"><a style=\\\"color: #000000;\\\" href=\\\"https:\\\/\\\/psicologia.us.es\\\/\\\" target=\\\"_blank\\\" rel=\\\"noopener\\\">Doctorado<\\\/a><\\\/span>:<\\\/strong><\\\/p><ul><li>Programa de Doctorado en Psicolog\\u00eda.<\\\/li><\\\/ul>\"}},{\"@type\":\"Question\",\"name\":\"FACULTAD DE CIENCIAS DE LA EDUCACI\\u00d3N\",\"acceptedAnswer\":{\"@type\":\"Answer\",\"text\":\"<p><strong><span style=\\\"color: #000000;\\\"><a style=\\\"color: #000000;\\\" href=\\\"https:\\\/\\\/educacion.us.es\\\/\\\" target=\\\"_blank\\\" rel=\\\"noopener\\\">Grados<\\\/a><\\\/span>:<\\\/strong><\\\/p><ul><li>Grado en Educaci\\u00f3n Infantil.<\\\/li><li>Grado en Educaci\\u00f3n Primaria.<\\\/li><li>Grado en Pedagog\\u00eda.<\\\/li><\\\/ul><p><strong><span style=\\\"color: #000000;\\\"><a style=\\\"color: #000000;\\\" href=\\\"https:\\\/\\\/educacion.us.es\\\/\\\" target=\\\"_blank\\\" rel=\\\"noopener\\\">M\\u00e1ster<\\\/a><\\\/span>:<\\\/strong><\\\/p><ul><li>M\\u00e1ster Universitario en Actividad F\\u00edsica y Calidad de Vida de Personas Adultas y Mayores.<\\\/li><li>M\\u00e1ster Universitario en Direcci\\u00f3n, Evaluaci\\u00f3n y Calidad de las Instituciones de Formaci\\u00f3n.<\\\/li><li>M\\u00e1ster Universitario en Necesidades Educativas Especiales y Atenci\\u00f3n a la Diversidad en la Escuela.<\\\/li><li>M\\u00e1ster Universitario en Psicopedagog\\u00eda.<\\\/li><\\\/ul>\"}},{\"@type\":\"Question\",\"name\":\"CENTRO INTERNACIONAL\",\"acceptedAnswer\":{\"@type\":\"Answer\",\"text\":\"<p><strong><span style=\\\"color: #000000;\\\"><a style=\\\"color: #000000;\\\" href=\\\"https:\\\/\\\/masteroficial.us.es\\\/maes\\\/\\\" target=\\\"_blank\\\" rel=\\\"noopener\\\">M\\u00e1ster<\\\/a><\\\/span>:<\\\/strong><\\\/p><ul><li>M\\u00e1ster Universitario en Estudios de G\\u00e9nero y Desarrollo Profesional.<\\\/li><li>M\\u00e1ster Universitario en Profesorado de Ense\\u00f1anza Secundaria Obligatoria y Bachillerato, Formaci\\u00f3n Profesional y Ense\\u00f1anza de Idiomas.<\\\/li><\\\/ul>\"}}]}<\/script>\n\t\t\t\t\t<\/div>\n\t\t\t\t<\/div>\n\t\t\t\t<\/div>\n\t\t\t\t\t<\/div>\n\t\t<\/div>\n\t\t\t\t\t<\/div>\n\t\t<\/section>\n\t\t\t\t<\/div>\n\t\t","protected":false},"excerpt":{"rendered":"<p>El Departamento de Psicolog\u00eda Evolutiva y de la Educaci\u00f3n tiene docencia en los siguientes t\u00edtulos y centros: FACULTAD DE PSICOLOG\u00cdA<\/p>\n","protected":false},"author":2,"featured_media":0,"parent":0,"menu_order":0,"comment_status":"closed","ping_status":"closed","template":"","meta":{"footnotes":""},"class_list":["post-2185","page","type-page","status-publish","hentry"],"yoast_head":"<!-- This site is optimized with the Yoast SEO plugin v21.9.1 - https:\/\/yoast.com\/wordpress\/plugins\/seo\/ -->\n<title>Docencia - Departamento de Psicolog\u00eda Evolutiva y de la Educaci\u00f3n<\/title>\n<meta name=\"robots\" content=\"index, follow, max-snippet:-1, max-image-preview:large, max-video-preview:-1\" \/>\n<link rel=\"canonical\" href=\"https:\/\/departamento.us.es\/psieved\/docencia\/\" \/>\n<meta property=\"og:locale\" content=\"es_ES\" \/>\n<meta property=\"og:type\" content=\"article\" \/>\n<meta property=\"og:title\" content=\"Docencia - Departamento de Psicolog\u00eda Evolutiva y de la Educaci\u00f3n\" \/>\n<meta property=\"og:description\" content=\"El Departamento de Psicolog\u00eda Evolutiva y de la Educaci\u00f3n tiene docencia en los siguientes t\u00edtulos y centros: FACULTAD DE PSICOLOG\u00cdA\" \/>\n<meta property=\"og:url\" content=\"https:\/\/departamento.us.es\/psieved\/docencia\/\" \/>\n<meta property=\"og:site_name\" content=\"Departamento de Psicolog\u00eda Evolutiva y de la Educaci\u00f3n\" \/>\n<meta property=\"article:modified_time\" content=\"2023-03-31T11:08:31+00:00\" \/>\n<meta name=\"twitter:card\" content=\"summary_large_image\" \/>\n<meta name=\"twitter:label1\" content=\"Tiempo de lectura\" \/>\n\t<meta name=\"twitter:data1\" content=\"1 minuto\" \/>\n<script type=\"application\/ld+json\" class=\"yoast-schema-graph\">{\"@context\":\"https:\/\/schema.org\",\"@graph\":[{\"@type\":\"WebPage\",\"@id\":\"https:\/\/departamento.us.es\/psieved\/docencia\/\",\"url\":\"https:\/\/departamento.us.es\/psieved\/docencia\/\",\"name\":\"Docencia - Departamento de Psicolog\u00eda Evolutiva y de la Educaci\u00f3n\",\"isPartOf\":{\"@id\":\"https:\/\/departamento.us.es\/psieved\/#website\"},\"datePublished\":\"2023-03-08T11:03:44+00:00\",\"dateModified\":\"2023-03-31T11:08:31+00:00\",\"inLanguage\":\"es\",\"potentialAction\":[{\"@type\":\"ReadAction\",\"target\":[\"https:\/\/departamento.us.es\/psieved\/docencia\/\"]}]},{\"@type\":\"WebSite\",\"@id\":\"https:\/\/departamento.us.es\/psieved\/#website\",\"url\":\"https:\/\/departamento.us.es\/psieved\/\",\"name\":\"Departamento de Psicolog\u00eda Evolutiva y de la Educaci\u00f3n\",\"description\":\"Universidad de Sevilla\",\"potentialAction\":[{\"@type\":\"SearchAction\",\"target\":{\"@type\":\"EntryPoint\",\"urlTemplate\":\"https:\/\/departamento.us.es\/psieved\/?s={search_term_string}\"},\"query-input\":\"required name=search_term_string\"}],\"inLanguage\":\"es\"}]}<\/script>\n<!-- \/ Yoast SEO plugin. -->","yoast_head_json":{"title":"Docencia - Departamento de Psicolog\u00eda Evolutiva y de la Educaci\u00f3n","robots":{"index":"index","follow":"follow","max-snippet":"max-snippet:-1","max-image-preview":"max-image-preview:large","max-video-preview":"max-video-preview:-1"},"canonical":"https:\/\/departamento.us.es\/psieved\/docencia\/","og_locale":"es_ES","og_type":"article","og_title":"Docencia - Departamento de Psicolog\u00eda Evolutiva y de la Educaci\u00f3n","og_description":"El Departamento de Psicolog\u00eda Evolutiva y de la Educaci\u00f3n tiene docencia en los siguientes t\u00edtulos y centros: FACULTAD DE PSICOLOG\u00cdA","og_url":"https:\/\/departamento.us.es\/psieved\/docencia\/","og_site_name":"Departamento de Psicolog\u00eda Evolutiva y de la Educaci\u00f3n","article_modified_time":"2023-03-31T11:08:31+00:00","twitter_card":"summary_large_image","twitter_misc":{"Tiempo de lectura":"1 minuto"},"schema":{"@context":"https:\/\/schema.org","@graph":[{"@type":"WebPage","@id":"https:\/\/departamento.us.es\/psieved\/docencia\/","url":"https:\/\/departamento.us.es\/psieved\/docencia\/","name":"Docencia - Departamento de Psicolog\u00eda Evolutiva y de la Educaci\u00f3n","isPartOf":{"@id":"https:\/\/departamento.us.es\/psieved\/#website"},"datePublished":"2023-03-08T11:03:44+00:00","dateModified":"2023-03-31T11:08:31+00:00","inLanguage":"es","potentialAction":[{"@type":"ReadAction","target":["https:\/\/departamento.us.es\/psieved\/docencia\/"]}]},{"@type":"WebSite","@id":"https:\/\/departamento.us.es\/psieved\/#website","url":"https:\/\/departamento.us.es\/psieved\/","name":"Departamento de Psicolog\u00eda Evolutiva y de la Educaci\u00f3n","description":"Universidad de Sevilla","potentialAction":[{"@type":"SearchAction","target":{"@type":"EntryPoint","urlTemplate":"https:\/\/departamento.us.es\/psieved\/?s={search_term_string}"},"query-input":"required name=search_term_string"}],"inLanguage":"es"}]}},"_links":{"self":[{"href":"https:\/\/departamento.us.es\/psieved\/wp-json\/wp\/v2\/pages\/2185","targetHints":{"allow":["GET"]}}],"collection":[{"href":"https:\/\/departamento.us.es\/psieved\/wp-json\/wp\/v2\/pages"}],"about":[{"href":"https:\/\/departamento.us.es\/psieved\/wp-json\/wp\/v2\/types\/page"}],"author":[{"embeddable":true,"href":"https:\/\/departamento.us.es\/psieved\/wp-json\/wp\/v2\/users\/2"}],"replies":[{"embeddable":true,"href":"https:\/\/departamento.us.es\/psieved\/wp-json\/wp\/v2\/comments?post=2185"}],"version-history":[{"count":0,"href":"https:\/\/departamento.us.es\/psieved\/wp-json\/wp\/v2\/pages\/2185\/revisions"}],"wp:attachment":[{"href":"https:\/\/departamento.us.es\/psieved\/wp-json\/wp\/v2\/media?parent=2185"}],"curies":[{"name":"wp","href":"https:\/\/api.w.org\/{rel}","templated":true}]}}