{"id":2187,"date":"2023-03-08T11:04:20","date_gmt":"2023-03-08T11:04:20","guid":{"rendered":"https:\/\/departamento.us.es\/psieved\/?page_id=2187"},"modified":"2025-02-10T10:07:05","modified_gmt":"2025-02-10T10:07:05","slug":"investigacion","status":"publish","type":"page","link":"https:\/\/departamento.us.es\/psieved\/investigacion\/","title":{"rendered":"Investigaci\u00f3n"},"content":{"rendered":"\t\t<div data-elementor-type=\"wp-page\" data-elementor-id=\"2187\" class=\"elementor elementor-2187\" data-elementor-post-type=\"page\">\n\t\t\t\t\t\t<section class=\"elementor-section elementor-top-section elementor-element elementor-element-4bb16ce elementor-section-boxed elementor-section-height-default elementor-section-height-default elementor-invisible\" data-id=\"4bb16ce\" data-element_type=\"section\" data-settings=\"{&quot;animation&quot;:&quot;zoomIn&quot;}\">\n\t\t\t\t\t\t<div class=\"elementor-container elementor-column-gap-default\">\n\t\t\t\t\t<div class=\"elementor-column elementor-col-100 elementor-top-column elementor-element elementor-element-7707829\" data-id=\"7707829\" data-element_type=\"column\">\n\t\t\t<div class=\"elementor-widget-wrap elementor-element-populated\">\n\t\t\t\t\t\t<div class=\"elementor-element elementor-element-298a1c9 elementor-widget elementor-widget-heading\" data-id=\"298a1c9\" data-element_type=\"widget\" data-widget_type=\"heading.default\">\n\t\t\t\t<div class=\"elementor-widget-container\">\n\t\t\t<style>\/*! elementor - v3.19.0 - 29-01-2024 *\/\n.elementor-heading-title{padding:0;margin:0;line-height:1}.elementor-widget-heading .elementor-heading-title[class*=elementor-size-]>a{color:inherit;font-size:inherit;line-height:inherit}.elementor-widget-heading .elementor-heading-title.elementor-size-small{font-size:15px}.elementor-widget-heading .elementor-heading-title.elementor-size-medium{font-size:19px}.elementor-widget-heading .elementor-heading-title.elementor-size-large{font-size:29px}.elementor-widget-heading .elementor-heading-title.elementor-size-xl{font-size:39px}.elementor-widget-heading .elementor-heading-title.elementor-size-xxl{font-size:59px}<\/style><h4 class=\"elementor-heading-title elementor-size-default\">Grupos de investigaci\u00f3n del Dpto:<\/h4>\t\t<\/div>\n\t\t\t\t<\/div>\n\t\t\t\t<div class=\"elementor-element elementor-element-0fb6194 elementor-widget elementor-widget-text-editor\" data-id=\"0fb6194\" data-element_type=\"widget\" data-widget_type=\"text-editor.default\">\n\t\t\t\t<div class=\"elementor-widget-container\">\n\t\t\t<style>\/*! elementor - v3.19.0 - 29-01-2024 *\/\n.elementor-widget-text-editor.elementor-drop-cap-view-stacked .elementor-drop-cap{background-color:#69727d;color:#fff}.elementor-widget-text-editor.elementor-drop-cap-view-framed .elementor-drop-cap{color:#69727d;border:3px solid;background-color:transparent}.elementor-widget-text-editor:not(.elementor-drop-cap-view-default) .elementor-drop-cap{margin-top:8px}.elementor-widget-text-editor:not(.elementor-drop-cap-view-default) .elementor-drop-cap-letter{width:1em;height:1em}.elementor-widget-text-editor .elementor-drop-cap{float:left;text-align:center;line-height:1;font-size:50px}.elementor-widget-text-editor .elementor-drop-cap-letter{display:inline-block}<\/style>\t\t\t\t<ul><li><a href=\"https:\/\/investigacion.us.es\/sisius\/sis_depgrupos.php?seltext=SEJ547&amp;selfield=CODIGO\" target=\"_blank\" rel=\"noopener\">Procesos de Desarrollo y Educacion en Contextos Familiares y Escolares (SEJ547)\u00a0 <\/a><a href=\"https:\/\/bibliometria.us.es\/prisma\/investigador\/buscar\/grupo\/SEJ-547\" target=\"_blank\" rel=\"noopener\"><img loading=\"lazy\" decoding=\"async\" class=\"alignnone wp-image-2471\" src=\"https:\/\/departamento.us.es\/psieved\/wp-content\/uploads\/2023\/03\/prisma-300x56.png\" alt=\"\" width=\"100\" height=\"19\" srcset=\"https:\/\/departamento.us.es\/psieved\/wp-content\/uploads\/2023\/03\/prisma-300x56.png 300w, https:\/\/departamento.us.es\/psieved\/wp-content\/uploads\/2023\/03\/prisma-1024x190.png 1024w, https:\/\/departamento.us.es\/psieved\/wp-content\/uploads\/2023\/03\/prisma-768x143.png 768w, https:\/\/departamento.us.es\/psieved\/wp-content\/uploads\/2023\/03\/prisma-1536x285.png 1536w, https:\/\/departamento.us.es\/psieved\/wp-content\/uploads\/2023\/03\/prisma.png 2046w\" sizes=\"auto, (max-width: 100px) 100vw, 100px\" \/><\/a><\/li><li><a href=\"https:\/\/investigacion.us.es\/sisius\/sis_depgrupos.php?ct=&amp;cs=&amp;seltext=HUM-281&amp;selfield=CodPAI\" target=\"_blank\" rel=\"noopener\">Laboratorio de Diversidad, Cognici\u00f3n y Lenguaje (HUM281)<\/a> y <a href=\"http:\/\/institucional.us.es\/dcptea\/\">http:\/\/institucional.us.es\/dcptea\/<\/a><a href=\"https:\/\/bibliometria.us.es\/prisma\/investigador\/buscar\/grupo\/HUM-281\" target=\"_blank\" rel=\"noopener\"><img loading=\"lazy\" decoding=\"async\" class=\"alignnone wp-image-2471\" src=\"https:\/\/departamento.us.es\/psieved\/wp-content\/uploads\/2023\/03\/prisma-300x56.png\" alt=\"\" width=\"100\" height=\"19\" srcset=\"https:\/\/departamento.us.es\/psieved\/wp-content\/uploads\/2023\/03\/prisma-300x56.png 300w, https:\/\/departamento.us.es\/psieved\/wp-content\/uploads\/2023\/03\/prisma-1024x190.png 1024w, https:\/\/departamento.us.es\/psieved\/wp-content\/uploads\/2023\/03\/prisma-768x143.png 768w, https:\/\/departamento.us.es\/psieved\/wp-content\/uploads\/2023\/03\/prisma-1536x285.png 1536w, https:\/\/departamento.us.es\/psieved\/wp-content\/uploads\/2023\/03\/prisma.png 2046w\" sizes=\"auto, (max-width: 100px) 100vw, 100px\" \/><\/a><\/li><li><a href=\"https:\/\/investigacion.us.es\/sisius\/sis_depgrupos.php?ct=&amp;cs=&amp;seltext=SEJ-580&amp;selfield=CodPAI\" target=\"_blank\" rel=\"noopener\">SEJ580 Interpersonal Aggression and Socio-Emotional Development<\/a><a href=\"https:\/\/bibliometria.us.es\/prisma\/investigador\/buscar\/grupo\/SEJ-580\" target=\"_blank\" rel=\"noopener\"><img loading=\"lazy\" decoding=\"async\" class=\"alignnone wp-image-2471\" src=\"https:\/\/departamento.us.es\/psieved\/wp-content\/uploads\/2023\/03\/prisma-300x56.png\" alt=\"\" width=\"100\" height=\"19\" srcset=\"https:\/\/departamento.us.es\/psieved\/wp-content\/uploads\/2023\/03\/prisma-300x56.png 300w, https:\/\/departamento.us.es\/psieved\/wp-content\/uploads\/2023\/03\/prisma-1024x190.png 1024w, https:\/\/departamento.us.es\/psieved\/wp-content\/uploads\/2023\/03\/prisma-768x143.png 768w, https:\/\/departamento.us.es\/psieved\/wp-content\/uploads\/2023\/03\/prisma-1536x285.png 1536w, https:\/\/departamento.us.es\/psieved\/wp-content\/uploads\/2023\/03\/prisma.png 2046w\" sizes=\"auto, (max-width: 100px) 100vw, 100px\" \/><\/a><\/li><\/ul>\t\t\t\t\t\t<\/div>\n\t\t\t\t<\/div>\n\t\t\t\t<div class=\"elementor-element elementor-element-6dfcbfd elementor-widget elementor-widget-heading\" data-id=\"6dfcbfd\" data-element_type=\"widget\" data-widget_type=\"heading.default\">\n\t\t\t\t<div class=\"elementor-widget-container\">\n\t\t\t<h4 class=\"elementor-heading-title elementor-size-default\">Otros Grupos de Investigaci\u00f3n con profesorado del Dpto:<\/h4>\t\t<\/div>\n\t\t\t\t<\/div>\n\t\t\t\t<div class=\"elementor-element elementor-element-c6cfa05 elementor-widget elementor-widget-text-editor\" data-id=\"c6cfa05\" data-element_type=\"widget\" data-widget_type=\"text-editor.default\">\n\t\t\t\t<div class=\"elementor-widget-container\">\n\t\t\t\t\t\t\t<ul>\n<li><a href=\"https:\/\/investigacion.us.es\/sisius\/sis_depgrupos.php?ct=&amp;cs=&amp;seltext=HUM-327&amp;selfield=CodPAI\" target=\"_blank\" rel=\"noopener\">HUM327: Laboratorio de Actividad Humana (L.A.H.)<\/a><a href=\"https:\/\/bibliometria.us.es\/prisma\/investigador\/buscar\/grupo\/HUM-327\" target=\"_blank\" rel=\"noopener\"><img loading=\"lazy\" decoding=\"async\" src=\"https:\/\/departamento.us.es\/psieved\/wp-content\/uploads\/2023\/03\/prisma-300x56.png\" alt=\"\" width=\"100\" height=\"19\"><\/a><\/li>\n<li><a href=\"https:\/\/investigacion.us.es\/sisius\/sis_depgrupos.php?ct=&amp;cs=&amp;seltext=SEJ-458&amp;selfield=CodPAI\" target=\"_blank\" rel=\"noopener\">SEJ458: Comportamientos Sociales y Salud<\/a><a href=\"https:\/\/bibliometria.us.es\/prisma\/investigador\/buscar\/grupo\/SEJ-458\" target=\"_blank\" rel=\"noopener\"><img loading=\"lazy\" decoding=\"async\" src=\"https:\/\/departamento.us.es\/psieved\/wp-content\/uploads\/2023\/03\/prisma-300x56.png\" alt=\"\" width=\"100\" height=\"19\"><\/a><\/li>\n<li><a href=\"https:\/\/www.ibis-sevilla.es\/es\/investigacion\/neurociencias\/perinatal-ibis-lab\/\" target=\"_blank\">IBiS-B-17:&nbsp;Perinatal IBiS Lab<\/a><!--EndFragment--><!--EndFragment--><\/li>\n<\/ul>\t\t\t\t\t\t<\/div>\n\t\t\t\t<\/div>\n\t\t\t\t\t<\/div>\n\t\t<\/div>\n\t\t\t\t\t<\/div>\n\t\t<\/section>\n\t\t\t\t<\/div>\n\t\t","protected":false},"excerpt":{"rendered":"<p>Grupos de investigaci\u00f3n del Dpto: Procesos de Desarrollo y Educacion en Contextos Familiares y Escolares (SEJ547)\u00a0 Laboratorio de Diversidad, Cognici\u00f3n<\/p>\n","protected":false},"author":2,"featured_media":0,"parent":0,"menu_order":0,"comment_status":"closed","ping_status":"closed","template":"","meta":{"footnotes":""},"class_list":["post-2187","page","type-page","status-publish","hentry"],"yoast_head":"<!-- This site is optimized with the Yoast SEO plugin v21.9.1 - https:\/\/yoast.com\/wordpress\/plugins\/seo\/ -->\n<title>Investigaci\u00f3n - Departamento de Psicolog\u00eda Evolutiva y de la Educaci\u00f3n<\/title>\n<meta name=\"robots\" content=\"index, follow, max-snippet:-1, max-image-preview:large, max-video-preview:-1\" \/>\n<link rel=\"canonical\" href=\"https:\/\/departamento.us.es\/psieved\/investigacion\/\" \/>\n<meta property=\"og:locale\" content=\"es_ES\" \/>\n<meta property=\"og:type\" content=\"article\" \/>\n<meta property=\"og:title\" content=\"Investigaci\u00f3n - Departamento de Psicolog\u00eda Evolutiva y de la Educaci\u00f3n\" \/>\n<meta property=\"og:description\" content=\"Grupos de investigaci\u00f3n del Dpto: Procesos de Desarrollo y Educacion en Contextos Familiares y Escolares (SEJ547)\u00a0 Laboratorio de Diversidad, Cognici\u00f3n\" \/>\n<meta property=\"og:url\" content=\"https:\/\/departamento.us.es\/psieved\/investigacion\/\" \/>\n<meta property=\"og:site_name\" content=\"Departamento de Psicolog\u00eda Evolutiva y de la Educaci\u00f3n\" \/>\n<meta property=\"article:modified_time\" content=\"2025-02-10T10:07:05+00:00\" \/>\n<meta property=\"og:image\" content=\"https:\/\/departamento.us.es\/psieved\/wp-content\/uploads\/2023\/03\/prisma-300x56.png\" \/>\n<meta name=\"twitter:card\" content=\"summary_large_image\" \/>\n<meta name=\"twitter:label1\" content=\"Tiempo de lectura\" \/>\n\t<meta name=\"twitter:data1\" content=\"2 minutos\" \/>\n<script type=\"application\/ld+json\" class=\"yoast-schema-graph\">{\"@context\":\"https:\/\/schema.org\",\"@graph\":[{\"@type\":\"WebPage\",\"@id\":\"https:\/\/departamento.us.es\/psieved\/investigacion\/\",\"url\":\"https:\/\/departamento.us.es\/psieved\/investigacion\/\",\"name\":\"Investigaci\u00f3n - Departamento de Psicolog\u00eda Evolutiva y de la Educaci\u00f3n\",\"isPartOf\":{\"@id\":\"https:\/\/departamento.us.es\/psieved\/#website\"},\"datePublished\":\"2023-03-08T11:04:20+00:00\",\"dateModified\":\"2025-02-10T10:07:05+00:00\",\"inLanguage\":\"es\",\"potentialAction\":[{\"@type\":\"ReadAction\",\"target\":[\"https:\/\/departamento.us.es\/psieved\/investigacion\/\"]}]},{\"@type\":\"WebSite\",\"@id\":\"https:\/\/departamento.us.es\/psieved\/#website\",\"url\":\"https:\/\/departamento.us.es\/psieved\/\",\"name\":\"Departamento de Psicolog\u00eda Evolutiva y de la Educaci\u00f3n\",\"description\":\"Universidad de Sevilla\",\"potentialAction\":[{\"@type\":\"SearchAction\",\"target\":{\"@type\":\"EntryPoint\",\"urlTemplate\":\"https:\/\/departamento.us.es\/psieved\/?s={search_term_string}\"},\"query-input\":\"required name=search_term_string\"}],\"inLanguage\":\"es\"}]}<\/script>\n<!-- \/ Yoast SEO plugin. -->","yoast_head_json":{"title":"Investigaci\u00f3n - Departamento de Psicolog\u00eda Evolutiva y de la Educaci\u00f3n","robots":{"index":"index","follow":"follow","max-snippet":"max-snippet:-1","max-image-preview":"max-image-preview:large","max-video-preview":"max-video-preview:-1"},"canonical":"https:\/\/departamento.us.es\/psieved\/investigacion\/","og_locale":"es_ES","og_type":"article","og_title":"Investigaci\u00f3n - Departamento de Psicolog\u00eda Evolutiva y de la Educaci\u00f3n","og_description":"Grupos de investigaci\u00f3n del Dpto: Procesos de Desarrollo y Educacion en Contextos Familiares y Escolares (SEJ547)\u00a0 Laboratorio de Diversidad, Cognici\u00f3n","og_url":"https:\/\/departamento.us.es\/psieved\/investigacion\/","og_site_name":"Departamento de Psicolog\u00eda Evolutiva y de la Educaci\u00f3n","article_modified_time":"2025-02-10T10:07:05+00:00","og_image":[{"url":"https:\/\/departamento.us.es\/psieved\/wp-content\/uploads\/2023\/03\/prisma-300x56.png"}],"twitter_card":"summary_large_image","twitter_misc":{"Tiempo de lectura":"2 minutos"},"schema":{"@context":"https:\/\/schema.org","@graph":[{"@type":"WebPage","@id":"https:\/\/departamento.us.es\/psieved\/investigacion\/","url":"https:\/\/departamento.us.es\/psieved\/investigacion\/","name":"Investigaci\u00f3n - Departamento de Psicolog\u00eda Evolutiva y de la Educaci\u00f3n","isPartOf":{"@id":"https:\/\/departamento.us.es\/psieved\/#website"},"datePublished":"2023-03-08T11:04:20+00:00","dateModified":"2025-02-10T10:07:05+00:00","inLanguage":"es","potentialAction":[{"@type":"ReadAction","target":["https:\/\/departamento.us.es\/psieved\/investigacion\/"]}]},{"@type":"WebSite","@id":"https:\/\/departamento.us.es\/psieved\/#website","url":"https:\/\/departamento.us.es\/psieved\/","name":"Departamento de Psicolog\u00eda Evolutiva y de la Educaci\u00f3n","description":"Universidad de Sevilla","potentialAction":[{"@type":"SearchAction","target":{"@type":"EntryPoint","urlTemplate":"https:\/\/departamento.us.es\/psieved\/?s={search_term_string}"},"query-input":"required name=search_term_string"}],"inLanguage":"es"}]}},"_links":{"self":[{"href":"https:\/\/departamento.us.es\/psieved\/wp-json\/wp\/v2\/pages\/2187","targetHints":{"allow":["GET"]}}],"collection":[{"href":"https:\/\/departamento.us.es\/psieved\/wp-json\/wp\/v2\/pages"}],"about":[{"href":"https:\/\/departamento.us.es\/psieved\/wp-json\/wp\/v2\/types\/page"}],"author":[{"embeddable":true,"href":"https:\/\/departamento.us.es\/psieved\/wp-json\/wp\/v2\/users\/2"}],"replies":[{"embeddable":true,"href":"https:\/\/departamento.us.es\/psieved\/wp-json\/wp\/v2\/comments?post=2187"}],"version-history":[{"count":0,"href":"https:\/\/departamento.us.es\/psieved\/wp-json\/wp\/v2\/pages\/2187\/revisions"}],"wp:attachment":[{"href":"https:\/\/departamento.us.es\/psieved\/wp-json\/wp\/v2\/media?parent=2187"}],"curies":[{"name":"wp","href":"https:\/\/api.w.org\/{rel}","templated":true}]}}