{"id":2189,"date":"2023-03-08T11:00:05","date_gmt":"2023-03-08T11:00:05","guid":{"rendered":"https:\/\/departamento.us.es\/psieved\/?page_id=2189"},"modified":"2026-04-14T11:12:42","modified_gmt":"2026-04-14T11:12:42","slug":"tablon","status":"publish","type":"page","link":"https:\/\/departamento.us.es\/psieved\/tablon\/","title":{"rendered":"Tabl\u00f3n"},"content":{"rendered":"\t\t<div data-elementor-type=\"wp-page\" data-elementor-id=\"2189\" class=\"elementor elementor-2189\" data-elementor-post-type=\"page\">\n\t\t\t\t\t\t<section class=\"elementor-section elementor-top-section elementor-element elementor-element-269cfee elementor-section-boxed elementor-section-height-default elementor-section-height-default elementor-invisible\" data-id=\"269cfee\" data-element_type=\"section\" data-settings=\"{&quot;animation&quot;:&quot;fadeInRight&quot;}\">\n\t\t\t\t\t\t<div class=\"elementor-container elementor-column-gap-default\">\n\t\t\t\t\t<div class=\"elementor-column elementor-col-100 elementor-top-column elementor-element elementor-element-55b733f\" data-id=\"55b733f\" data-element_type=\"column\">\n\t\t\t<div class=\"elementor-widget-wrap elementor-element-populated\">\n\t\t\t\t\t\t<div class=\"elementor-element elementor-element-0b8f7ff elementor-widget elementor-widget-heading\" data-id=\"0b8f7ff\" data-element_type=\"widget\" data-widget_type=\"heading.default\">\n\t\t\t\t<div class=\"elementor-widget-container\">\n\t\t\t<style>\/*! elementor - v3.19.0 - 29-01-2024 *\/\n.elementor-heading-title{padding:0;margin:0;line-height:1}.elementor-widget-heading .elementor-heading-title[class*=elementor-size-]>a{color:inherit;font-size:inherit;line-height:inherit}.elementor-widget-heading .elementor-heading-title.elementor-size-small{font-size:15px}.elementor-widget-heading .elementor-heading-title.elementor-size-medium{font-size:19px}.elementor-widget-heading .elementor-heading-title.elementor-size-large{font-size:29px}.elementor-widget-heading .elementor-heading-title.elementor-size-xl{font-size:39px}.elementor-widget-heading .elementor-heading-title.elementor-size-xxl{font-size:59px}<\/style><h2 class=\"elementor-heading-title elementor-size-default\">Noticias<\/h2>\t\t<\/div>\n\t\t\t\t<\/div>\n\t\t\t\t<div class=\"elementor-element elementor-element-bd09962 elementor-grid-tablet-3 elementor-grid-3 elementor-grid-mobile-1 elementor-posts--thumbnail-top elementor-widget elementor-widget-posts\" data-id=\"bd09962\" data-element_type=\"widget\" data-settings=\"{&quot;classic_columns_tablet&quot;:&quot;3&quot;,&quot;classic_columns&quot;:&quot;3&quot;,&quot;classic_columns_mobile&quot;:&quot;1&quot;,&quot;classic_row_gap&quot;:{&quot;unit&quot;:&quot;px&quot;,&quot;size&quot;:35,&quot;sizes&quot;:[]},&quot;classic_row_gap_tablet&quot;:{&quot;unit&quot;:&quot;px&quot;,&quot;size&quot;:&quot;&quot;,&quot;sizes&quot;:[]},&quot;classic_row_gap_mobile&quot;:{&quot;unit&quot;:&quot;px&quot;,&quot;size&quot;:&quot;&quot;,&quot;sizes&quot;:[]}}\" data-widget_type=\"posts.classic\">\n\t\t\t\t<div class=\"elementor-widget-container\">\n\t\t\t<link rel=\"stylesheet\" href=\"https:\/\/departamento.us.es\/psieved\/wp-content\/plugins\/elementor-pro\/assets\/css\/widget-posts.min.css\">\t\t<div class=\"elementor-posts-container elementor-posts elementor-posts--skin-classic elementor-grid\">\n\t\t\t\t<article class=\"elementor-post elementor-grid-item post-2669 post type-post status-publish format-standard hentry category-noticias\">\n\t\t\t\t<div class=\"elementor-post__text\">\n\t\t\t\t<h3 class=\"elementor-post__title\">\n\t\t\t<a href=\"https:\/\/departamento.us.es\/psieved\/noticia-de-prueba\/\" >\n\t\t\t\tNoticia de prueba\t\t\t<\/a>\n\t\t<\/h3>\n\t\t\t\t<div class=\"elementor-post__excerpt\">\n\t\t\t<p>Esto es una noticia de prueba.<\/p>\n\t\t<\/div>\n\t\t\n\t\t<a class=\"elementor-post__read-more\" href=\"https:\/\/departamento.us.es\/psieved\/noticia-de-prueba\/\" aria-label=\"M\u00e1s informaci\u00f3n sobre Noticia de prueba\" tabindex=\"-1\" >\n\t\t\tLeer m\u00e1s \u00bb\t\t<\/a>\n\n\t\t\t\t<\/div>\n\t\t\t\t<\/article>\n\t\t\t\t<\/div>\n\t\t\n\t\t\t\t<\/div>\n\t\t\t\t<\/div>\n\t\t\t\t\t<\/div>\n\t\t<\/div>\n\t\t\t\t\t<\/div>\n\t\t<\/section>\n\t\t\t\t<\/div>\n\t\t","protected":false},"excerpt":{"rendered":"<p>Noticias<\/p>\n","protected":false},"author":2,"featured_media":0,"parent":0,"menu_order":0,"comment_status":"closed","ping_status":"closed","template":"","meta":{"footnotes":""},"class_list":["post-2189","page","type-page","status-publish","hentry"],"yoast_head":"<!-- This site is optimized with the Yoast SEO plugin v21.9.1 - https:\/\/yoast.com\/wordpress\/plugins\/seo\/ -->\n<title>Tabl\u00f3n - Departamento de Psicolog\u00eda Evolutiva y de la Educaci\u00f3n<\/title>\n<meta name=\"robots\" content=\"index, follow, max-snippet:-1, max-image-preview:large, max-video-preview:-1\" \/>\n<link rel=\"canonical\" href=\"https:\/\/departamento.us.es\/psieved\/tablon\/\" \/>\n<meta property=\"og:locale\" content=\"es_ES\" \/>\n<meta property=\"og:type\" content=\"article\" \/>\n<meta property=\"og:title\" content=\"Tabl\u00f3n - Departamento de Psicolog\u00eda Evolutiva y de la Educaci\u00f3n\" \/>\n<meta property=\"og:description\" content=\"Noticias\" \/>\n<meta property=\"og:url\" content=\"https:\/\/departamento.us.es\/psieved\/tablon\/\" \/>\n<meta property=\"og:site_name\" content=\"Departamento de Psicolog\u00eda Evolutiva y de la Educaci\u00f3n\" \/>\n<meta property=\"article:modified_time\" content=\"2026-04-14T11:12:42+00:00\" \/>\n<meta name=\"twitter:card\" content=\"summary_large_image\" \/>\n<meta name=\"twitter:label1\" content=\"Tiempo de lectura\" \/>\n\t<meta name=\"twitter:data1\" content=\"1 minuto\" \/>\n<script type=\"application\/ld+json\" class=\"yoast-schema-graph\">{\"@context\":\"https:\/\/schema.org\",\"@graph\":[{\"@type\":\"WebPage\",\"@id\":\"https:\/\/departamento.us.es\/psieved\/tablon\/\",\"url\":\"https:\/\/departamento.us.es\/psieved\/tablon\/\",\"name\":\"Tabl\u00f3n - Departamento de Psicolog\u00eda Evolutiva y de la Educaci\u00f3n\",\"isPartOf\":{\"@id\":\"https:\/\/departamento.us.es\/psieved\/#website\"},\"datePublished\":\"2023-03-08T11:00:05+00:00\",\"dateModified\":\"2026-04-14T11:12:42+00:00\",\"inLanguage\":\"es\",\"potentialAction\":[{\"@type\":\"ReadAction\",\"target\":[\"https:\/\/departamento.us.es\/psieved\/tablon\/\"]}]},{\"@type\":\"WebSite\",\"@id\":\"https:\/\/departamento.us.es\/psieved\/#website\",\"url\":\"https:\/\/departamento.us.es\/psieved\/\",\"name\":\"Departamento de Psicolog\u00eda Evolutiva y de la Educaci\u00f3n\",\"description\":\"Universidad de Sevilla\",\"potentialAction\":[{\"@type\":\"SearchAction\",\"target\":{\"@type\":\"EntryPoint\",\"urlTemplate\":\"https:\/\/departamento.us.es\/psieved\/?s={search_term_string}\"},\"query-input\":\"required name=search_term_string\"}],\"inLanguage\":\"es\"}]}<\/script>\n<!-- \/ Yoast SEO plugin. -->","yoast_head_json":{"title":"Tabl\u00f3n - Departamento de Psicolog\u00eda Evolutiva y de la Educaci\u00f3n","robots":{"index":"index","follow":"follow","max-snippet":"max-snippet:-1","max-image-preview":"max-image-preview:large","max-video-preview":"max-video-preview:-1"},"canonical":"https:\/\/departamento.us.es\/psieved\/tablon\/","og_locale":"es_ES","og_type":"article","og_title":"Tabl\u00f3n - Departamento de Psicolog\u00eda Evolutiva y de la Educaci\u00f3n","og_description":"Noticias","og_url":"https:\/\/departamento.us.es\/psieved\/tablon\/","og_site_name":"Departamento de Psicolog\u00eda Evolutiva y de la Educaci\u00f3n","article_modified_time":"2026-04-14T11:12:42+00:00","twitter_card":"summary_large_image","twitter_misc":{"Tiempo de lectura":"1 minuto"},"schema":{"@context":"https:\/\/schema.org","@graph":[{"@type":"WebPage","@id":"https:\/\/departamento.us.es\/psieved\/tablon\/","url":"https:\/\/departamento.us.es\/psieved\/tablon\/","name":"Tabl\u00f3n - Departamento de Psicolog\u00eda Evolutiva y de la Educaci\u00f3n","isPartOf":{"@id":"https:\/\/departamento.us.es\/psieved\/#website"},"datePublished":"2023-03-08T11:00:05+00:00","dateModified":"2026-04-14T11:12:42+00:00","inLanguage":"es","potentialAction":[{"@type":"ReadAction","target":["https:\/\/departamento.us.es\/psieved\/tablon\/"]}]},{"@type":"WebSite","@id":"https:\/\/departamento.us.es\/psieved\/#website","url":"https:\/\/departamento.us.es\/psieved\/","name":"Departamento de Psicolog\u00eda Evolutiva y de la Educaci\u00f3n","description":"Universidad de Sevilla","potentialAction":[{"@type":"SearchAction","target":{"@type":"EntryPoint","urlTemplate":"https:\/\/departamento.us.es\/psieved\/?s={search_term_string}"},"query-input":"required name=search_term_string"}],"inLanguage":"es"}]}},"_links":{"self":[{"href":"https:\/\/departamento.us.es\/psieved\/wp-json\/wp\/v2\/pages\/2189","targetHints":{"allow":["GET"]}}],"collection":[{"href":"https:\/\/departamento.us.es\/psieved\/wp-json\/wp\/v2\/pages"}],"about":[{"href":"https:\/\/departamento.us.es\/psieved\/wp-json\/wp\/v2\/types\/page"}],"author":[{"embeddable":true,"href":"https:\/\/departamento.us.es\/psieved\/wp-json\/wp\/v2\/users\/2"}],"replies":[{"embeddable":true,"href":"https:\/\/departamento.us.es\/psieved\/wp-json\/wp\/v2\/comments?post=2189"}],"version-history":[{"count":0,"href":"https:\/\/departamento.us.es\/psieved\/wp-json\/wp\/v2\/pages\/2189\/revisions"}],"wp:attachment":[{"href":"https:\/\/departamento.us.es\/psieved\/wp-json\/wp\/v2\/media?parent=2189"}],"curies":[{"name":"wp","href":"https:\/\/api.w.org\/{rel}","templated":true}]}}