{"id":4577,"date":"2025-12-03T08:02:17","date_gmt":"2025-12-03T08:02:17","guid":{"rendered":"https:\/\/departamento.us.es\/psocial\/?page_id=4577"},"modified":"2025-12-05T08:14:32","modified_gmt":"2025-12-05T08:14:32","slug":"workshop-2","status":"publish","type":"page","link":"https:\/\/departamento.us.es\/psocial\/workshop-2\/","title":{"rendered":"Workshop 2025"},"content":{"rendered":"\t\t<div data-elementor-type=\"wp-page\" data-elementor-id=\"4577\" class=\"elementor elementor-4577\" data-elementor-post-type=\"page\">\n\t\t\t\t<div class=\"elementor-element elementor-element-cc914cd e-flex e-con-boxed e-con e-parent\" data-id=\"cc914cd\" data-element_type=\"container\" data-e-type=\"container\">\n\t\t\t\t\t<div class=\"e-con-inner\">\n\t\t\t\t<div class=\"elementor-element elementor-element-2037495 elementor-countdown--label-block elementor-widget elementor-widget-countdown\" data-id=\"2037495\" data-element_type=\"widget\" data-e-type=\"widget\" data-widget_type=\"countdown.default\">\n\t\t\t\t<div class=\"elementor-widget-container\">\n\t\t\t\t\t\t\t<div data-expire-actions=\"[{&quot;type&quot;:&quot;message&quot;}]\" class=\"elementor-countdown-wrapper\" data-date=\"1765440900\">\n\t\t\t<div class=\"elementor-countdown-item\"><span class=\"elementor-countdown-digits elementor-countdown-days\"><\/span> <span class=\"elementor-countdown-label\">D\u00edas<\/span><\/div><div class=\"elementor-countdown-item\"><span class=\"elementor-countdown-digits elementor-countdown-hours\"><\/span> <span class=\"elementor-countdown-label\">Horas<\/span><\/div><div class=\"elementor-countdown-item\"><span class=\"elementor-countdown-digits elementor-countdown-minutes\"><\/span> <span class=\"elementor-countdown-label\">Minutos<\/span><\/div><div class=\"elementor-countdown-item\"><span class=\"elementor-countdown-digits elementor-countdown-seconds\"><\/span> <span class=\"elementor-countdown-label\">Segundos<\/span><\/div>\t\t<\/div>\n\t\t\t\t\t\t<div class=\"elementor-countdown-expire--message\">\n\t\t\t\t\t\u00a1GRACIAS POR TU PARTICIPACI\u00d3N!\t\t\t\t<\/div>\n\t\t\t\t\t\t\t\t<\/div>\n\t\t\t\t<\/div>\n\t\t\t\t\t<\/div>\n\t\t\t\t<\/div>\n\t\t<div class=\"elementor-element elementor-element-e4b51db e-flex e-con-boxed e-con e-parent\" data-id=\"e4b51db\" data-element_type=\"container\" data-e-type=\"container\">\n\t\t\t\t\t<div class=\"e-con-inner\">\n\t\t<div class=\"elementor-element elementor-element-6ddcc49 e-con-full e-flex e-con e-child\" data-id=\"6ddcc49\" data-element_type=\"container\" data-e-type=\"container\">\n\t\t<div class=\"elementor-element elementor-element-f4b3167 e-con-full e-flex e-con e-child\" data-id=\"f4b3167\" data-element_type=\"container\" data-e-type=\"container\">\n\t\t\t\t<div class=\"elementor-element elementor-element-ba181c4 elementor-widget elementor-widget-heading\" data-id=\"ba181c4\" data-element_type=\"widget\" data-e-type=\"widget\" data-widget_type=\"heading.default\">\n\t\t\t\t<div class=\"elementor-widget-container\">\n\t\t\t\t\t<h4 class=\"elementor-heading-title elementor-size-default\">Inscr\u00edbete\n<\/h4>\t\t\t\t<\/div>\n\t\t\t\t<\/div>\n\t\t\t\t<div class=\"elementor-element elementor-element-30e818f elementor-widget elementor-widget-image\" data-id=\"30e818f\" data-element_type=\"widget\" data-e-type=\"widget\" data-widget_type=\"image.default\">\n\t\t\t\t<div class=\"elementor-widget-container\">\n\t\t\t\t\t\t\t\t\t\t\t\t\t\t\t<img decoding=\"async\" src=\"https:\/\/departamento.us.es\/psocial\/wp-content\/uploads\/elementor\/thumbs\/cabecera_titular_2-rbvrxn6r2pun7c4268jm1hp7w96zrbgqonnr8u2rfo.jpg\" title=\"cabecera_titular_2\" alt=\"cabecera_titular_2\" loading=\"lazy\" \/>\t\t\t\t\t\t\t\t\t\t\t\t\t\t\t<\/div>\n\t\t\t\t<\/div>\n\t\t\t\t<\/div>\n\t\t<div class=\"elementor-element elementor-element-cb6f432 e-con-full e-flex e-con e-child\" data-id=\"cb6f432\" data-element_type=\"container\" data-e-type=\"container\">\n\t\t\t\t<div class=\"elementor-element elementor-element-3d75b69 elementor-widget elementor-widget-text-editor\" data-id=\"3d75b69\" data-element_type=\"widget\" data-e-type=\"widget\" data-widget_type=\"text-editor.default\">\n\t\t\t\t<div class=\"elementor-widget-container\">\n\t\t\t\t\t\t\t\t\t<div class=\"mt-8 p-6 bg-blue-50 border border-blue-100 rounded flex flex-col md:flex-row items-start gap-6\"><div class=\"flex-1\" style=\"text-align: center;\"><div class=\"flex items-center mb-2\" style=\"text-align: left;\">\u00a0<\/div><\/div><div class=\"flex flex-col items-center bg-white p-3 rounded shadow-sm border border-gray-200\"><a href=\"https:\/\/forms.office.com\/Pages\/ResponsePage.aspx?id=TmhK77WBHEmpjsezG-bEaaZbWT5NRzRAp9n0_V-n2GlURFhEV1BFSjZOWDBYVUNONDZGUThUTFVaTC4u\" target=\"_blank\" rel=\"noopener\"><img decoding=\"async\" class=\"w-32 h-32 mb-2 alignleft\" src=\"https:\/\/api.qrserver.com\/v1\/create-qr-code\/?size=150x150&amp;data=https:\/\/forms.office.com\/Pages\/ResponsePage.aspx?id=TmhK77WBHEmpjsezG-bEaaZbWT5NRzRAp9n0_V-n2GlURFhEV1BFSjZOWDBYVUNONDZGUThUTFVaTC4u\" alt=\"QR Inscripci\u00f3n\" \/><\/a><span style=\"font-size: 14pt;\">La asistencia es gratuita hasta completar aforo. Se requiere inscripci\u00f3n previa mediante el formulario oficial del departamento para obtener certificado de asistencia.<\/span><br \/><strong><em><span class=\"text-xs text-gray-500 font-semibold uppercase tracking-wide\" style=\"font-size: 14pt;\">Escanear o pinchar para inscribirse<\/span><\/em><\/strong><\/div><\/div>\t\t\t\t\t\t\t\t<\/div>\n\t\t\t\t<\/div>\n\t\t\t\t<\/div>\n\t\t\t\t<\/div>\n\t\t\t\t<div class=\"elementor-element elementor-element-9bff394 elementor-widget elementor-widget-image\" data-id=\"9bff394\" data-element_type=\"widget\" data-e-type=\"widget\" data-widget_type=\"image.default\">\n\t\t\t\t<div class=\"elementor-widget-container\">\n\t\t\t\t\t\t\t\t\t\t\t\t\t\t\t\t<a href=\"https:\/\/departamento.us.es\/psocial\/wp-content\/uploads\/2025\/12\/Infografia2-scaled.jpg\" target=\"_blank\">\n\t\t\t\t\t\t\t<img fetchpriority=\"high\" decoding=\"async\" width=\"800\" height=\"447\" src=\"https:\/\/departamento.us.es\/psocial\/wp-content\/uploads\/2025\/12\/Infografia2-1024x572.jpg\" class=\"attachment-large size-large wp-image-4619\" alt=\"\" srcset=\"https:\/\/departamento.us.es\/psocial\/wp-content\/uploads\/2025\/12\/Infografia2-1024x572.jpg 1024w, https:\/\/departamento.us.es\/psocial\/wp-content\/uploads\/2025\/12\/Infografia2-300x167.jpg 300w, https:\/\/departamento.us.es\/psocial\/wp-content\/uploads\/2025\/12\/Infografia2-768x429.jpg 768w, https:\/\/departamento.us.es\/psocial\/wp-content\/uploads\/2025\/12\/Infografia2-1536x857.jpg 1536w, https:\/\/departamento.us.es\/psocial\/wp-content\/uploads\/2025\/12\/Infografia2-2048x1143.jpg 2048w\" sizes=\"(max-width: 800px) 100vw, 800px\" \/>\t\t\t\t\t\t\t\t<\/a>\n\t\t\t\t\t\t\t\t\t\t\t\t\t\t\t<\/div>\n\t\t\t\t<\/div>\n\t\t<div class=\"elementor-element elementor-element-5473723 e-con-full e-flex e-con e-child\" data-id=\"5473723\" data-element_type=\"container\" data-e-type=\"container\">\n\t\t<div class=\"elementor-element elementor-element-841c11d e-con-full e-flex e-con e-child\" data-id=\"841c11d\" data-element_type=\"container\" data-e-type=\"container\">\n\t\t<div class=\"elementor-element elementor-element-90672b5 e-con-full e-flex e-con e-child\" data-id=\"90672b5\" data-element_type=\"container\" data-e-type=\"container\">\n\t\t\t\t<div class=\"elementor-element elementor-element-a6132f9 elementor-widget elementor-widget-heading\" data-id=\"a6132f9\" data-element_type=\"widget\" data-e-type=\"widget\" data-widget_type=\"heading.default\">\n\t\t\t\t<div class=\"elementor-widget-container\">\n\t\t\t\t\t<h4 class=\"elementor-heading-title elementor-size-default\">Digitalizaci\u00f3n y Excelencia Acad\u00e9mica en la Universidad de Sevilla<\/h4>\t\t\t\t<\/div>\n\t\t\t\t<\/div>\n\t\t\t\t<div class=\"elementor-element elementor-element-de6b33d elementor-widget elementor-widget-image\" data-id=\"de6b33d\" data-element_type=\"widget\" data-e-type=\"widget\" data-widget_type=\"image.default\">\n\t\t\t\t<div class=\"elementor-widget-container\">\n\t\t\t\t\t\t\t\t\t\t\t\t\t\t\t<img decoding=\"async\" src=\"https:\/\/departamento.us.es\/psocial\/wp-content\/uploads\/elementor\/thumbs\/cabecera_titular_2-rbvrxn6r2pun7c4268jm1hp7w96zrbgqonnr8u2rfo.jpg\" title=\"cabecera_titular_2\" alt=\"cabecera_titular_2\" loading=\"lazy\" \/>\t\t\t\t\t\t\t\t\t\t\t\t\t\t\t<\/div>\n\t\t\t\t<\/div>\n\t\t\t\t<\/div>\n\t\t\t\t<\/div>\n\t\t\t\t<div class=\"elementor-element elementor-element-ffde262 elementor-widget elementor-widget-text-editor\" data-id=\"ffde262\" data-element_type=\"widget\" data-e-type=\"widget\" data-widget_type=\"text-editor.default\">\n\t\t\t\t<div class=\"elementor-widget-container\">\n\t\t\t\t\t\t\t\t\t<p><span style=\"font-size: 14pt;\">El\u00a0<strong>Departamento de Psicolog\u00eda Social<\/strong>\u00a0se complace en invitar a toda la comunidad universitaria a este encuentro estrat\u00e9gico.<\/span><\/p><p class=\"mb-4\"><span style=\"font-size: 14pt;\">Este workshop est\u00e1 dedicado a analizar c\u00f3mo la digitalizaci\u00f3n puede impulsar la excelencia acad\u00e9mica y la innovaci\u00f3n en la universidad del futuro, reuniendo ponencias, mesas redondas e iniciativas de j\u00f3venes investigadores para debatir sobre competencias digitales, interdisciplinariedad, bienestar, justicia social y transferencia, culminando con premios al estudiantado y un espacio colaborativo para dise\u00f1ar escenarios estrat\u00e9gicos de futuro para el DPSUS.<\/span><\/p><h3 class=\"text-xl font-bold text-gray-800 mt-6 mb-3\">L\u00edneas tem\u00e1ticas<\/h3><ul class=\"list-disc pl-6 mb-6 space-y-2\"><li><span style=\"font-size: 14pt;\">Transformaci\u00f3n digital y excelencia acad\u00e9mica en la universidad del futuro.<\/span><\/li><li><span style=\"font-size: 14pt;\">Interdisciplinariedad y cooperaci\u00f3n entre ciencias sociales, de la salud y STEM.<\/span><\/li><li><span style=\"font-size: 14pt;\">Innovaci\u00f3n docente e investigadora mediante tecnolog\u00edas digitales e inteligencia artificial.<\/span><\/li><li><span style=\"font-size: 14pt;\">Justicia social, equidad e impacto comunitario a trav\u00e9s de la digitalizaci\u00f3n.<\/span><\/li><li><span style=\"font-size: 14pt;\">Atracci\u00f3n de talento, sostenibilidad de la carrera investigadora y colaboraci\u00f3n intergeneracional.<\/span><\/li><\/ul>\t\t\t\t\t\t\t\t<\/div>\n\t\t\t\t<\/div>\n\t\t\t\t<\/div>\n\t\t\t\t\t<\/div>\n\t\t\t\t<\/div>\n\t\t<div class=\"elementor-element elementor-element-347c63c e-flex e-con-boxed e-con e-parent\" data-id=\"347c63c\" data-element_type=\"container\" data-e-type=\"container\">\n\t\t\t\t\t<div class=\"e-con-inner\">\n\t\t<div class=\"elementor-element elementor-element-9beb2a3 e-con-full e-flex e-con e-child\" data-id=\"9beb2a3\" data-element_type=\"container\" data-e-type=\"container\">\n\t\t\t\t<div class=\"elementor-element elementor-element-31f6856 elementor-widget elementor-widget-heading\" data-id=\"31f6856\" data-element_type=\"widget\" data-e-type=\"widget\" data-widget_type=\"heading.default\">\n\t\t\t\t<div class=\"elementor-widget-container\">\n\t\t\t\t\t<h4 class=\"elementor-heading-title elementor-size-default\">Consulta documentos\n<\/h4>\t\t\t\t<\/div>\n\t\t\t\t<\/div>\n\t\t\t\t<div class=\"elementor-element elementor-element-f3ef38b elementor-widget elementor-widget-image\" data-id=\"f3ef38b\" data-element_type=\"widget\" data-e-type=\"widget\" data-widget_type=\"image.default\">\n\t\t\t\t<div class=\"elementor-widget-container\">\n\t\t\t\t\t\t\t\t\t\t\t\t\t\t\t<img decoding=\"async\" src=\"https:\/\/departamento.us.es\/psocial\/wp-content\/uploads\/elementor\/thumbs\/cabecera_titular_2-rbvrxn6r2pun7c4268jm1hp7w96zrbgqonnr8u2rfo.jpg\" title=\"cabecera_titular_2\" alt=\"cabecera_titular_2\" loading=\"lazy\" \/>\t\t\t\t\t\t\t\t\t\t\t\t\t\t\t<\/div>\n\t\t\t\t<\/div>\n\t\t<div class=\"elementor-element elementor-element-1f4bb9a e-con-full e-flex e-con e-child\" data-id=\"1f4bb9a\" data-element_type=\"container\" data-e-type=\"container\">\n\t\t\t\t<div class=\"elementor-element elementor-element-d8ea8b9 elementor-widget elementor-widget-heading\" data-id=\"d8ea8b9\" data-element_type=\"widget\" data-e-type=\"widget\" data-widget_type=\"heading.default\">\n\t\t\t\t<div class=\"elementor-widget-container\">\n\t\t\t\t\t<h5 class=\"elementor-heading-title elementor-size-default\"><a href=\"https:\/\/departamento.us.es\/psocial\/wp-content\/uploads\/2025\/12\/Agenda-Workshop-11-Dic.png\" target=\"_blank\">Agenda gr\u00e1fica<\/a><\/h5>\t\t\t\t<\/div>\n\t\t\t\t<\/div>\n\t\t\t\t<\/div>\n\t\t\t\t<\/div>\n\t\t<div class=\"elementor-element elementor-element-268fb28 e-con-full e-flex e-con e-child\" data-id=\"268fb28\" data-element_type=\"container\" data-e-type=\"container\">\n\t\t<div class=\"elementor-element elementor-element-bae29ae e-con-full e-flex e-con e-child\" data-id=\"bae29ae\" data-element_type=\"container\" data-e-type=\"container\">\n\t\t<div class=\"elementor-element elementor-element-e95b5ca e-grid e-con-full e-con e-child\" data-id=\"e95b5ca\" data-element_type=\"container\" data-e-type=\"container\">\n\t\t\t\t<div class=\"elementor-element elementor-element-a0fcb1e elementor-widget elementor-widget-heading\" data-id=\"a0fcb1e\" data-element_type=\"widget\" data-e-type=\"widget\" data-widget_type=\"heading.default\">\n\t\t\t\t<div class=\"elementor-widget-container\">\n\t\t\t\t\t<h5 class=\"elementor-heading-title elementor-size-default\"><a href=\"https:\/\/departamento.us.es\/psocial\/wp-content\/uploads\/2025\/12\/Workshop.pdf\" target=\"_blank\">Organizaci\u00f3n del Workshop<\/a><\/h5>\t\t\t\t<\/div>\n\t\t\t\t<\/div>\n\t\t\t\t<div class=\"elementor-element elementor-element-8f438f8 elementor-widget elementor-widget-heading\" data-id=\"8f438f8\" data-element_type=\"widget\" data-e-type=\"widget\" data-widget_type=\"heading.default\">\n\t\t\t\t<div class=\"elementor-widget-container\">\n\t\t\t\t\t<h5 class=\"elementor-heading-title elementor-size-default\"><a href=\"https:\/\/departamento.us.es\/psocial\/wp-content\/uploads\/2025\/11\/Premios.pdf\" target=\"_blank\"><span style=\"font-size: 1.25rem\">Bases Premios Mejores TFG y TFM 2025<\/span><\/a><\/h5>\t\t\t\t<\/div>\n\t\t\t\t<\/div>\n\t\t\t\t<div class=\"elementor-element elementor-element-c0b7e5d elementor-widget elementor-widget-heading\" data-id=\"c0b7e5d\" data-element_type=\"widget\" data-e-type=\"widget\" data-widget_type=\"heading.default\">\n\t\t\t\t<div class=\"elementor-widget-container\">\n\t\t\t\t\t<h5 class=\"elementor-heading-title elementor-size-default\">Trabajos premiados<\/h5>\t\t\t\t<\/div>\n\t\t\t\t<\/div>\n\t\t\t\t<\/div>\n\t\t\t\t<\/div>\n\t\t\t\t<\/div>\n\t\t\t\t\t<\/div>\n\t\t\t\t<\/div>\n\t\t\t\t<\/div>\n\t\t","protected":false},"excerpt":{"rendered":"<p>D\u00edas Horas Minutos Segundos \u00a1GRACIAS POR TU PARTICIPACI\u00d3N! Inscr\u00edbete \u00a0La asistencia es gratuita hasta completar aforo. Se requiere inscripci\u00f3n previa mediante el formulario oficial del departamento para obtener certificado de asistencia.Escanear o pinchar para inscribirse Digitalizaci\u00f3n y Excelencia Acad\u00e9mica en la Universidad de Sevilla El\u00a0Departamento de Psicolog\u00eda Social\u00a0se complace en invitar a toda la comunidad [&hellip;]<\/p>\n","protected":false},"author":10,"featured_media":0,"parent":0,"menu_order":0,"comment_status":"closed","ping_status":"closed","template":"","meta":{"footnotes":""},"class_list":["post-4577","page","type-page","status-publish","hentry"],"yoast_head":"<!-- This site is optimized with the Yoast SEO plugin v27.3 - https:\/\/yoast.com\/product\/yoast-seo-wordpress\/ -->\n<title>Workshop 2025 - Psicolog\u00eda Social<\/title>\n<meta name=\"robots\" content=\"index, follow, max-snippet:-1, max-image-preview:large, max-video-preview:-1\" \/>\n<link rel=\"canonical\" href=\"https:\/\/departamento.us.es\/psocial\/workshop-2\/\" \/>\n<meta property=\"og:locale\" content=\"es_ES\" \/>\n<meta property=\"og:type\" content=\"article\" \/>\n<meta property=\"og:title\" content=\"Workshop 2025 - Psicolog\u00eda Social\" \/>\n<meta property=\"og:description\" content=\"D\u00edas Horas Minutos Segundos \u00a1GRACIAS POR TU PARTICIPACI\u00d3N! Inscr\u00edbete \u00a0La asistencia es gratuita hasta completar aforo. Se requiere inscripci\u00f3n previa mediante el formulario oficial del departamento para obtener certificado de asistencia.Escanear o pinchar para inscribirse Digitalizaci\u00f3n y Excelencia Acad\u00e9mica en la Universidad de Sevilla El\u00a0Departamento de Psicolog\u00eda Social\u00a0se complace en invitar a toda la comunidad [&hellip;]\" \/>\n<meta property=\"og:url\" content=\"https:\/\/departamento.us.es\/psocial\/workshop-2\/\" \/>\n<meta property=\"og:site_name\" content=\"Psicolog\u00eda Social\" \/>\n<meta property=\"article:modified_time\" content=\"2025-12-05T08:14:32+00:00\" \/>\n<meta property=\"og:image\" content=\"https:\/\/departamento.us.es\/psocial\/wp-content\/uploads\/2022\/03\/cabecera_titular_2.jpg\" \/>\n<meta name=\"twitter:card\" content=\"summary_large_image\" \/>\n<meta name=\"twitter:label1\" content=\"Tiempo de lectura\" \/>\n\t<meta name=\"twitter:data1\" content=\"2 minutos\" \/>\n<script type=\"application\/ld+json\" class=\"yoast-schema-graph\">{\"@context\":\"https:\\\/\\\/schema.org\",\"@graph\":[{\"@type\":\"WebPage\",\"@id\":\"https:\\\/\\\/departamento.us.es\\\/psocial\\\/workshop-2\\\/\",\"url\":\"https:\\\/\\\/departamento.us.es\\\/psocial\\\/workshop-2\\\/\",\"name\":\"Workshop 2025 - Psicolog\u00eda Social\",\"isPartOf\":{\"@id\":\"https:\\\/\\\/departamento.us.es\\\/psocial\\\/#website\"},\"primaryImageOfPage\":{\"@id\":\"https:\\\/\\\/departamento.us.es\\\/psocial\\\/workshop-2\\\/#primaryimage\"},\"image\":{\"@id\":\"https:\\\/\\\/departamento.us.es\\\/psocial\\\/workshop-2\\\/#primaryimage\"},\"thumbnailUrl\":\"https:\\\/\\\/departamento.us.es\\\/psocial\\\/wp-content\\\/uploads\\\/2022\\\/03\\\/cabecera_titular_2.jpg\",\"datePublished\":\"2025-12-03T08:02:17+00:00\",\"dateModified\":\"2025-12-05T08:14:32+00:00\",\"inLanguage\":\"es\",\"potentialAction\":[{\"@type\":\"ReadAction\",\"target\":[\"https:\\\/\\\/departamento.us.es\\\/psocial\\\/workshop-2\\\/\"]}]},{\"@type\":\"ImageObject\",\"inLanguage\":\"es\",\"@id\":\"https:\\\/\\\/departamento.us.es\\\/psocial\\\/workshop-2\\\/#primaryimage\",\"url\":\"https:\\\/\\\/departamento.us.es\\\/psocial\\\/wp-content\\\/uploads\\\/2022\\\/03\\\/cabecera_titular_2.jpg\",\"contentUrl\":\"https:\\\/\\\/departamento.us.es\\\/psocial\\\/wp-content\\\/uploads\\\/2022\\\/03\\\/cabecera_titular_2.jpg\",\"width\":120,\"height\":7},{\"@type\":\"WebSite\",\"@id\":\"https:\\\/\\\/departamento.us.es\\\/psocial\\\/#website\",\"url\":\"https:\\\/\\\/departamento.us.es\\\/psocial\\\/\",\"name\":\"Psicolog\u00eda Social\",\"description\":\"Departamento de Psicolog\u00eda Social de la Universidad de Sevilla\",\"publisher\":{\"@id\":\"https:\\\/\\\/departamento.us.es\\\/psocial\\\/#organization\"},\"potentialAction\":[{\"@type\":\"SearchAction\",\"target\":{\"@type\":\"EntryPoint\",\"urlTemplate\":\"https:\\\/\\\/departamento.us.es\\\/psocial\\\/?s={search_term_string}\"},\"query-input\":{\"@type\":\"PropertyValueSpecification\",\"valueRequired\":true,\"valueName\":\"search_term_string\"}}],\"inLanguage\":\"es\"},{\"@type\":\"Organization\",\"@id\":\"https:\\\/\\\/departamento.us.es\\\/psocial\\\/#organization\",\"name\":\"Departamento de Psicolog\u00eda Social de la Universidad de Sevilla\",\"url\":\"https:\\\/\\\/departamento.us.es\\\/psocial\\\/\",\"logo\":{\"@type\":\"ImageObject\",\"inLanguage\":\"es\",\"@id\":\"https:\\\/\\\/departamento.us.es\\\/psocial\\\/#\\\/schema\\\/logo\\\/image\\\/\",\"url\":\"https:\\\/\\\/departamento.us.es\\\/psocial\\\/wp-content\\\/uploads\\\/2023\\\/10\\\/Logo-Modificado-redim.png\",\"contentUrl\":\"https:\\\/\\\/departamento.us.es\\\/psocial\\\/wp-content\\\/uploads\\\/2023\\\/10\\\/Logo-Modificado-redim.png\",\"width\":981,\"height\":982,\"caption\":\"Departamento de Psicolog\u00eda Social de la Universidad de Sevilla\"},\"image\":{\"@id\":\"https:\\\/\\\/departamento.us.es\\\/psocial\\\/#\\\/schema\\\/logo\\\/image\\\/\"}}]}<\/script>\n<!-- \/ Yoast SEO plugin. -->","yoast_head_json":{"title":"Workshop 2025 - Psicolog\u00eda Social","robots":{"index":"index","follow":"follow","max-snippet":"max-snippet:-1","max-image-preview":"max-image-preview:large","max-video-preview":"max-video-preview:-1"},"canonical":"https:\/\/departamento.us.es\/psocial\/workshop-2\/","og_locale":"es_ES","og_type":"article","og_title":"Workshop 2025 - Psicolog\u00eda Social","og_description":"D\u00edas Horas Minutos Segundos \u00a1GRACIAS POR TU PARTICIPACI\u00d3N! Inscr\u00edbete \u00a0La asistencia es gratuita hasta completar aforo. Se requiere inscripci\u00f3n previa mediante el formulario oficial del departamento para obtener certificado de asistencia.Escanear o pinchar para inscribirse Digitalizaci\u00f3n y Excelencia Acad\u00e9mica en la Universidad de Sevilla El\u00a0Departamento de Psicolog\u00eda Social\u00a0se complace en invitar a toda la comunidad [&hellip;]","og_url":"https:\/\/departamento.us.es\/psocial\/workshop-2\/","og_site_name":"Psicolog\u00eda Social","article_modified_time":"2025-12-05T08:14:32+00:00","og_image":[{"url":"https:\/\/departamento.us.es\/psocial\/wp-content\/uploads\/2022\/03\/cabecera_titular_2.jpg","type":"","width":"","height":""}],"twitter_card":"summary_large_image","twitter_misc":{"Tiempo de lectura":"2 minutos"},"schema":{"@context":"https:\/\/schema.org","@graph":[{"@type":"WebPage","@id":"https:\/\/departamento.us.es\/psocial\/workshop-2\/","url":"https:\/\/departamento.us.es\/psocial\/workshop-2\/","name":"Workshop 2025 - Psicolog\u00eda Social","isPartOf":{"@id":"https:\/\/departamento.us.es\/psocial\/#website"},"primaryImageOfPage":{"@id":"https:\/\/departamento.us.es\/psocial\/workshop-2\/#primaryimage"},"image":{"@id":"https:\/\/departamento.us.es\/psocial\/workshop-2\/#primaryimage"},"thumbnailUrl":"https:\/\/departamento.us.es\/psocial\/wp-content\/uploads\/2022\/03\/cabecera_titular_2.jpg","datePublished":"2025-12-03T08:02:17+00:00","dateModified":"2025-12-05T08:14:32+00:00","inLanguage":"es","potentialAction":[{"@type":"ReadAction","target":["https:\/\/departamento.us.es\/psocial\/workshop-2\/"]}]},{"@type":"ImageObject","inLanguage":"es","@id":"https:\/\/departamento.us.es\/psocial\/workshop-2\/#primaryimage","url":"https:\/\/departamento.us.es\/psocial\/wp-content\/uploads\/2022\/03\/cabecera_titular_2.jpg","contentUrl":"https:\/\/departamento.us.es\/psocial\/wp-content\/uploads\/2022\/03\/cabecera_titular_2.jpg","width":120,"height":7},{"@type":"WebSite","@id":"https:\/\/departamento.us.es\/psocial\/#website","url":"https:\/\/departamento.us.es\/psocial\/","name":"Psicolog\u00eda Social","description":"Departamento de Psicolog\u00eda Social de la Universidad de Sevilla","publisher":{"@id":"https:\/\/departamento.us.es\/psocial\/#organization"},"potentialAction":[{"@type":"SearchAction","target":{"@type":"EntryPoint","urlTemplate":"https:\/\/departamento.us.es\/psocial\/?s={search_term_string}"},"query-input":{"@type":"PropertyValueSpecification","valueRequired":true,"valueName":"search_term_string"}}],"inLanguage":"es"},{"@type":"Organization","@id":"https:\/\/departamento.us.es\/psocial\/#organization","name":"Departamento de Psicolog\u00eda Social de la Universidad de Sevilla","url":"https:\/\/departamento.us.es\/psocial\/","logo":{"@type":"ImageObject","inLanguage":"es","@id":"https:\/\/departamento.us.es\/psocial\/#\/schema\/logo\/image\/","url":"https:\/\/departamento.us.es\/psocial\/wp-content\/uploads\/2023\/10\/Logo-Modificado-redim.png","contentUrl":"https:\/\/departamento.us.es\/psocial\/wp-content\/uploads\/2023\/10\/Logo-Modificado-redim.png","width":981,"height":982,"caption":"Departamento de Psicolog\u00eda Social de la Universidad de Sevilla"},"image":{"@id":"https:\/\/departamento.us.es\/psocial\/#\/schema\/logo\/image\/"}}]}},"_links":{"self":[{"href":"https:\/\/departamento.us.es\/psocial\/wp-json\/wp\/v2\/pages\/4577","targetHints":{"allow":["GET"]}}],"collection":[{"href":"https:\/\/departamento.us.es\/psocial\/wp-json\/wp\/v2\/pages"}],"about":[{"href":"https:\/\/departamento.us.es\/psocial\/wp-json\/wp\/v2\/types\/page"}],"author":[{"embeddable":true,"href":"https:\/\/departamento.us.es\/psocial\/wp-json\/wp\/v2\/users\/10"}],"replies":[{"embeddable":true,"href":"https:\/\/departamento.us.es\/psocial\/wp-json\/wp\/v2\/comments?post=4577"}],"version-history":[{"count":50,"href":"https:\/\/departamento.us.es\/psocial\/wp-json\/wp\/v2\/pages\/4577\/revisions"}],"predecessor-version":[{"id":4638,"href":"https:\/\/departamento.us.es\/psocial\/wp-json\/wp\/v2\/pages\/4577\/revisions\/4638"}],"wp:attachment":[{"href":"https:\/\/departamento.us.es\/psocial\/wp-json\/wp\/v2\/media?parent=4577"}],"curies":[{"name":"wp","href":"https:\/\/api.w.org\/{rel}","templated":true}]}}