{"id":84,"date":"2022-03-14T11:14:53","date_gmt":"2022-03-14T11:14:53","guid":{"rendered":"https:\/\/departamento.us.es\/psocial\/?page_id=84"},"modified":"2024-09-02T12:27:12","modified_gmt":"2024-09-02T12:27:12","slug":"noticias-y-convocatorias","status":"publish","type":"page","link":"https:\/\/departamento.us.es\/psocial\/noticias-y-convocatorias\/","title":{"rendered":"Noticias y Convocatorias"},"content":{"rendered":"\t\t<div data-elementor-type=\"wp-page\" data-elementor-id=\"84\" class=\"elementor elementor-84\" data-elementor-post-type=\"page\">\n\t\t\t\t<div class=\"elementor-element elementor-element-4aaf8e8 e-flex e-con-boxed e-con e-parent\" data-id=\"4aaf8e8\" data-element_type=\"container\" data-e-type=\"container\">\n\t\t\t\t\t<div class=\"e-con-inner\">\n\t\t<div class=\"elementor-element elementor-element-cca5f69 e-con-full e-flex e-con e-child\" data-id=\"cca5f69\" data-element_type=\"container\" data-e-type=\"container\">\n\t\t\t\t<div class=\"elementor-element elementor-element-9087d02 animated-slow elementor-posts--thumbnail-none elementor-grid-3 elementor-grid-tablet-2 elementor-grid-mobile-1 elementor-card-shadow-yes elementor-posts__hover-gradient load-more-align-center elementor-invisible elementor-widget elementor-widget-posts\" data-id=\"9087d02\" data-element_type=\"widget\" data-e-type=\"widget\" data-settings=\"{&quot;_animation&quot;:&quot;fadeIn&quot;,&quot;pagination_type&quot;:&quot;load_more_on_click&quot;,&quot;cards_columns&quot;:&quot;3&quot;,&quot;cards_columns_tablet&quot;:&quot;2&quot;,&quot;cards_columns_mobile&quot;:&quot;1&quot;,&quot;cards_row_gap&quot;:{&quot;unit&quot;:&quot;px&quot;,&quot;size&quot;:35,&quot;sizes&quot;:[]},&quot;cards_row_gap_tablet&quot;:{&quot;unit&quot;:&quot;px&quot;,&quot;size&quot;:&quot;&quot;,&quot;sizes&quot;:[]},&quot;cards_row_gap_mobile&quot;:{&quot;unit&quot;:&quot;px&quot;,&quot;size&quot;:&quot;&quot;,&quot;sizes&quot;:[]},&quot;load_more_spinner&quot;:{&quot;value&quot;:&quot;fas fa-spinner&quot;,&quot;library&quot;:&quot;fa-solid&quot;}}\" data-widget_type=\"posts.cards\">\n\t\t\t\t<div class=\"elementor-widget-container\">\n\t\t\t\t\t\t\t<div class=\"elementor-posts-container elementor-posts elementor-posts--skin-cards elementor-grid\" role=\"list\">\n\t\t\t\t<article class=\"elementor-post elementor-grid-item post-4672 post type-post status-publish format-standard hentry category-noticias\" role=\"listitem\">\n\t\t\t<div class=\"elementor-post__card\">\n\t\t\t\t<div class=\"elementor-post__text\">\n\t\t\t\t<h3 class=\"elementor-post__title\">\n\t\t\t<a href=\"https:\/\/departamento.us.es\/psocial\/isidro-maya-participa-en-panel-de-expertos-de-la-london-school-of-economics-lse\/\" >\n\t\t\t\tIsidro Maya participa en panel de expertos de la London School of Economics (LSE)\t\t\t<\/a>\n\t\t<\/h3>\n\t\t\t\t<div class=\"elementor-post__excerpt\">\n\t\t\t<p>Panel sobre trabajo infantil en la London School of Economics (LSE) Isidro Maya Jariego participa en el panel de expertos organizado por el South Asian<\/p>\n\t\t<\/div>\n\t\t\n\t\t<a class=\"elementor-post__read-more\" href=\"https:\/\/departamento.us.es\/psocial\/isidro-maya-participa-en-panel-de-expertos-de-la-london-school-of-economics-lse\/\" aria-label=\"M\u00e1s informaci\u00f3n sobre Isidro Maya participa en panel de expertos de la London School of Economics (LSE)\" tabindex=\"-1\" >\n\t\t\tLeer m\u00e1s \u00bb\t\t<\/a>\n\n\t\t\t\t<\/div>\n\t\t\t\t\t<\/div>\n\t\t<\/article>\n\t\t\t\t<article class=\"elementor-post elementor-grid-item post-4647 post type-post status-publish format-standard hentry category-noticias\" role=\"listitem\">\n\t\t\t<div class=\"elementor-post__card\">\n\t\t\t\t<div class=\"elementor-post__text\">\n\t\t\t\t<h3 class=\"elementor-post__title\">\n\t\t\t<a href=\"https:\/\/departamento.us.es\/psocial\/francisco-j-cantero-defendio-exitosamente-una-plaza-de-profesor-titular-de-universidad\/\" >\n\t\t\t\tFrancisco J. Cantero defendi\u00f3 exitosamente una plaza de Profesor Titular de Universidad\t\t\t<\/a>\n\t\t<\/h3>\n\t\t\t\t<div class=\"elementor-post__excerpt\">\n\t\t\t<p>Nuestro compa\u00f1ero\u00a0Francisco Javier Cantero S\u00e1nchez, ha defendido con \u00e9xito el pasado 16 de enero una plaza de Profesor Titular de Universidad en la Universidad de<\/p>\n\t\t<\/div>\n\t\t\n\t\t<a class=\"elementor-post__read-more\" href=\"https:\/\/departamento.us.es\/psocial\/francisco-j-cantero-defendio-exitosamente-una-plaza-de-profesor-titular-de-universidad\/\" aria-label=\"M\u00e1s informaci\u00f3n sobre Francisco J. Cantero defendi\u00f3 exitosamente una plaza de Profesor Titular de Universidad\" tabindex=\"-1\" >\n\t\t\tLeer m\u00e1s \u00bb\t\t<\/a>\n\n\t\t\t\t<\/div>\n\t\t\t\t\t<\/div>\n\t\t<\/article>\n\t\t\t\t<article class=\"elementor-post elementor-grid-item post-4644 post type-post status-publish format-standard hentry category-noticias\" role=\"listitem\">\n\t\t\t<div class=\"elementor-post__card\">\n\t\t\t\t<div class=\"elementor-post__text\">\n\t\t\t\t<h3 class=\"elementor-post__title\">\n\t\t\t<a href=\"https:\/\/departamento.us.es\/psocial\/isabel-herrera-defendio-la-plaza-de-profesora-titular-de-universidad-el-9-de-enero-de-2026\/\" >\n\t\t\t\tIsabel Herrera defendi\u00f3 la plaza de Profesora Titular de Universidad el 9 de enero de 2026\t\t\t<\/a>\n\t\t<\/h3>\n\t\t\t\t<div class=\"elementor-post__excerpt\">\n\t\t\t<p>Nos complace publicar que el pasado 9 de enero de 2026 nuestra compa\u00f1era Isabel Mar\u00eda Herrera S\u00e1nchez defendi\u00f3 con \u00e9xito la plaza de Profesora Titular<\/p>\n\t\t<\/div>\n\t\t\n\t\t<a class=\"elementor-post__read-more\" href=\"https:\/\/departamento.us.es\/psocial\/isabel-herrera-defendio-la-plaza-de-profesora-titular-de-universidad-el-9-de-enero-de-2026\/\" aria-label=\"M\u00e1s informaci\u00f3n sobre Isabel Herrera defendi\u00f3 la plaza de Profesora Titular de Universidad el 9 de enero de 2026\" tabindex=\"-1\" >\n\t\t\tLeer m\u00e1s \u00bb\t\t<\/a>\n\n\t\t\t\t<\/div>\n\t\t\t\t\t<\/div>\n\t\t<\/article>\n\t\t\t\t<article class=\"elementor-post elementor-grid-item post-4641 post type-post status-publish format-standard hentry category-noticias\" role=\"listitem\">\n\t\t\t<div class=\"elementor-post__card\">\n\t\t\t\t<div class=\"elementor-post__text\">\n\t\t\t\t<h3 class=\"elementor-post__title\">\n\t\t\t<a href=\"https:\/\/departamento.us.es\/psocial\/jose-manuel-guerra-en-la-semana-de-la-ciencia-organizada-por-el-cop-de-madrid\/\" >\n\t\t\t\tJos\u00e9 Manuel Guerra en la Semana de la Ciencia organizada por el COP de Madrid\t\t\t<\/a>\n\t\t<\/h3>\n\t\t\t\t<div class=\"elementor-post__excerpt\">\n\t\t\t<p>Nuestro compa\u00f1ero Jos\u00e9 Manuel Guerra de los Santos, ha participado recientemente en la XXV Semana de la Ciencia y la Innovaci\u00f3n de Madrid, dentro del<\/p>\n\t\t<\/div>\n\t\t\n\t\t<a class=\"elementor-post__read-more\" href=\"https:\/\/departamento.us.es\/psocial\/jose-manuel-guerra-en-la-semana-de-la-ciencia-organizada-por-el-cop-de-madrid\/\" aria-label=\"M\u00e1s informaci\u00f3n sobre Jos\u00e9 Manuel Guerra en la Semana de la Ciencia organizada por el COP de Madrid\" tabindex=\"-1\" >\n\t\t\tLeer m\u00e1s \u00bb\t\t<\/a>\n\n\t\t\t\t<\/div>\n\t\t\t\t\t<\/div>\n\t\t<\/article>\n\t\t\t\t<article class=\"elementor-post elementor-grid-item post-4566 post type-post status-publish format-standard hentry category-noticias\" role=\"listitem\">\n\t\t\t<div class=\"elementor-post__card\">\n\t\t\t\t<div class=\"elementor-post__text\">\n\t\t\t\t<h3 class=\"elementor-post__title\">\n\t\t\t<a href=\"https:\/\/departamento.us.es\/psocial\/el-laboratorio-de-redes-publica-un-informe-tecnico-para-la-comision-europea-sobre-redes-escolares-y-digitalizacion-educativa\/\" >\n\t\t\t\tEl Laboratorio de Redes publica un informe t\u00e9cnico para la Comisi\u00f3n Europea sobre redes escolares y digitalizaci\u00f3n educativa\t\t\t<\/a>\n\t\t<\/h3>\n\t\t\t\t<div class=\"elementor-post__excerpt\">\n\t\t\t<p>El Laboratorio de Redes ha presentado un informe t\u00e9cnico para la Comisi\u00f3n Europea en el que se analizan estrategias para la creaci\u00f3n de redes de<\/p>\n\t\t<\/div>\n\t\t\n\t\t<a class=\"elementor-post__read-more\" href=\"https:\/\/departamento.us.es\/psocial\/el-laboratorio-de-redes-publica-un-informe-tecnico-para-la-comision-europea-sobre-redes-escolares-y-digitalizacion-educativa\/\" aria-label=\"M\u00e1s informaci\u00f3n sobre El Laboratorio de Redes publica un informe t\u00e9cnico para la Comisi\u00f3n Europea sobre redes escolares y digitalizaci\u00f3n educativa\" tabindex=\"-1\" >\n\t\t\tLeer m\u00e1s \u00bb\t\t<\/a>\n\n\t\t\t\t<\/div>\n\t\t\t\t\t<\/div>\n\t\t<\/article>\n\t\t\t\t<article class=\"elementor-post elementor-grid-item post-4558 post type-post status-publish format-standard hentry category-convocatorias category-noticias category-tablon-de-anuncios\" role=\"listitem\">\n\t\t\t<div class=\"elementor-post__card\">\n\t\t\t\t<div class=\"elementor-post__text\">\n\t\t\t\t<h3 class=\"elementor-post__title\">\n\t\t\t<a href=\"https:\/\/departamento.us.es\/psocial\/4558-2\/\" >\n\t\t\t\tRelaci\u00f3n de Alumnado Interno Curso 2025-26\t\t\t<\/a>\n\t\t<\/h3>\n\t\t\t\t<div class=\"elementor-post__excerpt\">\n\t\t\t<p>Curso 2025-26 Relaci\u00f3n de Alumnado Interno Aprobado en C.D. de 13 de noviembre de 2025 Profesorado Alumnado Opci\u00f3n MIRIAM BENITEZ GONZALEZ ISABEL CARRASCO MORENO COMPORTAMIENTO<\/p>\n\t\t<\/div>\n\t\t\n\t\t<a class=\"elementor-post__read-more\" href=\"https:\/\/departamento.us.es\/psocial\/4558-2\/\" aria-label=\"M\u00e1s informaci\u00f3n sobre Relaci\u00f3n de Alumnado Interno Curso 2025-26\" tabindex=\"-1\" >\n\t\t\tLeer m\u00e1s \u00bb\t\t<\/a>\n\n\t\t\t\t<\/div>\n\t\t\t\t\t<\/div>\n\t\t<\/article>\n\t\t\t\t<\/div>\n\t\t\t\t\t<span class=\"e-load-more-spinner\">\n\t\t\t\t<i aria-hidden=\"true\" class=\"fas fa-spinner\"><\/i>\t\t\t<\/span>\n\t\t\n\t\t\t\t<div class=\"e-load-more-anchor\" data-page=\"1\" data-max-page=\"9\" data-next-page=\"https:\/\/departamento.us.es\/psocial\/wp-json\/wp\/v2\/pages\/84\/page\/2\/\"><\/div>\n\t\t\t\t<div class=\"elementor-button-wrapper\">\n\t\t\t<a class=\"elementor-button elementor-size-sm\" role=\"button\">\n\t\t\t\t\t\t<span class=\"elementor-button-content-wrapper\">\n\t\t\t\t\t\t\t\t\t<span class=\"elementor-button-text\">Cargar m\u00e1s<\/span>\n\t\t\t\t\t<\/span>\n\t\t\t\t\t<\/a>\n\t\t<\/div>\n\t\t\t\t<div class=\"e-load-more-message\"><\/div>\n\t\t\t\t\t\t<\/div>\n\t\t\t\t<\/div>\n\t\t\t\t<\/div>\n\t\t\t\t\t<\/div>\n\t\t\t\t<\/div>\n\t\t\t\t<\/div>\n\t\t","protected":false},"excerpt":{"rendered":"","protected":false},"author":1,"featured_media":0,"parent":0,"menu_order":0,"comment_status":"closed","ping_status":"closed","template":"","meta":{"footnotes":""},"class_list":["post-84","page","type-page","status-publish","hentry"],"yoast_head":"<!-- This site is optimized with the Yoast SEO plugin v27.5 - https:\/\/yoast.com\/product\/yoast-seo-wordpress\/ -->\n<title>Noticias y Convocatorias - Psicolog\u00eda Social<\/title>\n<meta name=\"robots\" content=\"index, follow, max-snippet:-1, max-image-preview:large, max-video-preview:-1\" \/>\n<link rel=\"canonical\" href=\"https:\/\/departamento.us.es\/psocial\/noticias-y-convocatorias\/\" \/>\n<meta property=\"og:locale\" content=\"es_ES\" \/>\n<meta property=\"og:type\" content=\"article\" \/>\n<meta property=\"og:title\" content=\"Noticias y Convocatorias - Psicolog\u00eda Social\" \/>\n<meta property=\"og:url\" content=\"https:\/\/departamento.us.es\/psocial\/noticias-y-convocatorias\/\" \/>\n<meta property=\"og:site_name\" content=\"Psicolog\u00eda Social\" \/>\n<meta property=\"article:modified_time\" content=\"2024-09-02T12:27:12+00:00\" \/>\n<meta name=\"twitter:card\" content=\"summary_large_image\" \/>\n<meta name=\"twitter:label1\" content=\"Tiempo de lectura\" \/>\n\t<meta name=\"twitter:data1\" content=\"1 minuto\" \/>\n<script type=\"application\/ld+json\" class=\"yoast-schema-graph\">{\"@context\":\"https:\\\/\\\/schema.org\",\"@graph\":[{\"@type\":\"WebPage\",\"@id\":\"https:\\\/\\\/departamento.us.es\\\/psocial\\\/noticias-y-convocatorias\\\/\",\"url\":\"https:\\\/\\\/departamento.us.es\\\/psocial\\\/noticias-y-convocatorias\\\/\",\"name\":\"Noticias y Convocatorias - Psicolog\u00eda Social\",\"isPartOf\":{\"@id\":\"https:\\\/\\\/departamento.us.es\\\/psocial\\\/#website\"},\"datePublished\":\"2022-03-14T11:14:53+00:00\",\"dateModified\":\"2024-09-02T12:27:12+00:00\",\"inLanguage\":\"es\",\"potentialAction\":[{\"@type\":\"ReadAction\",\"target\":[\"https:\\\/\\\/departamento.us.es\\\/psocial\\\/noticias-y-convocatorias\\\/\"]}]},{\"@type\":\"WebSite\",\"@id\":\"https:\\\/\\\/departamento.us.es\\\/psocial\\\/#website\",\"url\":\"https:\\\/\\\/departamento.us.es\\\/psocial\\\/\",\"name\":\"Psicolog\u00eda Social\",\"description\":\"Departamento de Psicolog\u00eda Social de la Universidad de Sevilla\",\"publisher\":{\"@id\":\"https:\\\/\\\/departamento.us.es\\\/psocial\\\/#organization\"},\"potentialAction\":[{\"@type\":\"SearchAction\",\"target\":{\"@type\":\"EntryPoint\",\"urlTemplate\":\"https:\\\/\\\/departamento.us.es\\\/psocial\\\/?s={search_term_string}\"},\"query-input\":{\"@type\":\"PropertyValueSpecification\",\"valueRequired\":true,\"valueName\":\"search_term_string\"}}],\"inLanguage\":\"es\"},{\"@type\":\"Organization\",\"@id\":\"https:\\\/\\\/departamento.us.es\\\/psocial\\\/#organization\",\"name\":\"Departamento de Psicolog\u00eda Social de la Universidad de Sevilla\",\"url\":\"https:\\\/\\\/departamento.us.es\\\/psocial\\\/\",\"logo\":{\"@type\":\"ImageObject\",\"inLanguage\":\"es\",\"@id\":\"https:\\\/\\\/departamento.us.es\\\/psocial\\\/#\\\/schema\\\/logo\\\/image\\\/\",\"url\":\"https:\\\/\\\/departamento.us.es\\\/psocial\\\/wp-content\\\/uploads\\\/2023\\\/10\\\/Logo-Modificado-redim.png\",\"contentUrl\":\"https:\\\/\\\/departamento.us.es\\\/psocial\\\/wp-content\\\/uploads\\\/2023\\\/10\\\/Logo-Modificado-redim.png\",\"width\":981,\"height\":982,\"caption\":\"Departamento de Psicolog\u00eda Social de la Universidad de Sevilla\"},\"image\":{\"@id\":\"https:\\\/\\\/departamento.us.es\\\/psocial\\\/#\\\/schema\\\/logo\\\/image\\\/\"}}]}<\/script>\n<!-- \/ Yoast SEO plugin. -->","yoast_head_json":{"title":"Noticias y Convocatorias - Psicolog\u00eda Social","robots":{"index":"index","follow":"follow","max-snippet":"max-snippet:-1","max-image-preview":"max-image-preview:large","max-video-preview":"max-video-preview:-1"},"canonical":"https:\/\/departamento.us.es\/psocial\/noticias-y-convocatorias\/","og_locale":"es_ES","og_type":"article","og_title":"Noticias y Convocatorias - Psicolog\u00eda Social","og_url":"https:\/\/departamento.us.es\/psocial\/noticias-y-convocatorias\/","og_site_name":"Psicolog\u00eda Social","article_modified_time":"2024-09-02T12:27:12+00:00","twitter_card":"summary_large_image","twitter_misc":{"Tiempo de lectura":"1 minuto"},"schema":{"@context":"https:\/\/schema.org","@graph":[{"@type":"WebPage","@id":"https:\/\/departamento.us.es\/psocial\/noticias-y-convocatorias\/","url":"https:\/\/departamento.us.es\/psocial\/noticias-y-convocatorias\/","name":"Noticias y Convocatorias - Psicolog\u00eda Social","isPartOf":{"@id":"https:\/\/departamento.us.es\/psocial\/#website"},"datePublished":"2022-03-14T11:14:53+00:00","dateModified":"2024-09-02T12:27:12+00:00","inLanguage":"es","potentialAction":[{"@type":"ReadAction","target":["https:\/\/departamento.us.es\/psocial\/noticias-y-convocatorias\/"]}]},{"@type":"WebSite","@id":"https:\/\/departamento.us.es\/psocial\/#website","url":"https:\/\/departamento.us.es\/psocial\/","name":"Psicolog\u00eda Social","description":"Departamento de Psicolog\u00eda Social de la Universidad de Sevilla","publisher":{"@id":"https:\/\/departamento.us.es\/psocial\/#organization"},"potentialAction":[{"@type":"SearchAction","target":{"@type":"EntryPoint","urlTemplate":"https:\/\/departamento.us.es\/psocial\/?s={search_term_string}"},"query-input":{"@type":"PropertyValueSpecification","valueRequired":true,"valueName":"search_term_string"}}],"inLanguage":"es"},{"@type":"Organization","@id":"https:\/\/departamento.us.es\/psocial\/#organization","name":"Departamento de Psicolog\u00eda Social de la Universidad de Sevilla","url":"https:\/\/departamento.us.es\/psocial\/","logo":{"@type":"ImageObject","inLanguage":"es","@id":"https:\/\/departamento.us.es\/psocial\/#\/schema\/logo\/image\/","url":"https:\/\/departamento.us.es\/psocial\/wp-content\/uploads\/2023\/10\/Logo-Modificado-redim.png","contentUrl":"https:\/\/departamento.us.es\/psocial\/wp-content\/uploads\/2023\/10\/Logo-Modificado-redim.png","width":981,"height":982,"caption":"Departamento de Psicolog\u00eda Social de la Universidad de Sevilla"},"image":{"@id":"https:\/\/departamento.us.es\/psocial\/#\/schema\/logo\/image\/"}}]}},"_links":{"self":[{"href":"https:\/\/departamento.us.es\/psocial\/wp-json\/wp\/v2\/pages\/84","targetHints":{"allow":["GET"]}}],"collection":[{"href":"https:\/\/departamento.us.es\/psocial\/wp-json\/wp\/v2\/pages"}],"about":[{"href":"https:\/\/departamento.us.es\/psocial\/wp-json\/wp\/v2\/types\/page"}],"author":[{"embeddable":true,"href":"https:\/\/departamento.us.es\/psocial\/wp-json\/wp\/v2\/users\/1"}],"replies":[{"embeddable":true,"href":"https:\/\/departamento.us.es\/psocial\/wp-json\/wp\/v2\/comments?post=84"}],"version-history":[{"count":26,"href":"https:\/\/departamento.us.es\/psocial\/wp-json\/wp\/v2\/pages\/84\/revisions"}],"predecessor-version":[{"id":3883,"href":"https:\/\/departamento.us.es\/psocial\/wp-json\/wp\/v2\/pages\/84\/revisions\/3883"}],"wp:attachment":[{"href":"https:\/\/departamento.us.es\/psocial\/wp-json\/wp\/v2\/media?parent=84"}],"curies":[{"name":"wp","href":"https:\/\/api.w.org\/{rel}","templated":true}]}}