{"id":15,"date":"2024-12-02T11:34:21","date_gmt":"2024-12-02T11:34:21","guid":{"rendered":"https:\/\/departamento.us.es\/sociologia\/?page_id=15"},"modified":"2025-01-21T13:43:10","modified_gmt":"2025-01-21T12:43:10","slug":"politica-de-privacidad","status":"publish","type":"page","link":"https:\/\/departamento.us.es\/sociologia\/politica-de-privacidad\/","title":{"rendered":"Pol\u00edtica de privacidad"},"content":{"rendered":"\t\t<div data-elementor-type=\"wp-page\" data-elementor-id=\"15\" class=\"elementor elementor-15\" data-elementor-post-type=\"page\">\n\t\t\t\t\t\t<section class=\"elementor-section elementor-top-section elementor-element elementor-element-2b475fb elementor-section-full_width elementor-section-height-default elementor-section-height-default\" data-id=\"2b475fb\" data-element_type=\"section\">\n\t\t\t\t\t\t<div class=\"elementor-container elementor-column-gap-no\">\n\t\t\t\t\t<div class=\"elementor-column elementor-col-100 elementor-top-column elementor-element elementor-element-89c7f54\" data-id=\"89c7f54\" data-element_type=\"column\">\n\t\t\t<div class=\"elementor-widget-wrap elementor-element-populated\">\n\t\t\t\t\t\t<section class=\"elementor-section elementor-inner-section elementor-element elementor-element-997873c elementor-section-boxed elementor-section-height-default elementor-section-height-default\" data-id=\"997873c\" data-element_type=\"section\">\n\t\t\t\t\t\t<div class=\"elementor-container elementor-column-gap-default\">\n\t\t\t\t\t<div class=\"elementor-column elementor-col-50 elementor-inner-column elementor-element elementor-element-8282c3d\" data-id=\"8282c3d\" data-element_type=\"column\">\n\t\t\t<div class=\"elementor-widget-wrap\">\n\t\t\t\t\t\t\t<\/div>\n\t\t<\/div>\n\t\t\t\t<div class=\"elementor-column elementor-col-50 elementor-inner-column elementor-element elementor-element-327308e\" data-id=\"327308e\" data-element_type=\"column\">\n\t\t\t<div class=\"elementor-widget-wrap\">\n\t\t\t\t\t\t\t<\/div>\n\t\t<\/div>\n\t\t\t\t\t<\/div>\n\t\t<\/section>\n\t\t\t\t\t<\/div>\n\t\t<\/div>\n\t\t\t\t\t<\/div>\n\t\t<\/section>\n\t\t\t\t<section class=\"elementor-section elementor-top-section elementor-element elementor-element-f44eb52 elementor-section-full_width elementor-section-height-default elementor-section-height-default\" data-id=\"f44eb52\" data-element_type=\"section\">\n\t\t\t\t\t\t<div class=\"elementor-container elementor-column-gap-no\">\n\t\t\t\t\t<div class=\"elementor-column elementor-col-100 elementor-top-column elementor-element elementor-element-e57cdaf\" data-id=\"e57cdaf\" data-element_type=\"column\">\n\t\t\t<div class=\"elementor-widget-wrap elementor-element-populated\">\n\t\t\t\t\t\t<div class=\"elementor-element elementor-element-ec97315 elementor-widget elementor-widget-heading\" data-id=\"ec97315\" data-element_type=\"widget\" data-widget_type=\"heading.default\">\n\t\t\t\t<div class=\"elementor-widget-container\">\n\t\t\t\t\t<h2 class=\"elementor-heading-title elementor-size-default\">Aviso Legal<\/h2>\t\t\t\t<\/div>\n\t\t\t\t<\/div>\n\t\t\t\t<div class=\"elementor-element elementor-element-f02ab51 elementor-widget-mobile__width-inherit elementor-widget elementor-widget-text-editor\" data-id=\"f02ab51\" data-element_type=\"widget\" data-widget_type=\"text-editor.default\">\n\t\t\t\t<div class=\"elementor-widget-container\">\n\t\t\t\t\t\t\t\t\t<p><strong>Informaci\u00f3n general<\/strong><\/p><p>En cumplimiento de lo previsto en la Ley 34\/2002, de 11 de julio, de Servicios de la Sociedad de la Informaci\u00f3n y de Comercio Electr\u00f3nico, as\u00ed como en otras normas de legal aplicaci\u00f3n, se pone en conocimiento de los usuarios del Portal de Internet www.us.es los siguientes datos de informaci\u00f3n general:<\/p><ol><li>El presente portal constituye el Sitio Oficial en Internet de la UNIVERSIDAD DE SEVILLA. Ha sido creado y es mantenido a instancias de la \u201cUNIVERSIDAD DE SEVILLA\u201d, quien es su propietaria, as\u00ed como de aquellos nombres de dominio que a \u00e9l conducen<\/li><li>La UNIVERSIDAD DE SEVILLA es una instituci\u00f3n p\u00fablica educativa.<\/li><li>La UNIVERSIDAD DE SEVILLA est\u00e1 provista de C.I.F. n\u00ba Q-4118001-I<\/li><li><p>La sede de la UNIVERSIDAD DE SEVILLA se encuentra en:<\/p><p>C\/ S. Fernando, 4 (C.P. 41004) SEVILLA<br \/>ESPA\u00d1A<\/p><\/li><li>Los usuarios del presente portal podr\u00e1n establecer una comunicaci\u00f3n directa y efectiva con la UNIVERSIDAD DE SEVILLA mediante comunicaci\u00f3n escrita remitida a su domicilio social, indicado en el punto 4 de los que componen esta Informaci\u00f3n General.<\/li><\/ol><p><strong>Pol\u00edtica de cookies<\/strong><\/p><p>La presente pol\u00edtica de cookies tiene por finalidad informarle de manera clara y precisa sobre las cookies que se utilizan en el portal \u00a0web de la Universidad de Sevilla.<\/p><p><strong>\u00bfQu\u00e9 son las cookies?<\/strong><\/p><p>Una cookie es un fragmento de texto que los sitios web que visita env\u00edan al navegador y que permite que el sitio web recuerde informaci\u00f3n sobre su visita, como su idioma preferido y otras opciones, con el fin de facilitar su pr\u00f3xima visita y hacer que el sitio le resulte m\u00e1s \u00fatil. Las cookies desempe\u00f1an un papel muy importante y contribuyen a tener una mejor experiencia de navegaci\u00f3n para el usuario.<\/p><p><strong>Tipos de cookies<\/strong><\/p><p>Seg\u00fan qui\u00e9n sea la entidad que gestione el dominio desde d\u00f3nde se env\u00edan las cookies y se traten los datos que se obtengan, se pueden distinguir dos tipos: cookies propias y cookies de terceros.<\/p><p>Existe tambi\u00e9n una segunda clasificaci\u00f3n seg\u00fan el plazo de tiempo que permanecen almacenadas en el navegador del cliente, pudiendo tratarse de cookies de sesi\u00f3n o cookies persistentes.<\/p><p>Por \u00faltimo, existe otra clasificaci\u00f3n con cinco tipos de cookies seg\u00fan la finalidad para la que se traten los datos obtenidos: cookies t\u00e9cnicas, cookies de personalizaci\u00f3n, cookies de an\u00e1lisis, cookies publicitarias y cookies de publicidad comportamental.<\/p><p><strong>Cookies utilizadas en el portal web de la Universidad de Sevilla<\/strong><\/p><p>A continuaci\u00f3n se identifican las cookies que est\u00e1n siendo utilizadas en este portal, as\u00ed como su tipolog\u00eda y funci\u00f3n:<\/p><p>El sitio web de la Universidad de Sevilla utiliza Google Analytics, un servicio de anal\u00edtica web desarrollada por Google, que permite la medici\u00f3n y an\u00e1lisis de la navegaci\u00f3n en las p\u00e1ginas web. En su navegador podr\u00e1 observar cookies de este servicio. Seg\u00fan la tipolog\u00eda anterior se trata de cookies propias, de sesi\u00f3n y de an\u00e1lisis.<\/p><p>A trav\u00e9s de la anal\u00edtica web se obtiene informaci\u00f3n relativa al n\u00famero de usuarios que acceden a la web, el n\u00famero de p\u00e1ginas vistas, la frecuencia y repetici\u00f3n de las visitas, su duraci\u00f3n, el navegador utilizado, el operador que presta el servicio, el idioma, el terminal que utiliza y la ciudad a la que est\u00e1 asignada su direcci\u00f3n IP. Informaci\u00f3n que posibilita un mejor y m\u00e1s apropiado servicio por parte de este portal.<\/p><p>Para garantizar el anonimato, Google convertir\u00e1 su informaci\u00f3n en an\u00f3nima truncando la direcci\u00f3n IP antes de almacenarla, de forma que Google Analytics no se usa para localizar o recabar informaci\u00f3n personal identificable de los visitantes del sitio. Google solo podr\u00e1 enviar la informaci\u00f3n recabada por Google Analytics a terceros cuanto est\u00e9 legalmente obligado a ello. Con arreglo a las condiciones de prestaci\u00f3n del servicio de Google Analytics, Google no asociar\u00e1 su direcci\u00f3n IP a ning\u00fan otro dato conservado por Google.<\/p><p>Por \u00faltimo, se descarga una cookie denominada cookie_agreed, propia, de tipo t\u00e9cnico y de sesi\u00f3n. Gestiona el consentimiento del usuario para el uso de las cookies en la p\u00e1gina web. El objetivo es recordar aquellos usuarios que las han aceptado y aquellos que no, de modo que a los primeros no se les muestre informaci\u00f3n en la parte inferior de la p\u00e1gina al respecto.<\/p><p><strong>Aceptaci\u00f3n de la pol\u00edtica de cookies<\/strong><\/p><p>Pulsando el bot\u00f3n \u00abHe le\u00eddo la pol\u00edtica de cookies\u00bb se asume que usted acepta el uso de cookies.<\/p><p><strong>C\u00f3mo modificar la configuraci\u00f3n de las cookies<\/strong><\/p><p>Usted puede restringir, bloquear o borrar las cookies de la Universidad de Sevilla o cualquier otra p\u00e1gina web, utilizando su navegador. En cada navegador la operativa es diferente, la funci\u00f3n de &#8216;Ayuda\u00bb le mostrar\u00e1 c\u00f3mo hacerlo.<\/p><p>A continuaci\u00f3n se muestran los enlaces de cada una de las gu\u00edas de ayuda seg\u00fan el navegador utilizado:<\/p><p><a href=\"https:\/\/support.microsoft.com\/es-es\/help\/17442\/windows-internet-explorer-delete-manage-cookies#ie=%22ie-10%22\" target=\"_blank\" rel=\"noopener\">Internet Explorer<\/a><\/p><p><a href=\"https:\/\/support.mozilla.org\/es\/kb\/Borrar%20cookies\" target=\"_blank\" rel=\"noopener\">Firefox<\/a><\/p><p><a href=\"https:\/\/support.google.com\/chrome\/answer\/95647?hl=%22es%22\" target=\"_blank\" rel=\"noopener\">Chrome<\/a><\/p><p><a href=\"https:\/\/www.apple.com\/legal\/privacy\/es\/cookies\/\" target=\"_blank\" rel=\"noopener\">Safari<\/a><\/p>\t\t\t\t\t\t\t\t<\/div>\n\t\t\t\t<\/div>\n\t\t\t\t<div class=\"elementor-element elementor-element-1c9ea36 elementor-widget elementor-widget-heading\" data-id=\"1c9ea36\" data-element_type=\"widget\" data-widget_type=\"heading.default\">\n\t\t\t\t<div class=\"elementor-widget-container\">\n\t\t\t\t\t<h2 class=\"elementor-heading-title elementor-size-default\">Pol\u00edticas y normativas<\/h2>\t\t\t\t<\/div>\n\t\t\t\t<\/div>\n\t\t\t\t<div class=\"elementor-element elementor-element-4b05e1f elementor-widget elementor-widget-text-editor\" data-id=\"4b05e1f\" data-element_type=\"widget\" data-widget_type=\"text-editor.default\">\n\t\t\t\t<div class=\"elementor-widget-container\">\n\t\t\t\t\t\t\t\t\t<p>Pol\u00edtica de Seguridad de la Informaci\u00f3n <a href=\"https:\/\/osi.us.es\/politicas-y-normativas\/politica-de-seguridad-de-la-informacion\" target=\"_blank\" rel=\"noopener\">Ver<\/a><br \/>Pol\u00edtica de Protecci\u00f3n de Datos Personales <a href=\"https:\/\/osi.us.es\/politicas-y-normativas\/politica-de-proteccion-de-datos\" target=\"_blank\" rel=\"noopener\">Ver<\/a><br \/>Normativas de Seguridad de la Informaci\u00f3n <a href=\"https:\/\/osi.us.es\/politicas-y-normativas\/normativas-de-seguridad-de-la-informacion\" target=\"_blank\" rel=\"noopener\">Ver<\/a><\/p>\t\t\t\t\t\t\t\t<\/div>\n\t\t\t\t<\/div>\n\t\t\t\t\t<\/div>\n\t\t<\/div>\n\t\t\t\t\t<\/div>\n\t\t<\/section>\n\t\t\t\t<\/div>\n\t\t","protected":false},"excerpt":{"rendered":"<p>Aviso Legal Informaci\u00f3n general En cumplimiento de lo previsto en la Ley 34\/2002, de 11 de julio, de Servicios de la Sociedad de la Informaci\u00f3n y de Comercio Electr\u00f3nico, as\u00ed como en otras normas de legal aplicaci\u00f3n, se pone en conocimiento de los usuarios del Portal de Internet www.us.es los siguientes datos de informaci\u00f3n general: [&hellip;]<\/p>\n","protected":false},"author":1,"featured_media":0,"parent":0,"menu_order":0,"comment_status":"closed","ping_status":"closed","template":"","meta":{"footnotes":""},"class_list":["post-15","page","type-page","status-publish","hentry"],"_links":{"self":[{"href":"https:\/\/departamento.us.es\/sociologia\/wp-json\/wp\/v2\/pages\/15","targetHints":{"allow":["GET"]}}],"collection":[{"href":"https:\/\/departamento.us.es\/sociologia\/wp-json\/wp\/v2\/pages"}],"about":[{"href":"https:\/\/departamento.us.es\/sociologia\/wp-json\/wp\/v2\/types\/page"}],"author":[{"embeddable":true,"href":"https:\/\/departamento.us.es\/sociologia\/wp-json\/wp\/v2\/users\/1"}],"replies":[{"embeddable":true,"href":"https:\/\/departamento.us.es\/sociologia\/wp-json\/wp\/v2\/comments?post=15"}],"version-history":[{"count":0,"href":"https:\/\/departamento.us.es\/sociologia\/wp-json\/wp\/v2\/pages\/15\/revisions"}],"wp:attachment":[{"href":"https:\/\/departamento.us.es\/sociologia\/wp-json\/wp\/v2\/media?parent=15"}],"curies":[{"name":"wp","href":"https:\/\/api.w.org\/{rel}","templated":true}]}}