{"id":365,"date":"2024-12-04T18:35:38","date_gmt":"2024-12-04T17:35:38","guid":{"rendered":"https:\/\/departamento.us.es\/sociologia\/?page_id=365"},"modified":"2025-12-31T10:11:23","modified_gmt":"2025-12-31T09:11:23","slug":"grupos-de-investigacion","status":"publish","type":"page","link":"https:\/\/departamento.us.es\/sociologia\/grupos-de-investigacion\/","title":{"rendered":"Grupos de investigaci\u00f3n"},"content":{"rendered":"\t\t<div data-elementor-type=\"wp-page\" data-elementor-id=\"365\" class=\"elementor elementor-365\" data-elementor-post-type=\"page\">\n\t\t\t\t\t\t<section class=\"elementor-section elementor-top-section elementor-element elementor-element-924fa24 elementor-section-full_width elementor-section-height-default elementor-section-height-default\" data-id=\"924fa24\" data-element_type=\"section\">\n\t\t\t\t\t\t<div class=\"elementor-container elementor-column-gap-no\">\n\t\t\t\t\t<div class=\"elementor-column elementor-col-100 elementor-top-column elementor-element elementor-element-8385190\" data-id=\"8385190\" data-element_type=\"column\">\n\t\t\t<div class=\"elementor-widget-wrap elementor-element-populated\">\n\t\t\t\t\t\t<section class=\"elementor-section elementor-inner-section elementor-element elementor-element-3750844 elementor-section-full_width elementor-section-height-default elementor-section-height-default\" data-id=\"3750844\" data-element_type=\"section\">\n\t\t\t\t\t\t<div class=\"elementor-container elementor-column-gap-no\">\n\t\t\t\t\t<div class=\"elementor-column elementor-col-66 elementor-inner-column elementor-element elementor-element-fe5f569\" data-id=\"fe5f569\" data-element_type=\"column\">\n\t\t\t<div class=\"elementor-widget-wrap elementor-element-populated\">\n\t\t\t\t\t\t<div class=\"elementor-element elementor-element-a385e2d elementor-invisible elementor-widget elementor-widget-heading\" data-id=\"a385e2d\" data-element_type=\"widget\" data-settings=\"{&quot;_animation&quot;:&quot;fadeIn&quot;}\" data-widget_type=\"heading.default\">\n\t\t\t\t<div class=\"elementor-widget-container\">\n\t\t\t\t\t<h3 class=\"elementor-heading-title elementor-size-default\">La investigaci\u00f3n es uno de los pilares fundamentales de la Universidad y nuestro departamento es muy prol\u00edfico en lo que a investigaci\u00f3n se refiere.<\/h3>\t\t\t\t<\/div>\n\t\t\t\t<\/div>\n\t\t\t\t\t<\/div>\n\t\t<\/div>\n\t\t\t\t<div class=\"elementor-column elementor-col-33 elementor-inner-column elementor-element elementor-element-08eca75\" data-id=\"08eca75\" data-element_type=\"column\">\n\t\t\t<div class=\"elementor-widget-wrap\">\n\t\t\t\t\t\t\t<\/div>\n\t\t<\/div>\n\t\t\t\t\t<\/div>\n\t\t<\/section>\n\t\t\t\t<section class=\"elementor-section elementor-inner-section elementor-element elementor-element-1b27785 elementor-section-full_width elementor-section-height-default elementor-section-height-default\" data-id=\"1b27785\" data-element_type=\"section\">\n\t\t\t\t\t\t<div class=\"elementor-container elementor-column-gap-no\">\n\t\t\t\t\t<div class=\"elementor-column elementor-col-50 elementor-inner-column elementor-element elementor-element-88efd75\" data-id=\"88efd75\" data-element_type=\"column\">\n\t\t\t<div class=\"elementor-widget-wrap elementor-element-populated\">\n\t\t\t\t\t\t<div class=\"elementor-element elementor-element-df820cc elementor-invisible elementor-widget elementor-widget-text-editor\" data-id=\"df820cc\" data-element_type=\"widget\" data-settings=\"{&quot;_animation&quot;:&quot;fadeIn&quot;}\" data-widget_type=\"text-editor.default\">\n\t\t\t\t<div class=\"elementor-widget-container\">\n\t\t\t\t\t\t\t\t\t<p>En esta p\u00e1gina se puede descargar el \u00faltimo informe de investigaci\u00f3n que sobre nuestro departamento ha realizado la US. Tambi\u00e9n se pueden consultar los grupos de investigaci\u00f3n en los que nuestro profesorado participa.<\/p>\t\t\t\t\t\t\t\t<\/div>\n\t\t\t\t<\/div>\n\t\t\t\t<div class=\"elementor-element elementor-element-05e785b elementor-tablet-align-left elementor-mobile-align-left animated-fast elementor-invisible elementor-widget elementor-widget-button\" data-id=\"05e785b\" data-element_type=\"widget\" data-settings=\"{&quot;_animation&quot;:&quot;fadeInLeft&quot;}\" data-widget_type=\"button.default\">\n\t\t\t\t<div class=\"elementor-widget-container\">\n\t\t\t\t\t\t\t\t\t<div class=\"elementor-button-wrapper\">\n\t\t\t\t\t<a class=\"elementor-button elementor-button-link elementor-size-sm\" href=\"https:\/\/departamento.us.es\/sociologia\/wp-content\/uploads\/2025\/01\/informe_departamento_I0B1_21112024_1452.pdf\" target=\"_blank\">\n\t\t\t\t\t\t<span class=\"elementor-button-content-wrapper\">\n\t\t\t\t\t\t\t\t\t<span class=\"elementor-button-text\">Descargar informe de investigaci\u00f3n 2024-2025<\/span>\n\t\t\t\t\t<\/span>\n\t\t\t\t\t<\/a>\n\t\t\t\t<\/div>\n\t\t\t\t\t\t\t\t<\/div>\n\t\t\t\t<\/div>\n\t\t\t\t\t<\/div>\n\t\t<\/div>\n\t\t\t\t<div class=\"elementor-column elementor-col-50 elementor-inner-column elementor-element elementor-element-50b2c83\" data-id=\"50b2c83\" data-element_type=\"column\">\n\t\t\t<div class=\"elementor-widget-wrap elementor-element-populated\">\n\t\t\t\t\t\t<div class=\"elementor-element elementor-element-39c680b elementor-widget elementor-widget-image\" data-id=\"39c680b\" data-element_type=\"widget\" data-widget_type=\"image.default\">\n\t\t\t\t<div class=\"elementor-widget-container\">\n\t\t\t\t\t\t\t\t\t\t\t\t\t\t\t<img fetchpriority=\"high\" decoding=\"async\" width=\"800\" height=\"534\" src=\"https:\/\/departamento.us.es\/sociologia\/wp-content\/uploads\/2024\/12\/US_investigacion-1-1024x683.jpg\" class=\"attachment-large size-large wp-image-424\" alt=\"\" srcset=\"https:\/\/departamento.us.es\/sociologia\/wp-content\/uploads\/2024\/12\/US_investigacion-1-1024x683.jpg 1024w, https:\/\/departamento.us.es\/sociologia\/wp-content\/uploads\/2024\/12\/US_investigacion-1-300x200.jpg 300w, https:\/\/departamento.us.es\/sociologia\/wp-content\/uploads\/2024\/12\/US_investigacion-1-768x512.jpg 768w, https:\/\/departamento.us.es\/sociologia\/wp-content\/uploads\/2024\/12\/US_investigacion-1.jpg 1200w\" sizes=\"(max-width: 800px) 100vw, 800px\" \/>\t\t\t\t\t\t\t\t\t\t\t\t\t\t\t<\/div>\n\t\t\t\t<\/div>\n\t\t\t\t\t<\/div>\n\t\t<\/div>\n\t\t\t\t\t<\/div>\n\t\t<\/section>\n\t\t\t\t\t<\/div>\n\t\t<\/div>\n\t\t\t\t\t<\/div>\n\t\t<\/section>\n\t\t\t\t<section class=\"elementor-section elementor-top-section elementor-element elementor-element-d69fa03 elementor-section-full_width elementor-section-height-default elementor-section-height-default\" data-id=\"d69fa03\" data-element_type=\"section\">\n\t\t\t\t\t\t<div class=\"elementor-container elementor-column-gap-default\">\n\t\t\t\t\t<div class=\"elementor-column elementor-col-100 elementor-top-column elementor-element elementor-element-80c4285\" data-id=\"80c4285\" data-element_type=\"column\">\n\t\t\t<div class=\"elementor-widget-wrap elementor-element-populated\">\n\t\t\t\t\t\t<section class=\"elementor-section elementor-inner-section elementor-element elementor-element-1ef2329 elementor-section-full_width elementor-section-height-default elementor-section-height-default\" data-id=\"1ef2329\" data-element_type=\"section\">\n\t\t\t\t\t\t<div class=\"elementor-container elementor-column-gap-no\">\n\t\t\t\t\t<div class=\"elementor-column elementor-col-100 elementor-inner-column elementor-element elementor-element-8c850c2\" data-id=\"8c850c2\" data-element_type=\"column\">\n\t\t\t<div class=\"elementor-widget-wrap elementor-element-populated\">\n\t\t\t\t\t\t<div class=\"elementor-element elementor-element-17b2750 elementor-invisible elementor-widget elementor-widget-heading\" data-id=\"17b2750\" data-element_type=\"widget\" data-settings=\"{&quot;_animation&quot;:&quot;fadeIn&quot;}\" data-widget_type=\"heading.default\">\n\t\t\t\t<div class=\"elementor-widget-container\">\n\t\t\t\t\t<h3 class=\"elementor-heading-title elementor-size-default\">Grupos de investigaci\u00f3n<\/h3>\t\t\t\t<\/div>\n\t\t\t\t<\/div>\n\t\t\t\t\t<\/div>\n\t\t<\/div>\n\t\t\t\t\t<\/div>\n\t\t<\/section>\n\t\t\t\t<div class=\"elementor-element elementor-element-e09cfff elementor-widget-divider--view-line elementor-widget elementor-widget-divider\" data-id=\"e09cfff\" data-element_type=\"widget\" data-widget_type=\"divider.default\">\n\t\t\t\t<div class=\"elementor-widget-container\">\n\t\t\t\t\t\t\t<div class=\"elementor-divider\">\n\t\t\t<span class=\"elementor-divider-separator\">\n\t\t\t\t\t\t<\/span>\n\t\t<\/div>\n\t\t\t\t\t\t<\/div>\n\t\t\t\t<\/div>\n\t\t\t\t<section class=\"elementor-section elementor-inner-section elementor-element elementor-element-4ae0bd3 elementor-section-full_width elementor-section-height-default elementor-section-height-default\" data-id=\"4ae0bd3\" data-element_type=\"section\">\n\t\t\t\t\t\t<div class=\"elementor-container elementor-column-gap-default\">\n\t\t\t\t\t<div class=\"elementor-column elementor-col-50 elementor-inner-column elementor-element elementor-element-871fdaf\" data-id=\"871fdaf\" data-element_type=\"column\">\n\t\t\t<div class=\"elementor-widget-wrap elementor-element-populated\">\n\t\t\t\t\t\t<div class=\"elementor-element elementor-element-17d0d44 elementor-widget elementor-widget-heading\" data-id=\"17d0d44\" data-element_type=\"widget\" data-widget_type=\"heading.default\">\n\t\t\t\t<div class=\"elementor-widget-container\">\n\t\t\t\t\t<h4 class=\"elementor-heading-title elementor-size-default\"><a href=\"https:\/\/ih.csic.es\/es\/taxonomy\/term\/359\" target=\"_blank\">HUM-372. Grupo Andaluz de Estudios Americanos (Gadea)<\/a><\/h4>\t\t\t\t<\/div>\n\t\t\t\t<\/div>\n\t\t\t\t<div class=\"elementor-element elementor-element-c6fccab elementor-widget elementor-widget-heading\" data-id=\"c6fccab\" data-element_type=\"widget\" data-widget_type=\"heading.default\">\n\t\t\t\t<div class=\"elementor-widget-container\">\n\t\t\t\t\t<h4 class=\"elementor-heading-title elementor-size-default\"><a href=\"https:\/\/investigacion.us.es\/sisius\/sis_showpub.php?idpers=16086\" target=\"_blank\">SEJ 149. Grupo para el estudio de las identidades socioculturales en Andaluc\u00eda (Geisa)<\/a><\/h4>\t\t\t\t<\/div>\n\t\t\t\t<\/div>\n\t\t\t\t<div class=\"elementor-element elementor-element-6cc9c7e elementor-widget elementor-widget-heading\" data-id=\"6cc9c7e\" data-element_type=\"widget\" data-widget_type=\"heading.default\">\n\t\t\t\t<div class=\"elementor-widget-container\">\n\t\t\t\t\t<h3 class=\"elementor-heading-title elementor-size-default\"><a href=\"https:\/\/investiga.upo.es\/grupos\/10055\/detalle\" target=\"_blank\">SEJ 339. Desigualdad Social y Dominaci\u00f3n en Andaluc\u00eda<\/a><\/h3>\t\t\t\t<\/div>\n\t\t\t\t<\/div>\n\t\t\t\t<div class=\"elementor-element elementor-element-554802e elementor-widget elementor-widget-heading\" data-id=\"554802e\" data-element_type=\"widget\" data-widget_type=\"heading.default\">\n\t\t\t\t<div class=\"elementor-widget-container\">\n\t\t\t\t\t<h3 class=\"elementor-heading-title elementor-size-default\"><a href=\"https:\/\/www.upo.es\/otri\/oferta-cientifico-tecnologica\/grupos-de-investigacion\/SOCIOLOGIA-POLITICA-Y-POLITICAS-LOCALES-SEJ-345\/\" target=\"_blank\">SEJ 345. Sociolog\u00eda pol\u00edtica y pol\u00edticas locales<\/a><\/h3>\t\t\t\t<\/div>\n\t\t\t\t<\/div>\n\t\t\t\t<div class=\"elementor-element elementor-element-4804d73 elementor-widget elementor-widget-heading\" data-id=\"4804d73\" data-element_type=\"widget\" data-widget_type=\"heading.default\">\n\t\t\t\t<div class=\"elementor-widget-container\">\n\t\t\t\t\t<h3 class=\"elementor-heading-title elementor-size-default\"><a href=\"https:\/\/geypo.es\/\" target=\"_blank\">GEYPO. Grupo G\u00e9nero y Pol\u00edtica<\/a><\/h3>\t\t\t\t<\/div>\n\t\t\t\t<\/div>\n\t\t\t\t<div class=\"elementor-element elementor-element-c1a39df elementor-widget elementor-widget-heading\" data-id=\"c1a39df\" data-element_type=\"widget\" data-widget_type=\"heading.default\">\n\t\t\t\t<div class=\"elementor-widget-container\">\n\t\t\t\t\t<h3 class=\"elementor-heading-title elementor-size-default\">SEJ 692. Din\u00e1micas de Desigualdad Social y Sociolog\u00eda Comparada<\/h3>\t\t\t\t<\/div>\n\t\t\t\t<\/div>\n\t\t\t\t\t<\/div>\n\t\t<\/div>\n\t\t\t\t<div class=\"elementor-column elementor-col-50 elementor-inner-column elementor-element elementor-element-a73d050\" data-id=\"a73d050\" data-element_type=\"column\">\n\t\t\t<div class=\"elementor-widget-wrap elementor-element-populated\">\n\t\t\t\t\t\t<div class=\"elementor-element elementor-element-3690011 elementor-widget elementor-widget-heading\" data-id=\"3690011\" data-element_type=\"widget\" data-widget_type=\"heading.default\">\n\t\t\t\t<div class=\"elementor-widget-container\">\n\t\t\t\t\t<h3 class=\"elementor-heading-title elementor-size-default\"><a href=\"https:\/\/investigacion.us.es\/sisius\/grupo\/SEJ498\" target=\"_blank\">SEJ 498. Estudios sobre la calidad de las sociedades europeas<\/a><\/h3>\t\t\t\t<\/div>\n\t\t\t\t<\/div>\n\t\t\t\t<div class=\"elementor-element elementor-element-ffc6c4b elementor-widget elementor-widget-heading\" data-id=\"ffc6c4b\" data-element_type=\"widget\" data-widget_type=\"heading.default\">\n\t\t\t\t<div class=\"elementor-widget-container\">\n\t\t\t\t\t<h3 class=\"elementor-heading-title elementor-size-default\"><a href=\"https:\/\/www.upo.es\/investiga\/ptyp\/es\/inicio\/\" target=\"_blank\">SEJ 499. Pol\u00edtica, territorio y participaci\u00f3n<\/a><\/h3>\t\t\t\t<\/div>\n\t\t\t\t<\/div>\n\t\t\t\t<div class=\"elementor-element elementor-element-e7e3ec5 elementor-widget elementor-widget-heading\" data-id=\"e7e3ec5\" data-element_type=\"widget\" data-widget_type=\"heading.default\">\n\t\t\t\t<div class=\"elementor-widget-container\">\n\t\t\t\t\t<h3 class=\"elementor-heading-title elementor-size-default\"><a href=\"https:\/\/www.upo.es\/departamento-trabajo-social-y-servicios-sociales\/es\/investigacion\/Grupo-de-Investigacion-en-Trabajo-Social-y-Nuevas-Tecnologias-para-la-Intervencion-Social.-Grupo-GITTEC-SEJ-608\/\" target=\"_blank\">SEJ 608. Trabajo social y nuevas tecnolog\u00edas para la intervenci\u00f3n social<\/a><\/h3>\t\t\t\t<\/div>\n\t\t\t\t<\/div>\n\t\t\t\t<div class=\"elementor-element elementor-element-b6c4375 elementor-widget elementor-widget-heading\" data-id=\"b6c4375\" data-element_type=\"widget\" data-widget_type=\"heading.default\">\n\t\t\t\t<div class=\"elementor-widget-container\">\n\t\t\t\t\t<h3 class=\"elementor-heading-title elementor-size-default\">SEJ 692. Din\u00e1micas de desigualdad social y Sociolog\u00eda comparada<\/h3>\t\t\t\t<\/div>\n\t\t\t\t<\/div>\n\t\t\t\t<div class=\"elementor-element elementor-element-b7d5a19 elementor-widget elementor-widget-heading\" data-id=\"b7d5a19\" data-element_type=\"widget\" data-widget_type=\"heading.default\">\n\t\t\t\t<div class=\"elementor-widget-container\">\n\t\t\t\t\t<h3 class=\"elementor-heading-title elementor-size-default\"><a href=\"https:\/\/sej545.uca.es\/\" target=\"_blank\">SEJ 545. Trabajo Pol\u00edtica y G\u00e9nero<\/a><\/h3>\t\t\t\t<\/div>\n\t\t\t\t<\/div>\n\t\t\t\t\t<\/div>\n\t\t<\/div>\n\t\t\t\t\t<\/div>\n\t\t<\/section>\n\t\t\t\t\t<\/div>\n\t\t<\/div>\n\t\t\t\t\t<\/div>\n\t\t<\/section>\n\t\t\t\t<\/div>\n\t\t","protected":false},"excerpt":{"rendered":"<p>La investigaci\u00f3n es uno de los pilares fundamentales de la Universidad y nuestro departamento es muy prol\u00edfico en lo que a investigaci\u00f3n se refiere. En esta p\u00e1gina se puede descargar el \u00faltimo informe de investigaci\u00f3n que sobre nuestro departamento ha realizado la US. Tambi\u00e9n se pueden consultar los grupos de investigaci\u00f3n en los que nuestro [&hellip;]<\/p>\n","protected":false},"author":1,"featured_media":0,"parent":0,"menu_order":0,"comment_status":"closed","ping_status":"closed","template":"","meta":{"footnotes":""},"class_list":["post-365","page","type-page","status-publish","hentry"],"_links":{"self":[{"href":"https:\/\/departamento.us.es\/sociologia\/wp-json\/wp\/v2\/pages\/365","targetHints":{"allow":["GET"]}}],"collection":[{"href":"https:\/\/departamento.us.es\/sociologia\/wp-json\/wp\/v2\/pages"}],"about":[{"href":"https:\/\/departamento.us.es\/sociologia\/wp-json\/wp\/v2\/types\/page"}],"author":[{"embeddable":true,"href":"https:\/\/departamento.us.es\/sociologia\/wp-json\/wp\/v2\/users\/1"}],"replies":[{"embeddable":true,"href":"https:\/\/departamento.us.es\/sociologia\/wp-json\/wp\/v2\/comments?post=365"}],"version-history":[{"count":12,"href":"https:\/\/departamento.us.es\/sociologia\/wp-json\/wp\/v2\/pages\/365\/revisions"}],"predecessor-version":[{"id":8037,"href":"https:\/\/departamento.us.es\/sociologia\/wp-json\/wp\/v2\/pages\/365\/revisions\/8037"}],"wp:attachment":[{"href":"https:\/\/departamento.us.es\/sociologia\/wp-json\/wp\/v2\/media?parent=365"}],"curies":[{"name":"wp","href":"https:\/\/api.w.org\/{rel}","templated":true}]}}